{"id":99,"date":"2026-03-18T17:54:52","date_gmt":"2026-03-18T17:54:52","guid":{"rendered":"https:\/\/www.progeo.ngo\/progeopt\/?page_id=99"},"modified":"2026-04-04T10:33:01","modified_gmt":"2026-04-04T10:33:01","slug":"inventario-nacional-de-patrimonio-geologico","status":"publish","type":"page","link":"https:\/\/www.progeo.ngo\/progeopt\/inventario-nacional-de-patrimonio-geologico\/","title":{"rendered":"Invent\u00e1rio Nacional de Patrim\u00f3nio Geol\u00f3gico"},"content":{"rendered":"\n<div class=\"wp-block-getwid-images-slider has-arrows-inside has-dots-inside has-images-center has-cropped-images has-fixed-height\"><div class=\"wp-block-getwid-images-slider__wrapper\" data-effect=\"fade\" data-slides-show=\"1\" data-slides-show-laptop=\"1\" data-slides-show-tablet=\"1\" data-slides-show-mobile=\"1\" data-slides-scroll=\"1\" data-autoplay=\"true\" data-pause-hover=\"false\" data-autoplay-speed=\"6000\" data-infinite=\"true\" data-animation-speed=\"800\" data-center-mode=\"false\" data-variable-width=\"false\" data-arrows=\"inside\" data-dots=\"inside\" data-spacing=\"none\"><div class=\"wp-block-getwid-images-slider__item\" style=\"height:450px\"><figure><img loading=\"lazy\" decoding=\"async\" width=\"1763\" height=\"1176\" src=\"https:\/\/www.progeo.ngo\/progeopt\/wp-content\/uploads\/sites\/2\/2026\/03\/4-1.jpg\" data-id=\"34\" data-link=\"https:\/\/www.progeo.ngo\/progeopt\/progeo\/4-2\/\" data-original-link=\"https:\/\/www.progeo.ngo\/progeopt\/wp-content\/uploads\/sites\/2\/2026\/03\/4-1.jpg\" class=\"wp-block-getwid-images-slider__image wp-image-34\" srcset=\"https:\/\/www.progeo.ngo\/progeopt\/wp-content\/uploads\/sites\/2\/2026\/03\/4-1.jpg 1763w, https:\/\/www.progeo.ngo\/progeopt\/wp-content\/uploads\/sites\/2\/2026\/03\/4-1-300x200.jpg 300w, https:\/\/www.progeo.ngo\/progeopt\/wp-content\/uploads\/sites\/2\/2026\/03\/4-1-1024x683.jpg 1024w, https:\/\/www.progeo.ngo\/progeopt\/wp-content\/uploads\/sites\/2\/2026\/03\/4-1-768x512.jpg 768w, https:\/\/www.progeo.ngo\/progeopt\/wp-content\/uploads\/sites\/2\/2026\/03\/4-1-1536x1025.jpg 1536w\" sizes=\"auto, (max-width: 1763px) 100vw, 1763px\" \/><\/figure><\/div><div class=\"wp-block-getwid-images-slider__item\" style=\"height:450px\"><figure><img loading=\"lazy\" decoding=\"async\" width=\"755\" height=\"567\" src=\"https:\/\/www.progeo.ngo\/progeopt\/wp-content\/uploads\/sites\/2\/2026\/03\/3-4.jpg\" data-id=\"61\" data-link=\"https:\/\/www.progeo.ngo\/progeopt\/o-premio\/3-4\/\" data-original-link=\"https:\/\/www.progeo.ngo\/progeopt\/wp-content\/uploads\/sites\/2\/2026\/03\/3-4.jpg\" class=\"wp-block-getwid-images-slider__image wp-image-61\" srcset=\"https:\/\/www.progeo.ngo\/progeopt\/wp-content\/uploads\/sites\/2\/2026\/03\/3-4.jpg 755w, https:\/\/www.progeo.ngo\/progeopt\/wp-content\/uploads\/sites\/2\/2026\/03\/3-4-300x225.jpg 300w\" sizes=\"auto, (max-width: 755px) 100vw, 755px\" \/><\/figure><\/div><div class=\"wp-block-getwid-images-slider__item\" style=\"height:450px\"><figure><img loading=\"lazy\" decoding=\"async\" width=\"1762\" height=\"1177\" src=\"https:\/\/www.progeo.ngo\/progeopt\/wp-content\/uploads\/sites\/2\/2026\/03\/1-3.jpg\" data-id=\"63\" data-link=\"https:\/\/www.progeo.ngo\/progeopt\/o-premio\/1-4\/\" data-original-link=\"https:\/\/www.progeo.ngo\/progeopt\/wp-content\/uploads\/sites\/2\/2026\/03\/1-3.jpg\" class=\"wp-block-getwid-images-slider__image wp-image-63\" srcset=\"https:\/\/www.progeo.ngo\/progeopt\/wp-content\/uploads\/sites\/2\/2026\/03\/1-3.jpg 1762w, https:\/\/www.progeo.ngo\/progeopt\/wp-content\/uploads\/sites\/2\/2026\/03\/1-3-300x200.jpg 300w, https:\/\/www.progeo.ngo\/progeopt\/wp-content\/uploads\/sites\/2\/2026\/03\/1-3-1024x684.jpg 1024w, https:\/\/www.progeo.ngo\/progeopt\/wp-content\/uploads\/sites\/2\/2026\/03\/1-3-768x513.jpg 768w, https:\/\/www.progeo.ngo\/progeopt\/wp-content\/uploads\/sites\/2\/2026\/03\/1-3-1536x1026.jpg 1536w\" sizes=\"auto, (max-width: 1762px) 100vw, 1762px\" \/><\/figure><\/div><div class=\"wp-block-getwid-images-slider__item\" style=\"height:450px\"><figure><img loading=\"lazy\" decoding=\"async\" width=\"1663\" height=\"1247\" src=\"https:\/\/www.progeo.ngo\/progeopt\/wp-content\/uploads\/sites\/2\/2026\/03\/2-1.jpg\" data-id=\"36\" data-link=\"https:\/\/www.progeo.ngo\/progeopt\/progeo\/2-2\/\" data-original-link=\"https:\/\/www.progeo.ngo\/progeopt\/wp-content\/uploads\/sites\/2\/2026\/03\/2-1.jpg\" class=\"wp-block-getwid-images-slider__image wp-image-36\" srcset=\"https:\/\/www.progeo.ngo\/progeopt\/wp-content\/uploads\/sites\/2\/2026\/03\/2-1.jpg 1663w, https:\/\/www.progeo.ngo\/progeopt\/wp-content\/uploads\/sites\/2\/2026\/03\/2-1-300x225.jpg 300w, https:\/\/www.progeo.ngo\/progeopt\/wp-content\/uploads\/sites\/2\/2026\/03\/2-1-1024x768.jpg 1024w, https:\/\/www.progeo.ngo\/progeopt\/wp-content\/uploads\/sites\/2\/2026\/03\/2-1-768x576.jpg 768w, https:\/\/www.progeo.ngo\/progeopt\/wp-content\/uploads\/sites\/2\/2026\/03\/2-1-1536x1152.jpg 1536w\" sizes=\"auto, (max-width: 1663px) 100vw, 1663px\" \/><\/figure><\/div><\/div><\/div>\n\n\n\n<h1 class=\"wp-block-heading has-text-align-center\" style=\"padding-top:var(--wp--preset--spacing--60);padding-bottom:var(--wp--preset--spacing--30)\"><strong>Invent\u00e1rio Nacional de Patrim\u00f3nio Geol\u00f3gico<\/strong><\/h1>\n\n\n\n<p>O Invent\u00e1rio Nacional de Patrim\u00f3nio Geol\u00f3gico \u00e9 uma base de dados de geoss\u00edtios em Portugal, reunindo informa\u00e7\u00e3o cient\u00edfica sobre locais de interesse geol\u00f3gico identificados por v\u00e1rias entidades. Visa apoiar pol\u00edticas de conserva\u00e7\u00e3o da natureza e ordenamento do territ\u00f3rio, sendo de acesso livre e constantemente atualizado.<\/p>\n\n\n\n<p>Resulta da fus\u00e3o dos invent\u00e1rios do LNEG (Laborat\u00f3rio Nacional de Energia e Geologia) e da Universidade do Minho, integrando metodologias distintas numa abordagem unificada. Segue crit\u00e9rios internacionais definidos pela ProGEO e pela IUGS, com 26 categorias tem\u00e1ticas coordenadas por mais de 60 especialistas nacionais.<\/p>\n\n\n\n<p>Com cerca de 400 geoss\u00edtios registados, o invent\u00e1rio est\u00e1 em permanente evolu\u00e7\u00e3o, permitindo a integra\u00e7\u00e3o de novos locais \u00e0 medida que o conhecimento avan\u00e7a. Funciona como uma ferramenta essencial para a valoriza\u00e7\u00e3o cient\u00edfica e a promo\u00e7\u00e3o de estrat\u00e9gias de geoconserva\u00e7\u00e3o em Portugal.<\/p>\n\n\n\n<p><br><a href=\"https:\/\/geoportal.lneg.pt\/pt\/bds\/geossitios\" target=\"_blank\" rel=\"noreferrer noopener\">https:\/\/geoportal.lneg.pt\/pt\/bds\/geossitios<\/a><\/p>\n","protected":false},"excerpt":{"rendered":"<p>Invent\u00e1rio Nacional de Patrim\u00f3nio Geol\u00f3gico O Invent\u00e1rio Nacional de Patrim\u00f3nio Geol\u00f3gico \u00e9 uma base de dados de geoss\u00edtios em Portugal, reunindo informa\u00e7\u00e3o cient\u00edfica sobre locais de interesse geol\u00f3gico identificados por v\u00e1rias entidades. Visa apoiar pol\u00edticas de conserva\u00e7\u00e3o da natureza e ordenamento do territ\u00f3rio, sendo de acesso livre e constantemente atualizado. Resulta da fus\u00e3o dos invent\u00e1rios [&hellip;]<\/p>\n","protected":false},"author":1,"featured_media":0,"parent":0,"menu_order":0,"comment_status":"closed","ping_status":"closed","template":"page-templates\/page-blank-container.php","meta":{"footnotes":""},"class_list":["post-99","page","type-page","status-publish","hentry"],"_links":{"self":[{"href":"https:\/\/www.progeo.ngo\/progeopt\/wp-json\/wp\/v2\/pages\/99","targetHints":{"allow":["GET"]}}],"collection":[{"href":"https:\/\/www.progeo.ngo\/progeopt\/wp-json\/wp\/v2\/pages"}],"about":[{"href":"https:\/\/www.progeo.ngo\/progeopt\/wp-json\/wp\/v2\/types\/page"}],"author":[{"embeddable":true,"href":"https:\/\/www.progeo.ngo\/progeopt\/wp-json\/wp\/v2\/users\/1"}],"replies":[{"embeddable":true,"href":"https:\/\/www.progeo.ngo\/progeopt\/wp-json\/wp\/v2\/comments?post=99"}],"version-history":[{"count":3,"href":"https:\/\/www.progeo.ngo\/progeopt\/wp-json\/wp\/v2\/pages\/99\/revisions"}],"predecessor-version":[{"id":265,"href":"https:\/\/www.progeo.ngo\/progeopt\/wp-json\/wp\/v2\/pages\/99\/revisions\/265"}],"wp:attachment":[{"href":"https:\/\/www.progeo.ngo\/progeopt\/wp-json\/wp\/v2\/media?parent=99"}],"curies":[{"name":"wp","href":"https:\/\/api.w.org\/{rel}","templated":true}]}}