{"id":86,"date":"2026-03-18T17:51:42","date_gmt":"2026-03-18T17:51:42","guid":{"rendered":"https:\/\/www.progeo.ngo\/progeopt\/?page_id=86"},"modified":"2026-03-18T17:53:39","modified_gmt":"2026-03-18T17:53:39","slug":"legislacao","status":"publish","type":"page","link":"https:\/\/www.progeo.ngo\/progeopt\/legislacao\/","title":{"rendered":"Legisla\u00e7\u00e3o"},"content":{"rendered":"\n<div class=\"wp-block-getwid-images-slider has-arrows-inside has-dots-inside has-images-center has-cropped-images has-fixed-height\"><div class=\"wp-block-getwid-images-slider__wrapper\" data-effect=\"fade\" data-slides-show=\"1\" data-slides-show-laptop=\"1\" data-slides-show-tablet=\"1\" data-slides-show-mobile=\"1\" data-slides-scroll=\"1\" data-autoplay=\"true\" data-pause-hover=\"false\" data-autoplay-speed=\"6000\" data-infinite=\"true\" data-animation-speed=\"800\" data-center-mode=\"false\" data-variable-width=\"false\" data-arrows=\"inside\" data-dots=\"inside\" data-spacing=\"none\"><div class=\"wp-block-getwid-images-slider__item\" style=\"height:450px\"><figure><img loading=\"lazy\" decoding=\"async\" width=\"1763\" height=\"1176\" src=\"https:\/\/www.progeo.ngo\/progeopt\/wp-content\/uploads\/sites\/2\/2026\/03\/3-6.jpg\" data-id=\"90\" data-link=\"https:\/\/www.progeo.ngo\/progeopt\/?attachment_id=90\" data-original-link=\"https:\/\/www.progeo.ngo\/progeopt\/wp-content\/uploads\/sites\/2\/2026\/03\/3-6.jpg\" class=\"wp-block-getwid-images-slider__image wp-image-90\" srcset=\"https:\/\/www.progeo.ngo\/progeopt\/wp-content\/uploads\/sites\/2\/2026\/03\/3-6.jpg 1763w, https:\/\/www.progeo.ngo\/progeopt\/wp-content\/uploads\/sites\/2\/2026\/03\/3-6-300x200.jpg 300w, https:\/\/www.progeo.ngo\/progeopt\/wp-content\/uploads\/sites\/2\/2026\/03\/3-6-1024x683.jpg 1024w, https:\/\/www.progeo.ngo\/progeopt\/wp-content\/uploads\/sites\/2\/2026\/03\/3-6-768x512.jpg 768w, https:\/\/www.progeo.ngo\/progeopt\/wp-content\/uploads\/sites\/2\/2026\/03\/3-6-1536x1025.jpg 1536w\" sizes=\"auto, (max-width: 1763px) 100vw, 1763px\" \/><\/figure><\/div><div class=\"wp-block-getwid-images-slider__item\" style=\"height:450px\"><figure><img loading=\"lazy\" decoding=\"async\" width=\"1763\" height=\"1176\" src=\"https:\/\/www.progeo.ngo\/progeopt\/wp-content\/uploads\/sites\/2\/2026\/03\/2-6.jpg\" data-id=\"88\" data-link=\"https:\/\/www.progeo.ngo\/progeopt\/?attachment_id=88\" data-original-link=\"https:\/\/www.progeo.ngo\/progeopt\/wp-content\/uploads\/sites\/2\/2026\/03\/2-6.jpg\" class=\"wp-block-getwid-images-slider__image wp-image-88\" srcset=\"https:\/\/www.progeo.ngo\/progeopt\/wp-content\/uploads\/sites\/2\/2026\/03\/2-6.jpg 1763w, https:\/\/www.progeo.ngo\/progeopt\/wp-content\/uploads\/sites\/2\/2026\/03\/2-6-300x200.jpg 300w, https:\/\/www.progeo.ngo\/progeopt\/wp-content\/uploads\/sites\/2\/2026\/03\/2-6-1024x683.jpg 1024w, https:\/\/www.progeo.ngo\/progeopt\/wp-content\/uploads\/sites\/2\/2026\/03\/2-6-768x512.jpg 768w, https:\/\/www.progeo.ngo\/progeopt\/wp-content\/uploads\/sites\/2\/2026\/03\/2-6-1536x1025.jpg 1536w\" sizes=\"auto, (max-width: 1763px) 100vw, 1763px\" \/><\/figure><\/div><div class=\"wp-block-getwid-images-slider__item\" style=\"height:450px\"><figure><img loading=\"lazy\" decoding=\"async\" width=\"1763\" height=\"1176\" src=\"https:\/\/www.progeo.ngo\/progeopt\/wp-content\/uploads\/sites\/2\/2026\/03\/4-2.jpg\" data-id=\"89\" data-link=\"https:\/\/www.progeo.ngo\/progeopt\/?attachment_id=89\" data-original-link=\"https:\/\/www.progeo.ngo\/progeopt\/wp-content\/uploads\/sites\/2\/2026\/03\/4-2.jpg\" class=\"wp-block-getwid-images-slider__image wp-image-89\" srcset=\"https:\/\/www.progeo.ngo\/progeopt\/wp-content\/uploads\/sites\/2\/2026\/03\/4-2.jpg 1763w, https:\/\/www.progeo.ngo\/progeopt\/wp-content\/uploads\/sites\/2\/2026\/03\/4-2-300x200.jpg 300w, https:\/\/www.progeo.ngo\/progeopt\/wp-content\/uploads\/sites\/2\/2026\/03\/4-2-1024x683.jpg 1024w, https:\/\/www.progeo.ngo\/progeopt\/wp-content\/uploads\/sites\/2\/2026\/03\/4-2-768x512.jpg 768w, https:\/\/www.progeo.ngo\/progeopt\/wp-content\/uploads\/sites\/2\/2026\/03\/4-2-1536x1025.jpg 1536w\" sizes=\"auto, (max-width: 1763px) 100vw, 1763px\" \/><\/figure><\/div><div class=\"wp-block-getwid-images-slider__item\" style=\"height:450px\"><figure><img loading=\"lazy\" decoding=\"async\" width=\"1763\" height=\"1176\" src=\"https:\/\/www.progeo.ngo\/progeopt\/wp-content\/uploads\/sites\/2\/2026\/03\/1-5.jpg\" data-id=\"87\" data-link=\"https:\/\/www.progeo.ngo\/progeopt\/?attachment_id=87\" data-original-link=\"https:\/\/www.progeo.ngo\/progeopt\/wp-content\/uploads\/sites\/2\/2026\/03\/1-5.jpg\" class=\"wp-block-getwid-images-slider__image wp-image-87\" srcset=\"https:\/\/www.progeo.ngo\/progeopt\/wp-content\/uploads\/sites\/2\/2026\/03\/1-5.jpg 1763w, https:\/\/www.progeo.ngo\/progeopt\/wp-content\/uploads\/sites\/2\/2026\/03\/1-5-300x200.jpg 300w, https:\/\/www.progeo.ngo\/progeopt\/wp-content\/uploads\/sites\/2\/2026\/03\/1-5-1024x683.jpg 1024w, https:\/\/www.progeo.ngo\/progeopt\/wp-content\/uploads\/sites\/2\/2026\/03\/1-5-768x512.jpg 768w, https:\/\/www.progeo.ngo\/progeopt\/wp-content\/uploads\/sites\/2\/2026\/03\/1-5-1536x1025.jpg 1536w\" sizes=\"auto, (max-width: 1763px) 100vw, 1763px\" \/><\/figure><\/div><\/div><\/div>\n\n\n\n<h1 class=\"wp-block-heading\" style=\"padding-top:var(--wp--preset--spacing--60);padding-bottom:var(--wp--preset--spacing--30)\"><strong>Legisla\u00e7\u00e3o<\/strong><\/h1>\n\n\n\n<h2 class=\"wp-block-heading\"><strong>Nacional<\/strong><\/h2>\n\n\n\n<p>&nbsp;\u2714 Decreto-Lei n\u00ba 142\/2008, de 24 de Julho &#8211; Estabelece o regime jur\u00eddico da conserva\u00e7\u00e3o da natureza e da biodiversidade<\/p>\n\n\n\n<p>[<a href=\"https:\/\/diariodarepublica.pt\/dr\/detalhe\/decreto-lei\/142-2008-454502\" target=\"_blank\" rel=\"noreferrer noopener\">https:\/\/diariodarepublica.pt\/dr\/detalhe\/decreto-lei\/142-2008-454502<\/a>]<\/p>\n\n\n\n<p><br>&nbsp;\u2714 Decreto-Lei n.\u00ba 242\/2015, de 15 de Outubro \u2013 Altera o Decreto-Lei n.\u00ba 142\/2008, de 24 de Julho, em vigor, que aprova o regime<br>jur\u00eddico da conserva\u00e7\u00e3o da natureza e da biodiversidade biodiversidade [ <a href=\"https:\/\/diariodarepublica.pt\/dr\/detalhe\/decreto-lei\/242- 2015-70693924\" target=\"_blank\" rel=\"noreferrer noopener\">https:\/\/diariodarepublica.pt\/dr\/detalhe\/decreto-lei\/242-<br>2015-70693924<\/a>]<\/p>\n\n\n\n<p><br>&nbsp;\u2714&nbsp; Resolu\u00e7\u00e3o do Conselho de Ministros n.\u00ba 55\/2018, de 7 de Maio &#8211; Aprova a Estrat\u00e9gia Nacional de Conserva\u00e7\u00e3o da Natureza e<br>Biodiversidade 2030 [<a href=\"https:\/\/diariodarepublica.pt\/dr\/detalhe\/resolucao-conselho-ministros\/55-2018-115226936\" target=\"_blank\" rel=\"noreferrer noopener\">https:\/\/diariodarepublica.pt\/dr\/detalhe\/resolucao-conselho-ministros\/55-2018-115226936<\/a>];<\/p>\n\n\n\n<p><br>\u2714 Decreto-Lei n.\u00ba 30\/2021, de 7 de Maio &#8211; Procede \u00e0 regulamenta\u00e7\u00e3o da Lei n.\u00ba 54\/2015, de 22 de junho, no que respeita aos<br>dep\u00f3sitos minerais (incluindo atribui\u00e7\u00e3o de direitos sobre patrim\u00f3nio geol\u00f3gico) <a href=\"https:\/\/diariodarepublica.pt\/dr\/detalhe\/decreto-lei\/142-2008-454502\" target=\"_blank\" rel=\"noreferrer noopener\">[ https:\/\/diariodarepublica.pt\/dr\/detalhe\/decreto-<br>lei\/30-2021-162940682]<\/a><\/p>\n\n\n\n<h2 class=\"wp-block-heading\"><strong>Regi\u00e3o Aut\u00f3noma dos A\u00e7ores<\/strong><\/h2>\n\n\n\n<p><br>\u2714 Decreto Legislativo Regional n\u00ba 21\/93\/A, de 23 de Dezembro &#8211; Define as \u00e1reas protegidas nos A\u00e7ores [<br><a href=\"https:\/\/diariodarepublica.pt\/dr\/detalhe\/decreto-legislativo-regional\/21-541442\" target=\"_blank\" rel=\"noreferrer noopener\">https:\/\/diariodarepublica.pt\/dr\/detalhe\/decreto-legislativo-regional\/21-541442<\/a>];<br><br>\u2714&nbsp;&nbsp;Decreto Legislativo Regional n\u00ba 15\/2007\/A, de 25 de Junho &#8211; Cria a Rede Regional de \u00c1reas Proteg\u2714idas dos A\u00e7ores [<br><a href=\"https:\/\/diariodarepublica.pt\/dr\/detalhe\/decreto-legislativo-regional\/15-2007-635868\" target=\"_blank\" rel=\"noreferrer noopener\">https:\/\/diariodarepublica.pt\/dr\/detalhe\/decreto-legislativo-regional\/15-2007-635868<\/a>];<br>Regi\u00e3o Aut\u00f3noma dos A\u00e7ores<br><br>\u2714Decreto Legislativo Regional n\u00ba 24\/2004\/M, de 20 de Agosto &#8211; Define os objectivos para a conserva\u00e7\u00e3o do patrim\u00f3nio geol\u00f3gico<br>da Madeira [<a href=\"https:\/\/diariodarepublica.pt\/dr\/detalhe\/decreto-legislativo-regional\/24-2004-480291\" target=\"_blank\" rel=\"noreferrer noopener\">https:\/\/diariodarepublica.pt\/dr\/detalhe\/decreto-legislativo-regional\/24-2004-480291<\/a> ;<\/p>\n\n\n\n<p><\/p>\n","protected":false},"excerpt":{"rendered":"<p>Legisla\u00e7\u00e3o Nacional &nbsp;\u2714 Decreto-Lei n\u00ba 142\/2008, de 24 de Julho &#8211; Estabelece o regime jur\u00eddico da conserva\u00e7\u00e3o da natureza e da biodiversidade [https:\/\/diariodarepublica.pt\/dr\/detalhe\/decreto-lei\/142-2008-454502] &nbsp;\u2714 Decreto-Lei n.\u00ba 242\/2015, de 15 de Outubro \u2013 Altera o Decreto-Lei n.\u00ba 142\/2008, de 24 de Julho, em vigor, que aprova o regimejur\u00eddico da conserva\u00e7\u00e3o da natureza e da biodiversidade biodiversidade [&hellip;]<\/p>\n","protected":false},"author":1,"featured_media":0,"parent":0,"menu_order":0,"comment_status":"closed","ping_status":"closed","template":"page-templates\/page-blank-container.php","meta":{"footnotes":""},"class_list":["post-86","page","type-page","status-publish","hentry"],"_links":{"self":[{"href":"https:\/\/www.progeo.ngo\/progeopt\/wp-json\/wp\/v2\/pages\/86","targetHints":{"allow":["GET"]}}],"collection":[{"href":"https:\/\/www.progeo.ngo\/progeopt\/wp-json\/wp\/v2\/pages"}],"about":[{"href":"https:\/\/www.progeo.ngo\/progeopt\/wp-json\/wp\/v2\/types\/page"}],"author":[{"embeddable":true,"href":"https:\/\/www.progeo.ngo\/progeopt\/wp-json\/wp\/v2\/users\/1"}],"replies":[{"embeddable":true,"href":"https:\/\/www.progeo.ngo\/progeopt\/wp-json\/wp\/v2\/comments?post=86"}],"version-history":[{"count":7,"href":"https:\/\/www.progeo.ngo\/progeopt\/wp-json\/wp\/v2\/pages\/86\/revisions"}],"predecessor-version":[{"id":97,"href":"https:\/\/www.progeo.ngo\/progeopt\/wp-json\/wp\/v2\/pages\/86\/revisions\/97"}],"wp:attachment":[{"href":"https:\/\/www.progeo.ngo\/progeopt\/wp-json\/wp\/v2\/media?parent=86"}],"curies":[{"name":"wp","href":"https:\/\/api.w.org\/{rel}","templated":true}]}}