{"id":80,"date":"2026-03-18T17:43:38","date_gmt":"2026-03-18T17:43:38","guid":{"rendered":"https:\/\/www.progeo.ngo\/progeopt\/?page_id=80"},"modified":"2026-04-04T10:46:46","modified_gmt":"2026-04-04T10:46:46","slug":"vencedores","status":"publish","type":"page","link":"https:\/\/www.progeo.ngo\/progeopt\/vencedores\/","title":{"rendered":"Vencedores"},"content":{"rendered":"\n<div class=\"wp-block-getwid-images-slider has-arrows-inside has-dots-inside has-images-center has-cropped-images has-fixed-height\"><div class=\"wp-block-getwid-images-slider__wrapper\" data-effect=\"slide\" data-slides-show=\"1\" data-slides-show-laptop=\"1\" data-slides-show-tablet=\"1\" data-slides-show-mobile=\"1\" data-slides-scroll=\"1\" data-autoplay=\"true\" data-pause-hover=\"false\" data-autoplay-speed=\"6000\" data-infinite=\"true\" data-animation-speed=\"800\" data-center-mode=\"false\" data-variable-width=\"false\" data-arrows=\"inside\" data-dots=\"inside\" data-spacing=\"none\"><div class=\"wp-block-getwid-images-slider__item\" style=\"height:450px\"><figure><img loading=\"lazy\" decoding=\"async\" width=\"1763\" height=\"1176\" src=\"https:\/\/www.progeo.ngo\/progeopt\/wp-content\/uploads\/sites\/2\/2026\/03\/1-4.jpg\" data-id=\"71\" data-link=\"https:\/\/www.progeo.ngo\/progeopt\/?attachment_id=71\" data-original-link=\"https:\/\/www.progeo.ngo\/progeopt\/wp-content\/uploads\/sites\/2\/2026\/03\/1-4.jpg\" class=\"wp-block-getwid-images-slider__image wp-image-71\" srcset=\"https:\/\/www.progeo.ngo\/progeopt\/wp-content\/uploads\/sites\/2\/2026\/03\/1-4.jpg 1763w, https:\/\/www.progeo.ngo\/progeopt\/wp-content\/uploads\/sites\/2\/2026\/03\/1-4-300x200.jpg 300w, https:\/\/www.progeo.ngo\/progeopt\/wp-content\/uploads\/sites\/2\/2026\/03\/1-4-1024x683.jpg 1024w, https:\/\/www.progeo.ngo\/progeopt\/wp-content\/uploads\/sites\/2\/2026\/03\/1-4-768x512.jpg 768w, https:\/\/www.progeo.ngo\/progeopt\/wp-content\/uploads\/sites\/2\/2026\/03\/1-4-1536x1025.jpg 1536w\" sizes=\"auto, (max-width: 1763px) 100vw, 1763px\" \/><\/figure><\/div><div class=\"wp-block-getwid-images-slider__item\" style=\"height:450px\"><figure><img loading=\"lazy\" decoding=\"async\" width=\"2000\" height=\"911\" src=\"https:\/\/www.progeo.ngo\/progeopt\/wp-content\/uploads\/sites\/2\/2026\/03\/2-5.jpg\" data-id=\"69\" data-link=\"https:\/\/www.progeo.ngo\/progeopt\/?attachment_id=69\" data-original-link=\"https:\/\/www.progeo.ngo\/progeopt\/wp-content\/uploads\/sites\/2\/2026\/03\/2-5.jpg\" class=\"wp-block-getwid-images-slider__image wp-image-69\" srcset=\"https:\/\/www.progeo.ngo\/progeopt\/wp-content\/uploads\/sites\/2\/2026\/03\/2-5.jpg 2000w, https:\/\/www.progeo.ngo\/progeopt\/wp-content\/uploads\/sites\/2\/2026\/03\/2-5-300x137.jpg 300w, https:\/\/www.progeo.ngo\/progeopt\/wp-content\/uploads\/sites\/2\/2026\/03\/2-5-1024x466.jpg 1024w, https:\/\/www.progeo.ngo\/progeopt\/wp-content\/uploads\/sites\/2\/2026\/03\/2-5-768x350.jpg 768w, https:\/\/www.progeo.ngo\/progeopt\/wp-content\/uploads\/sites\/2\/2026\/03\/2-5-1536x700.jpg 1536w\" sizes=\"auto, (max-width: 2000px) 100vw, 2000px\" \/><\/figure><\/div><div class=\"wp-block-getwid-images-slider__item\" style=\"height:450px\"><figure><img loading=\"lazy\" decoding=\"async\" width=\"1763\" height=\"1176\" src=\"https:\/\/www.progeo.ngo\/progeopt\/wp-content\/uploads\/sites\/2\/2026\/03\/3-5.jpg\" data-id=\"70\" data-link=\"https:\/\/www.progeo.ngo\/progeopt\/?attachment_id=70\" data-original-link=\"https:\/\/www.progeo.ngo\/progeopt\/wp-content\/uploads\/sites\/2\/2026\/03\/3-5.jpg\" class=\"wp-block-getwid-images-slider__image wp-image-70\" srcset=\"https:\/\/www.progeo.ngo\/progeopt\/wp-content\/uploads\/sites\/2\/2026\/03\/3-5.jpg 1763w, https:\/\/www.progeo.ngo\/progeopt\/wp-content\/uploads\/sites\/2\/2026\/03\/3-5-300x200.jpg 300w, https:\/\/www.progeo.ngo\/progeopt\/wp-content\/uploads\/sites\/2\/2026\/03\/3-5-1024x683.jpg 1024w, https:\/\/www.progeo.ngo\/progeopt\/wp-content\/uploads\/sites\/2\/2026\/03\/3-5-768x512.jpg 768w, https:\/\/www.progeo.ngo\/progeopt\/wp-content\/uploads\/sites\/2\/2026\/03\/3-5-1536x1025.jpg 1536w\" sizes=\"auto, (max-width: 1763px) 100vw, 1763px\" \/><\/figure><\/div><div class=\"wp-block-getwid-images-slider__item\" style=\"height:450px\"><figure><img loading=\"lazy\" decoding=\"async\" width=\"1763\" height=\"1176\" src=\"https:\/\/www.progeo.ngo\/progeopt\/wp-content\/uploads\/sites\/2\/2026\/03\/4.jpg\" data-id=\"20\" data-link=\"https:\/\/www.progeo.ngo\/progeopt\/home\/attachment\/4\/\" data-original-link=\"https:\/\/www.progeo.ngo\/progeopt\/wp-content\/uploads\/sites\/2\/2026\/03\/4.jpg\" class=\"wp-block-getwid-images-slider__image wp-image-20\" srcset=\"https:\/\/www.progeo.ngo\/progeopt\/wp-content\/uploads\/sites\/2\/2026\/03\/4.jpg 1763w, https:\/\/www.progeo.ngo\/progeopt\/wp-content\/uploads\/sites\/2\/2026\/03\/4-300x200.jpg 300w, https:\/\/www.progeo.ngo\/progeopt\/wp-content\/uploads\/sites\/2\/2026\/03\/4-1024x683.jpg 1024w, https:\/\/www.progeo.ngo\/progeopt\/wp-content\/uploads\/sites\/2\/2026\/03\/4-768x512.jpg 768w, https:\/\/www.progeo.ngo\/progeopt\/wp-content\/uploads\/sites\/2\/2026\/03\/4-1536x1025.jpg 1536w\" sizes=\"auto, (max-width: 1763px) 100vw, 1763px\" \/><\/figure><\/div><\/div><\/div>\n\n\n\n<h2 class=\"wp-block-heading\" style=\"padding-top:var(--wp--preset--spacing--70);padding-bottom:var(--wp--preset--spacing--40)\"><strong>Pr\u00e9mio Geoconserv\u00e7\u00e3o\u00a0 2025<\/strong><\/h2>\n\n\n\n<h4 class=\"wp-block-heading\"><br><strong>Vencedor&nbsp;&#8211; C\u00e2mara Municipal de Pombal<\/strong><\/h4>\n\n\n\n<p>O j\u00fari reconheceu na candidatura&nbsp;<strong>\u201cDo Jur\u00e1ssico \u00e0 Comunidade: Dinoss\u00e1urios e Geoconserva\u00e7\u00e3o em Pombal\u201d&nbsp;<\/strong>uma abordagem integrada, destacando-se a qualidade dos estudos t\u00e9cnico-cient\u00edficos desenvolvidos, a relev\u00e2ncia patrimonial das jazidas paleontol\u00f3gicas identificadas e a sua adequada salvaguarda nos instrumentos de ordenamento do territ\u00f3rio. Foram igualmente valorizadas as iniciativas de divulga\u00e7\u00e3o do patrim\u00f3nio geol\u00f3gico.<\/p>\n\n\n\n<h4 class=\"wp-block-heading\"><br><strong>Men\u00e7\u00e3o Honrosa<\/strong> <strong>&#8211; Grupo de munic\u00edpios do Estrela Geoparque Mundial da UNESCO, Celorico da Beira, Covilh\u00e3, Gouveia, Guarda, Manteigas e Seia&nbsp;<\/strong><\/h4>\n\n\n\n<p>O j\u00fari reconheceu na candidatura&nbsp;<strong> \u201cMelhoria da visita\u00e7\u00e3o do Patrim\u00f3nio Geol\u00f3gico classificado pela UNESCO\u201d<\/strong>&nbsp;a relev\u00e2ncia do trabalho de valoriza\u00e7\u00e3o e melhoria da visita\u00e7\u00e3o, assim como o compromisso de longo prazo demonstrado pelos munic\u00edpios de Celorico da Beira, Covilh\u00e3, Gouveia, Guarda, Manteigas e Seia, assim como \u00e0 Associa\u00e7\u00e3o Geoparque Estrela, no \u00e2mbito do Estrela Geoparque Mundial da UNESCO.<\/p>\n\n\n\n<div class=\"wp-block-columns is-layout-flex wp-container-core-columns-is-layout-28f84493 wp-block-columns-is-layout-flex\">\n<div class=\"wp-block-column is-layout-flow wp-block-column-is-layout-flow\">\n<p><strong>Vencedores nas edi\u00e7\u00f5es anteriores:<\/strong><\/p>\n\n\n\n<p><strong>2024<\/strong>: C\u00e2mara Municipal de Torres Novas.<\/p>\n\n\n\n<p><strong>2023<\/strong>: C\u00e2mara Municipal de Machico.<\/p>\n\n\n\n<p><strong>2022<\/strong>: C\u00e2mara Municipal de Viana do Castelo.<\/p>\n\n\n\n<p><strong>2021:<\/strong> C\u00e2mara Municipal de Castelo Branco;<\/p>\n\n\n\n<p><strong>2020:<\/strong> Munic\u00edpios de Belmonte, Celorico da Beira, Covilh\u00e3, Fornos de Algodres, Gouveia, Guarda, Manteigas, Oliveira do Hospital e Seia;<\/p>\n\n\n\n<p><a href=\"https:\/\/www.progeo.ngo\/progeopt\/premio-geoconservacao-2019\/\" data-type=\"page\" data-id=\"113\" target=\"_blank\" rel=\"noreferrer noopener\"><strong>2019: <\/strong>C\u00e2mara Municipal de Torres Novas;<\/a><\/p>\n\n\n\n<p><a href=\"https:\/\/www.progeo.ngo\/progeopt\/premio-geoconservacao-2018\/\" data-type=\"page\" data-id=\"117\" target=\"_blank\" rel=\"noreferrer noopener\"><strong>2018:<\/strong> C\u00e2mara Municipal de Valongo;<\/a><\/p>\n\n\n\n<p><a href=\"https:\/\/www.progeo.ngo\/progeopt\/premio-geoconservacao-2017\/\" data-type=\"page\" data-id=\"123\" target=\"_blank\" rel=\"noreferrer noopener\"><strong>2017: <\/strong>C\u00e2mara Municipal de Arouca; Men\u00e7\u00e3o Honrosa para a Associa\u00e7\u00e3o de Munic\u00edpios Parques das Serras do Porto (Gondomar, Paredes, Valongo);<\/a><\/p>\n\n\n\n<p><a href=\"https:\/\/www.progeo.ngo\/progeopt\/premio-geoconservacao-2016\/\" data-type=\"page\" data-id=\"132\" target=\"_blank\" rel=\"noreferrer noopener\"><strong>2016:<\/strong> C\u00e2mara Municipal de Viana do Castelo;<\/a><\/p>\n\n\n\n<p><a href=\"https:\/\/www.progeo.ngo\/progeopt\/premio-geoconservacao-2015\/\" data-type=\"page\" data-id=\"149\" target=\"_blank\" rel=\"noreferrer noopener\"><strong>2015: <\/strong>C\u00e2mara Municipal de Lisboa;<\/a><\/p>\n\n\n\n<p><a href=\"https:\/\/www.progeo.ngo\/progeopt\/premio-geoconservacao-2014\/\" data-type=\"page\" data-id=\"159\" target=\"_blank\" rel=\"noreferrer noopener\"><strong>2014: <\/strong>C\u00e2mara Municipal de Macedo de Cavaleiros;<\/a><\/p>\n\n\n\n<p><a href=\"https:\/\/www.progeo.ngo\/progeopt\/premio-geoconservacao-2013\/\" data-type=\"page\" data-id=\"164\" target=\"_blank\" rel=\"noreferrer noopener\"><strong>2013:<\/strong> C\u00e2mara Municipal de Gr\u00e2ndola; Men\u00e7\u00e3o Honrosa para a C\u00e2mara Municipal de Sesimbra;<\/a><\/p>\n\n\n\n<p><a href=\"https:\/\/www.progeo.ngo\/progeopt\/premio-geoconservacao-2012\/\" data-type=\"page\" data-id=\"176\" target=\"_blank\" rel=\"noreferrer noopener\"><strong>2012:<\/strong> C\u00e2mara Municipal de Rio Maior;<\/a><\/p>\n\n\n\n<p><a href=\"https:\/\/www.progeo.ngo\/progeopt\/premio-geoconservacao-2011\/\" data-type=\"page\" data-id=\"187\" target=\"_blank\" rel=\"noreferrer noopener\"><strong>2011: <\/strong>Associa\u00e7\u00e3o de Munic\u00edpios dos A\u00e7ores;<\/a><\/p>\n\n\n\n<p><a href=\"https:\/\/www.progeo.ngo\/progeopt\/premio-geoconservacao-2010\/\" data-type=\"page\" data-id=\"197\"><strong>2010:<\/strong> C\u00e2mara Municipal de Alcanena; Men\u00e7\u00e3o Honrosa para a C\u00e2mara Municipal de Macedo de Cavaleiros;<\/a><\/p>\n\n\n\n<p><a href=\"https:\/\/www.progeo.ngo\/progeopt\/premio-geoconservacao-2009\/\" data-type=\"page\" data-id=\"202\" target=\"_blank\" rel=\"noreferrer noopener\"><strong>2009:<\/strong> C\u00e2mara Municipal do Porto;<\/a><\/p>\n\n\n\n<p><a href=\"https:\/\/www.progeo.ngo\/progeopt\/premio-geoconservacao-2008\/\" data-type=\"page\" data-id=\"207\" target=\"_blank\" rel=\"noreferrer noopener\"><strong>2008:<\/strong> C\u00e2mara Municipal de Arouca; Men\u00e7\u00e3o Honrosa para a C\u00e2mara Municipal de Torre de Moncorvo;<\/a><\/p>\n\n\n\n<p><a href=\"https:\/\/www.progeo.ngo\/progeopt\/premio-geoconservacao-2007\/\" data-type=\"page\" data-id=\"214\" target=\"_blank\" rel=\"noreferrer noopener\"><strong>2007:<\/strong> Associa\u00e7\u00e3o de Munic\u00edpios Natureza e Tejo; Men\u00e7\u00e3o Honrosa para a C\u00e2mara Municipal de Paredes;<\/a><\/p>\n\n\n\n<p><a href=\"https:\/\/www.progeo.ngo\/progeopt\/premio-geoconservacao-2006\/\" data-type=\"page\" data-id=\"223\" target=\"_blank\" rel=\"noreferrer noopener\"><strong>2006: <\/strong>C\u00e2mara Municipal de Cantanhede;<\/a><\/p>\n\n\n\n<p><a href=\"https:\/\/www.progeo.ngo\/progeopt\/premio-geoconservacao-2005\/\" data-type=\"page\" data-id=\"227\" target=\"_blank\" rel=\"noreferrer noopener\"><strong>2005:<\/strong> C\u00e2mara Municipal de Valongo;Men\u00e7\u00e3o Honrosa para a C\u00e2mara Municipal do Porto;<\/a><\/p>\n<\/div>\n\n\n\n<div class=\"wp-block-column is-layout-flow wp-block-column-is-layout-flow\">\n<p><strong>Men\u00e7\u00e3o Honrosa:&nbsp;<\/strong><\/p>\n\n\n\n<p><a href=\"https:\/\/www.progeo.ngo\/progeopt\/premio-geoconservacao-2017\/\" data-type=\"page\" data-id=\"123\" target=\"_blank\" rel=\"noreferrer noopener\"><strong>2017: <\/strong>&nbsp;Men\u00e7\u00e3o Honrosa para a Associa\u00e7\u00e3o de Munic\u00edpios Parques das Serras do Porto (Gondomar, Paredes, Valongo);<\/a><\/p>\n\n\n\n<p><a href=\"https:\/\/www.progeo.ngo\/progeopt\/premio-geoconservacao-2013\/\" data-type=\"page\" data-id=\"164\" target=\"_blank\" rel=\"noreferrer noopener\"><strong>2013:<\/strong>&nbsp;Men\u00e7\u00e3o Honrosa para a C\u00e2mara Municipal de Sesimbra;<\/a><\/p>\n\n\n\n<p><a href=\"https:\/\/www.progeo.ngo\/progeopt\/premio-geoconservacao-2010\/\" data-type=\"page\" data-id=\"197\"><strong>2010:<\/strong>&nbsp;Men\u00e7\u00e3o Honrosa para a C\u00e2mara Municipal de Macedo de Cavaleiros;<\/a><\/p>\n\n\n\n<p><a href=\"https:\/\/www.progeo.ngo\/progeopt\/premio-geoconservacao-2008\/\" data-type=\"page\" data-id=\"207\" target=\"_blank\" rel=\"noreferrer noopener\"><strong>2008:<\/strong> &nbsp;Men\u00e7\u00e3o Honrosa para a C\u00e2mara Municipal de Torre de Moncorvo;<\/a><\/p>\n\n\n\n<p><a href=\"https:\/\/www.progeo.ngo\/progeopt\/premio-geoconservacao-2007\/\" data-type=\"page\" data-id=\"214\"><strong>2007:<\/strong>&nbsp;&nbsp;Men\u00e7\u00e3o Honrosa para a C\u00e2mara Municipal de Paredes;<\/a><\/p>\n\n\n\n<p><a href=\"https:\/\/www.progeo.ngo\/progeopt\/premio-geoconservacao-2005\/\" data-type=\"page\" data-id=\"227\" target=\"_blank\" rel=\"noreferrer noopener\"><strong>2005:<\/strong>&nbsp;Men\u00e7\u00e3o Honrosa para a C\u00e2mara Municipal do Porto;<\/a><\/p>\n<\/div>\n<\/div>\n\n\n\n<p><\/p>\n","protected":false},"excerpt":{"rendered":"<p>Pr\u00e9mio Geoconserv\u00e7\u00e3o\u00a0 2025 Vencedor&nbsp;&#8211; C\u00e2mara Municipal de Pombal O j\u00fari reconheceu na candidatura&nbsp;\u201cDo Jur\u00e1ssico \u00e0 Comunidade: Dinoss\u00e1urios e Geoconserva\u00e7\u00e3o em Pombal\u201d&nbsp;uma abordagem integrada, destacando-se a qualidade dos estudos t\u00e9cnico-cient\u00edficos desenvolvidos, a relev\u00e2ncia patrimonial das jazidas paleontol\u00f3gicas identificadas e a sua adequada salvaguarda nos instrumentos de ordenamento do territ\u00f3rio. Foram igualmente valorizadas as iniciativas de divulga\u00e7\u00e3o [&hellip;]<\/p>\n","protected":false},"author":1,"featured_media":0,"parent":0,"menu_order":0,"comment_status":"closed","ping_status":"closed","template":"page-templates\/page-blank-container.php","meta":{"footnotes":""},"class_list":["post-80","page","type-page","status-publish","hentry"],"_links":{"self":[{"href":"https:\/\/www.progeo.ngo\/progeopt\/wp-json\/wp\/v2\/pages\/80","targetHints":{"allow":["GET"]}}],"collection":[{"href":"https:\/\/www.progeo.ngo\/progeopt\/wp-json\/wp\/v2\/pages"}],"about":[{"href":"https:\/\/www.progeo.ngo\/progeopt\/wp-json\/wp\/v2\/types\/page"}],"author":[{"embeddable":true,"href":"https:\/\/www.progeo.ngo\/progeopt\/wp-json\/wp\/v2\/users\/1"}],"replies":[{"embeddable":true,"href":"https:\/\/www.progeo.ngo\/progeopt\/wp-json\/wp\/v2\/comments?post=80"}],"version-history":[{"count":5,"href":"https:\/\/www.progeo.ngo\/progeopt\/wp-json\/wp\/v2\/pages\/80\/revisions"}],"predecessor-version":[{"id":284,"href":"https:\/\/www.progeo.ngo\/progeopt\/wp-json\/wp\/v2\/pages\/80\/revisions\/284"}],"wp:attachment":[{"href":"https:\/\/www.progeo.ngo\/progeopt\/wp-json\/wp\/v2\/media?parent=80"}],"curies":[{"name":"wp","href":"https:\/\/api.w.org\/{rel}","templated":true}]}}