{"id":60,"date":"2026-03-18T17:32:31","date_gmt":"2026-03-18T17:32:31","guid":{"rendered":"https:\/\/www.progeo.ngo\/progeopt\/?page_id=60"},"modified":"2026-03-18T17:33:34","modified_gmt":"2026-03-18T17:33:34","slug":"o-premio","status":"publish","type":"page","link":"https:\/\/www.progeo.ngo\/progeopt\/o-premio\/","title":{"rendered":"O Pr\u00e9mio"},"content":{"rendered":"\n<h2 class=\"wp-block-heading\"><strong>Pr\u00e9mio Geoconserva\u00e7\u00e3o<\/strong><br><\/h2>\n\n\n\n<div class=\"wp-block-getwid-images-slider has-arrows-inside has-dots-inside has-images-center has-cropped-images has-fixed-height\"><div class=\"wp-block-getwid-images-slider__wrapper\" data-effect=\"slide\" data-slides-show=\"1\" data-slides-show-laptop=\"1\" data-slides-show-tablet=\"1\" data-slides-show-mobile=\"1\" data-slides-scroll=\"1\" data-autoplay=\"true\" data-pause-hover=\"false\" data-autoplay-speed=\"6000\" data-infinite=\"true\" data-animation-speed=\"800\" data-center-mode=\"false\" data-variable-width=\"false\" data-arrows=\"inside\" data-dots=\"inside\" data-spacing=\"none\"><div class=\"wp-block-getwid-images-slider__item\" style=\"height:450px\"><figure><img loading=\"lazy\" decoding=\"async\" width=\"1762\" height=\"1177\" src=\"https:\/\/www.progeo.ngo\/progeopt\/wp-content\/uploads\/sites\/2\/2026\/03\/1-3.jpg\" data-id=\"63\" data-link=\"https:\/\/www.progeo.ngo\/progeopt\/?attachment_id=63\" data-original-link=\"https:\/\/www.progeo.ngo\/progeopt\/wp-content\/uploads\/sites\/2\/2026\/03\/1-3.jpg\" class=\"wp-block-getwid-images-slider__image wp-image-63\" srcset=\"https:\/\/www.progeo.ngo\/progeopt\/wp-content\/uploads\/sites\/2\/2026\/03\/1-3.jpg 1762w, https:\/\/www.progeo.ngo\/progeopt\/wp-content\/uploads\/sites\/2\/2026\/03\/1-3-300x200.jpg 300w, https:\/\/www.progeo.ngo\/progeopt\/wp-content\/uploads\/sites\/2\/2026\/03\/1-3-1024x684.jpg 1024w, https:\/\/www.progeo.ngo\/progeopt\/wp-content\/uploads\/sites\/2\/2026\/03\/1-3-768x513.jpg 768w, https:\/\/www.progeo.ngo\/progeopt\/wp-content\/uploads\/sites\/2\/2026\/03\/1-3-1536x1026.jpg 1536w\" sizes=\"auto, (max-width: 1762px) 100vw, 1762px\" \/><\/figure><\/div><div class=\"wp-block-getwid-images-slider__item\" style=\"height:450px\"><figure><img loading=\"lazy\" decoding=\"async\" width=\"2247\" height=\"923\" src=\"https:\/\/www.progeo.ngo\/progeopt\/wp-content\/uploads\/sites\/2\/2026\/03\/2-4.jpg\" data-id=\"62\" data-link=\"https:\/\/www.progeo.ngo\/progeopt\/?attachment_id=62\" data-original-link=\"https:\/\/www.progeo.ngo\/progeopt\/wp-content\/uploads\/sites\/2\/2026\/03\/2-4.jpg\" class=\"wp-block-getwid-images-slider__image wp-image-62\" srcset=\"https:\/\/www.progeo.ngo\/progeopt\/wp-content\/uploads\/sites\/2\/2026\/03\/2-4.jpg 2247w, https:\/\/www.progeo.ngo\/progeopt\/wp-content\/uploads\/sites\/2\/2026\/03\/2-4-300x123.jpg 300w, https:\/\/www.progeo.ngo\/progeopt\/wp-content\/uploads\/sites\/2\/2026\/03\/2-4-1024x421.jpg 1024w, https:\/\/www.progeo.ngo\/progeopt\/wp-content\/uploads\/sites\/2\/2026\/03\/2-4-768x315.jpg 768w, https:\/\/www.progeo.ngo\/progeopt\/wp-content\/uploads\/sites\/2\/2026\/03\/2-4-1536x631.jpg 1536w, https:\/\/www.progeo.ngo\/progeopt\/wp-content\/uploads\/sites\/2\/2026\/03\/2-4-2048x841.jpg 2048w\" sizes=\"auto, (max-width: 2247px) 100vw, 2247px\" \/><\/figure><\/div><div class=\"wp-block-getwid-images-slider__item\" style=\"height:450px\"><figure><img loading=\"lazy\" decoding=\"async\" width=\"755\" height=\"567\" src=\"https:\/\/www.progeo.ngo\/progeopt\/wp-content\/uploads\/sites\/2\/2026\/03\/3-4.jpg\" data-id=\"61\" data-link=\"https:\/\/www.progeo.ngo\/progeopt\/?attachment_id=61\" data-original-link=\"https:\/\/www.progeo.ngo\/progeopt\/wp-content\/uploads\/sites\/2\/2026\/03\/3-4.jpg\" class=\"wp-block-getwid-images-slider__image wp-image-61\" srcset=\"https:\/\/www.progeo.ngo\/progeopt\/wp-content\/uploads\/sites\/2\/2026\/03\/3-4.jpg 755w, https:\/\/www.progeo.ngo\/progeopt\/wp-content\/uploads\/sites\/2\/2026\/03\/3-4-300x225.jpg 300w\" sizes=\"auto, (max-width: 755px) 100vw, 755px\" \/><\/figure><\/div><div class=\"wp-block-getwid-images-slider__item\" style=\"height:450px\"><figure><img loading=\"lazy\" decoding=\"async\" width=\"1763\" height=\"1176\" src=\"https:\/\/www.progeo.ngo\/progeopt\/wp-content\/uploads\/sites\/2\/2026\/03\/4.jpg\" data-id=\"20\" data-link=\"https:\/\/www.progeo.ngo\/progeopt\/home\/attachment\/4\/\" data-original-link=\"https:\/\/www.progeo.ngo\/progeopt\/wp-content\/uploads\/sites\/2\/2026\/03\/4.jpg\" class=\"wp-block-getwid-images-slider__image wp-image-20\" srcset=\"https:\/\/www.progeo.ngo\/progeopt\/wp-content\/uploads\/sites\/2\/2026\/03\/4.jpg 1763w, https:\/\/www.progeo.ngo\/progeopt\/wp-content\/uploads\/sites\/2\/2026\/03\/4-300x200.jpg 300w, https:\/\/www.progeo.ngo\/progeopt\/wp-content\/uploads\/sites\/2\/2026\/03\/4-1024x683.jpg 1024w, https:\/\/www.progeo.ngo\/progeopt\/wp-content\/uploads\/sites\/2\/2026\/03\/4-768x512.jpg 768w, https:\/\/www.progeo.ngo\/progeopt\/wp-content\/uploads\/sites\/2\/2026\/03\/4-1536x1025.jpg 1536w\" sizes=\"auto, (max-width: 1763px) 100vw, 1763px\" \/><\/figure><\/div><\/div><\/div>\n\n\n\n<p>O Grupo Portugu\u00eas da ProGEO&nbsp;implementou o&nbsp;Pr\u00e9mio Geoconserva\u00e7\u00e3o&nbsp;em 2004 com o objetivo de premiar as autarquias que se distingam na implementa\u00e7\u00e3o de estrat\u00e9gias de conserva\u00e7\u00e3o e valoriza\u00e7\u00e3o do Patrim\u00f3nio Geol\u00f3gico do seu territ\u00f3rio.Com esta iniciativa pretende-se:<\/p>\n\n\n\n<p>&#8211; Promover a discuss\u00e3o sobre a import\u00e2ncia da geoconserva\u00e7\u00e3o<br>&#8211;\u00a0Reconhecer os esfor\u00e7os locais na conserva\u00e7\u00e3o do patrim\u00f3nio geol\u00f3gico\u00a0<br>&#8211; Incentivar as autoridades locais a implementar medidas espec\u00edficas<br>&#8211;\u00a0Sensibilizar para o patrim\u00f3nio geol\u00f3gico como parte do patrim\u00f3nio natural<br>&#8211;\u00a0Envolver a comunica\u00e7\u00e3o social na discuss\u00e3o sobre a geodiversidade e o papel da geologia<\/p>\n\n\n\n<p>O pr\u00e9mio distingue iniciativas exemplares nas \u00e1reas da inventaria\u00e7\u00e3o de geoss\u00edtios, incluindo a sua identifica\u00e7\u00e3o sistem\u00e1tica e a valida\u00e7\u00e3o cient\u00edfica do seu valor geol\u00f3gico; da conserva\u00e7\u00e3o, atrav\u00e9s da implementa\u00e7\u00e3o de medidas efetivas de prote\u00e7\u00e3o, preven\u00e7\u00e3o da degrada\u00e7\u00e3o e gest\u00e3o adequada dos geoss\u00edtios; e da interpreta\u00e7\u00e3o e promo\u00e7\u00e3o, com estrat\u00e9gias de comunica\u00e7\u00e3o e educa\u00e7\u00e3o p\u00fablica, desenvolvimento de ferramentas e programas interpretativos, bem como a sua integra\u00e7\u00e3o na oferta tur\u00edstica e no geoturismo.<\/p>\n\n\n\n<h4 class=\"wp-block-heading\"><strong>Entidades Eleg\u00edveis:<\/strong><\/h4>\n\n\n\n<p>As entidades que podem candidatar-se ou ser consideradas para o pr\u00e9mio s\u00e3o:<\/p>\n\n\n\n<p>&#8211; Munic\u00edpios<\/p>\n\n\n\n<p>&#8211;\u00a0Associa\u00e7\u00f5es de munic\u00edpios<\/p>\n\n\n\n<p>&#8211; Comunidades intermunicipais<\/p>\n\n\n\n<h3 class=\"wp-block-heading\"><strong>J\u00fari<\/strong><\/h3>\n\n\n\n<p>A avalia\u00e7\u00e3o e decis\u00e3o sobre o pr\u00e9mio ser\u00e3o realizadas por um j\u00fari composto por representantes das seguintes entidades:<\/p>\n\n\n\n<p>&#8211;\u00a0ProGEO<\/p>\n\n\n\n<p>&#8211;\u00a0Instituto da Conserva\u00e7\u00e3o da Natureza e das Florestas<\/p>\n\n\n\n<p>&#8211;\u00a0Laborat\u00f3rio Nacional de Energia e Geologia<\/p>\n\n\n\n<p>&#8211;\u00a0Dire\u00e7\u00e3o-Geral de Energia e Geologia<\/p>\n\n\n\n<p>&#8211;\u00a0Associa\u00e7\u00e3o Portuguesa de Ge\u00f3logos<\/p>\n","protected":false},"excerpt":{"rendered":"<p>Pr\u00e9mio Geoconserva\u00e7\u00e3o O Grupo Portugu\u00eas da ProGEO&nbsp;implementou o&nbsp;Pr\u00e9mio Geoconserva\u00e7\u00e3o&nbsp;em 2004 com o objetivo de premiar as autarquias que se distingam na implementa\u00e7\u00e3o de estrat\u00e9gias de conserva\u00e7\u00e3o e valoriza\u00e7\u00e3o do Patrim\u00f3nio Geol\u00f3gico do seu territ\u00f3rio.Com esta iniciativa pretende-se: &#8211; Promover a discuss\u00e3o sobre a import\u00e2ncia da geoconserva\u00e7\u00e3o&#8211;\u00a0Reconhecer os esfor\u00e7os locais na conserva\u00e7\u00e3o do patrim\u00f3nio geol\u00f3gico\u00a0&#8211; Incentivar [&hellip;]<\/p>\n","protected":false},"author":1,"featured_media":0,"parent":0,"menu_order":0,"comment_status":"closed","ping_status":"closed","template":"page-templates\/page-blank-container.php","meta":{"footnotes":""},"class_list":["post-60","page","type-page","status-publish","hentry"],"_links":{"self":[{"href":"https:\/\/www.progeo.ngo\/progeopt\/wp-json\/wp\/v2\/pages\/60","targetHints":{"allow":["GET"]}}],"collection":[{"href":"https:\/\/www.progeo.ngo\/progeopt\/wp-json\/wp\/v2\/pages"}],"about":[{"href":"https:\/\/www.progeo.ngo\/progeopt\/wp-json\/wp\/v2\/types\/page"}],"author":[{"embeddable":true,"href":"https:\/\/www.progeo.ngo\/progeopt\/wp-json\/wp\/v2\/users\/1"}],"replies":[{"embeddable":true,"href":"https:\/\/www.progeo.ngo\/progeopt\/wp-json\/wp\/v2\/comments?post=60"}],"version-history":[{"count":2,"href":"https:\/\/www.progeo.ngo\/progeopt\/wp-json\/wp\/v2\/pages\/60\/revisions"}],"predecessor-version":[{"id":66,"href":"https:\/\/www.progeo.ngo\/progeopt\/wp-json\/wp\/v2\/pages\/60\/revisions\/66"}],"wp:attachment":[{"href":"https:\/\/www.progeo.ngo\/progeopt\/wp-json\/wp\/v2\/media?parent=60"}],"curies":[{"name":"wp","href":"https:\/\/api.w.org\/{rel}","templated":true}]}}