{"id":47,"date":"2026-03-18T17:25:16","date_gmt":"2026-03-18T17:25:16","guid":{"rendered":"https:\/\/www.progeo.ngo\/progeopt\/?page_id=47"},"modified":"2026-04-04T10:34:53","modified_gmt":"2026-04-04T10:34:53","slug":"torne-se-membro","status":"publish","type":"page","link":"https:\/\/www.progeo.ngo\/progeopt\/torne-se-membro\/","title":{"rendered":"Torne se membro"},"content":{"rendered":"\n<div class=\"wp-block-getwid-images-slider has-arrows-inside has-dots-inside has-images-center has-cropped-images has-fixed-height\"><div class=\"wp-block-getwid-images-slider__wrapper\" data-effect=\"fade\" data-slides-show=\"1\" data-slides-show-laptop=\"1\" data-slides-show-tablet=\"1\" data-slides-show-mobile=\"1\" data-slides-scroll=\"1\" data-autoplay=\"true\" data-pause-hover=\"false\" data-autoplay-speed=\"6000\" data-infinite=\"true\" data-animation-speed=\"800\" data-center-mode=\"false\" data-variable-width=\"false\" data-arrows=\"inside\" data-dots=\"inside\" data-spacing=\"none\"><div class=\"wp-block-getwid-images-slider__item\" style=\"height:450px\"><figure><img loading=\"lazy\" decoding=\"async\" width=\"1763\" height=\"1176\" src=\"https:\/\/www.progeo.ngo\/progeopt\/wp-content\/uploads\/sites\/2\/2026\/03\/4.jpg\" data-id=\"20\" data-link=\"https:\/\/www.progeo.ngo\/progeopt\/home\/attachment\/4\/\" data-original-link=\"https:\/\/www.progeo.ngo\/progeopt\/wp-content\/uploads\/sites\/2\/2026\/03\/4.jpg\" class=\"wp-block-getwid-images-slider__image wp-image-20\" srcset=\"https:\/\/www.progeo.ngo\/progeopt\/wp-content\/uploads\/sites\/2\/2026\/03\/4.jpg 1763w, https:\/\/www.progeo.ngo\/progeopt\/wp-content\/uploads\/sites\/2\/2026\/03\/4-300x200.jpg 300w, https:\/\/www.progeo.ngo\/progeopt\/wp-content\/uploads\/sites\/2\/2026\/03\/4-1024x683.jpg 1024w, https:\/\/www.progeo.ngo\/progeopt\/wp-content\/uploads\/sites\/2\/2026\/03\/4-768x512.jpg 768w, https:\/\/www.progeo.ngo\/progeopt\/wp-content\/uploads\/sites\/2\/2026\/03\/4-1536x1025.jpg 1536w\" sizes=\"auto, (max-width: 1763px) 100vw, 1763px\" \/><\/figure><\/div><div class=\"wp-block-getwid-images-slider__item\" style=\"height:450px\"><figure><img loading=\"lazy\" decoding=\"async\" width=\"658\" height=\"900\" src=\"https:\/\/www.progeo.ngo\/progeopt\/wp-content\/uploads\/sites\/2\/2026\/03\/1-2.jpg\" data-id=\"49\" data-link=\"https:\/\/www.progeo.ngo\/progeopt\/?attachment_id=49\" data-original-link=\"https:\/\/www.progeo.ngo\/progeopt\/wp-content\/uploads\/sites\/2\/2026\/03\/1-2.jpg\" class=\"wp-block-getwid-images-slider__image wp-image-49\" srcset=\"https:\/\/www.progeo.ngo\/progeopt\/wp-content\/uploads\/sites\/2\/2026\/03\/1-2.jpg 658w, https:\/\/www.progeo.ngo\/progeopt\/wp-content\/uploads\/sites\/2\/2026\/03\/1-2-219x300.jpg 219w\" sizes=\"auto, (max-width: 658px) 100vw, 658px\" \/><\/figure><\/div><div class=\"wp-block-getwid-images-slider__item\" style=\"height:450px\"><figure><img loading=\"lazy\" decoding=\"async\" width=\"600\" height=\"338\" src=\"https:\/\/www.progeo.ngo\/progeopt\/wp-content\/uploads\/sites\/2\/2026\/03\/2-3.jpg\" data-id=\"48\" data-link=\"https:\/\/www.progeo.ngo\/progeopt\/?attachment_id=48\" data-original-link=\"https:\/\/www.progeo.ngo\/progeopt\/wp-content\/uploads\/sites\/2\/2026\/03\/2-3.jpg\" class=\"wp-block-getwid-images-slider__image wp-image-48\" srcset=\"https:\/\/www.progeo.ngo\/progeopt\/wp-content\/uploads\/sites\/2\/2026\/03\/2-3.jpg 600w, https:\/\/www.progeo.ngo\/progeopt\/wp-content\/uploads\/sites\/2\/2026\/03\/2-3-300x169.jpg 300w\" sizes=\"auto, (max-width: 600px) 100vw, 600px\" \/><\/figure><\/div><div class=\"wp-block-getwid-images-slider__item\" style=\"height:450px\"><figure><img loading=\"lazy\" decoding=\"async\" width=\"1350\" height=\"900\" src=\"https:\/\/www.progeo.ngo\/progeopt\/wp-content\/uploads\/sites\/2\/2026\/03\/3-3.jpg\" data-id=\"50\" data-link=\"https:\/\/www.progeo.ngo\/progeopt\/?attachment_id=50\" data-original-link=\"https:\/\/www.progeo.ngo\/progeopt\/wp-content\/uploads\/sites\/2\/2026\/03\/3-3.jpg\" class=\"wp-block-getwid-images-slider__image wp-image-50\" srcset=\"https:\/\/www.progeo.ngo\/progeopt\/wp-content\/uploads\/sites\/2\/2026\/03\/3-3.jpg 1350w, https:\/\/www.progeo.ngo\/progeopt\/wp-content\/uploads\/sites\/2\/2026\/03\/3-3-300x200.jpg 300w, https:\/\/www.progeo.ngo\/progeopt\/wp-content\/uploads\/sites\/2\/2026\/03\/3-3-1024x683.jpg 1024w, https:\/\/www.progeo.ngo\/progeopt\/wp-content\/uploads\/sites\/2\/2026\/03\/3-3-768x512.jpg 768w\" sizes=\"auto, (max-width: 1350px) 100vw, 1350px\" \/><\/figure><\/div><\/div><\/div>\n\n\n\n<h2 class=\"wp-block-heading\" style=\"padding-top:var(--wp--preset--spacing--70);padding-right:0;padding-bottom:var(--wp--preset--spacing--50)\"><strong>Ser s\u00f3cio\u00a0<\/strong><\/h2>\n\n\n\n<p>A ProGEO re\u00fane profissionais da geoconserva\u00e7\u00e3o, investigadores, professores, estudantes, gestores de \u00e1reas protegidas, profissionais de museus, mediadores, profissionais de geoturismo e geoparques, al\u00e9m de entusiastas e defensores da conserva\u00e7\u00e3o do patrim\u00f3nio geol\u00f3gico.<\/p>\n\n\n\n<p>&nbsp;<\/p>\n\n\n\n<p><strong>Quais as vantagens de ser membro da ProGEO?<\/strong><\/p>\n\n\n\n<p>&#8211; Acesso a comunidade global, com oportunidades de trabalho em rede e partilha de experi\u00eancias;<\/p>\n\n\n\n<p>&#8211; Participa\u00e7\u00e3o em grupos de trabalho regionais, estando Portugal integrado no grupo do Sudoeste Europeu (juntamente com Fran\u00e7a, It\u00e1lia, Espanha e Andorra);<\/p>\n\n\n\n<p>&#8211; Inscri\u00e7\u00e3o em semin\u00e1rios, confer\u00eancias e simp\u00f3sios, a pre\u00e7os reduzidos;<\/p>\n\n\n\n<p>&#8211;&nbsp;Subscri\u00e7\u00e3o da revista&nbsp;<em>Geoheritage<\/em>, a pre\u00e7o reduzido;<\/p>\n\n\n\n<p>&#8211; Subscri\u00e7\u00e3o gratuita das ProGEO NEWS;<\/p>\n\n\n\n<p>-Publica\u00e7\u00f5es a pre\u00e7o reduzido;<\/p>\n\n\n\n<p>&#8211;&nbsp;Direito a voto nas reuni\u00f5es da Assembleia Geral e possibilidade de elei\u00e7\u00e3o para cargos.<\/p>\n\n\n\n<p>Recomendamos que envie tamb\u00e9m um e-mail para&nbsp;<img loading=\"lazy\" decoding=\"async\" height=\"23\" width=\"23\" src=\"https:\/\/www.progeo.pt\/include\/thirdparty\/ckeditor_34\/plugins\/smiley\/images\/envelope.png\" alt=\"mail\"><a href=\"mailto:sec@progeo.pt\">sec@progeo.pt<\/a>&nbsp;, indicando a sua inscri\u00e7\u00e3o, para que possa ser integrado e acompanhar as atividades do Grupo Portugu\u00eas da ProGEO.<\/p>\n","protected":false},"excerpt":{"rendered":"<p>Ser s\u00f3cio\u00a0 A ProGEO re\u00fane profissionais da geoconserva\u00e7\u00e3o, investigadores, professores, estudantes, gestores de \u00e1reas protegidas, profissionais de museus, mediadores, profissionais de geoturismo e geoparques, al\u00e9m de entusiastas e defensores da conserva\u00e7\u00e3o do patrim\u00f3nio geol\u00f3gico. &nbsp; Quais as vantagens de ser membro da ProGEO? &#8211; Acesso a comunidade global, com oportunidades de trabalho em rede e [&hellip;]<\/p>\n","protected":false},"author":1,"featured_media":0,"parent":0,"menu_order":0,"comment_status":"closed","ping_status":"closed","template":"","meta":{"footnotes":""},"class_list":["post-47","page","type-page","status-publish","hentry"],"_links":{"self":[{"href":"https:\/\/www.progeo.ngo\/progeopt\/wp-json\/wp\/v2\/pages\/47","targetHints":{"allow":["GET"]}}],"collection":[{"href":"https:\/\/www.progeo.ngo\/progeopt\/wp-json\/wp\/v2\/pages"}],"about":[{"href":"https:\/\/www.progeo.ngo\/progeopt\/wp-json\/wp\/v2\/types\/page"}],"author":[{"embeddable":true,"href":"https:\/\/www.progeo.ngo\/progeopt\/wp-json\/wp\/v2\/users\/1"}],"replies":[{"embeddable":true,"href":"https:\/\/www.progeo.ngo\/progeopt\/wp-json\/wp\/v2\/comments?post=47"}],"version-history":[{"count":2,"href":"https:\/\/www.progeo.ngo\/progeopt\/wp-json\/wp\/v2\/pages\/47\/revisions"}],"predecessor-version":[{"id":267,"href":"https:\/\/www.progeo.ngo\/progeopt\/wp-json\/wp\/v2\/pages\/47\/revisions\/267"}],"wp:attachment":[{"href":"https:\/\/www.progeo.ngo\/progeopt\/wp-json\/wp\/v2\/media?parent=47"}],"curies":[{"name":"wp","href":"https:\/\/api.w.org\/{rel}","templated":true}]}}