{"id":40,"date":"2026-03-18T17:20:27","date_gmt":"2026-03-18T17:20:27","guid":{"rendered":"https:\/\/www.progeo.ngo\/progeopt\/?page_id=40"},"modified":"2026-04-04T10:33:54","modified_gmt":"2026-04-04T10:33:54","slug":"grupo-portugues","status":"publish","type":"page","link":"https:\/\/www.progeo.ngo\/progeopt\/grupo-portugues\/","title":{"rendered":"Grupo Portugu\u00eas"},"content":{"rendered":"\n<div class=\"wp-block-getwid-images-slider has-arrows-inside has-dots-inside has-images-center has-cropped-images has-fixed-height\"><div class=\"wp-block-getwid-images-slider__wrapper\" data-effect=\"fade\" data-slides-show=\"1\" data-slides-show-laptop=\"1\" data-slides-show-tablet=\"1\" data-slides-show-mobile=\"1\" data-slides-scroll=\"1\" data-autoplay=\"true\" data-pause-hover=\"false\" data-autoplay-speed=\"6000\" data-infinite=\"true\" data-animation-speed=\"800\" data-center-mode=\"false\" data-variable-width=\"false\" data-arrows=\"inside\" data-dots=\"inside\" data-spacing=\"none\"><div class=\"wp-block-getwid-images-slider__item\" style=\"height:450px\"><figure><img loading=\"lazy\" decoding=\"async\" width=\"1200\" height=\"675\" src=\"https:\/\/www.progeo.ngo\/progeopt\/wp-content\/uploads\/sites\/2\/2026\/03\/3-2.jpg\" data-id=\"43\" data-link=\"https:\/\/www.progeo.ngo\/progeopt\/?attachment_id=43\" data-original-link=\"https:\/\/www.progeo.ngo\/progeopt\/wp-content\/uploads\/sites\/2\/2026\/03\/3-2.jpg\" class=\"wp-block-getwid-images-slider__image wp-image-43\" srcset=\"https:\/\/www.progeo.ngo\/progeopt\/wp-content\/uploads\/sites\/2\/2026\/03\/3-2.jpg 1200w, https:\/\/www.progeo.ngo\/progeopt\/wp-content\/uploads\/sites\/2\/2026\/03\/3-2-300x169.jpg 300w, https:\/\/www.progeo.ngo\/progeopt\/wp-content\/uploads\/sites\/2\/2026\/03\/3-2-1024x576.jpg 1024w, https:\/\/www.progeo.ngo\/progeopt\/wp-content\/uploads\/sites\/2\/2026\/03\/3-2-768x432.jpg 768w\" sizes=\"auto, (max-width: 1200px) 100vw, 1200px\" \/><figcaption class=\"wp-block-getwid-images-slider__caption\">|U<\/figcaption><\/figure><\/div><div class=\"wp-block-getwid-images-slider__item\" style=\"height:450px\"><figure><img loading=\"lazy\" decoding=\"async\" width=\"700\" height=\"525\" src=\"https:\/\/www.progeo.ngo\/progeopt\/wp-content\/uploads\/sites\/2\/2026\/03\/2-2.jpg\" data-id=\"41\" data-link=\"https:\/\/www.progeo.ngo\/progeopt\/?attachment_id=41\" data-original-link=\"https:\/\/www.progeo.ngo\/progeopt\/wp-content\/uploads\/sites\/2\/2026\/03\/2-2.jpg\" class=\"wp-block-getwid-images-slider__image wp-image-41\" srcset=\"https:\/\/www.progeo.ngo\/progeopt\/wp-content\/uploads\/sites\/2\/2026\/03\/2-2.jpg 700w, https:\/\/www.progeo.ngo\/progeopt\/wp-content\/uploads\/sites\/2\/2026\/03\/2-2-300x225.jpg 300w\" sizes=\"auto, (max-width: 700px) 100vw, 700px\" \/><figcaption class=\"wp-block-getwid-images-slider__caption\">|U<\/figcaption><\/figure><\/div><div class=\"wp-block-getwid-images-slider__item\" style=\"height:450px\"><figure><img loading=\"lazy\" decoding=\"async\" width=\"900\" height=\"675\" src=\"https:\/\/www.progeo.ngo\/progeopt\/wp-content\/uploads\/sites\/2\/2026\/03\/1-1.jpg\" data-id=\"42\" data-link=\"https:\/\/www.progeo.ngo\/progeopt\/?attachment_id=42\" data-original-link=\"https:\/\/www.progeo.ngo\/progeopt\/wp-content\/uploads\/sites\/2\/2026\/03\/1-1.jpg\" class=\"wp-block-getwid-images-slider__image wp-image-42\" srcset=\"https:\/\/www.progeo.ngo\/progeopt\/wp-content\/uploads\/sites\/2\/2026\/03\/1-1.jpg 900w, https:\/\/www.progeo.ngo\/progeopt\/wp-content\/uploads\/sites\/2\/2026\/03\/1-1-300x225.jpg 300w, https:\/\/www.progeo.ngo\/progeopt\/wp-content\/uploads\/sites\/2\/2026\/03\/1-1-768x576.jpg 768w\" sizes=\"auto, (max-width: 900px) 100vw, 900px\" \/><\/figure><\/div><div class=\"wp-block-getwid-images-slider__item\" style=\"height:450px\"><figure><img loading=\"lazy\" decoding=\"async\" width=\"1763\" height=\"1176\" src=\"https:\/\/www.progeo.ngo\/progeopt\/wp-content\/uploads\/sites\/2\/2026\/03\/3.jpg\" data-id=\"19\" data-link=\"https:\/\/www.progeo.ngo\/progeopt\/home\/attachment\/3\/\" data-original-link=\"https:\/\/www.progeo.ngo\/progeopt\/wp-content\/uploads\/sites\/2\/2026\/03\/3.jpg\" class=\"wp-block-getwid-images-slider__image wp-image-19\" srcset=\"https:\/\/www.progeo.ngo\/progeopt\/wp-content\/uploads\/sites\/2\/2026\/03\/3.jpg 1763w, https:\/\/www.progeo.ngo\/progeopt\/wp-content\/uploads\/sites\/2\/2026\/03\/3-300x200.jpg 300w, https:\/\/www.progeo.ngo\/progeopt\/wp-content\/uploads\/sites\/2\/2026\/03\/3-1024x683.jpg 1024w, https:\/\/www.progeo.ngo\/progeopt\/wp-content\/uploads\/sites\/2\/2026\/03\/3-768x512.jpg 768w, https:\/\/www.progeo.ngo\/progeopt\/wp-content\/uploads\/sites\/2\/2026\/03\/3-1536x1025.jpg 1536w\" sizes=\"auto, (max-width: 1763px) 100vw, 1763px\" \/><\/figure><\/div><\/div><\/div>\n\n\n\n<h2 class=\"wp-block-heading\" style=\"padding-top:var(--wp--preset--spacing--70);padding-bottom:var(--wp--preset--spacing--50)\"><strong>Grupo Portugu\u00eas<\/strong><\/h2>\n\n\n\n<p>O Grupo Portugu\u00eas, estabelecido em 2000, coordena os esfor\u00e7os e iniciativas nacionais, apoiando estrat\u00e9gias de geoconserva\u00e7\u00e3o e promovendo ativamente o reconhecimento oficial do patrim\u00f3nio geol\u00f3gico. Re\u00fane profissionais, investigadores e estudantes que desenvolvem a sua atividade em Portugal nas \u00e1reas da geologia, conserva\u00e7\u00e3o da natureza, educa\u00e7\u00e3o, turismo, geoparques, entre outras.<\/p>\n\n\n\n<p>O Grupo Portugu\u00eas integra o Grupo do Sudoeste Europeu (SW Europe), juntamente com It\u00e1lia, Espanha, Fran\u00e7a e Andorra, colaborando em projectos comuns, partilha de boas pr\u00e1ticas e ac\u00e7\u00f5es de coopera\u00e7\u00e3o transnacional no \u00e2mbito da geoconserva\u00e7\u00e3o.<\/p>\n","protected":false},"excerpt":{"rendered":"<p>Grupo Portugu\u00eas O Grupo Portugu\u00eas, estabelecido em 2000, coordena os esfor\u00e7os e iniciativas nacionais, apoiando estrat\u00e9gias de geoconserva\u00e7\u00e3o e promovendo ativamente o reconhecimento oficial do patrim\u00f3nio geol\u00f3gico. Re\u00fane profissionais, investigadores e estudantes que desenvolvem a sua atividade em Portugal nas \u00e1reas da geologia, conserva\u00e7\u00e3o da natureza, educa\u00e7\u00e3o, turismo, geoparques, entre outras. O Grupo Portugu\u00eas integra [&hellip;]<\/p>\n","protected":false},"author":1,"featured_media":0,"parent":0,"menu_order":0,"comment_status":"closed","ping_status":"closed","template":"page-templates\/page-blank-container.php","meta":{"footnotes":""},"class_list":["post-40","page","type-page","status-publish","hentry"],"_links":{"self":[{"href":"https:\/\/www.progeo.ngo\/progeopt\/wp-json\/wp\/v2\/pages\/40","targetHints":{"allow":["GET"]}}],"collection":[{"href":"https:\/\/www.progeo.ngo\/progeopt\/wp-json\/wp\/v2\/pages"}],"about":[{"href":"https:\/\/www.progeo.ngo\/progeopt\/wp-json\/wp\/v2\/types\/page"}],"author":[{"embeddable":true,"href":"https:\/\/www.progeo.ngo\/progeopt\/wp-json\/wp\/v2\/users\/1"}],"replies":[{"embeddable":true,"href":"https:\/\/www.progeo.ngo\/progeopt\/wp-json\/wp\/v2\/comments?post=40"}],"version-history":[{"count":3,"href":"https:\/\/www.progeo.ngo\/progeopt\/wp-json\/wp\/v2\/pages\/40\/revisions"}],"predecessor-version":[{"id":266,"href":"https:\/\/www.progeo.ngo\/progeopt\/wp-json\/wp\/v2\/pages\/40\/revisions\/266"}],"wp:attachment":[{"href":"https:\/\/www.progeo.ngo\/progeopt\/wp-json\/wp\/v2\/media?parent=40"}],"curies":[{"name":"wp","href":"https:\/\/api.w.org\/{rel}","templated":true}]}}