{"id":227,"date":"2026-03-20T10:09:31","date_gmt":"2026-03-20T10:09:31","guid":{"rendered":"https:\/\/www.progeo.ngo\/progeopt\/?page_id=227"},"modified":"2026-03-20T10:09:31","modified_gmt":"2026-03-20T10:09:31","slug":"premio-geoconservacao-2005","status":"publish","type":"page","link":"https:\/\/www.progeo.ngo\/progeopt\/premio-geoconservacao-2005\/","title":{"rendered":"Pr\u00e9mio Geoconserva\u00e7\u00e3o 2005"},"content":{"rendered":"\n<p class=\"has-medium-font-size\"><strong>C\u00c2MARA MUNICIPAL DE VALONGO<\/strong><br>Parque Paleoz\u00f3ico de Valongo<br><em>Entregue no Centro de Interpreta\u00e7\u00e3o Ambiental da Serra de Sta Justa<\/em><br><br><br><strong>Men\u00e7\u00e3o Honrosa<\/strong><br>C\u00c2MARA MUNICIPAL DO PORTO<br>Complexo Metam\u00f3rfico da Foz do Douro<br><br><em>Entregue no Castelo do Queijo seguido da inaugura\u00e7\u00e3o do Passeio Geol\u00f3gico da Foz<\/em><br><br>O Pr\u00e9mio Geoconserva\u00e7\u00e3o 2005 foi atribu\u00eddo pelo j\u00fari de selec\u00e7\u00e3o constitu\u00eddo por representantes das seguintes entidades: ProGEO-Portugal, Associa\u00e7\u00e3o Portuguesa de Ge\u00f3logos, Instituto de Conserva\u00e7\u00e3o da Natureza e National Geographic-Portugal.<br><br>O representante da Associa\u00e7\u00e3o Nacional de Munic\u00edpios Portugueses n\u00e3o esteve presente por incompatibilidades de agenda.<br><br>Recortes de imprensa:<br><br>\u00a0\u2714 Aut\u00eantico labirinto em Valongo <a href=\"https:\/\/progeo.pt\/data\/_uploaded\/media\/premio-geoconservacao\/2005\/valongo05.pdf\" target=\"_blank\" rel=\"noreferrer noopener\">[<\/a><a href=\"https:\/\/www.progeo.ngo\/progeopt\/wp-content\/uploads\/sites\/2\/2026\/03\/valongo05.pdf\" target=\"_blank\" rel=\"noreferrer noopener\">PDF<\/a><a href=\"https:\/\/progeo.pt\/data\/_uploaded\/media\/premio-geoconservacao\/2005\/valongo05.pdf\" target=\"_blank\" rel=\"noreferrer noopener\">]<\/a><br>\u00a0 \u2714 Valongo vence pr\u00e9mio de geoconserva\u00e7\u00e3o devido a trabalho em Santa Justa <a href=\"https:\/\/progeo.pt\/data\/_uploaded\/media\/premio-geoconservacao\/2005\/valongo_b05.pdf\" target=\"_blank\" rel=\"noreferrer noopener\">[<\/a><a href=\"https:\/\/www.progeo.ngo\/progeopt\/wp-content\/uploads\/sites\/2\/2026\/03\/valongo_b05.pdf\" target=\"_blank\" rel=\"noreferrer noopener\">PDF<\/a><a href=\"https:\/\/progeo.pt\/data\/_uploaded\/media\/premio-geoconservacao\/2005\/valongo_b05.pdf\" target=\"_blank\" rel=\"noreferrer noopener\">]<\/a><br>\u00a0 \u2714 Passeio Geol\u00f3gico da Foz do Douro foi ontem inaugurado; Conhecer rochas com milhares de anos <a href=\"https:\/\/progeo.pt\/data\/_uploaded\/media\/premio-geoconservacao\/2005\/valongo_c05.pdf\" target=\"_blank\" rel=\"noreferrer noopener\">[<\/a><a href=\"https:\/\/www.progeo.ngo\/progeopt\/wp-content\/uploads\/sites\/2\/2026\/03\/valongo_c05.pdf\" target=\"_blank\" rel=\"noreferrer noopener\">PDF<\/a><a href=\"https:\/\/progeo.pt\/data\/_uploaded\/media\/premio-geoconservacao\/2005\/valongo_c05.pdf\" target=\"_blank\" rel=\"noreferrer noopener\">]<\/a><br>\u00a0 \u2714Autarquia inaugura roteiro na Foz e Valongo recebe pr\u00e9mio principal Geoconserva\u00e7\u00e3o 2005 <a href=\"https:\/\/progeo.pt\/data\/_uploaded\/media\/premio-geoconservacao\/2005\/valongo_d05.pdf\" target=\"_blank\" rel=\"noreferrer noopener\">[<\/a><a href=\"https:\/\/www.progeo.ngo\/progeopt\/wp-content\/uploads\/sites\/2\/2026\/03\/valongo_d05.pdf\" target=\"_blank\" rel=\"noreferrer noopener\">PDF<\/a><a href=\"https:\/\/progeo.pt\/data\/_uploaded\/media\/premio-geoconservacao\/2005\/valongo_d05.pdf\" target=\"_blank\" rel=\"noreferrer noopener\">]<\/a><\/p>\n","protected":false},"excerpt":{"rendered":"<p>C\u00c2MARA MUNICIPAL DE VALONGOParque Paleoz\u00f3ico de ValongoEntregue no Centro de Interpreta\u00e7\u00e3o Ambiental da Serra de Sta Justa Men\u00e7\u00e3o HonrosaC\u00c2MARA MUNICIPAL DO PORTOComplexo Metam\u00f3rfico da Foz do Douro Entregue no Castelo do Queijo seguido da inaugura\u00e7\u00e3o do Passeio Geol\u00f3gico da Foz O Pr\u00e9mio Geoconserva\u00e7\u00e3o 2005 foi atribu\u00eddo pelo j\u00fari de selec\u00e7\u00e3o constitu\u00eddo por representantes das seguintes [&hellip;]<\/p>\n","protected":false},"author":1,"featured_media":0,"parent":0,"menu_order":0,"comment_status":"closed","ping_status":"closed","template":"","meta":{"footnotes":""},"class_list":["post-227","page","type-page","status-publish","hentry"],"_links":{"self":[{"href":"https:\/\/www.progeo.ngo\/progeopt\/wp-json\/wp\/v2\/pages\/227","targetHints":{"allow":["GET"]}}],"collection":[{"href":"https:\/\/www.progeo.ngo\/progeopt\/wp-json\/wp\/v2\/pages"}],"about":[{"href":"https:\/\/www.progeo.ngo\/progeopt\/wp-json\/wp\/v2\/types\/page"}],"author":[{"embeddable":true,"href":"https:\/\/www.progeo.ngo\/progeopt\/wp-json\/wp\/v2\/users\/1"}],"replies":[{"embeddable":true,"href":"https:\/\/www.progeo.ngo\/progeopt\/wp-json\/wp\/v2\/comments?post=227"}],"version-history":[{"count":1,"href":"https:\/\/www.progeo.ngo\/progeopt\/wp-json\/wp\/v2\/pages\/227\/revisions"}],"predecessor-version":[{"id":232,"href":"https:\/\/www.progeo.ngo\/progeopt\/wp-json\/wp\/v2\/pages\/227\/revisions\/232"}],"wp:attachment":[{"href":"https:\/\/www.progeo.ngo\/progeopt\/wp-json\/wp\/v2\/media?parent=227"}],"curies":[{"name":"wp","href":"https:\/\/api.w.org\/{rel}","templated":true}]}}