{"id":223,"date":"2026-03-20T10:06:18","date_gmt":"2026-03-20T10:06:18","guid":{"rendered":"https:\/\/www.progeo.ngo\/progeopt\/?page_id=223"},"modified":"2026-03-20T10:06:18","modified_gmt":"2026-03-20T10:06:18","slug":"premio-geoconservacao-2006","status":"publish","type":"page","link":"https:\/\/www.progeo.ngo\/progeopt\/premio-geoconservacao-2006\/","title":{"rendered":"Pr\u00e9mio Geoconserva\u00e7\u00e3o 2006"},"content":{"rendered":"\n<p class=\"has-text-align-center has-medium-font-size\"><strong>C\u00c2MARA MUNICIPAL DE CANTANHEDE<\/strong><br><em>O Museu da Pedra do Munic\u00edpio de Cantanhede e a Educa\u00e7\u00e3o para a Geoconserva\u00e7\u00e3o<\/em><br><strong><em>Entrega do Pr\u00e9mio no dia 22 de Abril de 2006, no Museu da Pedra em Cantanhede<\/em><\/strong><\/p>\n\n\n\n<figure class=\"wp-block-image aligncenter size-full\" style=\"margin-top:var(--wp--preset--spacing--70);margin-bottom:var(--wp--preset--spacing--70)\"><img loading=\"lazy\" decoding=\"async\" width=\"369\" height=\"276\" src=\"https:\/\/www.progeo.ngo\/progeopt\/wp-content\/uploads\/sites\/2\/2026\/03\/museu_pedra1.jpg\" alt=\"\" class=\"wp-image-224\" srcset=\"https:\/\/www.progeo.ngo\/progeopt\/wp-content\/uploads\/sites\/2\/2026\/03\/museu_pedra1.jpg 369w, https:\/\/www.progeo.ngo\/progeopt\/wp-content\/uploads\/sites\/2\/2026\/03\/museu_pedra1-300x224.jpg 300w\" sizes=\"auto, (max-width: 369px) 100vw, 369px\" \/><figcaption class=\"wp-element-caption\">Entrega do Pr\u00e9mio no dia 22 de Abril de 2006, no Museu da Pedra em Cantanhede Foto Di\u00e1rio de Coimbra<\/figcaption><\/figure>\n\n\n\n<p>O Pr\u00e9mio Geoconserva\u00e7\u00e3o 2006 \u00e9 atribu\u00eddo pela ProGEO-Portugal.<br><br>O j\u00fari de selec\u00e7\u00e3o foi constitu\u00eddo por representantes das seguintes entidades: ProGEO-Portugal, Associa\u00e7\u00e3o Nacional de Munic\u00edpios Portugueses, Associa\u00e7\u00e3o Portuguesa de Ge\u00f3logos, Instituto de Conserva\u00e7\u00e3o da Natureza e National Geographic-Portugal.<\/p>\n","protected":false},"excerpt":{"rendered":"<p>C\u00c2MARA MUNICIPAL DE CANTANHEDEO Museu da Pedra do Munic\u00edpio de Cantanhede e a Educa\u00e7\u00e3o para a Geoconserva\u00e7\u00e3oEntrega do Pr\u00e9mio no dia 22 de Abril de 2006, no Museu da Pedra em Cantanhede O Pr\u00e9mio Geoconserva\u00e7\u00e3o 2006 \u00e9 atribu\u00eddo pela ProGEO-Portugal. O j\u00fari de selec\u00e7\u00e3o foi constitu\u00eddo por representantes das seguintes entidades: ProGEO-Portugal, Associa\u00e7\u00e3o Nacional de [&hellip;]<\/p>\n","protected":false},"author":1,"featured_media":0,"parent":0,"menu_order":0,"comment_status":"closed","ping_status":"closed","template":"","meta":{"footnotes":""},"class_list":["post-223","page","type-page","status-publish","hentry"],"_links":{"self":[{"href":"https:\/\/www.progeo.ngo\/progeopt\/wp-json\/wp\/v2\/pages\/223","targetHints":{"allow":["GET"]}}],"collection":[{"href":"https:\/\/www.progeo.ngo\/progeopt\/wp-json\/wp\/v2\/pages"}],"about":[{"href":"https:\/\/www.progeo.ngo\/progeopt\/wp-json\/wp\/v2\/types\/page"}],"author":[{"embeddable":true,"href":"https:\/\/www.progeo.ngo\/progeopt\/wp-json\/wp\/v2\/users\/1"}],"replies":[{"embeddable":true,"href":"https:\/\/www.progeo.ngo\/progeopt\/wp-json\/wp\/v2\/comments?post=223"}],"version-history":[{"count":1,"href":"https:\/\/www.progeo.ngo\/progeopt\/wp-json\/wp\/v2\/pages\/223\/revisions"}],"predecessor-version":[{"id":225,"href":"https:\/\/www.progeo.ngo\/progeopt\/wp-json\/wp\/v2\/pages\/223\/revisions\/225"}],"wp:attachment":[{"href":"https:\/\/www.progeo.ngo\/progeopt\/wp-json\/wp\/v2\/media?parent=223"}],"curies":[{"name":"wp","href":"https:\/\/api.w.org\/{rel}","templated":true}]}}