{"id":214,"date":"2026-03-20T10:02:19","date_gmt":"2026-03-20T10:02:19","guid":{"rendered":"https:\/\/www.progeo.ngo\/progeopt\/?page_id=214"},"modified":"2026-03-20T10:02:19","modified_gmt":"2026-03-20T10:02:19","slug":"premio-geoconservacao-2007","status":"publish","type":"page","link":"https:\/\/www.progeo.ngo\/progeopt\/premio-geoconservacao-2007\/","title":{"rendered":"Pr\u00e9mio Geoconserva\u00e7\u00e3o 2007"},"content":{"rendered":"\n<p class=\"has-text-align-center has-medium-font-size\"><strong>ASSOCIA\u00c7\u00c3O DE MUNIC\u00cdPIOS NATUREZA E TEJO<\/strong><\/p>\n\n\n\n<p class=\"has-text-align-center\">Integra\u00e7\u00e3o do Territ\u00f3rio da Naturtejo na Rede Europeia e Global de Geoparques assistida pela UNESCO<\/p>\n\n\n\n<p class=\"has-medium-font-size\"><strong><em>Not\u00edcias:<\/em><\/strong><br><br><strong><em><a href=\"https:\/\/www.progeo.ngo\/progeopt\/wp-content\/uploads\/sites\/2\/2026\/03\/publico.jpg\" target=\"_blank\" rel=\"noreferrer noopener\">\u2714 P\u00fablico<\/a>;<br><br><a href=\"https:\/\/www.progeo.ngo\/progeopt\/wp-content\/uploads\/sites\/2\/2026\/03\/Diario_Digital.pdf\" target=\"_blank\" rel=\"noreferrer noopener\">\u2714 Di\u00e1rio Digital<\/a>;<br><br><a href=\"https:\/\/www.progeo.ngo\/progeopt\/wp-content\/uploads\/sites\/2\/2026\/03\/jn.pdf\" target=\"_blank\" rel=\"noreferrer noopener\">\u2714 Jornal de Not\u00edcias<\/a>;<br><br><a href=\"https:\/\/www.progeo.ngo\/progeopt\/wp-content\/uploads\/sites\/2\/2026\/03\/Primeiro_Janeiro.pdf\" target=\"_blank\" rel=\"noreferrer noopener\">\u2714 O Primeiro de Janeiro<\/a>;<br><br><a href=\"https:\/\/www.progeo.ngo\/progeopt\/wp-content\/uploads\/sites\/2\/2026\/03\/radio_portalegre.pdf\" target=\"_blank\" rel=\"noreferrer noopener\">\u2714 R\u00e1dio Portalegre<\/a>;<br><br><a href=\"https:\/\/www.progeo.ngo\/progeopt\/wp-content\/uploads\/sites\/2\/2026\/03\/diarioxxi.pdf\" target=\"_blank\" rel=\"noreferrer noopener\">\u2714 Di\u00e1rio XXI<\/a><\/em><\/strong><\/p>\n\n\n\n<p class=\"has-medium-font-size\"><br><\/p>\n\n\n\n<p><\/p>\n","protected":false},"excerpt":{"rendered":"<p>ASSOCIA\u00c7\u00c3O DE MUNIC\u00cdPIOS NATUREZA E TEJO Integra\u00e7\u00e3o do Territ\u00f3rio da Naturtejo na Rede Europeia e Global de Geoparques assistida pela UNESCO Not\u00edcias: \u2714 P\u00fablico; \u2714 Di\u00e1rio Digital; \u2714 Jornal de Not\u00edcias; \u2714 O Primeiro de Janeiro; \u2714 R\u00e1dio Portalegre; \u2714 Di\u00e1rio XXI<\/p>\n","protected":false},"author":1,"featured_media":0,"parent":0,"menu_order":0,"comment_status":"closed","ping_status":"closed","template":"","meta":{"footnotes":""},"class_list":["post-214","page","type-page","status-publish","hentry"],"_links":{"self":[{"href":"https:\/\/www.progeo.ngo\/progeopt\/wp-json\/wp\/v2\/pages\/214","targetHints":{"allow":["GET"]}}],"collection":[{"href":"https:\/\/www.progeo.ngo\/progeopt\/wp-json\/wp\/v2\/pages"}],"about":[{"href":"https:\/\/www.progeo.ngo\/progeopt\/wp-json\/wp\/v2\/types\/page"}],"author":[{"embeddable":true,"href":"https:\/\/www.progeo.ngo\/progeopt\/wp-json\/wp\/v2\/users\/1"}],"replies":[{"embeddable":true,"href":"https:\/\/www.progeo.ngo\/progeopt\/wp-json\/wp\/v2\/comments?post=214"}],"version-history":[{"count":1,"href":"https:\/\/www.progeo.ngo\/progeopt\/wp-json\/wp\/v2\/pages\/214\/revisions"}],"predecessor-version":[{"id":222,"href":"https:\/\/www.progeo.ngo\/progeopt\/wp-json\/wp\/v2\/pages\/214\/revisions\/222"}],"wp:attachment":[{"href":"https:\/\/www.progeo.ngo\/progeopt\/wp-json\/wp\/v2\/media?parent=214"}],"curies":[{"name":"wp","href":"https:\/\/api.w.org\/{rel}","templated":true}]}}