{"id":207,"date":"2026-03-20T10:07:01","date_gmt":"2026-03-20T10:07:01","guid":{"rendered":"https:\/\/www.progeo.ngo\/progeopt\/?page_id=207"},"modified":"2026-03-20T10:07:01","modified_gmt":"2026-03-20T10:07:01","slug":"premio-geoconservacao-2008","status":"publish","type":"page","link":"https:\/\/www.progeo.ngo\/progeopt\/premio-geoconservacao-2008\/","title":{"rendered":"Pr\u00e9mio Geoconserva\u00e7\u00e3o 2008"},"content":{"rendered":"\n<p class=\"has-text-align-center has-medium-font-size\"><strong>C\u00c2MARA MUNICIPAL DE AROUCA<\/strong><br><strong>Geoparque Arouca<\/strong><\/p>\n\n\n\n<p class=\"has-text-align-center\" style=\"margin-top:var(--wp--preset--spacing--70)\"><strong>Men\u00e7\u00e3o Honrosa<\/strong><\/p>\n\n\n\n<p class=\"has-text-align-center\">C\u00c2MARA MUNICIPAL DE TORRE DE MONCORVO<\/p>\n\n\n\n<p class=\"has-text-align-center\" style=\"margin-bottom:var(--wp--preset--spacing--70)\">Museu do Ferro &amp; da Regi\u00e3o de Moncorvo<\/p>\n\n\n\n<figure class=\"wp-block-gallery has-nested-images columns-6 is-cropped wp-block-gallery-1 is-layout-flex wp-block-gallery-is-layout-flex\">\n<figure class=\"wp-block-image size-large\"><a href=\"https:\/\/www.progeo.ngo\/progeopt\/wp-content\/uploads\/sites\/2\/2026\/03\/premiogeocons08a.jpg\"><img loading=\"lazy\" decoding=\"async\" width=\"923\" height=\"751\" data-id=\"211\" src=\"https:\/\/www.progeo.ngo\/progeopt\/wp-content\/uploads\/sites\/2\/2026\/03\/premiogeocons08a.jpg\" alt=\"\" class=\"wp-image-211\" srcset=\"https:\/\/www.progeo.ngo\/progeopt\/wp-content\/uploads\/sites\/2\/2026\/03\/premiogeocons08a.jpg 923w, https:\/\/www.progeo.ngo\/progeopt\/wp-content\/uploads\/sites\/2\/2026\/03\/premiogeocons08a-300x244.jpg 300w, https:\/\/www.progeo.ngo\/progeopt\/wp-content\/uploads\/sites\/2\/2026\/03\/premiogeocons08a-768x625.jpg 768w\" sizes=\"auto, (max-width: 923px) 100vw, 923px\" \/><\/a><\/figure>\n\n\n\n<figure class=\"wp-block-image size-large\"><a href=\"https:\/\/www.progeo.ngo\/progeopt\/wp-content\/uploads\/sites\/2\/2026\/03\/premiogeocons08b.jpg\"><img loading=\"lazy\" decoding=\"async\" width=\"913\" height=\"615\" data-id=\"212\" src=\"https:\/\/www.progeo.ngo\/progeopt\/wp-content\/uploads\/sites\/2\/2026\/03\/premiogeocons08b.jpg\" alt=\"\" class=\"wp-image-212\" srcset=\"https:\/\/www.progeo.ngo\/progeopt\/wp-content\/uploads\/sites\/2\/2026\/03\/premiogeocons08b.jpg 913w, https:\/\/www.progeo.ngo\/progeopt\/wp-content\/uploads\/sites\/2\/2026\/03\/premiogeocons08b-300x202.jpg 300w, https:\/\/www.progeo.ngo\/progeopt\/wp-content\/uploads\/sites\/2\/2026\/03\/premiogeocons08b-768x517.jpg 768w\" sizes=\"auto, (max-width: 913px) 100vw, 913px\" \/><\/a><\/figure>\n\n\n\n<figure class=\"wp-block-image size-large\"><a href=\"https:\/\/www.progeo.ngo\/progeopt\/wp-content\/uploads\/sites\/2\/2026\/03\/premiogeocons08c.jpg\"><img loading=\"lazy\" decoding=\"async\" width=\"773\" height=\"744\" data-id=\"213\" src=\"https:\/\/www.progeo.ngo\/progeopt\/wp-content\/uploads\/sites\/2\/2026\/03\/premiogeocons08c.jpg\" alt=\"\" class=\"wp-image-213\" srcset=\"https:\/\/www.progeo.ngo\/progeopt\/wp-content\/uploads\/sites\/2\/2026\/03\/premiogeocons08c.jpg 773w, https:\/\/www.progeo.ngo\/progeopt\/wp-content\/uploads\/sites\/2\/2026\/03\/premiogeocons08c-300x289.jpg 300w, https:\/\/www.progeo.ngo\/progeopt\/wp-content\/uploads\/sites\/2\/2026\/03\/premiogeocons08c-768x739.jpg 768w\" sizes=\"auto, (max-width: 773px) 100vw, 773px\" \/><\/a><\/figure>\n\n\n\n<figure class=\"wp-block-image size-large\"><a href=\"https:\/\/www.progeo.ngo\/progeopt\/wp-content\/uploads\/sites\/2\/2026\/03\/premiogeocons08d.jpg\"><img loading=\"lazy\" decoding=\"async\" width=\"667\" height=\"863\" data-id=\"208\" src=\"https:\/\/www.progeo.ngo\/progeopt\/wp-content\/uploads\/sites\/2\/2026\/03\/premiogeocons08d.jpg\" alt=\"\" class=\"wp-image-208\" srcset=\"https:\/\/www.progeo.ngo\/progeopt\/wp-content\/uploads\/sites\/2\/2026\/03\/premiogeocons08d.jpg 667w, https:\/\/www.progeo.ngo\/progeopt\/wp-content\/uploads\/sites\/2\/2026\/03\/premiogeocons08d-232x300.jpg 232w\" sizes=\"auto, (max-width: 667px) 100vw, 667px\" \/><\/a><\/figure>\n\n\n\n<figure class=\"wp-block-image size-large\"><a href=\"https:\/\/www.progeo.ngo\/progeopt\/wp-content\/uploads\/sites\/2\/2026\/03\/premiogeocons08e.jpg\"><img loading=\"lazy\" decoding=\"async\" width=\"361\" height=\"800\" data-id=\"209\" src=\"https:\/\/www.progeo.ngo\/progeopt\/wp-content\/uploads\/sites\/2\/2026\/03\/premiogeocons08e.jpg\" alt=\"\" class=\"wp-image-209\" srcset=\"https:\/\/www.progeo.ngo\/progeopt\/wp-content\/uploads\/sites\/2\/2026\/03\/premiogeocons08e.jpg 361w, https:\/\/www.progeo.ngo\/progeopt\/wp-content\/uploads\/sites\/2\/2026\/03\/premiogeocons08e-135x300.jpg 135w\" sizes=\"auto, (max-width: 361px) 100vw, 361px\" \/><\/a><\/figure>\n\n\n\n<figure class=\"wp-block-image size-large\"><a href=\"https:\/\/www.progeo.ngo\/progeopt\/wp-content\/uploads\/sites\/2\/2026\/03\/premiogeocons08f.jpg\"><img loading=\"lazy\" decoding=\"async\" width=\"800\" height=\"860\" data-id=\"210\" src=\"https:\/\/www.progeo.ngo\/progeopt\/wp-content\/uploads\/sites\/2\/2026\/03\/premiogeocons08f.jpg\" alt=\"\" class=\"wp-image-210\" srcset=\"https:\/\/www.progeo.ngo\/progeopt\/wp-content\/uploads\/sites\/2\/2026\/03\/premiogeocons08f.jpg 800w, https:\/\/www.progeo.ngo\/progeopt\/wp-content\/uploads\/sites\/2\/2026\/03\/premiogeocons08f-279x300.jpg 279w, https:\/\/www.progeo.ngo\/progeopt\/wp-content\/uploads\/sites\/2\/2026\/03\/premiogeocons08f-768x826.jpg 768w\" sizes=\"auto, (max-width: 800px) 100vw, 800px\" \/><\/a><\/figure>\n<\/figure>\n","protected":false},"excerpt":{"rendered":"<p>C\u00c2MARA MUNICIPAL DE AROUCAGeoparque Arouca Men\u00e7\u00e3o Honrosa C\u00c2MARA MUNICIPAL DE TORRE DE MONCORVO Museu do Ferro &amp; da Regi\u00e3o de Moncorvo<\/p>\n","protected":false},"author":1,"featured_media":0,"parent":0,"menu_order":0,"comment_status":"closed","ping_status":"closed","template":"","meta":{"footnotes":""},"class_list":["post-207","page","type-page","status-publish","hentry"],"_links":{"self":[{"href":"https:\/\/www.progeo.ngo\/progeopt\/wp-json\/wp\/v2\/pages\/207","targetHints":{"allow":["GET"]}}],"collection":[{"href":"https:\/\/www.progeo.ngo\/progeopt\/wp-json\/wp\/v2\/pages"}],"about":[{"href":"https:\/\/www.progeo.ngo\/progeopt\/wp-json\/wp\/v2\/types\/page"}],"author":[{"embeddable":true,"href":"https:\/\/www.progeo.ngo\/progeopt\/wp-json\/wp\/v2\/users\/1"}],"replies":[{"embeddable":true,"href":"https:\/\/www.progeo.ngo\/progeopt\/wp-json\/wp\/v2\/comments?post=207"}],"version-history":[{"count":1,"href":"https:\/\/www.progeo.ngo\/progeopt\/wp-json\/wp\/v2\/pages\/207\/revisions"}],"predecessor-version":[{"id":226,"href":"https:\/\/www.progeo.ngo\/progeopt\/wp-json\/wp\/v2\/pages\/207\/revisions\/226"}],"wp:attachment":[{"href":"https:\/\/www.progeo.ngo\/progeopt\/wp-json\/wp\/v2\/media?parent=207"}],"curies":[{"name":"wp","href":"https:\/\/api.w.org\/{rel}","templated":true}]}}