{"id":2,"date":"2026-03-18T16:19:36","date_gmt":"2026-03-18T16:19:36","guid":{"rendered":"https:\/\/www.progeo.ngo\/progeopt\/?page_id=2"},"modified":"2026-04-09T16:11:56","modified_gmt":"2026-04-09T16:11:56","slug":"home","status":"publish","type":"page","link":"https:\/\/www.progeo.ngo\/progeopt\/","title":{"rendered":"Home"},"content":{"rendered":"\n<div class=\"wp-block-getwid-images-slider has-arrows-inside has-dots-inside has-images-center has-cropped-images has-fixed-height\"><div class=\"wp-block-getwid-images-slider__wrapper\" data-effect=\"fade\" data-slides-show=\"1\" data-slides-show-laptop=\"1\" data-slides-show-tablet=\"1\" data-slides-show-mobile=\"1\" data-slides-scroll=\"1\" data-autoplay=\"true\" data-pause-hover=\"false\" data-autoplay-speed=\"6000\" data-infinite=\"true\" data-animation-speed=\"800\" data-center-mode=\"false\" data-variable-width=\"false\" data-arrows=\"inside\" data-dots=\"inside\" data-spacing=\"none\"><div class=\"wp-block-getwid-images-slider__item\" style=\"height:450px\"><figure><img loading=\"lazy\" decoding=\"async\" width=\"1763\" height=\"1176\" src=\"https:\/\/www.progeo.ngo\/progeopt\/wp-content\/uploads\/sites\/2\/2026\/03\/4.jpg\" data-id=\"20\" data-link=\"https:\/\/www.progeo.ngo\/progeopt\/home\/attachment\/4\/\" data-original-link=\"https:\/\/www.progeo.ngo\/progeopt\/wp-content\/uploads\/sites\/2\/2026\/03\/4.jpg\" class=\"wp-block-getwid-images-slider__image wp-image-20\" srcset=\"https:\/\/www.progeo.ngo\/progeopt\/wp-content\/uploads\/sites\/2\/2026\/03\/4.jpg 1763w, https:\/\/www.progeo.ngo\/progeopt\/wp-content\/uploads\/sites\/2\/2026\/03\/4-300x200.jpg 300w, https:\/\/www.progeo.ngo\/progeopt\/wp-content\/uploads\/sites\/2\/2026\/03\/4-1024x683.jpg 1024w, https:\/\/www.progeo.ngo\/progeopt\/wp-content\/uploads\/sites\/2\/2026\/03\/4-768x512.jpg 768w, https:\/\/www.progeo.ngo\/progeopt\/wp-content\/uploads\/sites\/2\/2026\/03\/4-1536x1025.jpg 1536w\" sizes=\"auto, (max-width: 1763px) 100vw, 1763px\" \/><\/figure><\/div><div class=\"wp-block-getwid-images-slider__item\" style=\"height:450px\"><figure><img loading=\"lazy\" decoding=\"async\" width=\"1763\" height=\"1176\" src=\"https:\/\/www.progeo.ngo\/progeopt\/wp-content\/uploads\/sites\/2\/2026\/03\/3.jpg\" data-id=\"19\" data-link=\"https:\/\/www.progeo.ngo\/progeopt\/home\/attachment\/3\/\" data-original-link=\"https:\/\/www.progeo.ngo\/progeopt\/wp-content\/uploads\/sites\/2\/2026\/03\/3.jpg\" class=\"wp-block-getwid-images-slider__image wp-image-19\" srcset=\"https:\/\/www.progeo.ngo\/progeopt\/wp-content\/uploads\/sites\/2\/2026\/03\/3.jpg 1763w, https:\/\/www.progeo.ngo\/progeopt\/wp-content\/uploads\/sites\/2\/2026\/03\/3-300x200.jpg 300w, https:\/\/www.progeo.ngo\/progeopt\/wp-content\/uploads\/sites\/2\/2026\/03\/3-1024x683.jpg 1024w, https:\/\/www.progeo.ngo\/progeopt\/wp-content\/uploads\/sites\/2\/2026\/03\/3-768x512.jpg 768w, https:\/\/www.progeo.ngo\/progeopt\/wp-content\/uploads\/sites\/2\/2026\/03\/3-1536x1025.jpg 1536w\" sizes=\"auto, (max-width: 1763px) 100vw, 1763px\" \/><\/figure><\/div><div class=\"wp-block-getwid-images-slider__item\" style=\"height:450px\"><figure><img loading=\"lazy\" decoding=\"async\" width=\"2247\" height=\"923\" src=\"https:\/\/www.progeo.ngo\/progeopt\/wp-content\/uploads\/sites\/2\/2026\/03\/2.jpg\" data-id=\"21\" data-link=\"https:\/\/www.progeo.ngo\/progeopt\/home\/attachment\/2\/\" data-original-link=\"https:\/\/www.progeo.ngo\/progeopt\/wp-content\/uploads\/sites\/2\/2026\/03\/2.jpg\" class=\"wp-block-getwid-images-slider__image wp-image-21\" srcset=\"https:\/\/www.progeo.ngo\/progeopt\/wp-content\/uploads\/sites\/2\/2026\/03\/2.jpg 2247w, https:\/\/www.progeo.ngo\/progeopt\/wp-content\/uploads\/sites\/2\/2026\/03\/2-300x123.jpg 300w, https:\/\/www.progeo.ngo\/progeopt\/wp-content\/uploads\/sites\/2\/2026\/03\/2-1024x421.jpg 1024w, https:\/\/www.progeo.ngo\/progeopt\/wp-content\/uploads\/sites\/2\/2026\/03\/2-768x315.jpg 768w, https:\/\/www.progeo.ngo\/progeopt\/wp-content\/uploads\/sites\/2\/2026\/03\/2-1536x631.jpg 1536w, https:\/\/www.progeo.ngo\/progeopt\/wp-content\/uploads\/sites\/2\/2026\/03\/2-2048x841.jpg 2048w\" sizes=\"auto, (max-width: 2247px) 100vw, 2247px\" \/><\/figure><\/div><div class=\"wp-block-getwid-images-slider__item\" style=\"height:450px\"><figure><img loading=\"lazy\" decoding=\"async\" width=\"1663\" height=\"1247\" src=\"https:\/\/www.progeo.ngo\/progeopt\/wp-content\/uploads\/sites\/2\/2026\/03\/1.jpg\" data-id=\"22\" data-link=\"https:\/\/www.progeo.ngo\/progeopt\/home\/attachment\/1\/\" data-original-link=\"https:\/\/www.progeo.ngo\/progeopt\/wp-content\/uploads\/sites\/2\/2026\/03\/1.jpg\" class=\"wp-block-getwid-images-slider__image wp-image-22\" srcset=\"https:\/\/www.progeo.ngo\/progeopt\/wp-content\/uploads\/sites\/2\/2026\/03\/1.jpg 1663w, https:\/\/www.progeo.ngo\/progeopt\/wp-content\/uploads\/sites\/2\/2026\/03\/1-300x225.jpg 300w, https:\/\/www.progeo.ngo\/progeopt\/wp-content\/uploads\/sites\/2\/2026\/03\/1-1024x768.jpg 1024w, https:\/\/www.progeo.ngo\/progeopt\/wp-content\/uploads\/sites\/2\/2026\/03\/1-768x576.jpg 768w, https:\/\/www.progeo.ngo\/progeopt\/wp-content\/uploads\/sites\/2\/2026\/03\/1-1536x1152.jpg 1536w\" sizes=\"auto, (max-width: 1663px) 100vw, 1663px\" \/><\/figure><\/div><\/div><\/div>\n\n\n\n<h2 class=\"wp-block-heading has-text-align-center\" style=\"margin-top:var(--wp--preset--spacing--70);margin-bottom:var(--wp--preset--spacing--30)\"><strong>ProGEO Internacional&nbsp;<\/strong><\/h2>\n\n\n\n<p>A ProGEO,&nbsp;<a class=\"text-decoration-none\" href=\"https:\/\/www.progeo.ngo\/\" target=\"_blank\" rel=\"noreferrer noopener\"><strong>Associa\u00e7\u00e3o Internacional para a Conserva\u00e7\u00e3o do Patrim\u00f3nio Geol\u00f3gico<\/strong>, \u00e9 uma organiza\u00e7\u00e3o n\u00e3o governamental dedicada \u00e0 promo\u00e7\u00e3o da gest\u00e3o da geodiversidade e do patrim\u00f3nio geol\u00f3gico no contexto da conserva\u00e7\u00e3o da natureza.<\/a><br>A ProGEO \u00e9 uma organiza\u00e7\u00e3o afiliada \u00e0 IUGS (Uni\u00e3o Internacional das Ci\u00eancias Geol\u00f3gicas) e membro da IUCN (Uni\u00e3o Internacional para a Conserva\u00e7\u00e3o da Natureza).<\/p>\n\n\n\n<h3 class=\"wp-block-heading\">&nbsp;<br><strong>Objectivos da ProGEO:<\/strong><\/h3>\n\n\n\n<p>&#8211;&nbsp;Promover uma abordagem integrada da conserva\u00e7\u00e3o da natureza, aliando biodiversidade e geodiversidade numa perspetiva hol\u00edstica.<\/p>\n\n\n\n<p>&#8211;&nbsp;Promover a geoconserva\u00e7\u00e3o;<\/p>\n\n\n\n<p>&#8211;&nbsp;Sensibilizar a sociedade para a import\u00e2ncia da geodiversidade e do patrim\u00f3nio geol\u00f3gico, destacando a sua relev\u00e2ncia no mundo actual;<\/p>\n\n\n\n<p>&#8211; Apoiar tecnicamente as entidades respons\u00e1veis pela prote\u00e7\u00e3o do patrim\u00f3nio geol\u00f3gico;<\/p>\n\n\n\n<p>&#8211;&nbsp;Desenvolver e participar em investiga\u00e7\u00e3o cient\u00edfica;<\/p>\n\n\n\n<p>&#8211;&nbsp;Fomentar a partilha de ideias e informa\u00e7\u00f5es a n\u00edvel internacional, contribuindo para a formula\u00e7\u00e3o de directrizes e legisla\u00e7\u00e3o;<\/p>\n\n\n\n<p>&#8211;&nbsp;Apoiar a cria\u00e7\u00e3o de uma lista global de geoss\u00edtios de relev\u00e2ncia, em articula\u00e7\u00e3o com iniciativas nacionais e organismos internacionais;<\/p>\n","protected":false},"excerpt":{"rendered":"<p>ProGEO Internacional&nbsp; A ProGEO,&nbsp;Associa\u00e7\u00e3o Internacional para a Conserva\u00e7\u00e3o do Patrim\u00f3nio Geol\u00f3gico, \u00e9 uma organiza\u00e7\u00e3o n\u00e3o governamental dedicada \u00e0 promo\u00e7\u00e3o da gest\u00e3o da geodiversidade e do patrim\u00f3nio geol\u00f3gico no contexto da conserva\u00e7\u00e3o da natureza.A ProGEO \u00e9 uma organiza\u00e7\u00e3o afiliada \u00e0 IUGS (Uni\u00e3o Internacional das Ci\u00eancias Geol\u00f3gicas) e membro da IUCN (Uni\u00e3o Internacional para a Conserva\u00e7\u00e3o da [&hellip;]<\/p>\n","protected":false},"author":1,"featured_media":0,"parent":0,"menu_order":0,"comment_status":"closed","ping_status":"closed","template":"page-templates\/page-blank-container.php","meta":{"footnotes":""},"class_list":["post-2","page","type-page","status-publish","hentry"],"_links":{"self":[{"href":"https:\/\/www.progeo.ngo\/progeopt\/wp-json\/wp\/v2\/pages\/2","targetHints":{"allow":["GET"]}}],"collection":[{"href":"https:\/\/www.progeo.ngo\/progeopt\/wp-json\/wp\/v2\/pages"}],"about":[{"href":"https:\/\/www.progeo.ngo\/progeopt\/wp-json\/wp\/v2\/types\/page"}],"author":[{"embeddable":true,"href":"https:\/\/www.progeo.ngo\/progeopt\/wp-json\/wp\/v2\/users\/1"}],"replies":[{"embeddable":true,"href":"https:\/\/www.progeo.ngo\/progeopt\/wp-json\/wp\/v2\/comments?post=2"}],"version-history":[{"count":15,"href":"https:\/\/www.progeo.ngo\/progeopt\/wp-json\/wp\/v2\/pages\/2\/revisions"}],"predecessor-version":[{"id":308,"href":"https:\/\/www.progeo.ngo\/progeopt\/wp-json\/wp\/v2\/pages\/2\/revisions\/308"}],"wp:attachment":[{"href":"https:\/\/www.progeo.ngo\/progeopt\/wp-json\/wp\/v2\/media?parent=2"}],"curies":[{"name":"wp","href":"https:\/\/api.w.org\/{rel}","templated":true}]}}