{"id":187,"date":"2026-03-20T09:31:50","date_gmt":"2026-03-20T09:31:50","guid":{"rendered":"https:\/\/www.progeo.ngo\/progeopt\/?page_id=187"},"modified":"2026-03-20T09:32:23","modified_gmt":"2026-03-20T09:32:23","slug":"premio-geoconservacao-2011","status":"publish","type":"page","link":"https:\/\/www.progeo.ngo\/progeopt\/premio-geoconservacao-2011\/","title":{"rendered":"Pr\u00e9mio Geoconserva\u00e7\u00e3o 2011"},"content":{"rendered":"\n<p><\/p>\n\n\n\n<p class=\"has-text-align-left has-medium-font-size\"><strong>\u00a0 ASSOCIA\u00c7\u00c3O DE MUNIC\u00cdPIOS DA REGI\u00c3O AUT\u00d3NOMA DOS A\u00c7ORES<\/strong><\/p>\n\n\n\n<p class=\"has-text-align-left has-medium-font-size\" style=\"margin-top:var(--wp--preset--spacing--60);margin-bottom:var(--wp--preset--spacing--80)\"><em>&#8220;&#8230;o J\u00fari reconheceu o trabalho desenvolvido na Regi\u00e3o Aut\u00f3noma dos A\u00e7ores nos \u00faltimos anos, nomeadamente a n\u00edvel da inventaria\u00e7\u00e3o, protec\u00e7\u00e3o e valoriza\u00e7\u00e3o do patrim\u00f3nio geol\u00f3gico A\u00e7oriano e que constitui a base do projecto Geoparque A\u00e7ores&#8221;<\/em><\/p>\n\n\n\n<p class=\"has-large-font-size\"><strong>Not\u00edcias:<\/strong><\/p>\n\n\n\n<p style=\"margin-bottom:var(--wp--preset--spacing--70)\"><a href=\"https:\/\/www.progeo.ngo\/progeopt\/wp-content\/uploads\/sites\/2\/2026\/03\/CorreioAcores.pdf\">Correio dos A\u00e7ores [PDF]<\/a> \u00a0<\/p>\n\n\n\n<figure class=\"wp-block-gallery has-nested-images columns-default is-cropped wp-block-gallery-1 is-layout-flex wp-block-gallery-is-layout-flex\">\n<figure class=\"wp-block-image size-large\"><img loading=\"lazy\" decoding=\"async\" width=\"672\" height=\"794\" data-id=\"188\" src=\"https:\/\/www.progeo.ngo\/progeopt\/wp-content\/uploads\/sites\/2\/2026\/03\/ao.jpg\" alt=\"\" class=\"wp-image-188\" srcset=\"https:\/\/www.progeo.ngo\/progeopt\/wp-content\/uploads\/sites\/2\/2026\/03\/ao.jpg 672w, https:\/\/www.progeo.ngo\/progeopt\/wp-content\/uploads\/sites\/2\/2026\/03\/ao-254x300.jpg 254w\" sizes=\"auto, (max-width: 672px) 100vw, 672px\" \/><\/figure>\n\n\n\n<figure class=\"wp-block-image size-large\"><img loading=\"lazy\" decoding=\"async\" width=\"710\" height=\"805\" data-id=\"193\" src=\"https:\/\/www.progeo.ngo\/progeopt\/wp-content\/uploads\/sites\/2\/2026\/03\/atlantida.jpg\" alt=\"\" class=\"wp-image-193\" srcset=\"https:\/\/www.progeo.ngo\/progeopt\/wp-content\/uploads\/sites\/2\/2026\/03\/atlantida.jpg 710w, https:\/\/www.progeo.ngo\/progeopt\/wp-content\/uploads\/sites\/2\/2026\/03\/atlantida-265x300.jpg 265w\" sizes=\"auto, (max-width: 710px) 100vw, 710px\" \/><\/figure>\n\n\n\n<figure class=\"wp-block-image size-large\"><img loading=\"lazy\" decoding=\"async\" width=\"653\" height=\"604\" data-id=\"189\" src=\"https:\/\/www.progeo.ngo\/progeopt\/wp-content\/uploads\/sites\/2\/2026\/03\/da.jpg\" alt=\"\" class=\"wp-image-189\" srcset=\"https:\/\/www.progeo.ngo\/progeopt\/wp-content\/uploads\/sites\/2\/2026\/03\/da.jpg 653w, https:\/\/www.progeo.ngo\/progeopt\/wp-content\/uploads\/sites\/2\/2026\/03\/da-300x277.jpg 300w\" sizes=\"auto, (max-width: 653px) 100vw, 653px\" \/><\/figure>\n\n\n\n<figure class=\"wp-block-image size-large\"><img loading=\"lazy\" decoding=\"async\" width=\"668\" height=\"598\" data-id=\"192\" src=\"https:\/\/www.progeo.ngo\/progeopt\/wp-content\/uploads\/sites\/2\/2026\/03\/expresso.jpg\" alt=\"\" class=\"wp-image-192\" srcset=\"https:\/\/www.progeo.ngo\/progeopt\/wp-content\/uploads\/sites\/2\/2026\/03\/expresso.jpg 668w, https:\/\/www.progeo.ngo\/progeopt\/wp-content\/uploads\/sites\/2\/2026\/03\/expresso-300x269.jpg 300w\" sizes=\"auto, (max-width: 668px) 100vw, 668px\" \/><\/figure>\n\n\n\n<figure class=\"wp-block-image size-large\"><img loading=\"lazy\" decoding=\"async\" width=\"665\" height=\"534\" data-id=\"190\" src=\"https:\/\/www.progeo.ngo\/progeopt\/wp-content\/uploads\/sites\/2\/2026\/03\/jn.jpg\" alt=\"\" class=\"wp-image-190\" srcset=\"https:\/\/www.progeo.ngo\/progeopt\/wp-content\/uploads\/sites\/2\/2026\/03\/jn.jpg 665w, https:\/\/www.progeo.ngo\/progeopt\/wp-content\/uploads\/sites\/2\/2026\/03\/jn-300x241.jpg 300w\" sizes=\"auto, (max-width: 665px) 100vw, 665px\" \/><\/figure>\n\n\n\n<figure class=\"wp-block-image size-large\"><img loading=\"lazy\" decoding=\"async\" width=\"687\" height=\"470\" data-id=\"191\" src=\"https:\/\/www.progeo.ngo\/progeopt\/wp-content\/uploads\/sites\/2\/2026\/03\/rtp.jpg\" alt=\"\" class=\"wp-image-191\" srcset=\"https:\/\/www.progeo.ngo\/progeopt\/wp-content\/uploads\/sites\/2\/2026\/03\/rtp.jpg 687w, https:\/\/www.progeo.ngo\/progeopt\/wp-content\/uploads\/sites\/2\/2026\/03\/rtp-300x205.jpg 300w\" sizes=\"auto, (max-width: 687px) 100vw, 687px\" \/><\/figure>\n<\/figure>\n","protected":false},"excerpt":{"rendered":"<p>\u00a0 ASSOCIA\u00c7\u00c3O DE MUNIC\u00cdPIOS DA REGI\u00c3O AUT\u00d3NOMA DOS A\u00c7ORES &#8220;&#8230;o J\u00fari reconheceu o trabalho desenvolvido na Regi\u00e3o Aut\u00f3noma dos A\u00e7ores nos \u00faltimos anos, nomeadamente a n\u00edvel da inventaria\u00e7\u00e3o, protec\u00e7\u00e3o e valoriza\u00e7\u00e3o do patrim\u00f3nio geol\u00f3gico A\u00e7oriano e que constitui a base do projecto Geoparque A\u00e7ores&#8221; Not\u00edcias: Correio dos A\u00e7ores [PDF] \u00a0<\/p>\n","protected":false},"author":1,"featured_media":0,"parent":0,"menu_order":0,"comment_status":"closed","ping_status":"closed","template":"","meta":{"footnotes":""},"class_list":["post-187","page","type-page","status-publish","hentry"],"_links":{"self":[{"href":"https:\/\/www.progeo.ngo\/progeopt\/wp-json\/wp\/v2\/pages\/187","targetHints":{"allow":["GET"]}}],"collection":[{"href":"https:\/\/www.progeo.ngo\/progeopt\/wp-json\/wp\/v2\/pages"}],"about":[{"href":"https:\/\/www.progeo.ngo\/progeopt\/wp-json\/wp\/v2\/types\/page"}],"author":[{"embeddable":true,"href":"https:\/\/www.progeo.ngo\/progeopt\/wp-json\/wp\/v2\/users\/1"}],"replies":[{"embeddable":true,"href":"https:\/\/www.progeo.ngo\/progeopt\/wp-json\/wp\/v2\/comments?post=187"}],"version-history":[{"count":2,"href":"https:\/\/www.progeo.ngo\/progeopt\/wp-json\/wp\/v2\/pages\/187\/revisions"}],"predecessor-version":[{"id":196,"href":"https:\/\/www.progeo.ngo\/progeopt\/wp-json\/wp\/v2\/pages\/187\/revisions\/196"}],"wp:attachment":[{"href":"https:\/\/www.progeo.ngo\/progeopt\/wp-json\/wp\/v2\/media?parent=187"}],"curies":[{"name":"wp","href":"https:\/\/api.w.org\/{rel}","templated":true}]}}