{"id":164,"date":"2026-03-20T09:05:33","date_gmt":"2026-03-20T09:05:33","guid":{"rendered":"https:\/\/www.progeo.ngo\/progeopt\/?page_id=164"},"modified":"2026-03-20T09:20:11","modified_gmt":"2026-03-20T09:20:11","slug":"premio-geoconservacao-2013","status":"publish","type":"page","link":"https:\/\/www.progeo.ngo\/progeopt\/premio-geoconservacao-2013\/","title":{"rendered":"Pr\u00e9mio Geoconserva\u00e7\u00e3o 2013"},"content":{"rendered":"\n<p class=\"has-text-align-center has-medium-font-size\"><strong>C\u00e2mara Municipal de Gr\u00e2ndola<\/strong><br><strong>\u201c<\/strong><strong>Aldeia Mineira do Lousal: um exemplo de sucesso na reabilita\u00e7\u00e3o do patrim\u00f3nio geomineiro da Faixa Piritosa Ib\u00e9rica&#8221;<\/strong><\/p>\n\n\n\n<p class=\"has-text-align-center has-medium-font-size\"><strong>&#8220;&#8230;o J\u00fari destacou as iniciativas de valoriza\u00e7\u00e3o do patrim\u00f3nio geol\u00f3gico, associadas \u00e0 recupera\u00e7\u00e3o ambiental de um dos geoss\u00edtios inclu\u00eddos no invent\u00e1rio nacional&#8221;<\/strong><\/p>\n\n\n\n<p class=\"has-text-align-center has-medium-font-size\"><strong>Entrega do Pr\u00e9mio: 22 de Abril de 2013, 10:30h, Centro de Ci\u00eancia Viva do Lousal<\/strong><\/p>\n\n\n\n<p class=\"has-text-align-center has-medium-font-size\"><strong>Men\u00e7\u00e3o Honrosa<\/strong><\/p>\n\n\n\n<p class=\"has-text-align-center has-medium-font-size\"><strong>C\u00e2mara Municipal de Sesimbra<br>&#8220;GEOcircuito de Sesimbra&#8221;<\/strong><\/p>\n\n\n\n<p class=\"has-text-align-center\" style=\"margin-bottom:var(--wp--preset--spacing--70)\"><strong>&#8220;&#8230;por revelar um forte empenho na identifica\u00e7\u00e3o do diversificado patrim\u00f3nio geol\u00f3gico do concelho&#8221;<\/strong><\/p>\n\n\n\n<p class=\"has-text-align-center has-medium-font-size\"><strong>Entrega da Men\u00e7\u00e3o Honrosa: 22 de Abril de 2013, 15:00h, C\u00e2mara Municipal de Sesimbra<\/strong><\/p>\n\n\n\n<figure class=\"wp-block-gallery has-nested-images columns-5 is-cropped wp-block-gallery-1 is-layout-flex wp-block-gallery-is-layout-flex\">\n<figure class=\"wp-block-image size-large\"><a href=\"https:\/\/www.progeo.ngo\/progeopt\/wp-content\/uploads\/sites\/2\/2026\/03\/tsf.jpg\"><img loading=\"lazy\" decoding=\"async\" width=\"689\" height=\"754\" data-id=\"170\" src=\"https:\/\/www.progeo.ngo\/progeopt\/wp-content\/uploads\/sites\/2\/2026\/03\/tsf.jpg\" alt=\"\" class=\"wp-image-170\" srcset=\"https:\/\/www.progeo.ngo\/progeopt\/wp-content\/uploads\/sites\/2\/2026\/03\/tsf.jpg 689w, https:\/\/www.progeo.ngo\/progeopt\/wp-content\/uploads\/sites\/2\/2026\/03\/tsf-274x300.jpg 274w\" sizes=\"auto, (max-width: 689px) 100vw, 689px\" \/><\/a><\/figure>\n\n\n\n<figure class=\"wp-block-image size-large\"><a href=\"https:\/\/www.progeo.ngo\/progeopt\/wp-content\/uploads\/sites\/2\/2026\/03\/Planetazul.jpg\"><img loading=\"lazy\" decoding=\"async\" width=\"704\" height=\"710\" data-id=\"171\" src=\"https:\/\/www.progeo.ngo\/progeopt\/wp-content\/uploads\/sites\/2\/2026\/03\/Planetazul.jpg\" alt=\"\" class=\"wp-image-171\" srcset=\"https:\/\/www.progeo.ngo\/progeopt\/wp-content\/uploads\/sites\/2\/2026\/03\/Planetazul.jpg 704w, https:\/\/www.progeo.ngo\/progeopt\/wp-content\/uploads\/sites\/2\/2026\/03\/Planetazul-297x300.jpg 297w, https:\/\/www.progeo.ngo\/progeopt\/wp-content\/uploads\/sites\/2\/2026\/03\/Planetazul-150x150.jpg 150w\" sizes=\"auto, (max-width: 704px) 100vw, 704px\" \/><\/a><\/figure>\n\n\n\n<figure class=\"wp-block-image size-large\"><a href=\"https:\/\/www.progeo.ngo\/progeopt\/wp-content\/uploads\/sites\/2\/2026\/03\/local_pt.gif\"><img loading=\"lazy\" decoding=\"async\" width=\"732\" height=\"1024\" data-id=\"174\" src=\"https:\/\/www.progeo.ngo\/progeopt\/wp-content\/uploads\/sites\/2\/2026\/03\/local_pt-732x1024.gif\" alt=\"\" class=\"wp-image-174\" srcset=\"https:\/\/www.progeo.ngo\/progeopt\/wp-content\/uploads\/sites\/2\/2026\/03\/local_pt-732x1024.gif 732w, https:\/\/www.progeo.ngo\/progeopt\/wp-content\/uploads\/sites\/2\/2026\/03\/local_pt-214x300.gif 214w, https:\/\/www.progeo.ngo\/progeopt\/wp-content\/uploads\/sites\/2\/2026\/03\/local_pt-768x1074.gif 768w\" sizes=\"auto, (max-width: 732px) 100vw, 732px\" \/><\/a><\/figure>\n\n\n\n<figure class=\"wp-block-image size-large\"><a href=\"https:\/\/www.progeo.ngo\/progeopt\/wp-content\/uploads\/sites\/2\/2026\/03\/Comercio.jpg\"><img loading=\"lazy\" decoding=\"async\" width=\"630\" height=\"876\" data-id=\"172\" src=\"https:\/\/www.progeo.ngo\/progeopt\/wp-content\/uploads\/sites\/2\/2026\/03\/Comercio.jpg\" alt=\"\" class=\"wp-image-172\" srcset=\"https:\/\/www.progeo.ngo\/progeopt\/wp-content\/uploads\/sites\/2\/2026\/03\/Comercio.jpg 630w, https:\/\/www.progeo.ngo\/progeopt\/wp-content\/uploads\/sites\/2\/2026\/03\/Comercio-216x300.jpg 216w\" sizes=\"auto, (max-width: 630px) 100vw, 630px\" \/><\/a><\/figure>\n\n\n\n<figure class=\"wp-block-image size-large\"><a href=\"https:\/\/www.progeo.ngo\/progeopt\/wp-content\/uploads\/sites\/2\/2026\/03\/Ambiente_Magazine.gif\"><img loading=\"lazy\" decoding=\"async\" width=\"900\" height=\"317\" data-id=\"173\" src=\"https:\/\/www.progeo.ngo\/progeopt\/wp-content\/uploads\/sites\/2\/2026\/03\/Ambiente_Magazine.gif\" alt=\"\" class=\"wp-image-173\"\/><\/a><\/figure>\n<\/figure>\n","protected":false},"excerpt":{"rendered":"<p>C\u00e2mara Municipal de Gr\u00e2ndola\u201cAldeia Mineira do Lousal: um exemplo de sucesso na reabilita\u00e7\u00e3o do patrim\u00f3nio geomineiro da Faixa Piritosa Ib\u00e9rica&#8221; &#8220;&#8230;o J\u00fari destacou as iniciativas de valoriza\u00e7\u00e3o do patrim\u00f3nio geol\u00f3gico, associadas \u00e0 recupera\u00e7\u00e3o ambiental de um dos geoss\u00edtios inclu\u00eddos no invent\u00e1rio nacional&#8221; Entrega do Pr\u00e9mio: 22 de Abril de 2013, 10:30h, Centro de Ci\u00eancia Viva [&hellip;]<\/p>\n","protected":false},"author":1,"featured_media":0,"parent":0,"menu_order":0,"comment_status":"closed","ping_status":"closed","template":"","meta":{"footnotes":""},"class_list":["post-164","page","type-page","status-publish","hentry"],"_links":{"self":[{"href":"https:\/\/www.progeo.ngo\/progeopt\/wp-json\/wp\/v2\/pages\/164","targetHints":{"allow":["GET"]}}],"collection":[{"href":"https:\/\/www.progeo.ngo\/progeopt\/wp-json\/wp\/v2\/pages"}],"about":[{"href":"https:\/\/www.progeo.ngo\/progeopt\/wp-json\/wp\/v2\/types\/page"}],"author":[{"embeddable":true,"href":"https:\/\/www.progeo.ngo\/progeopt\/wp-json\/wp\/v2\/users\/1"}],"replies":[{"embeddable":true,"href":"https:\/\/www.progeo.ngo\/progeopt\/wp-json\/wp\/v2\/comments?post=164"}],"version-history":[{"count":6,"href":"https:\/\/www.progeo.ngo\/progeopt\/wp-json\/wp\/v2\/pages\/164\/revisions"}],"predecessor-version":[{"id":175,"href":"https:\/\/www.progeo.ngo\/progeopt\/wp-json\/wp\/v2\/pages\/164\/revisions\/175"}],"wp:attachment":[{"href":"https:\/\/www.progeo.ngo\/progeopt\/wp-json\/wp\/v2\/media?parent=164"}],"curies":[{"name":"wp","href":"https:\/\/api.w.org\/{rel}","templated":true}]}}