{"id":159,"date":"2026-03-20T08:55:48","date_gmt":"2026-03-20T08:55:48","guid":{"rendered":"https:\/\/www.progeo.ngo\/progeopt\/?page_id=159"},"modified":"2026-03-20T08:56:11","modified_gmt":"2026-03-20T08:56:11","slug":"premio-geoconservacao-2014","status":"publish","type":"page","link":"https:\/\/www.progeo.ngo\/progeopt\/premio-geoconservacao-2014\/","title":{"rendered":"Pr\u00e9mio Geoconserva\u00e7\u00e3o 2014"},"content":{"rendered":"\n<h3 class=\"wp-block-heading has-text-align-center\"><strong>Vencedor do Pr\u00e9mio Geoconserva\u00e7\u00e3o 2014<\/strong><\/h3>\n\n\n\n<h4 class=\"wp-block-heading has-text-align-center\"><strong>Munic\u00edpio de Macedo de Cavaleiros<\/strong><\/h4>\n\n\n\n<h4 class=\"wp-block-heading has-text-align-center\">&#8220;Geoparque Terras de Cavaleiros&#8221;<\/h4>\n\n\n\n<h5 class=\"wp-block-heading has-text-align-center\">Entrega do Pr\u00e9mio no dia 22 de Abril de 2014, 10h, na sede do Geoparque Terras de Cavaleiros<\/h5>\n\n\n\n<h4 class=\"wp-block-heading has-text-align-center\" style=\"margin-top:var(--wp--preset--spacing--70);margin-bottom:var(--wp--preset--spacing--50)\">&#8220;Not\u00edcias relacionadas:&#8221;<\/h4>\n\n\n\n<h4 class=\"wp-block-heading has-text-align-center\"><a href=\"https:\/\/www.cmjornal.pt\/#destak.pt\/artigo\/192476\" target=\"_blank\" rel=\"noreferrer noopener\">CM Jornal<\/a><\/h4>\n\n\n\n<h4 class=\"wp-block-heading has-text-align-center\" style=\"margin-top:var(--wp--preset--spacing--40);margin-bottom:var(--wp--preset--spacing--40)\"><a href=\"https:\/\/portocanal.sapo.pt\/noticia\/23522\/\" target=\"_blank\" rel=\"noreferrer noopener\">Porto Canal<\/a><\/h4>\n\n\n\n<figure class=\"wp-block-image aligncenter size-full is-resized\"><a href=\"https:\/\/www.progeo.ngo\/progeopt\/wp-content\/uploads\/sites\/2\/2026\/03\/cm_macedo.jpg\"><img loading=\"lazy\" decoding=\"async\" width=\"994\" height=\"773\" src=\"https:\/\/www.progeo.ngo\/progeopt\/wp-content\/uploads\/sites\/2\/2026\/03\/cm_macedo.jpg\" alt=\"\" class=\"wp-image-160\" style=\"width:250px\" srcset=\"https:\/\/www.progeo.ngo\/progeopt\/wp-content\/uploads\/sites\/2\/2026\/03\/cm_macedo.jpg 994w, https:\/\/www.progeo.ngo\/progeopt\/wp-content\/uploads\/sites\/2\/2026\/03\/cm_macedo-300x233.jpg 300w, https:\/\/www.progeo.ngo\/progeopt\/wp-content\/uploads\/sites\/2\/2026\/03\/cm_macedo-768x597.jpg 768w\" sizes=\"auto, (max-width: 994px) 100vw, 994px\" \/><\/a><\/figure>\n\n\n\n<p><\/p>\n","protected":false},"excerpt":{"rendered":"<p>Vencedor do Pr\u00e9mio Geoconserva\u00e7\u00e3o 2014 Munic\u00edpio de Macedo de Cavaleiros &#8220;Geoparque Terras de Cavaleiros&#8221; Entrega do Pr\u00e9mio no dia 22 de Abril de 2014, 10h, na sede do Geoparque Terras de Cavaleiros &#8220;Not\u00edcias relacionadas:&#8221; CM Jornal Porto Canal<\/p>\n","protected":false},"author":1,"featured_media":0,"parent":0,"menu_order":0,"comment_status":"closed","ping_status":"closed","template":"","meta":{"footnotes":""},"class_list":["post-159","page","type-page","status-publish","hentry"],"_links":{"self":[{"href":"https:\/\/www.progeo.ngo\/progeopt\/wp-json\/wp\/v2\/pages\/159","targetHints":{"allow":["GET"]}}],"collection":[{"href":"https:\/\/www.progeo.ngo\/progeopt\/wp-json\/wp\/v2\/pages"}],"about":[{"href":"https:\/\/www.progeo.ngo\/progeopt\/wp-json\/wp\/v2\/types\/page"}],"author":[{"embeddable":true,"href":"https:\/\/www.progeo.ngo\/progeopt\/wp-json\/wp\/v2\/users\/1"}],"replies":[{"embeddable":true,"href":"https:\/\/www.progeo.ngo\/progeopt\/wp-json\/wp\/v2\/comments?post=159"}],"version-history":[{"count":2,"href":"https:\/\/www.progeo.ngo\/progeopt\/wp-json\/wp\/v2\/pages\/159\/revisions"}],"predecessor-version":[{"id":162,"href":"https:\/\/www.progeo.ngo\/progeopt\/wp-json\/wp\/v2\/pages\/159\/revisions\/162"}],"wp:attachment":[{"href":"https:\/\/www.progeo.ngo\/progeopt\/wp-json\/wp\/v2\/media?parent=159"}],"curies":[{"name":"wp","href":"https:\/\/api.w.org\/{rel}","templated":true}]}}