{"id":149,"date":"2026-03-20T08:43:04","date_gmt":"2026-03-20T08:43:04","guid":{"rendered":"https:\/\/www.progeo.ngo\/progeopt\/?page_id=149"},"modified":"2026-03-20T08:50:49","modified_gmt":"2026-03-20T08:50:49","slug":"premio-geoconservacao-2015","status":"publish","type":"page","link":"https:\/\/www.progeo.ngo\/progeopt\/premio-geoconservacao-2015\/","title":{"rendered":"Pr\u00e9mio Geoconserva\u00e7\u00e3o 2015"},"content":{"rendered":"\n<h4 class=\"wp-block-heading has-text-align-center\" style=\"margin-top:var(--wp--preset--spacing--60)\"><strong>Vencedor do Pr\u00e9mio Geoconserva\u00e7\u00e3o 2015<\/strong><\/h4>\n\n\n\n<h5 class=\"wp-block-heading has-text-align-center\" style=\"margin-bottom:var(--wp--preset--spacing--60)\"><strong>Munic\u00edpio de Lisboa<\/strong><\/h5>\n\n\n\n<p class=\"has-text-align-center\">&#8220;Geomonumentos de Lisboa &#8211; Conserva\u00e7\u00e3o do patrim\u00f3nio geol\u00f3gico em contexto urbano&#8221;<\/p>\n\n\n\n<p class=\"has-text-align-center\" style=\"margin-bottom:var(--wp--preset--spacing--80)\">Entrega do Pr\u00e9mio no dia 7 de Maio de 2015, 9h30, no Audit\u00f3rio do CIUL, Picoas Plaza<\/p>\n\n\n\n<figure class=\"wp-block-gallery has-nested-images columns-default is-cropped wp-block-gallery-1 is-layout-flex wp-block-gallery-is-layout-flex\">\n<figure class=\"wp-block-image size-large\"><a href=\"https:\/\/www.progeo.ngo\/progeopt\/wp-content\/uploads\/sites\/2\/2026\/03\/Lisboa1.jpg\"><img loading=\"lazy\" decoding=\"async\" width=\"680\" height=\"390\" data-id=\"152\" src=\"https:\/\/www.progeo.ngo\/progeopt\/wp-content\/uploads\/sites\/2\/2026\/03\/Lisboa1.jpg\" alt=\"\" class=\"wp-image-152\" srcset=\"https:\/\/www.progeo.ngo\/progeopt\/wp-content\/uploads\/sites\/2\/2026\/03\/Lisboa1.jpg 680w, https:\/\/www.progeo.ngo\/progeopt\/wp-content\/uploads\/sites\/2\/2026\/03\/Lisboa1-300x172.jpg 300w\" sizes=\"auto, (max-width: 680px) 100vw, 680px\" \/><\/a><\/figure>\n\n\n\n<figure class=\"wp-block-image size-large\"><a href=\"https:\/\/www.progeo.ngo\/progeopt\/wp-content\/uploads\/sites\/2\/2026\/03\/Lisboa2.jpg\"><img loading=\"lazy\" decoding=\"async\" width=\"1024\" height=\"670\" data-id=\"154\" src=\"https:\/\/www.progeo.ngo\/progeopt\/wp-content\/uploads\/sites\/2\/2026\/03\/Lisboa2-1024x670.jpg\" alt=\"\" class=\"wp-image-154\" srcset=\"https:\/\/www.progeo.ngo\/progeopt\/wp-content\/uploads\/sites\/2\/2026\/03\/Lisboa2-1024x670.jpg 1024w, https:\/\/www.progeo.ngo\/progeopt\/wp-content\/uploads\/sites\/2\/2026\/03\/Lisboa2-300x196.jpg 300w, https:\/\/www.progeo.ngo\/progeopt\/wp-content\/uploads\/sites\/2\/2026\/03\/Lisboa2-768x502.jpg 768w, https:\/\/www.progeo.ngo\/progeopt\/wp-content\/uploads\/sites\/2\/2026\/03\/Lisboa2.jpg 1087w\" sizes=\"auto, (max-width: 1024px) 100vw, 1024px\" \/><\/a><\/figure>\n\n\n\n<figure class=\"wp-block-image size-large\"><a href=\"https:\/\/www.progeo.ngo\/progeopt\/wp-content\/uploads\/sites\/2\/2026\/03\/Lisboa3.jpg\"><img loading=\"lazy\" decoding=\"async\" width=\"947\" height=\"1024\" data-id=\"153\" src=\"https:\/\/www.progeo.ngo\/progeopt\/wp-content\/uploads\/sites\/2\/2026\/03\/Lisboa3-947x1024.jpg\" alt=\"\" class=\"wp-image-153\" srcset=\"https:\/\/www.progeo.ngo\/progeopt\/wp-content\/uploads\/sites\/2\/2026\/03\/Lisboa3-947x1024.jpg 947w, https:\/\/www.progeo.ngo\/progeopt\/wp-content\/uploads\/sites\/2\/2026\/03\/Lisboa3-277x300.jpg 277w, https:\/\/www.progeo.ngo\/progeopt\/wp-content\/uploads\/sites\/2\/2026\/03\/Lisboa3-768x831.jpg 768w, https:\/\/www.progeo.ngo\/progeopt\/wp-content\/uploads\/sites\/2\/2026\/03\/Lisboa3.jpg 981w\" sizes=\"auto, (max-width: 947px) 100vw, 947px\" \/><\/a><\/figure>\n<\/figure>\n","protected":false},"excerpt":{"rendered":"<p>Vencedor do Pr\u00e9mio Geoconserva\u00e7\u00e3o 2015 Munic\u00edpio de Lisboa &#8220;Geomonumentos de Lisboa &#8211; Conserva\u00e7\u00e3o do patrim\u00f3nio geol\u00f3gico em contexto urbano&#8221; Entrega do Pr\u00e9mio no dia 7 de Maio de 2015, 9h30, no Audit\u00f3rio do CIUL, Picoas Plaza<\/p>\n","protected":false},"author":1,"featured_media":0,"parent":0,"menu_order":0,"comment_status":"closed","ping_status":"closed","template":"page-templates\/page-blank-container.php","meta":{"footnotes":""},"class_list":["post-149","page","type-page","status-publish","hentry"],"_links":{"self":[{"href":"https:\/\/www.progeo.ngo\/progeopt\/wp-json\/wp\/v2\/pages\/149","targetHints":{"allow":["GET"]}}],"collection":[{"href":"https:\/\/www.progeo.ngo\/progeopt\/wp-json\/wp\/v2\/pages"}],"about":[{"href":"https:\/\/www.progeo.ngo\/progeopt\/wp-json\/wp\/v2\/types\/page"}],"author":[{"embeddable":true,"href":"https:\/\/www.progeo.ngo\/progeopt\/wp-json\/wp\/v2\/users\/1"}],"replies":[{"embeddable":true,"href":"https:\/\/www.progeo.ngo\/progeopt\/wp-json\/wp\/v2\/comments?post=149"}],"version-history":[{"count":4,"href":"https:\/\/www.progeo.ngo\/progeopt\/wp-json\/wp\/v2\/pages\/149\/revisions"}],"predecessor-version":[{"id":156,"href":"https:\/\/www.progeo.ngo\/progeopt\/wp-json\/wp\/v2\/pages\/149\/revisions\/156"}],"wp:attachment":[{"href":"https:\/\/www.progeo.ngo\/progeopt\/wp-json\/wp\/v2\/media?parent=149"}],"curies":[{"name":"wp","href":"https:\/\/api.w.org\/{rel}","templated":true}]}}