{"id":132,"date":"2026-03-18T23:22:55","date_gmt":"2026-03-18T23:22:55","guid":{"rendered":"https:\/\/www.progeo.ngo\/progeopt\/?page_id=132"},"modified":"2026-03-20T08:52:29","modified_gmt":"2026-03-20T08:52:29","slug":"premio-geoconservacao-2016","status":"publish","type":"page","link":"https:\/\/www.progeo.ngo\/progeopt\/premio-geoconservacao-2016\/","title":{"rendered":"Pr\u00e9mio Geoconserva\u00e7\u00e3o 2016"},"content":{"rendered":"\n<h4 class=\"wp-block-heading has-text-align-center\" style=\"margin-top:var(--wp--preset--spacing--70)\"><strong>Vencedor do Pr\u00e9mio Geoconserva\u00e7\u00e3o 2016<\/strong><\/h4>\n\n\n\n<p><\/p>\n\n\n\n<p class=\"has-text-align-center has-medium-font-size\"><strong>Munic\u00edpio de Viana do Castelo<\/strong><\/p>\n\n\n\n<p class=\"has-text-align-center\">&#8220;Geoparque Litoral Viana do Castelo. O livro de pedra com 500 milh\u00f5es de anos de hist\u00f3ria&#8221;<\/p>\n\n\n\n<p class=\"has-text-align-center\">Entrega do Pr\u00e9mio no dia 22 de Abril de 2016, 15h30, na Biblioteca Municipal (sala Couto Viana)<br><br><\/p>\n\n\n\n<p><\/p>\n\n\n\n<h5 class=\"wp-block-heading has-text-align-center\"><strong>Not\u00edcias:<\/strong><\/h5>\n\n\n\n<p class=\"has-text-align-center has-medium-font-size\"><a href=\"https:\/\/www.progeo.ngo\/progeopt\/wp-content\/uploads\/sites\/2\/2026\/03\/ProgeoHistorial.pdf\" target=\"_blank\" rel=\"noreferrer noopener\">National Geographic<\/a><\/p>\n\n\n\n<figure class=\"wp-block-image aligncenter size-large is-resized\"><a href=\"https:\/\/www.progeo.ngo\/progeopt\/wp-content\/uploads\/sites\/2\/2026\/03\/viana-1.jpg\"><img loading=\"lazy\" decoding=\"async\" width=\"1024\" height=\"603\" src=\"https:\/\/www.progeo.ngo\/progeopt\/wp-content\/uploads\/sites\/2\/2026\/03\/viana-1-1024x603.jpg\" alt=\"\" class=\"wp-image-140\" style=\"width:auto;height:200px\" srcset=\"https:\/\/www.progeo.ngo\/progeopt\/wp-content\/uploads\/sites\/2\/2026\/03\/viana-1-1024x603.jpg 1024w, https:\/\/www.progeo.ngo\/progeopt\/wp-content\/uploads\/sites\/2\/2026\/03\/viana-1-300x177.jpg 300w, https:\/\/www.progeo.ngo\/progeopt\/wp-content\/uploads\/sites\/2\/2026\/03\/viana-1-768x452.jpg 768w, https:\/\/www.progeo.ngo\/progeopt\/wp-content\/uploads\/sites\/2\/2026\/03\/viana-1-1536x904.jpg 1536w, https:\/\/www.progeo.ngo\/progeopt\/wp-content\/uploads\/sites\/2\/2026\/03\/viana-1.jpg 1875w\" sizes=\"auto, (max-width: 1024px) 100vw, 1024px\" \/><\/a><\/figure>\n","protected":false},"excerpt":{"rendered":"<p>Vencedor do Pr\u00e9mio Geoconserva\u00e7\u00e3o 2016 Munic\u00edpio de Viana do Castelo &#8220;Geoparque Litoral Viana do Castelo. O livro de pedra com 500 milh\u00f5es de anos de hist\u00f3ria&#8221; Entrega do Pr\u00e9mio no dia 22 de Abril de 2016, 15h30, na Biblioteca Municipal (sala Couto Viana) Not\u00edcias: National Geographic<\/p>\n","protected":false},"author":1,"featured_media":0,"parent":0,"menu_order":0,"comment_status":"closed","ping_status":"closed","template":"page-templates\/page-blank-container.php","meta":{"footnotes":""},"class_list":["post-132","page","type-page","status-publish","hentry"],"_links":{"self":[{"href":"https:\/\/www.progeo.ngo\/progeopt\/wp-json\/wp\/v2\/pages\/132","targetHints":{"allow":["GET"]}}],"collection":[{"href":"https:\/\/www.progeo.ngo\/progeopt\/wp-json\/wp\/v2\/pages"}],"about":[{"href":"https:\/\/www.progeo.ngo\/progeopt\/wp-json\/wp\/v2\/types\/page"}],"author":[{"embeddable":true,"href":"https:\/\/www.progeo.ngo\/progeopt\/wp-json\/wp\/v2\/users\/1"}],"replies":[{"embeddable":true,"href":"https:\/\/www.progeo.ngo\/progeopt\/wp-json\/wp\/v2\/comments?post=132"}],"version-history":[{"count":9,"href":"https:\/\/www.progeo.ngo\/progeopt\/wp-json\/wp\/v2\/pages\/132\/revisions"}],"predecessor-version":[{"id":158,"href":"https:\/\/www.progeo.ngo\/progeopt\/wp-json\/wp\/v2\/pages\/132\/revisions\/158"}],"wp:attachment":[{"href":"https:\/\/www.progeo.ngo\/progeopt\/wp-json\/wp\/v2\/media?parent=132"}],"curies":[{"name":"wp","href":"https:\/\/api.w.org\/{rel}","templated":true}]}}