{"id":117,"date":"2026-03-18T23:07:27","date_gmt":"2026-03-18T23:07:27","guid":{"rendered":"https:\/\/www.progeo.ngo\/progeopt\/?page_id=117"},"modified":"2026-03-18T23:09:44","modified_gmt":"2026-03-18T23:09:44","slug":"premio-geoconservacao-2018","status":"publish","type":"page","link":"https:\/\/www.progeo.ngo\/progeopt\/premio-geoconservacao-2018\/","title":{"rendered":"Pr\u00e9mio Geoconserva\u00e7\u00e3o 2018"},"content":{"rendered":"\n<h4 class=\"wp-block-heading has-text-align-center\" style=\"margin-top:var(--wp--preset--spacing--70)\"><strong>Vencedor do Pr\u00e9mio Geoconserva\u00e7\u00e3o 2018:<\/strong><br><br><strong><strong>Munic\u00edpio de Valongo<\/strong><\/strong><br><strong>&#8220;Trilobites em Valongo: um rasto de hist\u00f3ria&#8221;<\/strong><\/h4>\n\n\n\n<p><\/p>\n\n\n\n<h5 class=\"wp-block-heading has-text-align-center\"><strong>Not\u00edcias:<\/strong><\/h5>\n\n\n\n<p class=\"has-text-align-center\"><a href=\"https:\/\/www.cm-valongo.pt\/frontoffice\/pages\/575?news_id=893\" target=\"_blank\" rel=\"noreferrer noopener\"><strong>\u2714C\u00e2mara Municipal de Valongo<\/strong><\/a><strong><strong>;<\/strong><\/strong><\/p>\n\n\n\n<p class=\"has-text-align-center\"><strong><a href=\"https:\/\/www.progeo.ngo\/progeopt\/wp-content\/uploads\/sites\/2\/2026\/03\/DN_valongo.pdf\" target=\"_blank\" rel=\"noreferrer noopener\">\u2714Di\u00e1rio de Not\u00edcias [PDF]<\/a>;<\/strong><\/p>\n\n\n\n<p class=\"has-text-align-center\"><strong><a href=\"https:\/\/www.progeo.ngo\/progeopt\/wp-content\/uploads\/sites\/2\/2026\/03\/Noticia_valongo.pdf\" target=\"_blank\" rel=\"noreferrer noopener\">\u2714Verdadeiro Olhar [PDF]<\/a>;<\/strong><\/p>\n\n\n\n<p class=\"has-text-align-center\"><\/p>\n\n\n\n<p><\/p>\n","protected":false},"excerpt":{"rendered":"<p>Vencedor do Pr\u00e9mio Geoconserva\u00e7\u00e3o 2018: Munic\u00edpio de Valongo&#8220;Trilobites em Valongo: um rasto de hist\u00f3ria&#8221; Not\u00edcias: \u2714C\u00e2mara Municipal de Valongo; \u2714Di\u00e1rio de Not\u00edcias [PDF]; \u2714Verdadeiro Olhar [PDF];<\/p>\n","protected":false},"author":1,"featured_media":0,"parent":0,"menu_order":0,"comment_status":"closed","ping_status":"closed","template":"","meta":{"footnotes":""},"class_list":["post-117","page","type-page","status-publish","hentry"],"_links":{"self":[{"href":"https:\/\/www.progeo.ngo\/progeopt\/wp-json\/wp\/v2\/pages\/117","targetHints":{"allow":["GET"]}}],"collection":[{"href":"https:\/\/www.progeo.ngo\/progeopt\/wp-json\/wp\/v2\/pages"}],"about":[{"href":"https:\/\/www.progeo.ngo\/progeopt\/wp-json\/wp\/v2\/types\/page"}],"author":[{"embeddable":true,"href":"https:\/\/www.progeo.ngo\/progeopt\/wp-json\/wp\/v2\/users\/1"}],"replies":[{"embeddable":true,"href":"https:\/\/www.progeo.ngo\/progeopt\/wp-json\/wp\/v2\/comments?post=117"}],"version-history":[{"count":3,"href":"https:\/\/www.progeo.ngo\/progeopt\/wp-json\/wp\/v2\/pages\/117\/revisions"}],"predecessor-version":[{"id":122,"href":"https:\/\/www.progeo.ngo\/progeopt\/wp-json\/wp\/v2\/pages\/117\/revisions\/122"}],"wp:attachment":[{"href":"https:\/\/www.progeo.ngo\/progeopt\/wp-json\/wp\/v2\/media?parent=117"}],"curies":[{"name":"wp","href":"https:\/\/api.w.org\/{rel}","templated":true}]}}