{"id":113,"date":"2026-03-18T23:02:53","date_gmt":"2026-03-18T23:02:53","guid":{"rendered":"https:\/\/www.progeo.ngo\/progeopt\/?page_id=113"},"modified":"2026-03-20T08:40:20","modified_gmt":"2026-03-20T08:40:20","slug":"premio-geoconservacao-2019","status":"publish","type":"page","link":"https:\/\/www.progeo.ngo\/progeopt\/premio-geoconservacao-2019\/","title":{"rendered":"Pr\u00e9mio Geoconserva\u00e7\u00e3o 2019"},"content":{"rendered":"\n<h4 class=\"wp-block-heading has-text-align-center\" style=\"margin-top:var(--wp--preset--spacing--70)\"><strong>Vencedor do Pr\u00e9mio Geoconserva\u00e7\u00e3o 2019:<\/strong><br><br><strong>Munic\u00edpio de Torres Novas<\/strong><\/h4>\n\n\n\n<p><\/p>\n\n\n\n<h5 class=\"wp-block-heading has-text-align-center\"><strong>Not\u00edcias:<\/strong><\/h5>\n\n\n\n<p class=\"has-text-align-center\"><strong><a href=\"https:\/\/nationalgeographic.sapo.pt\/historia\/actualidade\/2133-as-grutas-que-nao-sao-grutas\" target=\"_blank\" rel=\"noreferrer noopener\">\u2714 As grutas que n\u00e3o s\u00e3o grutas<\/a> (National Geographic Portugal)<\/strong><\/p>\n\n\n\n<p class=\"has-text-align-center\"><strong><a href=\"http:\/\/www.abarca.com.pt\/?cix=noticia69641\" target=\"_blank\" rel=\"noreferrer noopener\">\u2714 Gruta de Lapas<\/a> (Abarca)<\/strong><\/p>\n\n\n\n<p class=\"has-text-align-center\"><strong><a href=\"http:\/\/oalmonda.net\/?p=23462\" target=\"_blank\" rel=\"noreferrer noopener\">\u2714 Gruta das Lapas<\/a> (O almonda)<\/strong><\/p>\n","protected":false},"excerpt":{"rendered":"<p>Vencedor do Pr\u00e9mio Geoconserva\u00e7\u00e3o 2019: Munic\u00edpio de Torres Novas Not\u00edcias: \u2714 As grutas que n\u00e3o s\u00e3o grutas (National Geographic Portugal) \u2714 Gruta de Lapas (Abarca) \u2714 Gruta das Lapas (O almonda)<\/p>\n","protected":false},"author":1,"featured_media":0,"parent":0,"menu_order":0,"comment_status":"closed","ping_status":"closed","template":"page-templates\/page-blank-container.php","meta":{"footnotes":""},"class_list":["post-113","page","type-page","status-publish","hentry"],"_links":{"self":[{"href":"https:\/\/www.progeo.ngo\/progeopt\/wp-json\/wp\/v2\/pages\/113","targetHints":{"allow":["GET"]}}],"collection":[{"href":"https:\/\/www.progeo.ngo\/progeopt\/wp-json\/wp\/v2\/pages"}],"about":[{"href":"https:\/\/www.progeo.ngo\/progeopt\/wp-json\/wp\/v2\/types\/page"}],"author":[{"embeddable":true,"href":"https:\/\/www.progeo.ngo\/progeopt\/wp-json\/wp\/v2\/users\/1"}],"replies":[{"embeddable":true,"href":"https:\/\/www.progeo.ngo\/progeopt\/wp-json\/wp\/v2\/comments?post=113"}],"version-history":[{"count":5,"href":"https:\/\/www.progeo.ngo\/progeopt\/wp-json\/wp\/v2\/pages\/113\/revisions"}],"predecessor-version":[{"id":148,"href":"https:\/\/www.progeo.ngo\/progeopt\/wp-json\/wp\/v2\/pages\/113\/revisions\/148"}],"wp:attachment":[{"href":"https:\/\/www.progeo.ngo\/progeopt\/wp-json\/wp\/v2\/media?parent=113"}],"curies":[{"name":"wp","href":"https:\/\/api.w.org\/{rel}","templated":true}]}}