{"id":2806,"date":"2026-02-17T17:38:58","date_gmt":"2026-02-17T16:38:58","guid":{"rendered":"https:\/\/www.progeo.ngo\/product\/geoheritage-in-europe-and-its-conservation\/"},"modified":"2026-03-24T17:45:18","modified_gmt":"2026-03-24T16:45:18","slug":"geoheritage-in-europe-and-its-conservation","status":"publish","type":"product","link":"https:\/\/www.progeo.ngo\/fr\/product\/geoheritage-in-europe-and-its-conservation\/","title":{"rendered":"Geoheritage in Europe and its conservation."},"content":{"rendered":"<div class=\"WAZqE7 QfrfFD cell\">\n<section class=\"Va_ZoC\" data-hook=\"description-wrapper\">\n<div class=\"LvOu6J\">\n<div class=\"vaI0UH\" data-hook=\"content-wrapper\">\n<p>ProGEO&rsquo;s book (hard-cover volume)<\/p>\n<p>Geoheritage in Europe and its conservation.<\/p>\n<p>Wimbledon, W.A.P. &amp; Smith-Meyer, S. (eds) 2012. 405 pages.<\/p>\n<p>ISBN: 978-82-426-2476-5<\/p>\n<p>&nbsp;<\/p>\n<p>Pour la premi\u00e8re fois, un panorama complet de la g\u00e9oconservation en Europe est pr\u00e9sent\u00e9 dans un seul ouvrage. Ce livre rassemble des contributions sp\u00e9cifiques de 37 pays, ax\u00e9es sur la l\u00e9gislation et les pratiques en mati\u00e8re de g\u00e9oconservation.<\/p>\n<\/div>\n<\/div>\n<\/section>\n<\/div>\n","protected":false},"excerpt":{"rendered":"<p>ProGEO&rsquo;s book (hard-cover volume) Geoheritage in Europe and its conservation. Wimbledon, W.A.P. &amp; Smith-Meyer, S. (eds) 2012. 405 pages. ISBN: 978-82-426-2476-5 &nbsp; Pour la premi\u00e8re fois, un panorama complet de la g\u00e9oconservation en Europe est pr\u00e9sent\u00e9 dans un seul ouvrage. Ce livre rassemble des contributions sp\u00e9cifiques de 37 pays, ax\u00e9es sur la l\u00e9gislation et les [&hellip;]<\/p>\n","protected":false},"featured_media":1628,"template":"","meta":[],"product_brand":[],"product_cat":[29],"product_tag":[],"class_list":{"0":"post-2806","1":"product","2":"type-product","3":"status-publish","4":"has-post-thumbnail","6":"product_cat-progeo","8":"first","9":"instock","10":"shipping-taxable","11":"purchasable","12":"product-type-variable","13":"has-default-attributes"},"_links":{"self":[{"href":"https:\/\/www.progeo.ngo\/fr\/wp-json\/wp\/v2\/product\/2806","targetHints":{"allow":["GET"]}}],"collection":[{"href":"https:\/\/www.progeo.ngo\/fr\/wp-json\/wp\/v2\/product"}],"about":[{"href":"https:\/\/www.progeo.ngo\/fr\/wp-json\/wp\/v2\/types\/product"}],"wp:featuredmedia":[{"embeddable":true,"href":"https:\/\/www.progeo.ngo\/fr\/wp-json\/wp\/v2\/media\/1628"}],"wp:attachment":[{"href":"https:\/\/www.progeo.ngo\/fr\/wp-json\/wp\/v2\/media?parent=2806"}],"wp:term":[{"taxonomy":"product_brand","embeddable":true,"href":"https:\/\/www.progeo.ngo\/fr\/wp-json\/wp\/v2\/product_brand?post=2806"},{"taxonomy":"product_cat","embeddable":true,"href":"https:\/\/www.progeo.ngo\/fr\/wp-json\/wp\/v2\/product_cat?post=2806"},{"taxonomy":"product_tag","embeddable":true,"href":"https:\/\/www.progeo.ngo\/fr\/wp-json\/wp\/v2\/product_tag?post=2806"}],"curies":[{"name":"wp","href":"https:\/\/api.w.org\/{rel}","templated":true}]}}