{"id":2803,"date":"2026-03-23T14:24:50","date_gmt":"2026-03-23T13:24:50","guid":{"rendered":"https:\/\/www.progeo.ngo\/product\/otras-transacciones\/"},"modified":"2026-03-24T17:43:11","modified_gmt":"2026-03-24T16:43:11","slug":"autres-transactions","status":"publish","type":"product","link":"https:\/\/www.progeo.ngo\/fr\/product\/autres-transactions\/","title":{"rendered":"Autres transactions"},"content":{"rendered":"","protected":false},"excerpt":{"rendered":"<p>Cette option vous est propos\u00e9e pour vous permettre de r\u00e9gler d&rsquo;autres transactions, par exemple des subventions, des frais ponctuels, des contributions et des aides \u00e0 des projets.<\/p>\n","protected":false},"featured_media":2632,"template":"","meta":[],"product_brand":[],"product_cat":[19],"product_tag":[],"class_list":{"0":"post-2803","1":"product","2":"type-product","3":"status-publish","4":"has-post-thumbnail","6":"product_cat-uncategorized","8":"first","9":"instock","10":"sold-individually","11":"shipping-taxable","12":"purchasable","13":"product-type-simple"},"_links":{"self":[{"href":"https:\/\/www.progeo.ngo\/fr\/wp-json\/wp\/v2\/product\/2803","targetHints":{"allow":["GET"]}}],"collection":[{"href":"https:\/\/www.progeo.ngo\/fr\/wp-json\/wp\/v2\/product"}],"about":[{"href":"https:\/\/www.progeo.ngo\/fr\/wp-json\/wp\/v2\/types\/product"}],"wp:featuredmedia":[{"embeddable":true,"href":"https:\/\/www.progeo.ngo\/fr\/wp-json\/wp\/v2\/media\/2632"}],"wp:attachment":[{"href":"https:\/\/www.progeo.ngo\/fr\/wp-json\/wp\/v2\/media?parent=2803"}],"wp:term":[{"taxonomy":"product_brand","embeddable":true,"href":"https:\/\/www.progeo.ngo\/fr\/wp-json\/wp\/v2\/product_brand?post=2803"},{"taxonomy":"product_cat","embeddable":true,"href":"https:\/\/www.progeo.ngo\/fr\/wp-json\/wp\/v2\/product_cat?post=2803"},{"taxonomy":"product_tag","embeddable":true,"href":"https:\/\/www.progeo.ngo\/fr\/wp-json\/wp\/v2\/product_tag?post=2803"}],"curies":[{"name":"wp","href":"https:\/\/api.w.org\/{rel}","templated":true}]}}