{"id":2033,"date":"2026-02-06T19:10:31","date_gmt":"2026-02-06T18:10:31","guid":{"rendered":"https:\/\/www.progeo.ngo\/north-american-working-group-wg-na\/"},"modified":"2026-03-14T10:47:04","modified_gmt":"2026-03-14T09:47:04","slug":"north-american-working-group-wg-na","status":"publish","type":"page","link":"https:\/\/www.progeo.ngo\/fr\/working-groups\/north-american-working-group-wg-na\/","title":{"rendered":"Groupe de travail pour l&rsquo;Am\u00e9rique du Nord (GT-AN)"},"content":{"rendered":"\n<div class=\"wp-block-group is-layout-constrained wp-block-group-is-layout-constrained\">\n<div class=\"wp-block-columns container is-layout-flex wp-container-core-columns-is-layout-28f84493 wp-block-columns-is-layout-flex\">\n<div class=\"wp-block-column is-layout-constrained wp-block-column-is-layout-constrained\" style=\"flex-basis:33.33%\"><\/div>\n<\/div>\n<\/div>\n\n\n\n<div class=\"wp-block-group alignwide fondo has-background is-layout-constrained wp-block-group-is-layout-constrained\" style=\"background-color:#b28860\">\n<div class=\"wp-block-columns alignwide pt-5 container has-background is-layout-flex wp-container-core-columns-is-layout-28f84493 wp-block-columns-is-layout-flex\" style=\"background-color:#b28860\">\n<div class=\"wp-block-column has-white-background-color has-background is-layout-constrained wp-block-column-is-layout-constrained\">\n<div class=\"wp-block-cover alignfull is-light has-custom-content-position is-position-top-center wp-duotone-unset-1\" style=\"min-height:1231px;aspect-ratio:unset;\"><img loading=\"lazy\" decoding=\"async\" width=\"306\" height=\"1125\" class=\"wp-block-cover__image-background wp-image-655 size-full\" alt=\"\" src=\"https:\/\/www.progeo.ngo\/wp-content\/uploads\/2026\/02\/f165b1_8c7d76663bb94cee85c99cdaf7b0f692mv2.avif\" data-object-fit=\"cover\" srcset=\"https:\/\/www.progeo.ngo\/wp-content\/uploads\/2026\/02\/f165b1_8c7d76663bb94cee85c99cdaf7b0f692mv2.avif 306w, https:\/\/www.progeo.ngo\/wp-content\/uploads\/2026\/02\/f165b1_8c7d76663bb94cee85c99cdaf7b0f692mv2-82x300.jpg 82w\" sizes=\"auto, (max-width: 306px) 100vw, 306px\" \/><span aria-hidden=\"true\" class=\"wp-block-cover__background has-background-dim-10 has-background-dim\" style=\"background-color:#a27e63\"><\/span><div class=\"wp-block-cover__inner-container is-layout-flow wp-block-cover-is-layout-flow\">\n<p class=\"has-text-align-center has-large-font-size\"><\/p>\n<\/div><\/div>\n<\/div>\n\n\n\n<div class=\"wp-block-column p-5 has-white-background-color has-background is-layout-flow wp-container-core-column-is-layout-3f7b68c1 wp-block-column-is-layout-flow\" style=\"padding-top:0;padding-bottom:0;flex-basis:66.66%\">\n<h2 class=\"wp-block-heading pb-4\" style=\"font-size:34px\">Groupe de travail pour l&rsquo;Am\u00e9rique du Nord (GT-AN)<\/h2>\n\n\n\n<p><\/p>\n\n\n\n<p><strong>Contact : <\/strong>Priscilla C. Grew (Mus\u00e9e d&rsquo;\u00c9tat de l&rsquo;Universit\u00e9 du Nebraska et D\u00e9partement des sciences de la Terre et de l&rsquo;atmosph\u00e8re, Universit\u00e9 du Nebraska-Lincoln, \u00c9tats-Unis, retrait\u00e9e) 2024-pr\u00e9sent<\/p>\n\n\n\n<p><strong>Ancien contact :\u00a0<\/strong>Terri Cook (Laboratoire de physique atmosph\u00e9rique et spatiale, Universit\u00e9 du Colorado, \u00c9tats-Unis) 2021 \u2212 2023.<\/p>\n\n\n\n<p><strong>Nombre de membres actifs :<\/strong> 12 (2024\/25)<\/p>\n\n\n\n<p><strong><strong>Repr\u00e9sentants ProGEO :<\/strong><\/strong><br><br><strong>\u00c9tats-Unis d&rsquo;Am\u00e9rique : <\/strong>Terri Cook, (Repr\u00e9sentante am\u00e9ricaine par int\u00e9rim aupr\u00e8s de ProGEO, 2023\/2024 ; Fellow en communication scientifique de l&rsquo;EGU, 2016 ; Fellow en communication scientifique, Soci\u00e9t\u00e9 g\u00e9ologique d&rsquo;Am\u00e9rique), 2019 \u2212 2020<\/p>\n\n\n\n<p><strong>Canada<\/strong> : Poste vacant<\/p>\n\n\n\n<p><strong>Groupe consultatif am\u00e9ricain pour le patrimoine g\u00e9ologique :<\/strong><\/p>\n\n\n\n<p>Thomas Casadevall (Pr\u00e9sident ; Service g\u00e9ologique des \u00c9tats-Unis, retrait\u00e9)<\/p>\n<\/div>\n<\/div>\n<\/div>\n\n\n\n<div class=\"wp-block-group alignwide fondo has-background is-layout-constrained wp-block-group-is-layout-constrained\" style=\"background-color:#b28860\">\n<div class=\"wp-block-columns alignwide pt-5 container has-background is-layout-flex wp-container-core-columns-is-layout-28f84493 wp-block-columns-is-layout-flex\" style=\"background-color:#b28860\">\n<div class=\"wp-block-column p-5 has-white-background-color has-background is-layout-flow wp-block-column-is-layout-flow\">\n<p style=\"font-size:28px\">Groupe consultatif am\u00e9ricain pour le patrimoine g\u00e9ologique<\/p>\n\n\n\n<p>Le terme \u00ab patrimoine g\u00e9ologique \u00bb s&rsquo;applique aux caract\u00e9ristiques g\u00e9ologiques et aux formations paysag\u00e8res ayant une valeur scientifique, \u00e9ducative, culturelle, \u00e9conomique et\/ou esth\u00e9tique. L&rsquo;objectif du Groupe consultatif am\u00e9ricain pour le patrimoine g\u00e9ologique est d&rsquo;accro\u00eetre la sensibilisation au patrimoine g\u00e9ologique \u00e0 travers les \u00c9tats-Unis. Depuis 2024, ce groupe consultatif est bas\u00e9 \u00e0 la Soci\u00e9t\u00e9 g\u00e9ologique d&rsquo;Am\u00e9rique. De sa cr\u00e9ation en 2016 \u00e0 2024, le groupe consultatif a fonctionn\u00e9 sous les auspices du Comit\u00e9 national am\u00e9ricain pour l&rsquo;Union internationale des sciences g\u00e9ologiques des Acad\u00e9mies nationales des sciences, de l&rsquo;ing\u00e9nierie et de la m\u00e9decine. Les noms pr\u00e9c\u00e9dents du groupe \u00e9taient \u00ab Groupe consultatif am\u00e9ricain pour le patrimoine g\u00e9ologique et les g\u00e9oparcs \u00bb et \u00ab Groupe consultatif am\u00e9ricain sur le patrimoine g\u00e9ologique et les g\u00e9oparcs \u00bb. Le groupe promeut la conservation des g\u00e9osites importants. Il d\u00e9veloppe et pr\u00e9sente \u00e9galement des ateliers \u00e9ducatifs, des r\u00e9unions et des publications sur le patrimoine g\u00e9ologique pour faire progresser les connaissances sur les risques g\u00e9ologiques, les eaux souterraines, le changement climatique, l&rsquo;\u00e9volution de la vie, les approvisionnements en min\u00e9raux et en \u00e9nergie, et l&rsquo;histoire de la Terre. Le Groupe consultatif am\u00e9ricain sur le patrimoine g\u00e9ologique compte 14 membres et comprend des repr\u00e9sentants des agences f\u00e9d\u00e9rales am\u00e9ricaines (Service g\u00e9ologique des \u00c9tats-Unis et Service des parcs nationaux), des lev\u00e9s g\u00e9ologiques des \u00c9tats, du monde universitaire, des organisations \u00e0 but non lucratif et du secteur priv\u00e9.<br>Le Dr Thomas Casadevall pr\u00e9side le groupe consultatif am\u00e9ricain depuis 2016. Ses int\u00e9r\u00eats scientifiques se concentrent sur les ressources min\u00e9rales li\u00e9es aux environnements volcaniques ; sur le volcanisme actif et les risques associ\u00e9s ; et sur le patrimoine g\u00e9ologique avec un accent sur les paysages volcaniques prot\u00e9g\u00e9s. Il a r\u00e9cemment achev\u00e9 le rapport \u00ab World Heritage Volcanoes \u00bb pour l&rsquo;Union internationale pour la conservation de la nature (UICN). Il est \u00e9galement membre de la Commission mondiale des aires prot\u00e9g\u00e9es de l&rsquo;UICN et de son groupe de sp\u00e9cialistes du patrimoine g\u00e9ologique.<br>Le Dr Casadevall a \u00e9t\u00e9 l&rsquo;auteur ou le co-auteur des sections sur les syst\u00e8mes tectoniques, les syst\u00e8mes volcaniques et les syst\u00e8mes marins dans le rapport \u00ab Geological World Heritage: a revised global framework for the application of criterion (viii) of the World Heritage Convention \u00bb [1]. En 2005, l&rsquo;UICN avait publi\u00e9 un rapport intitul\u00e9 \u00ab Geological World Heritage: A Global Framework \u00bb [2]. L&rsquo;objectif de ce rapport de 2005 \u00e9tait de discuter et de conseiller sur le r\u00f4le de la Convention du patrimoine mondial dans la reconnaissance et la protection du patrimoine g\u00e9ologique et g\u00e9omorphologique. L&rsquo;\u00e9tude de 2021 a enti\u00e8rement r\u00e9vis\u00e9 et mis \u00e0 jour le rapport de l&rsquo;UICN de 2005 et a examin\u00e9 l&rsquo;impact potentiel de la nouvelle d\u00e9signation de G\u00e9oparc mondial de l&rsquo;UNESCO sur les futures inscriptions sur la Liste du patrimoine mondial au titre du crit\u00e8re (viii).<\/p>\n\n\n\n<p class=\"pt-4\" style=\"font-size:28px\">Nouveau projet du Service g\u00e9ologique des \u00c9tats-Unis<\/p>\n\n\n\n<p>Le Service g\u00e9ologique des \u00c9tats-Unis a financ\u00e9 un projet pluriannuel pour d\u00e9velopper un produit g\u00e9ospatial sur le patrimoine g\u00e9ologique afin d&rsquo;accompagner les cartes et mod\u00e8les g\u00e9ologiques du Programme national de cartographie g\u00e9ologique coop\u00e9rative. Le projet \u00ab USGS Geoheritage Sites of the Nation \u00bb se concentre sur les sites du patrimoine g\u00e9ologique et les principales caract\u00e9ristiques g\u00e9ologiques des \u00c9tats-Unis. Le projet est dirig\u00e9 par Christina DeVera (USGS, Reston, VA) et comprend des chercheurs de l&rsquo;USGS et des collaborateurs du Service des parcs nationaux, de l&rsquo;Institut g\u00e9oscientifique am\u00e9ricain et de l&rsquo;Association des g\u00e9ologues des \u00c9tats am\u00e9ricains.<\/p>\n\n\n\n<p>En avril 2023, un atelier de trois jours s&rsquo;est tenu en Virginie-Occidentale pour d\u00e9velopper des protocoles de compilation des donn\u00e9es et des normes de s\u00e9lection des sites. La version 1 du produit g\u00e9ospatial sur le patrimoine g\u00e9ologique, publi\u00e9e en septembre 2024 [3], se concentre sur les g\u00e9osites situ\u00e9s sur des terres g\u00e9r\u00e9es par le gouvernement f\u00e9d\u00e9ral dans les 50 \u00c9tats, quatre territoires am\u00e9ricains et Washington, D.C. Des exemples des efforts du projet ont \u00e9t\u00e9 pr\u00e9sent\u00e9s par Christina DeVera \u00e0 la r\u00e9union annuelle de la Soci\u00e9t\u00e9 g\u00e9ologique d&rsquo;Am\u00e9rique (GSA) \u00e0 Pittsburgh en octobre 2023 [4], \u00e0 la r\u00e9union de l&rsquo;Union g\u00e9ophysique am\u00e9ricaine \u00e0 San Francisco en d\u00e9cembre 2023 [5], au Congr\u00e8s g\u00e9ologique international \u00e0 Busan, Cor\u00e9e du Sud, en ao\u00fbt 2024 [6], et \u00e0 la r\u00e9union annuelle de la GSA \u00e0 Anaheim en septembre 2024 [7, 8, 9].<br><\/p>\n\n\n\n<p class=\"pt-4\" style=\"font-size:28px\">Initiative America&rsquo;s Geoheritage 2020-2021<\/p>\n\n\n\n<p>Un comit\u00e9 de planification des Acad\u00e9mies nationales des sciences, de l&rsquo;ing\u00e9nierie et de la m\u00e9decine, qui comprenait plusieurs membres du Groupe consultatif sur le patrimoine g\u00e9ologique du Comit\u00e9 national am\u00e9ricain des sciences g\u00e9ologiques, a organis\u00e9 un atelier virtuel en 2020-2021 [10] avec les objectifs suivants : 1) Examiner et partager les strat\u00e9gies et approches actuelles pour identifier, inventorier et caract\u00e9riser les sites du patrimoine g\u00e9ologique \u00e0 travers l&rsquo;Am\u00e9rique ; 2) Discuter des protocoles possibles, de la terminologie commune et des meilleures pratiques pour documenter et d\u00e9velopper les sites du patrimoine g\u00e9ologique ; 3) Envisager des suggestions pour les travaux futurs afin d&rsquo;encourager le d\u00e9veloppement des sites du patrimoine g\u00e9ologique, le cas \u00e9ch\u00e9ant, dans les contextes locaux et \u00e9tatiques ; 4) Cr\u00e9er une communaut\u00e9 de g\u00e9oscientifiques et de collaborateurs des secteurs public et priv\u00e9 d\u00e9di\u00e9e \u00e0 l&rsquo;identification et \u00e0 la pr\u00e9servation des sites du patrimoine g\u00e9ologique \u00e0 travers l&rsquo;Am\u00e9rique ; et 5) Explorer les moyens d&rsquo;encourager les g\u00e9oscientifiques, les \u00e9ducateurs et le grand public \u00e0 utiliser les sites du patrimoine g\u00e9ologique dans leurs activit\u00e9s scientifiques, \u00e9ducatives, informationnelles et de loisirs. David Mogk et Ester Sztein ont dirig\u00e9 l&rsquo;organisation de l&rsquo;atelier. Parmi les autres responsables de l&rsquo;atelier figuraient Tom Casadevall, Daniel Tormey et Timothy Connors. Parmi les conf\u00e9renciers de l&rsquo;atelier figurait \u00e9galement Asier Hilario, pr\u00e9sident de la Commission du patrimoine g\u00e9ologique de l&rsquo;UISG, qui a parl\u00e9 de \u00ab Patrimoine g\u00e9ologique et g\u00e9oparcs mondiaux de l&rsquo;UNESCO : coop\u00e9ration et initiatives internationales \u00bb.<br><\/p>\n\n\n\n<p class=\"pt-4\" style=\"font-size:28px\">Liaison avec les activit\u00e9s sur le patrimoine g\u00e9ologique en Antarctique<\/p>\n\n\n\n<p class=\"pt-2\"><br>Les activit\u00e9s li\u00e9es au patrimoine g\u00e9ologique en Antarctique sont g\u00e9r\u00e9es conform\u00e9ment au Protocole au Trait\u00e9 sur l&rsquo;Antarctique relatif \u00e0 la protection de l&rsquo;environnement. Priscilla Grew est membre du Groupe d&rsquo;experts sur le patrimoine g\u00e9ologique et la g\u00e9oconservation (EG-GEOCON) du Comit\u00e9 scientifique pour la recherche en Antarctique (SCAR). De plus, l&rsquo;USGS soutient en collaboration la recherche scientifique en Antarctique en tant que membre du Programme de recherche sur le changement global des \u00c9tats-Unis en coordination avec le Programme antarctique des \u00c9tats-Unis pour am\u00e9liorer les donn\u00e9es et les informations disponibles pour la communaut\u00e9 internationale et aide \u00e0 maintenir des programmes scientifiques qui soutiennent une prise de d\u00e9cision \u00e9clair\u00e9e \u2013 ancr\u00e9e dans la meilleure science disponible \u2013 pour une gestion efficace des ressources de l&rsquo;Antarctique.<\/p>\n\n\n\n<p>19.03.2025<\/p>\n\n\n\n<p class=\"pt-2\">Cette description a \u00e9t\u00e9 pr\u00e9par\u00e9e par Priscilla Grew avec la contribution de Tom Casadevall, et a \u00e9t\u00e9 r\u00e9vis\u00e9e par Tom Casadevall, Terri Cook et Ester Sztein.&nbsp;<\/p>\n\n\n\n<p style=\"font-size:28px\"><br>R\u00e9f\u00e9rences<\/p>\n\n\n\n<p><br>[1] Mc Keever, P.J. et Narbonne, G.M. 2021. Geological World Heritage: a revised global framework for the application of criterion (viii) of the World Heritage Convention. Gland, Suisse : UICN.<\/p>\n\n\n\n<p>[2] Dingwall, P., Weighell, T. et Badman, T., 2005. Geological World Heritage: A global framework. Une contribution \u00e0 l&rsquo;\u00e9tude th\u00e9matique globale des sites naturels du patrimoine mondial, UICN, Gland. <a href=\"https:\/\/portals.iucn.org\/library\/node\/12797\" target=\"_blank\" rel=\"noreferrer noopener\">https:\/\/portals.iucn.org\/library\/node\/12797<\/a><\/p>\n\n\n\n<p>[3] DeVera, C.A., Van Sistine, D.P., Henderson, T.C., Casadevall, T.J., et Ruppert, L.F., 2024. Geoheritage Sites of the Nation Data Release: U.S. Geological Survey data release, <a href=\"https:\/\/doi.org\/10.5066\/P1QD59CM\" target=\"_blank\" rel=\"noreferrer noopener\">https:\/\/doi.org\/10.5066\/P1QD59CM<\/a>.<\/p>\n\n\n\n<p>doi: 10.5066\/P1QD59CM<\/p>\n\n\n\n<p>[4] DeVera, C.A, VanSistine, D.P., Casadevall, T.J., Ruppert, L.F., 2023. Geoheritage Sites: A Platform for Geologic Storytelling Linked to USGS Geologic Mapping, Abstract 123-13, Geological Society of America Abstracts with Programs, Vol. 55, No. 6. <a href=\"https:\/\/gsa.confex.com\/gsa\/2023AM\/meetingapp.cgi\/Paper\/394206\" target=\"_blank\" rel=\"noreferrer noopener\">https:\/\/gsa.confex.com\/gsa\/2023AM\/meetingapp.cgi\/Paper\/394206<\/a><br>doi: 10.1130\/abs\/2023AM-394206<\/p>\n\n\n\n<p>[5] DeVera, C.A., VanSistine, D.P., Casadevall, T.J., Ruppert, L.F., 2023. Poster Abstract SY43F-1098: How the Concept of Geoheritage Can Increase Findability of USGS Geologic Mapping Products. R\u00e9union d&rsquo;automne de l&rsquo;Union g\u00e9ophysique am\u00e9ricaine, San Francisco. <a href=\"https:\/\/agu.confex.com\/agu\/fm23\/meetingapp.cgi\/Paper\/1319510\" target=\"_blank\" rel=\"noreferrer noopener\">https:\/\/agu.confex.com\/agu\/fm23\/meetingapp.cgi\/Paper\/1319510<\/a><\/p>\n\n\n\n<p>[6] DeVera, C.A., Van Sistine, D.P., Casadevall, T.J., Henderson, T.C., Ruppert, L.F., 2024. U.S. Geological Survey Geoheritage Sites of the Nation Inventory, Abstract T27-4-4, 37e Congr\u00e8s g\u00e9ologique international, 25-30 ao\u00fbt 2024, Busan, R\u00e9publique de Cor\u00e9e. <a href=\"https:\/\/www.igc2024korea.org\/calenders\/16\/programs\/533\" target=\"_blank\" rel=\"noreferrer noopener\">https:\/\/www.igc2024korea.org\/calenders\/16\/programs\/533<\/a>.<\/p>\n\n\n\n<p>[7] DeVera, C.A., VanSistine, D.P., Casadevall, T.J., Henderson, T.C., Ruppert, L.F., et 2024, How the USGS is connecting geologic mapping and societal values to reach a broad audience through geoheritage, Abstract 58-14. Geological Society of America Abstracts with Programs. v. 56, no. 5, <a href=\"https:\/\/doi.org\/10.1130\/abs\/2024AM-402125\" target=\"_blank\" rel=\"noreferrer noopener\">https:\/\/doi.org\/10.1130\/abs\/2024AM-402125<\/a>.<\/p>\n\n\n\n<p>doi: 10.1130\/abs\/2024AM-402125<\/p>\n\n\n\n<p>[8] Santucci, V.L., Henderson, T.C., DeVera, C.A., Robeck, E.C., Tweet, J.S., Rich, M., 2024, Human dimensions of paleontological heritage: A U.S. National Park Service perspective, Abstract 58-2. Geological Society of America Abstracts with Programs. v. 56, no. 5, <a href=\"https:\/\/doi.org\/10.1130\/abs\/2024AM-403956\" target=\"_blank\" rel=\"noreferrer noopener\">https:\/\/doi.org\/10.1130\/abs\/2024AM-403956<\/a>.<\/p>\n\n\n\n<p>doi: 10.1130\/abs\/2024AM-403956<\/p>\n\n\n\n<p>[9] Schuster, R., Wilkins, E.J., Lindley, S.M., Rogers, K., DeVera, C.A., 2024, Values Mapping for Planning in Regional Ecosystems (VaMPIRE), Abstract 58-13.&nbsp; Geological Society of America Abstracts with Programs. v. 56, no. 5, <a href=\"https:\/\/doi.org\/10.1130\/abs\/2024AM-403262\" target=\"_blank\" rel=\"noreferrer noopener\">https:\/\/doi.org\/10.1130\/abs\/2024AM-403262<\/a>.<\/p>\n\n\n\n<p>doi: 10.1130\/abs\/2024AM-403262<\/p>\n\n\n\n<p>[10] National Academies of Sciences, Engineering, and Medicine. 2021. America&rsquo;s Geoheritage II: Identifying, Developing, and Preserving America&rsquo;s Natural Legacy: Proceedings of a Workshop. Washington, DC: The National Academies Press. Ester Sztein et Paula Whitacre, rapporteuses. <a href=\"https:\/\/doi.org\/10.17226\/26316\" target=\"_blank\" rel=\"noreferrer noopener\">https:\/\/doi.org\/10.17226\/26316<\/a>.<br><\/p>\n<\/div>\n<\/div>\n<\/div>\n\n\n\n<div class=\"wp-block-columns alignwide pt-5 has-background is-layout-flex wp-container-core-columns-is-layout-28f84493 wp-block-columns-is-layout-flex\" style=\"background-color:#b28860\">\n<div class=\"wp-block-column container has-background is-layout-constrained wp-block-column-is-layout-constrained\" style=\"background-color:#b28860\">\n<div class=\"wp-block-getwid-images-slider has-arrows-inside has-dots-inside has-captions captions-style-light captions-bottom-center has-images-center has-fitted-images\"><div class=\"wp-block-getwid-images-slider__wrapper\" data-effect=\"slide\" data-slides-show=\"1\" data-slides-show-laptop=\"1\" data-slides-show-tablet=\"1\" data-slides-show-mobile=\"1\" data-slides-scroll=\"1\" data-autoplay=\"false\" data-pause-hover=\"false\" data-autoplay-speed=\"6000\" data-infinite=\"true\" data-animation-speed=\"800\" data-center-mode=\"false\" data-variable-width=\"false\" data-arrows=\"inside\" data-dots=\"inside\" data-spacing=\"none\"><div class=\"wp-block-getwid-images-slider__item\"><figure><img loading=\"lazy\" decoding=\"async\" width=\"743\" height=\"557\" src=\"https:\/\/www.progeo.ngo\/wp-content\/uploads\/2026\/02\/1-5.avif\" data-id=\"652\" data-link=\"https:\/\/www.progeo.ngo\/working-groups\/north-american-working-group-wg-na\/1-12\/\" data-original-link=\"https:\/\/www.progeo.ngo\/wp-content\/uploads\/2026\/02\/1-5.avif\" class=\"wp-block-getwid-images-slider__image wp-image-652\" srcset=\"https:\/\/www.progeo.ngo\/wp-content\/uploads\/2026\/02\/1-5.avif 743w, https:\/\/www.progeo.ngo\/wp-content\/uploads\/2026\/02\/1-5-300x225.jpg 300w\" sizes=\"auto, (max-width: 743px) 100vw, 743px\" \/><figcaption class=\"wp-block-getwid-images-slider__caption\">Cr\u00e9dit : Paulina Cwik via Imaggeo<\/figcaption><\/figure><\/div><div class=\"wp-block-getwid-images-slider__item\"><figure><img loading=\"lazy\" decoding=\"async\" width=\"596\" height=\"795\" src=\"https:\/\/www.progeo.ngo\/wp-content\/uploads\/2026\/02\/1-4.avif\" data-id=\"640\" data-link=\"https:\/\/www.progeo.ngo\/working-groups\/latin-american-and-caribbean-working-group-wg-lac\/1-11\/\" data-original-link=\"https:\/\/www.progeo.ngo\/wp-content\/uploads\/2026\/02\/1-4.avif\" class=\"wp-block-getwid-images-slider__image wp-image-640\" srcset=\"https:\/\/www.progeo.ngo\/wp-content\/uploads\/2026\/02\/1-4.avif 596w, https:\/\/www.progeo.ngo\/wp-content\/uploads\/2026\/02\/1-4-225x300.jpg 225w\" sizes=\"auto, (max-width: 596px) 100vw, 596px\" \/><figcaption class=\"wp-block-getwid-images-slider__caption\">Image par Alev Takil<\/figcaption><\/figure><\/div><\/div><\/div>\n<\/div>\n<\/div>\n\n\n\n<div class=\"wp-block-columns py-5 is-layout-flex wp-container-core-columns-is-layout-28f84493 wp-block-columns-is-layout-flex\">\n<div class=\"wp-block-column p-5 has-background is-content-justification-left is-layout-constrained wp-container-core-column-is-layout-f7059b37 wp-block-column-is-layout-constrained\" style=\"background-color:#b28860;flex-basis:50%\">\n<p class=\"has-text-align-right has-white-color has-text-color has-link-color wp-elements-dce246dbf55e31853f8d3fdf0f212370\" style=\"font-size:38px\">Liens<\/p>\n<\/div>\n\n\n\n<div class=\"wp-block-column is-vertically-aligned-stretch pt-5 is-layout-flow wp-block-column-is-layout-flow\" style=\"flex-basis:50%\">\n<p class=\"has-text-align-center\"><strong>FB ProGEO &#8211; Polska Grupa Robocza : <\/strong><br><a href=\"https:\/\/www.facebook.com\/people\/ProGEO-Polska-Grupa-Robocza\/100065001791476\/\" target=\"_blank\" rel=\"noreferrer noopener\">https:\/\/www.facebook.com\/people\/ProGEO-Polska-Grupa-Robocza\/100065001791476\/<\/a><\/p>\n\n\n\n<p>\u200b<\/p>\n\n\n\n<p class=\"has-text-align-center\"><strong>Localit\u00e9s g\u00e9ologiques significatives de la R\u00e9publique tch\u00e8que : <\/strong><br><a href=\"http:\/\/lokality.geology.cz\/d.pl\" target=\"_blank\" rel=\"noreferrer noopener\">http:\/\/lokality.geology.cz\/d.pl<\/a><\/p>\n<\/div>\n<\/div>\n\n\n\n<p><\/p>\n","protected":false},"excerpt":{"rendered":"<p>Groupe de travail pour l&rsquo;Am\u00e9rique du Nord (GT-AN) Contact : Priscilla C. Grew (Mus\u00e9e d&rsquo;\u00c9tat de l&rsquo;Universit\u00e9 du Nebraska et D\u00e9partement des sciences de la Terre et de l&rsquo;atmosph\u00e8re, Universit\u00e9 du Nebraska-Lincoln, \u00c9tats-Unis, retrait\u00e9e) 2024-pr\u00e9sent Ancien contact :\u00a0Terri Cook (Laboratoire de physique atmosph\u00e9rique et spatiale, Universit\u00e9 du Colorado, \u00c9tats-Unis) 2021 \u2212 2023. Nombre de membres [&hellip;]<\/p>\n","protected":false},"author":1,"featured_media":0,"parent":2446,"menu_order":0,"comment_status":"closed","ping_status":"closed","template":"","meta":{"footnotes":""},"class_list":["post-2033","page","type-page","status-publish","hentry"],"_links":{"self":[{"href":"https:\/\/www.progeo.ngo\/fr\/wp-json\/wp\/v2\/pages\/2033","targetHints":{"allow":["GET"]}}],"collection":[{"href":"https:\/\/www.progeo.ngo\/fr\/wp-json\/wp\/v2\/pages"}],"about":[{"href":"https:\/\/www.progeo.ngo\/fr\/wp-json\/wp\/v2\/types\/page"}],"author":[{"embeddable":true,"href":"https:\/\/www.progeo.ngo\/fr\/wp-json\/wp\/v2\/users\/1"}],"replies":[{"embeddable":true,"href":"https:\/\/www.progeo.ngo\/fr\/wp-json\/wp\/v2\/comments?post=2033"}],"version-history":[{"count":1,"href":"https:\/\/www.progeo.ngo\/fr\/wp-json\/wp\/v2\/pages\/2033\/revisions"}],"predecessor-version":[{"id":2034,"href":"https:\/\/www.progeo.ngo\/fr\/wp-json\/wp\/v2\/pages\/2033\/revisions\/2034"}],"up":[{"embeddable":true,"href":"https:\/\/www.progeo.ngo\/fr\/wp-json\/wp\/v2\/pages\/2446"}],"wp:attachment":[{"href":"https:\/\/www.progeo.ngo\/fr\/wp-json\/wp\/v2\/media?parent=2033"}],"curies":[{"name":"wp","href":"https:\/\/api.w.org\/{rel}","templated":true}]}}