{"id":2026,"date":"2026-02-06T18:58:51","date_gmt":"2026-02-06T17:58:51","guid":{"rendered":"https:\/\/www.progeo.ngo\/latin-american-and-caribbean-working-group-wg-lac\/"},"modified":"2026-03-14T10:40:11","modified_gmt":"2026-03-14T09:40:11","slug":"latin-american-and-caribbean-working-group-wg-lac","status":"publish","type":"page","link":"https:\/\/www.progeo.ngo\/fr\/working-groups\/latin-american-and-caribbean-working-group-wg-lac\/","title":{"rendered":"Groupe de travail pour l&rsquo;Am\u00e9rique latine et les Cara\u00efbes (GT-ALC)"},"content":{"rendered":"\n<div class=\"wp-block-group is-layout-constrained wp-block-group-is-layout-constrained\">\n<div class=\"wp-block-columns container is-layout-flex wp-container-core-columns-is-layout-28f84493 wp-block-columns-is-layout-flex\">\n<div class=\"wp-block-column is-layout-constrained wp-block-column-is-layout-constrained\" style=\"flex-basis:33.33%\"><\/div>\n<\/div>\n<\/div>\n\n\n\n<div class=\"wp-block-group alignwide fondo has-background is-layout-constrained wp-block-group-is-layout-constrained\" style=\"background-color:#8f907b\">\n<div class=\"wp-block-columns alignwide pt-5 container has-background is-layout-flex wp-container-core-columns-is-layout-28f84493 wp-block-columns-is-layout-flex\" style=\"background-color:#8f907b\">\n<div class=\"wp-block-column has-background is-layout-constrained wp-block-column-is-layout-constrained\" style=\"background-color:#607980\"><\/div>\n\n\n\n<div class=\"wp-block-column p-5 has-white-background-color has-background is-layout-flow wp-block-column-is-layout-flow\" style=\"flex-basis:66.66%\">\n<h2 class=\"wp-block-heading pb-4\" style=\"font-size:34px\">Groupe de travail pour l&rsquo;Am\u00e9rique latine et les Cara\u00efbes (GT-ALC)<br><\/h2>\n\n\n\n<p><strong>Coordinateur<\/strong> : Mauricio Faraone Pimienta (Direction nationale des mines et de la g\u00e9ologie, Uruguay), 2024 \u2013 pr\u00e9sent<br><br>Jos\u00e9 Alexandre de Jesus Perinotto (Universit\u00e9 d&rsquo;\u00c9tat de S\u00e3o Paulo, Br\u00e9sil), 2024 \u2013 pr\u00e9sent<br><br><strong>Co-coordinateurs<\/strong> : Maria da Gl\u00f3ria Garcia (Universit\u00e9 de S\u00e3o Paulo, Br\u00e9sil), 2021 \u2013 pr\u00e9sent ;\u00a0<br><br><strong>Nombre de membres actifs :<\/strong> 27 (2023\/24)\u00a0<br><br><strong>Pays impliqu\u00e9s et nombre de membres :<\/strong><br>Br\u00e9sil (15), Colombie (2), Chili (4), Mexique (3) et Uruguay (2)<br><br><strong>Groupes nationaux, leurs repr\u00e9sentants et mandats :\u00a0<\/strong><br><br><strong>Br\u00e9sil :<\/strong> Jos\u00e9 Alexandre de Jesus Perinotto (agissant en tant que repr\u00e9sentant national et membre officiel du Conseil ProGEO ; Universit\u00e9 d&rsquo;\u00c9tat de S\u00e3o Paulo, Br\u00e9sil), 2024 \u2013 pr\u00e9sent<br><br>Les autres pays du GT-ALC sont en voie d&rsquo;augmenter le nombre de membres et d&rsquo;\u00e9lire des repr\u00e9sentants nationaux.<\/p>\n\n\n\n<p><\/p>\n\n\n\n<p><\/p>\n<\/div>\n<\/div>\n<\/div>\n\n\n\n<div class=\"wp-block-group alignwide fondo has-background is-layout-constrained wp-block-group-is-layout-constrained\" style=\"background-color:#8f907b\">\n<div class=\"wp-block-columns alignwide pt-5 container has-background is-layout-flex wp-container-core-columns-is-layout-28f84493 wp-block-columns-is-layout-flex\" style=\"background-color:#8f907b\">\n<div class=\"wp-block-column p-5 has-white-background-color has-background is-layout-flow wp-block-column-is-layout-flow\">\n<p style=\"font-size:28px\">2022. Origines\u00a0<\/p>\n\n\n\n<p style=\"font-size:16px\"><br>Le Groupe de travail pour l&rsquo;Am\u00e9rique latine et les Cara\u00efbes (GT-ALC) a \u00e9merg\u00e9 en novembre 2022, suite \u00e0 la d\u00e9cision de l&rsquo;Assembl\u00e9e g\u00e9n\u00e9rale en 2021 de renommer ProGEO en association \u00ab Internationale \u00bb dans le sens de mondiale. Les fondateurs du GT-ALC \u00e9taient cinq membres de ProGEO : Camilo Vergara Daskam \u2014 Chili, Juan Esteban Quintero \u2014 Colombie, Maria da Gl\u00f3ria Motta Garcia \u2014 Br\u00e9sil, Mauricio Faraone \u2014 Uruguay et Tom\u00e1s Mart\u00ednez Ortega \u2014 Chili, qui ont form\u00e9 la Commission provisoire ProGEO GT-ALC. Pour constituer une base de donn\u00e9es des personnes int\u00e9ress\u00e9es \u00e0 rejoindre ce nouveau r\u00e9seau, un formulaire en ligne trilingue a \u00e9t\u00e9 distribu\u00e9 dans toute la r\u00e9gion, recueillant pr\u00e8s de 230 r\u00e9ponses (64,5 % en portugais, 34,6 % en espagnol et 0,9 % en anglais). Gr\u00e2ce \u00e0 l&rsquo;action d\u00e9cisive de la Commission provisoire ProGEO GT-ALC, le nombre de membres est pass\u00e9 \u00e0 27 au cours des deux premi\u00e8res ann\u00e9es d&rsquo;existence du GT-ALC, d\u00e9montrant le grand potentiel scientifique dans le domaine de la g\u00e9oconservation en Am\u00e9rique latine et dans les Cara\u00efbes.<br><\/p>\n\n\n\n<p class=\"py-4\" style=\"font-size:28px\">2023 \u2013 2024. Ateliers internationaux\u00a0<\/p>\n\n\n\n<p><strong>26 avril 2023.<\/strong> Le premier atelier en ligne conjoint a eu lieu ce jour-l\u00e0 : \u00ab Atelier du Groupe r\u00e9gional ProGEO Am\u00e9rique latine et Cara\u00efbes \u00bb. Il a r\u00e9uni environ 200 personnes de cette r\u00e9gion, repr\u00e9sentant divers pays et institutions.&nbsp;<\/p>\n\n\n\n<p>L&rsquo;objectif \u00e9tait de pr\u00e9senter ProGEO et sa contribution \u00e0 la g\u00e9oconservation, de dresser un sc\u00e9nario du fonctionnement des groupes r\u00e9gionaux d\u00e9j\u00e0 existants et de discuter de l&rsquo;int\u00e9gration avec d&rsquo;autres organisations, telles que l&rsquo;UICN et l&rsquo;UISG. La deuxi\u00e8me partie \u00e9tait consacr\u00e9e \u00e0 des pr\u00e9sentations de diff\u00e9rents pays du GT-ALC afin de construire un panorama r\u00e9gional des actions de g\u00e9oconservation.&nbsp;<\/p>\n\n\n\n<p>Des conf\u00e9rences invit\u00e9es ont \u00e9t\u00e9 donn\u00e9es par Ewa G\u0142owniak (Secr\u00e9taire ex\u00e9cutive de ProGEO ; Universit\u00e9 de Varsovie, Pologne), Manu Monge Ganuzas (Vice-pr\u00e9sident de ProGEO, Gouvernement basque, Espagne) et Jos\u00e9 Brilha (ancien pr\u00e9sident de ProGEO ; Universit\u00e9 de Braga, Portugal). Les participants ont fait plusieurs dizaines de pr\u00e9sentations. L&rsquo;\u00e9v\u00e9nement entier a dur\u00e9 6 heures au total.<\/p>\n\n\n\n<p>L&rsquo;\u00e9v\u00e9nement a \u00e9t\u00e9 diffus\u00e9 en direct sur la cha\u00eene YouTube de l&rsquo;Association br\u00e9silienne pour la d\u00e9fense du patrimoine g\u00e9ologique et minier (AGeoBR) : <a href=\"https:\/\/www.youtube.com\/watch?v=xu_jEb6fsyw\" target=\"_blank\" rel=\"noreferrer noopener\">https:\/\/www.youtube.com\/watch?v=xu_jEb6fsyw<\/a><br><br><strong>31 octobre 2023. <\/strong>L&rsquo;atelier en ligne \u00ab Carte du patrimoine g\u00e9ologique de l&rsquo;Am\u00e9rique du Sud \u00bb a attir\u00e9 des dizaines d&rsquo;auditeurs. \u00a0<\/p>\n\n\n\n<p>Des conf\u00e9rences invit\u00e9es ont \u00e9t\u00e9 donn\u00e9es par Maria da Gl\u00f3ria Motta Garcia (Br\u00e9sil) et Carlos Schobbenhaus (Service g\u00e9ologique du Br\u00e9sil) &#8211; les deux conf\u00e9rences \u00e9taient en portugais avec sous-titres espagnols.&nbsp;<\/p>\n\n\n\n<p>L&rsquo;\u00e9v\u00e9nement a \u00e9t\u00e9 transmis par la cha\u00eene YouTube de l&rsquo;AGeoBR : <a href=\"https:\/\/www.youtube.com\/watch?v=HhxvCvsG3e0&amp;list=PLdqZRLFj_yRvmpvoRz_sPIZTQrYaxV4gS\" target=\"_blank\" rel=\"noreferrer noopener\">https:\/\/www.youtube.com\/watch?v=HhxvCvsG3e0&amp;list=PLdqZRLFj_yRvmpvoRz_sPIZTQrYaxV4gS<\/a><\/p>\n\n\n\n<p>\u200b<\/p>\n\n\n\n<p><strong>7 juin 2024. <\/strong>Pour comm\u00e9morer la Journ\u00e9e mondiale de l&rsquo;environnement, un atelier sur la g\u00e9oconservation participative dans la r\u00e9gion de l&rsquo;Am\u00e9rique latine et des Cara\u00efbes s&rsquo;est tenu en ligne. L&rsquo;id\u00e9e de l&rsquo;\u00e9v\u00e9nement \u00e9tait de pr\u00e9senter des \u00e9tudes de cas de conservation de sites g\u00e9ologiques avec la participation des communaut\u00e9s, et de mani\u00e8re holistique, incluant l&rsquo;int\u00e9gration de la biodiversit\u00e9 et de la g\u00e9odiversit\u00e9.<\/p>\n\n\n\n<p>L&rsquo;\u00e9v\u00e9nement a r\u00e9uni des intervenants du Mexique, du Chili et du Br\u00e9sil, et des participants de toute la r\u00e9gion ALC.&nbsp;<\/p>\n\n\n\n<p>L&rsquo;atelier a \u00e9t\u00e9 diffus\u00e9 sur la cha\u00eene YouTube de l&rsquo;AGeoBR : <a href=\"https:\/\/www.youtube.com\/watch?v=0T97T_IhkB8\" target=\"_blank\" rel=\"noreferrer noopener\">https:\/\/www.youtube.com\/watch?v=0T97T_IhkB8<\/a><\/p>\n\n\n\n<p>\u200b<\/p>\n\n\n\n<p><strong>8 octobre et 12 novembre 2024.<\/strong> Deux ateliers sous un titre commun \u00ab Sites g\u00e9ologiques de l&rsquo;UISG en ALC \u00bb ont eu lieu. Chacun \u00e9tait d\u00e9di\u00e9 \u00e0 la pr\u00e9sentation des sites publi\u00e9s dans chaque volume du livre de l&rsquo;UISG : (1) \u00ab Les 100 premiers \u00bb, 8 octobre 2024 et (2) \u00ab Les 100 seconds \u00bb, 12 novembre 2024.&nbsp;<\/p>\n\n\n\n<p>La conf\u00e9rence principale a \u00e9t\u00e9 donn\u00e9e par Asier Hilario \u2013 Pr\u00e9sident du Comit\u00e9 ex\u00e9cutif de la Commission internationale sur le patrimoine g\u00e9ologique (ICG).&nbsp;<\/p>\n\n\n\n<p>Les ateliers ont \u00e9t\u00e9 diffus\u00e9s sur la cha\u00eene YouTube de l&rsquo;AGeoBR : <a href=\"https:\/\/www.youtube.com\/live\/2rGWjU5KnZg\" target=\"_blank\" rel=\"noreferrer noopener\">https:\/\/www.youtube.com\/live\/2rGWjU5KnZg<\/a> et <a href=\"https:\/\/tinyurl.com\/tzh73p54\" target=\"_blank\" rel=\"noreferrer noopener\">https:\/\/tinyurl.com\/tzh73p54<\/a>.<\/p>\n\n\n\n<p class=\"py-4\" style=\"font-size:28px\">\u200b2024 \u2013 2025. Autres activit\u00e9s et projets futurs<\/p>\n\n\n\n<p>\u200b<\/p>\n\n\n\n<p>Les membres du GT-ALC et les non-membres d&rsquo;Am\u00e9rique latine ont activement particip\u00e9 au XIe Symposium international ProGEO \u00e0 Loughborough-Charnwood Forest, au Royaume-Uni. Des universitaires et des \u00e9tudiants de troisi\u00e8me cycle \u00e9taient pr\u00e9sents. La participation au symposium a entra\u00een\u00e9 une augmentation du nombre de membres de ProGEO et un int\u00e9r\u00eat accru pour le programme de l&rsquo;UNESCO sur la g\u00e9odiversit\u00e9 et le patrimoine g\u00e9ologique. Deux projets pour une Chaire UNESCO ont \u00e9t\u00e9 (2024) ou seront bient\u00f4t (2025) soumis.<\/p>\n\n\n\n<p>D&rsquo;une grande importance pour l&rsquo;image internationale du GT-ALC ainsi que pour ProGEO en tant qu&rsquo;organisation mondiale, a \u00e9t\u00e9 la participation de la Prof. Maria da Gl\u00f3ria Motta Garcia \u00e0 la d\u00e9l\u00e9gation des tuteurs au 37e Congr\u00e8s g\u00e9ologique international, Busan, Cor\u00e9e, en ao\u00fbt 2024 <a href=\"https:\/\/www.igc2024korea.org\/content\/14303\" target=\"_blank\" rel=\"noreferrer noopener\">https:\/\/www.igc2024korea.org\/content\/14303<\/a>. La d\u00e9l\u00e9gation ProGEO a dirig\u00e9 deux sessions d&rsquo;une journ\u00e9e compl\u00e8te : \u00ab G\u00e9oconservation et patrimoine g\u00e9ologique : la g\u00e9odiversit\u00e9 soutenant les syst\u00e8mes naturels \u00bb (dans le cadre du TH\u00c8ME T27 Patrimoine g\u00e9ologique, G\u00e9oparcs et G\u00e9otourisme) et un cours court \u00ab Patrimoine g\u00e9ologique et g\u00e9oconservation en tant que g\u00e9osciences appliqu\u00e9es : principes, m\u00e9thodes et d\u00e9fis \u00bb. Un total de 14 pr\u00e9sentations orales et 10 pr\u00e9sentations par affiches ont \u00e9t\u00e9 faites dans la session, tandis que 25 participants ont assist\u00e9 au cours court, y compris des participants d&rsquo;Am\u00e9rique du Sud, d&rsquo;Afrique, d&rsquo;Asie du Sud-Est, de Nouvelle-Z\u00e9lande et des \u00c9tats-Unis [1].<\/p>\n\n\n\n<p>\u200b<br>16.03.2025<\/p>\n\n\n\n<p>\u200bLa description est bas\u00e9e sur les rapports ProGEO [2], [3], [4] et [5] ; compil\u00e9e par Ewa G\u0142owniak et r\u00e9vis\u00e9e par Mauricio Faraone Pimienta, Maria da Gl\u00f3ria Garcia et Jos\u00e9 Alexandre de Jesus Perinotto.\u00a0<\/p>\n\n\n\n<p><br>Dans l&rsquo;ensemble, le Groupe de travail pour l&rsquo;Europe de l&rsquo;Est a jou\u00e9 un r\u00f4le important dans la promotion de la conservation et de l&rsquo;\u00e9ducation g\u00e9ologiques en menant des recherches approfondies, en publiant des supports d&rsquo;information et en organisant divers \u00e9v\u00e9nements visant \u00e0 promouvoir la sensibilisation et l&rsquo;appr\u00e9ciation du patrimoine g\u00e9ologique du pays.<br><\/p>\n\n\n\n<p>19.02.2025<\/p>\n\n\n\n<p>\u200b<br>Cette description a \u00e9t\u00e9 pr\u00e9par\u00e9e par Marina Vdovets et a \u00e9t\u00e9 r\u00e9vis\u00e9e par Vladimir Silantiev et Evgenyi Kislov.<\/p>\n\n\n\n<p class=\"py-4\" style=\"font-size:28px\">R\u00e9f\u00e9rences<\/p>\n\n\n\n<p>[1] Gordon, J. 2024. ProGEO activities at the 37th International Geological Congress, Busan. ProGEO News, 3\u20134, pp. 6\u20137.&nbsp;<\/p>\n\n\n\n<p>[2] Garcia, M.G. 2022. Geological Heritage, VI Brazilian Symposium. ProGEO News, 2, p. 10.&nbsp;<\/p>\n\n\n\n<p>[3] Garcia, M.G. 2023. Report on activity in 2023 Regional Group &#8211; Latin America and the Caribbean. ProGEO News, 1-4, p. 7.&nbsp;<\/p>\n\n\n\n<p>[4] Faraone, M. 2024. Participatory Geoconservation Workshop. ProGEO News, 1\u20132, pp. 8-9.<\/p>\n\n\n\n<p>[5] G\u0142owniak, E. 2023. Report to the General Assembly from the Executive Secretary for the years 2021\u20132022. General Assembly of ProGEO 2023.&nbsp;<\/p>\n<\/div>\n<\/div>\n<\/div>\n\n\n\n<div class=\"wp-block-columns alignwide pt-5 has-background is-layout-flex wp-container-core-columns-is-layout-28f84493 wp-block-columns-is-layout-flex\" style=\"background-color:#8f907b\">\n<div class=\"wp-block-column container has-background is-layout-constrained wp-block-column-is-layout-constrained\" style=\"background-color:#8f907b\">\n<div class=\"wp-block-getwid-images-slider has-arrows-inside has-dots-inside has-captions captions-style-light captions-bottom-center has-images-center has-fitted-images\"><div class=\"wp-block-getwid-images-slider__wrapper\" data-effect=\"slide\" data-slides-show=\"1\" data-slides-show-laptop=\"1\" data-slides-show-tablet=\"1\" data-slides-show-mobile=\"1\" data-slides-scroll=\"1\" data-autoplay=\"true\" data-pause-hover=\"false\" data-autoplay-speed=\"6000\" data-infinite=\"true\" data-animation-speed=\"800\" data-center-mode=\"false\" data-variable-width=\"false\" data-arrows=\"inside\" data-dots=\"inside\" data-spacing=\"none\"><div class=\"wp-block-getwid-images-slider__item\"><figure><img loading=\"lazy\" decoding=\"async\" width=\"596\" height=\"795\" src=\"https:\/\/www.progeo.ngo\/wp-content\/uploads\/2026\/02\/1-4.avif\" alt=\"\" data-id=\"640\" data-link=\"https:\/\/www.progeo.ngo\/working-groups\/latin-american-and-caribbean-working-group-wg-lac\/1-11\/\" data-original-link=\"https:\/\/www.progeo.ngo\/wp-content\/uploads\/2026\/02\/1-4.avif\" class=\"wp-block-getwid-images-slider__image wp-image-640\" srcset=\"https:\/\/www.progeo.ngo\/wp-content\/uploads\/2026\/02\/1-4.avif 596w, https:\/\/www.progeo.ngo\/wp-content\/uploads\/2026\/02\/1-4-225x300.jpg 225w\" sizes=\"auto, (max-width: 596px) 100vw, 596px\" \/><figcaption class=\"wp-block-getwid-images-slider__caption\">Image par Alev Takil<\/figcaption><\/figure><\/div><\/div><\/div>\n<\/div>\n<\/div>\n\n\n\n<div class=\"wp-block-columns py-5 is-layout-flex wp-container-core-columns-is-layout-28f84493 wp-block-columns-is-layout-flex\">\n<div class=\"wp-block-column p-5 has-background is-content-justification-left is-layout-constrained wp-container-core-column-is-layout-f7059b37 wp-block-column-is-layout-constrained\" style=\"background-color:#8f907b;flex-basis:50%\">\n<p class=\"has-text-align-right has-white-color has-text-color has-link-color wp-elements-dce246dbf55e31853f8d3fdf0f212370\" style=\"font-size:38px\">Liens<\/p>\n<\/div>\n\n\n\n<div class=\"wp-block-column is-vertically-aligned-stretch pt-5 is-layout-flow wp-block-column-is-layout-flow\" style=\"flex-basis:50%\">\n<p><a href=\"https:\/\/www.youtube.com\/watch?v=xu_jEb6fsyw\">https:\/\/www.youtube.com\/watch?v=xu_jEb6fsyw<\/a><\/p>\n\n\n\n<p>\u200b<a href=\"https:\/\/www.youtube.com\/watchv=HhxvCvsG3e0&amp;list=PLdqZRLFj_yRvmpvoRz_sPIZTQrYaxV4gS\">https:\/\/www.youtube.com\/watchv=HhxvCvsG3e0&amp;list=PLdqZRLFj_yRvmpvoRz_sPIZTQrYaxV4gS<\/a><\/p>\n\n\n\n<p>\u200b<a href=\"https:\/\/tinyurl.com\/tzh73p54\">https:\/\/tinyurl.com\/tzh73p54<\/a><\/p>\n\n\n\n<p>\u200b<a href=\"https:\/\/www.igc2024korea.org\/content\/14303\">https:\/\/www.igc2024korea.org\/content\/14303<\/a><br><\/p>\n<\/div>\n<\/div>\n\n\n\n<p><\/p>\n","protected":false},"excerpt":{"rendered":"<p>Groupe de travail pour l&rsquo;Am\u00e9rique latine et les Cara\u00efbes (GT-ALC) Coordinateur : Mauricio Faraone Pimienta (Direction nationale des mines et de la g\u00e9ologie, Uruguay), 2024 \u2013 pr\u00e9sent Jos\u00e9 Alexandre de Jesus Perinotto (Universit\u00e9 d&rsquo;\u00c9tat de S\u00e3o Paulo, Br\u00e9sil), 2024 \u2013 pr\u00e9sent Co-coordinateurs : Maria da Gl\u00f3ria Garcia (Universit\u00e9 de S\u00e3o Paulo, Br\u00e9sil), 2021 \u2013 pr\u00e9sent [&hellip;]<\/p>\n","protected":false},"author":1,"featured_media":0,"parent":2446,"menu_order":0,"comment_status":"closed","ping_status":"closed","template":"","meta":{"footnotes":""},"class_list":["post-2026","page","type-page","status-publish","hentry"],"_links":{"self":[{"href":"https:\/\/www.progeo.ngo\/fr\/wp-json\/wp\/v2\/pages\/2026","targetHints":{"allow":["GET"]}}],"collection":[{"href":"https:\/\/www.progeo.ngo\/fr\/wp-json\/wp\/v2\/pages"}],"about":[{"href":"https:\/\/www.progeo.ngo\/fr\/wp-json\/wp\/v2\/types\/page"}],"author":[{"embeddable":true,"href":"https:\/\/www.progeo.ngo\/fr\/wp-json\/wp\/v2\/users\/1"}],"replies":[{"embeddable":true,"href":"https:\/\/www.progeo.ngo\/fr\/wp-json\/wp\/v2\/comments?post=2026"}],"version-history":[{"count":1,"href":"https:\/\/www.progeo.ngo\/fr\/wp-json\/wp\/v2\/pages\/2026\/revisions"}],"predecessor-version":[{"id":2027,"href":"https:\/\/www.progeo.ngo\/fr\/wp-json\/wp\/v2\/pages\/2026\/revisions\/2027"}],"up":[{"embeddable":true,"href":"https:\/\/www.progeo.ngo\/fr\/wp-json\/wp\/v2\/pages\/2446"}],"wp:attachment":[{"href":"https:\/\/www.progeo.ngo\/fr\/wp-json\/wp\/v2\/media?parent=2026"}],"curies":[{"name":"wp","href":"https:\/\/api.w.org\/{rel}","templated":true}]}}