{"id":2017,"date":"2026-02-06T19:24:01","date_gmt":"2026-02-06T18:24:01","guid":{"rendered":"https:\/\/www.progeo.ngo\/geoconservation-glossary-thematic-working-group-gg-twg\/"},"modified":"2026-03-14T10:33:54","modified_gmt":"2026-03-14T09:33:54","slug":"geoconservation-glossary-thematic-working-group-gg-twg","status":"publish","type":"page","link":"https:\/\/www.progeo.ngo\/fr\/working-groups\/geoconservation-glossary-thematic-working-group-gg-twg\/","title":{"rendered":"Groupe de travail pour l&rsquo;Europe du Nord(GT-3)"},"content":{"rendered":"\n<div class=\"wp-block-group is-layout-constrained wp-block-group-is-layout-constrained\">\n<div class=\"wp-block-columns container is-layout-flex wp-container-core-columns-is-layout-28f84493 wp-block-columns-is-layout-flex\">\n<div class=\"wp-block-column is-layout-constrained wp-block-column-is-layout-constrained\" style=\"flex-basis:33.33%\"><\/div>\n<\/div>\n<\/div>\n\n\n\n<div class=\"wp-block-group alignwide fondo has-background is-layout-constrained wp-block-group-is-layout-constrained\" style=\"background-color:#bec0a4\">\n<div class=\"wp-block-columns alignwide pt-5 container has-background is-layout-flex wp-container-core-columns-is-layout-28f84493 wp-block-columns-is-layout-flex\" style=\"background-color:#bec0a4\">\n<div class=\"wp-block-column has-white-background-color has-background is-layout-constrained wp-block-column-is-layout-constrained\">\n<div class=\"wp-block-cover alignfull is-light has-custom-content-position is-position-top-center wp-duotone-unset-1\" style=\"min-height:1231px;aspect-ratio:unset;\"><img loading=\"lazy\" decoding=\"async\" width=\"323\" height=\"836\" class=\"wp-block-cover__image-background wp-image-661 size-full\" alt=\"\" src=\"https:\/\/www.progeo.ngo\/wp-content\/uploads\/2026\/02\/03de44_25adb478198e454eb13c11c4f5c69318mv2.avif\" data-object-fit=\"cover\" srcset=\"https:\/\/www.progeo.ngo\/wp-content\/uploads\/2026\/02\/03de44_25adb478198e454eb13c11c4f5c69318mv2.avif 323w, https:\/\/www.progeo.ngo\/wp-content\/uploads\/2026\/02\/03de44_25adb478198e454eb13c11c4f5c69318mv2-116x300.jpg 116w\" sizes=\"auto, (max-width: 323px) 100vw, 323px\" \/><span aria-hidden=\"true\" class=\"wp-block-cover__background has-background-dim-10 has-background-dim\" style=\"background-color:#b7abae\"><\/span><div class=\"wp-block-cover__inner-container is-layout-flow wp-block-cover-is-layout-flow\">\n<p class=\"has-text-align-center has-large-font-size\"><\/p>\n<\/div><\/div>\n<\/div>\n\n\n\n<div class=\"wp-block-column p-5 has-white-background-color has-background is-layout-flow wp-container-core-column-is-layout-3f7b68c1 wp-block-column-is-layout-flow\" style=\"padding-top:0;padding-bottom:0;flex-basis:66.66%\">\n<h2 class=\"wp-block-heading pb-4\" style=\"font-size:34px\">Groupe de travail pour l&rsquo;Europe du Nord<br>(GT-3)<\/h2>\n\n\n\n<div class=\"wp-block-media-text is-stacked-on-mobile\" style=\"grid-template-columns:15% auto\"><figure class=\"wp-block-media-text__media\"><img loading=\"lazy\" decoding=\"async\" width=\"71\" height=\"71\" src=\"https:\/\/www.progeo.ngo\/wp-content\/uploads\/2026\/02\/data-report.avif\" alt=\"\" class=\"wp-image-665 size-full\"\/><\/figure><div class=\"wp-block-media-text__content\">\n<p>Suite \u00e0 la d\u00e9cision du Comit\u00e9 ex\u00e9cutif de ProGEO lors de sa r\u00e9union du 8 d\u00e9cembre 2025, nous avons le plaisir d&rsquo;annoncer la cr\u00e9ation d&rsquo;un Groupe de travail th\u00e9matique d\u00e9di\u00e9 \u00e0 l&rsquo;\u00e9laboration d&rsquo;un Glossaire de la g\u00e9oconservation.<\/p>\n<\/div><\/div>\n\n\n\n<p><br><br>Le Groupe de travail th\u00e9matique sur le Glossaire de la g\u00e9oconservation (GG-TWG) a \u00e9t\u00e9 cr\u00e9\u00e9 pour d\u00e9velopper et maintenir un glossaire complet et internationalement reconnu des termes li\u00e9s \u00e0 la g\u00e9oconservation. Une terminologie claire et coh\u00e9rente est essentielle pour une communication efficace entre les scientifiques, les d\u00e9cideurs politiques, les \u00e9ducateurs et les parties prenantes impliqu\u00e9es dans la conservation du patrimoine g\u00e9ologique.<\/p>\n\n\n\n<p>&nbsp;<\/p>\n<\/div>\n<\/div>\n<\/div>\n\n\n\n<div class=\"wp-block-group alignwide fondo has-background is-layout-constrained wp-block-group-is-layout-constrained\" style=\"background-color:#8f907b\">\n<div class=\"wp-block-columns alignwide pt-5 container has-background is-layout-flex wp-container-core-columns-is-layout-28f84493 wp-block-columns-is-layout-flex\" style=\"background-color:#8f907b\">\n<div class=\"wp-block-column p-5 has-white-background-color has-background is-layout-flow wp-block-column-is-layout-flow\">\n<p style=\"font-size:28px\"><strong>Objectifs :<\/strong><\/p>\n\n\n\n<ul class=\"wp-block-list\">\n<li>Examiner la terminologie existante et identifier les lacunes ou incoh\u00e9rences.<\/li>\n\n\n\n<li>Proposer des d\u00e9finitions standardis\u00e9es pour les concepts cl\u00e9s de la g\u00e9oconservation.<\/li>\n\n\n\n<li>S&rsquo;assurer que le glossaire refl\u00e8te les connaissances scientifiques actuelles et les applications pratiques.<\/li>\n\n\n\n<li>Faciliter l&rsquo;accessibilit\u00e9 multilingue et promouvoir une adoption mondiale.<br><\/li>\n<\/ul>\n\n\n\n<p><strong>Pourquoi est-ce important ?<\/strong><br>La g\u00e9oconservation est un domaine multidisciplinaire qui recoupe la g\u00e9ologie, l&rsquo;\u00e9cologie, le patrimoine culturel et la gestion des terres. Un vocabulaire partag\u00e9 renforce la collaboration, soutient la l\u00e9gislation et am\u00e9liore la sensibilisation du public.<\/p>\n\n\n\n<p>Comment nous travaillons :<br>Le GG-TWG rassemble des experts de diff\u00e9rents pays et disciplines. Les activit\u00e9s comprennent :<\/p>\n\n\n\n<p style=\"font-size:28px\">Publication de mises \u00e0 jour et opportunit\u00e9s de retour d&rsquo;information.<\/p>\n\n\n\n<p>R\u00e9unions en ligne et sessions de r\u00e9daction collaboratives.<\/p>\n\n\n\n<p>Consultation avec les membres de ProGEO et des sp\u00e9cialistes externes.<\/p>\n\n\n\n<p><br><br><\/p>\n<\/div>\n<\/div>\n\n\n\n<p><\/p>\n<\/div>\n","protected":false},"excerpt":{"rendered":"<p>Groupe de travail pour l&rsquo;Europe du Nord(GT-3) Suite \u00e0 la d\u00e9cision du Comit\u00e9 ex\u00e9cutif de ProGEO lors de sa r\u00e9union du 8 d\u00e9cembre 2025, nous avons le plaisir d&rsquo;annoncer la cr\u00e9ation d&rsquo;un Groupe de travail th\u00e9matique d\u00e9di\u00e9 \u00e0 l&rsquo;\u00e9laboration d&rsquo;un Glossaire de la g\u00e9oconservation. Le Groupe de travail th\u00e9matique sur le Glossaire de la g\u00e9oconservation [&hellip;]<\/p>\n","protected":false},"author":1,"featured_media":0,"parent":2446,"menu_order":0,"comment_status":"closed","ping_status":"closed","template":"","meta":{"footnotes":""},"class_list":["post-2017","page","type-page","status-publish","hentry"],"_links":{"self":[{"href":"https:\/\/www.progeo.ngo\/fr\/wp-json\/wp\/v2\/pages\/2017","targetHints":{"allow":["GET"]}}],"collection":[{"href":"https:\/\/www.progeo.ngo\/fr\/wp-json\/wp\/v2\/pages"}],"about":[{"href":"https:\/\/www.progeo.ngo\/fr\/wp-json\/wp\/v2\/types\/page"}],"author":[{"embeddable":true,"href":"https:\/\/www.progeo.ngo\/fr\/wp-json\/wp\/v2\/users\/1"}],"replies":[{"embeddable":true,"href":"https:\/\/www.progeo.ngo\/fr\/wp-json\/wp\/v2\/comments?post=2017"}],"version-history":[{"count":1,"href":"https:\/\/www.progeo.ngo\/fr\/wp-json\/wp\/v2\/pages\/2017\/revisions"}],"predecessor-version":[{"id":2019,"href":"https:\/\/www.progeo.ngo\/fr\/wp-json\/wp\/v2\/pages\/2017\/revisions\/2019"}],"up":[{"embeddable":true,"href":"https:\/\/www.progeo.ngo\/fr\/wp-json\/wp\/v2\/pages\/2446"}],"wp:attachment":[{"href":"https:\/\/www.progeo.ngo\/fr\/wp-json\/wp\/v2\/media?parent=2017"}],"curies":[{"name":"wp","href":"https:\/\/api.w.org\/{rel}","templated":true}]}}