{"id":2010,"date":"2026-02-06T19:34:29","date_gmt":"2026-02-06T18:34:29","guid":{"rendered":"https:\/\/www.progeo.ngo\/geoconservation-certification-scheme-working-group\/"},"modified":"2026-03-14T10:29:10","modified_gmt":"2026-03-14T09:29:10","slug":"geoconservation-certification-scheme-working-group","status":"publish","type":"page","link":"https:\/\/www.progeo.ngo\/fr\/working-groups\/geoconservation-certification-scheme-working-group\/","title":{"rendered":"Groupe de travail sur le syst\u00e8me de certification en g\u00e9oconservation"},"content":{"rendered":"\n<div class=\"wp-block-group is-layout-constrained wp-block-group-is-layout-constrained\">\n<div class=\"wp-block-columns container is-layout-flex wp-container-core-columns-is-layout-28f84493 wp-block-columns-is-layout-flex\">\n<div class=\"wp-block-column is-layout-constrained wp-block-column-is-layout-constrained\" style=\"flex-basis:33.33%\"><\/div>\n<\/div>\n<\/div>\n\n\n\n<div class=\"wp-block-group alignwide fondo has-background is-layout-constrained wp-block-group-is-layout-constrained\" style=\"background-color:#bec0a4\">\n<div class=\"wp-block-columns alignwide pt-5 container has-background is-layout-flex wp-container-core-columns-is-layout-28f84493 wp-block-columns-is-layout-flex\" style=\"background-color:#bec0a4\">\n<div class=\"wp-block-column has-white-background-color has-background is-layout-constrained wp-block-column-is-layout-constrained\">\n<div class=\"wp-block-cover alignfull is-light has-custom-content-position is-position-top-center wp-duotone-unset-1\" style=\"min-height:1231px;aspect-ratio:unset;\"><img loading=\"lazy\" decoding=\"async\" width=\"323\" height=\"859\" class=\"wp-block-cover__image-background wp-image-671 size-full\" alt=\"\" src=\"https:\/\/www.progeo.ngo\/wp-content\/uploads\/2026\/02\/1-6.avif\" data-object-fit=\"cover\" srcset=\"https:\/\/www.progeo.ngo\/wp-content\/uploads\/2026\/02\/1-6.avif 323w, https:\/\/www.progeo.ngo\/wp-content\/uploads\/2026\/02\/1-6-113x300.jpg 113w\" sizes=\"auto, (max-width: 323px) 100vw, 323px\" \/><span aria-hidden=\"true\" class=\"wp-block-cover__background has-background-dim-10 has-background-dim\" style=\"background-color:#96928e\"><\/span><div class=\"wp-block-cover__inner-container is-layout-flow wp-block-cover-is-layout-flow\">\n<p class=\"has-text-align-center has-large-font-size\"><\/p>\n<\/div><\/div>\n<\/div>\n\n\n\n<div class=\"wp-block-column p-5 has-white-background-color has-background is-layout-flow wp-container-core-column-is-layout-3f7b68c1 wp-block-column-is-layout-flow\" style=\"padding-top:0;padding-bottom:0;flex-basis:66.66%\">\n<h2 class=\"wp-block-heading pb-4\" style=\"font-size:34px\">Groupe de travail sur le syst\u00e8me de certification en g\u00e9oconservation<\/h2>\n\n\n\n<div class=\"wp-block-media-text is-stacked-on-mobile\" style=\"grid-template-columns:15% auto\"><figure class=\"wp-block-media-text__media\"><img loading=\"lazy\" decoding=\"async\" width=\"71\" height=\"71\" src=\"https:\/\/www.progeo.ngo\/wp-content\/uploads\/2026\/02\/data-report.avif\" alt=\"\" class=\"wp-image-665 size-full\"\/><\/figure><div class=\"wp-block-media-text__content\">\n<p>Suite \u00e0 la d\u00e9cision du Comit\u00e9 ex\u00e9cutif de ProGEO lors de sa r\u00e9union du 8 d\u00e9cembre 2025, nous avons le plaisir d&rsquo;annoncer la cr\u00e9ation d&rsquo;un nouveau groupe de travail th\u00e9matique ProGEO pour explorer le d\u00e9veloppement et la gestion \u00e0 long terme d&rsquo;un syst\u00e8me de certification en g\u00e9oconservation.<\/p>\n<\/div><\/div>\n\n\n\n<p><br><br>Le syst\u00e8me propos\u00e9 vise \u00e0 promouvoir la sensibilisation, les bonnes pratiques et les actions de conservation en g\u00e9oconservation, tout en augmentant l&rsquo;engagement envers le patrimoine g\u00e9ologique et ProGEO parmi ses participants.<\/p>\n\n\n\n<p>&nbsp;<\/p>\n<\/div>\n<\/div>\n<\/div>\n\n\n\n<div class=\"wp-block-group alignwide fondo has-background is-layout-constrained wp-block-group-is-layout-constrained\" style=\"background-color:#8f907b\">\n<div class=\"wp-block-columns alignwide pt-5 container has-background is-layout-flex wp-container-core-columns-is-layout-28f84493 wp-block-columns-is-layout-flex\" style=\"background-color:#8f907b\">\n<div class=\"wp-block-column p-5 has-white-background-color has-background is-layout-flow wp-block-column-is-layout-flow\">\n<p>Le groupe de travail th\u00e9matique examinera tous les aspects du syst\u00e8me, y compris :<\/p>\n\n\n\n<ul class=\"wp-block-list\">\n<li>Confirmer ses buts et objectifs.<\/li>\n\n\n\n<li>D\u00e9finir le public cible (individus, organisations, \u00e9tablissements d&rsquo;enseignement, gestionnaires de terrains, d\u00e9cideurs politiques, etc.).<\/li>\n\n\n\n<li>Identifier les incitations \u00e0 la participation.<\/li>\n\n\n\n<li>Concevoir la structure et les niveaux de certification.<\/li>\n\n\n\n<li>S\u00e9lectionner un nom appropri\u00e9.<\/li>\n\n\n\n<li>\u00c9tablir les modalit\u00e9s administratives.<br>\u00a0<\/li>\n<\/ul>\n\n\n\n<p><strong>Invitation \u00e0 participer<\/strong> :<br>Nous invitons chaleureusement les autres membres de ProGEO \u00e0 se joindre \u00e0 cette initiative. Si vous souhaitez devenir membre du groupe de travail th\u00e9matique, veuillez envoyer un courriel exprimant votre int\u00e9r\u00eat \u00e0 la responsable du groupe, Rachel Wignall,<br>courriel :&nbsp;<a href=\"mailto:rachel.wignall@nature.scot\">rachel.wignall@nature.scot<\/a><\/p>\n\n\n\n<p><\/p>\n<\/div>\n<\/div>\n\n\n\n<p><\/p>\n<\/div>\n","protected":false},"excerpt":{"rendered":"<p>Groupe de travail sur le syst\u00e8me de certification en g\u00e9oconservation Suite \u00e0 la d\u00e9cision du Comit\u00e9 ex\u00e9cutif de ProGEO lors de sa r\u00e9union du 8 d\u00e9cembre 2025, nous avons le plaisir d&rsquo;annoncer la cr\u00e9ation d&rsquo;un nouveau groupe de travail th\u00e9matique ProGEO pour explorer le d\u00e9veloppement et la gestion \u00e0 long terme d&rsquo;un syst\u00e8me de certification [&hellip;]<\/p>\n","protected":false},"author":1,"featured_media":0,"parent":2446,"menu_order":0,"comment_status":"closed","ping_status":"closed","template":"","meta":{"footnotes":""},"class_list":["post-2010","page","type-page","status-publish","hentry"],"_links":{"self":[{"href":"https:\/\/www.progeo.ngo\/fr\/wp-json\/wp\/v2\/pages\/2010","targetHints":{"allow":["GET"]}}],"collection":[{"href":"https:\/\/www.progeo.ngo\/fr\/wp-json\/wp\/v2\/pages"}],"about":[{"href":"https:\/\/www.progeo.ngo\/fr\/wp-json\/wp\/v2\/types\/page"}],"author":[{"embeddable":true,"href":"https:\/\/www.progeo.ngo\/fr\/wp-json\/wp\/v2\/users\/1"}],"replies":[{"embeddable":true,"href":"https:\/\/www.progeo.ngo\/fr\/wp-json\/wp\/v2\/comments?post=2010"}],"version-history":[{"count":1,"href":"https:\/\/www.progeo.ngo\/fr\/wp-json\/wp\/v2\/pages\/2010\/revisions"}],"predecessor-version":[{"id":2011,"href":"https:\/\/www.progeo.ngo\/fr\/wp-json\/wp\/v2\/pages\/2010\/revisions\/2011"}],"up":[{"embeddable":true,"href":"https:\/\/www.progeo.ngo\/fr\/wp-json\/wp\/v2\/pages\/2446"}],"wp:attachment":[{"href":"https:\/\/www.progeo.ngo\/fr\/wp-json\/wp\/v2\/media?parent=2010"}],"curies":[{"name":"wp","href":"https:\/\/api.w.org\/{rel}","templated":true}]}}