{"id":1998,"date":"2026-02-06T18:27:04","date_gmt":"2026-02-06T17:27:04","guid":{"rendered":"https:\/\/www.progeo.ngo\/east-european-working-group-wg-5\/"},"modified":"2026-03-14T10:24:52","modified_gmt":"2026-03-14T09:24:52","slug":"east-european-working-group-wg-5","status":"publish","type":"page","link":"https:\/\/www.progeo.ngo\/fr\/working-groups\/east-european-working-group-wg-5\/","title":{"rendered":"Groupe de travail pour l&rsquo;Europe de l&rsquo;Est(GT-5)"},"content":{"rendered":"\n<div class=\"wp-block-group is-layout-constrained wp-block-group-is-layout-constrained\">\n<div class=\"wp-block-columns container is-layout-flex wp-container-core-columns-is-layout-28f84493 wp-block-columns-is-layout-flex\">\n<div class=\"wp-block-column is-layout-constrained wp-block-column-is-layout-constrained\" style=\"flex-basis:33.33%\"><\/div>\n<\/div>\n<\/div>\n\n\n\n<div class=\"wp-block-group alignwide fondo has-background is-layout-constrained wp-block-group-is-layout-constrained\" style=\"background-color:#8f907b\">\n<div class=\"wp-block-columns alignwide pt-5 container has-background is-layout-flex wp-container-core-columns-is-layout-28f84493 wp-block-columns-is-layout-flex\" style=\"background-color:#8f907b\">\n<div class=\"wp-block-column has-white-background-color has-background is-layout-constrained wp-block-column-is-layout-constrained\">\n<div class=\"wp-block-cover alignfull is-light has-custom-content-position is-position-top-center wp-duotone-unset-1\" style=\"min-height:1231px;aspect-ratio:unset;\"><img loading=\"lazy\" decoding=\"async\" width=\"323\" height=\"614\" class=\"wp-block-cover__image-background wp-image-619 size-full\" alt=\"\" src=\"https:\/\/www.progeo.ngo\/wp-content\/uploads\/2026\/02\/f165b1_84b87699941042b288dee4f731f81dc7mv2.avif\" data-object-fit=\"cover\" srcset=\"https:\/\/www.progeo.ngo\/wp-content\/uploads\/2026\/02\/f165b1_84b87699941042b288dee4f731f81dc7mv2.avif 323w, https:\/\/www.progeo.ngo\/wp-content\/uploads\/2026\/02\/f165b1_84b87699941042b288dee4f731f81dc7mv2-158x300.jpg 158w\" sizes=\"auto, (max-width: 323px) 100vw, 323px\" \/><span aria-hidden=\"true\" class=\"wp-block-cover__background has-background-dim-10 has-background-dim\" style=\"background-color:#a1afb9\"><\/span><div class=\"wp-block-cover__inner-container is-layout-flow wp-block-cover-is-layout-flow\">\n<p class=\"has-text-align-center has-large-font-size\"><\/p>\n<\/div><\/div>\n<\/div>\n\n\n\n<div class=\"wp-block-column p-5 has-white-background-color has-background is-layout-flow wp-block-column-is-layout-flow\" style=\"flex-basis:66.66%\">\n<h2 class=\"wp-block-heading pb-4\" style=\"font-size:34px\">Groupe de travail pour l&rsquo;Europe de l&rsquo;Est<br>(GT-5)<\/h2>\n\n\n\n<p><\/p>\n\n\n\n<p><strong>Coordinateur : <\/strong>Dr. Evgenyi Kislov (Institut g\u00e9ologique, Oulan-Oud\u00e9, Bouriatie), 2023 \u2013 pr\u00e9sent<\/p>\n\n\n\n<p class=\"pt-3\"><strong>Anciens coordinateurs :&nbsp;<\/strong><\/p>\n\n\n\n<ul class=\"wp-block-list py-3\">\n<li>Dr. Vladimir Silantiev (Universit\u00e9 f\u00e9d\u00e9rale de Kazan), 2020 \u2212 2023<\/li>\n\n\n\n<li>Dr. Marina Vdovets (VSEGEI, Saint-P\u00e9tersbourg), 2008 \u2014 2020<\/li>\n\n\n\n<li>Dr. Andrey Lapo (VSEGEI, Saint-P\u00e9tersbourg), 1997 \u2014 2008<\/li>\n<\/ul>\n\n\n\n<p class=\"pt-4\"><strong>Nombre de membres actifs :<\/strong> 11 (2023\/2024)&nbsp;<\/p>\n\n\n\n<p><\/p>\n<\/div>\n<\/div>\n<\/div>\n\n\n\n<div class=\"wp-block-group alignwide fondo has-background is-layout-constrained wp-block-group-is-layout-constrained\" style=\"background-color:#8f907b\">\n<div class=\"wp-block-columns alignwide pt-5 container has-background is-layout-flex wp-container-core-columns-is-layout-28f84493 wp-block-columns-is-layout-flex\" style=\"background-color:#8f907b\">\n<div class=\"wp-block-column p-5 has-white-background-color has-background is-layout-flow wp-block-column-is-layout-flow\">\n<p style=\"font-size:28px\">1997. Origines&nbsp;<\/p>\n\n\n\n<p style=\"font-size:16px\"><br>Le Groupe de travail pour l&rsquo;Europe de l&rsquo;Est a \u00e9t\u00e9 fond\u00e9 en 1997 par le Dr. Andrey Lapo (Institut de recherche g\u00e9ologique russe A.P. Karpinsky, Saint-P\u00e9tersbourg). En 2008, apr\u00e8s son mandat, le Dr. Marina Vdovets, chercheuse principale \u00e0 l&rsquo;Institut de recherche g\u00e9ologique russe A.P. Karpinsky, a \u00e9t\u00e9 \u00e9lue nouvelle coordinatrice et a occup\u00e9 ce poste jusqu&rsquo;en 2020, date \u00e0 laquelle le Dr. Vladimir Silantiev, professeur de g\u00e9ologie, actuellement \u00e0 la branche de l&rsquo;Universit\u00e9 f\u00e9d\u00e9rale de Kazan dans la ville de Jizzakh, en Ouzb\u00e9kistan, a \u00e9t\u00e9 \u00e9lu coordinateur. En 2023, un nouveau coordinateur du groupe, le Dr. Evgenyi Kislov, chercheur principal au Laboratoire de m\u00e9tallog\u00e9nie et de formation des minerais de l&rsquo;Institut g\u00e9ologique (Oulan-Oud\u00e9, Bouriatie), a \u00e9t\u00e9 \u00e9lu. Le groupe se compose actuellement de 11 membres actifs, dont huit de l&rsquo;Institut de recherche g\u00e9ologique russe A.P. Karpinsky de Saint-P\u00e9tersbourg, et une personne respectivement de Moscou, Kazan (Tatarstan) et Oulan-Oud\u00e9 (Bouriatie).\u200b<\/p>\n\n\n\n<p class=\"py-4\" style=\"font-size:28px\">Activit\u00e9 du Groupe de travail<\/p>\n\n\n\n<ul class=\"wp-block-list\">\n<li>l&rsquo;\u00e9tude et le suivi de divers g\u00e9osites dans les r\u00e9gions suivantes : Alta\u00ef, Bachkirie, Car\u00e9lie, Komi, L\u00e9ningrad, Orenbourg, Tatarstan, Iaroslavl, et d&rsquo;autres. Gr\u00e2ce \u00e0 ces efforts, le groupe a obtenu avec succ\u00e8s le statut officiel de protection pour certains g\u00e9osites auparavant non prot\u00e9g\u00e9s, en plus de publier des livres sur le sujet des g\u00e9osites ;<\/li>\n\n\n\n<li>l&rsquo;organisation de plusieurs conf\u00e9rences, ateliers et excursions ax\u00e9s sur les g\u00e9osites dans diverses villes, dont Saint-P\u00e9tersbourg, Moscou, Petrozavodsk, Syktyvkar et Oufa. Ces \u00e9v\u00e9nements visaient \u00e0 approfondir la compr\u00e9hension et l&rsquo;appr\u00e9ciation des g\u00e9osites ;<\/li>\n\n\n\n<li>une exp\u00e9dition scientifique et \u00e9ducative annuelle, connue sous le nom de \u00ab Flottille des Universit\u00e9s Flottantes \u00bb, qui a lieu \u00e0 plusieurs endroits le long de la Volga ;<\/li>\n\n\n\n<li>la pr\u00e9paration des dossiers de candidature du G\u00e9oparc de Toratau et du G\u00e9oparc de Yangantau (Bachkirie) pour soumission au Centre du patrimoine mondial de l&rsquo;UNESCO ;<\/li>\n<\/ul>\n\n\n\n<p style=\"font-size:28px\"><br>Activit\u00e9 des membres de l&rsquo;Institut de recherche g\u00e9ologique russe A.P. Karpinsky (Saint-P\u00e9tersbourg) et ses r\u00e9sultats<\/p>\n\n\n\n<p>\u200b<\/p>\n\n\n\n<div class=\"wp-block-group is-content-justification-left is-layout-constrained wp-container-core-group-is-layout-12dd3699 wp-block-group-is-layout-constrained\">\n<ul class=\"wp-block-list\">\n<li>Contribution d&rsquo;un chapitre sur la G\u00e9o-conservation en Russie \u00e0 \u00ab Geoheritage in Europe and its conservation \u00bb (Wimbledon, W.A.P. &amp; Smith-Meyer, S., \u00c9ds., 2012) ;<\/li>\n\n\n\n<li>Pr\u00e9paration de l&rsquo;analyse documentaire de l&rsquo;UISG pour la candidature au Patrimoine mondial \u00ab Les Pilier de la L\u00e9na, F\u00e9d\u00e9ration de Russie \u00bb en relation avec ses valeurs g\u00e9ologiques et g\u00e9omorphologiques ;<\/li>\n\n\n\n<li>Activit\u00e9 au sein du Comit\u00e9 \u00e9lectoral de ProGeo (en tant que pr\u00e9sident en 2018-2019) ;<\/li>\n\n\n\n<li>Pr\u00e9paration du dossier de candidature de la Grotte de Kapova (Choulgan-Tach) pour soumission au Centre du patrimoine mondial de l&rsquo;UNESCO ;<\/li>\n\n\n\n<li>Une lettre officielle du VSEGEI pour soutenir la cr\u00e9ation de la Journ\u00e9e internationale de la g\u00e9odiversit\u00e9 ;<\/li>\n\n\n\n<li>Les br\u00e8ves descriptions des g\u00e9osites officiellement prot\u00e9g\u00e9s pour la carte num\u00e9rique des aires naturelles prot\u00e9g\u00e9es de la F\u00e9d\u00e9ration de Russie (Atlas SIG) ainsi que pour le Syst\u00e8me de recherche d&rsquo;informations \u00ab Objets g\u00e9ologiques uniques de Russie \u00bb ont \u00e9t\u00e9 partiellement mises \u00e0 jour et sont en cours de mise \u00e0 jour ;<\/li>\n\n\n\n<li>Les descriptions d\u00e9taill\u00e9es des g\u00e9osites pour la ressource nationale g\u00e9ologique et cartographique \u00ab Nedra Rossii \u00bb (\u00ab Sous-sol de la Russie \u00bb) ont \u00e9t\u00e9 partiellement compil\u00e9es et sont en cours de compilation ;<\/li>\n\n\n\n<li>Un manuel sur le travail avec la ressource d&rsquo;information centralis\u00e9e de l&rsquo;Institut A.P. Karpinsky \u00ab Territoires naturels sp\u00e9cialement prot\u00e9g\u00e9s et monuments naturels g\u00e9ologiques \u00bb a \u00e9t\u00e9 compil\u00e9 avec des sp\u00e9cialistes dans le domaine des syst\u00e8mes d&rsquo;information et des banques de donn\u00e9es ;<\/li>\n\n\n\n<li>Lettres officielles pour prot\u00e9ger la Montagne Kouchtau (Bachkirie) adress\u00e9es aux plus hauts responsables de la F\u00e9d\u00e9ration de Russie et de la R\u00e9publique de Bachkirie ; cr\u00e9ation du G\u00e9oparc d&rsquo;Ingermanland situ\u00e9 \u00e0 proximit\u00e9 de Saint-P\u00e9tersbourg ; le groupe a publi\u00e9 trois guides complets sur les g\u00e9osites et une carte touristique du g\u00e9oparc ; un guide ax\u00e9 sur la g\u00e9odiversit\u00e9 dans l&rsquo;architecture de Saint-P\u00e9tersbourg est actuellement sous presse. Il est consacr\u00e9 \u00e0 l&rsquo;utilisation des roches et des min\u00e9raux en architecture.<\/li>\n\n\n\n<li>Le concept de cr\u00e9ation du G\u00e9oparc Saint-P\u00e9tersbourg &#8211; Baltique ancienne a \u00e9t\u00e9 d\u00e9velopp\u00e9 et pr\u00e9sent\u00e9 \u00e0 la direction de l&rsquo;Institut g\u00e9ologique panrusse A.P. Karpinsky (Kislov).<\/li>\n<\/ul>\n<\/div>\n\n\n\n<p><br><br>Dans l&rsquo;ensemble, le Groupe de travail pour l&rsquo;Europe de l&rsquo;Est a jou\u00e9 un r\u00f4le important dans la promotion de la conservation et de l&rsquo;\u00e9ducation g\u00e9ologiques en menant des recherches approfondies, en publiant des supports d&rsquo;information et en organisant divers \u00e9v\u00e9nements visant \u00e0 promouvoir la sensibilisation et l&rsquo;appr\u00e9ciation du patrimoine g\u00e9ologique du pays.<\/p>\n\n\n\n<p><\/p>\n\n\n\n<p>19.02.2025<\/p>\n\n\n\n<p>\u200b<br>Cette description a \u00e9t\u00e9 pr\u00e9par\u00e9e par Marina Vdovets et a \u00e9t\u00e9 r\u00e9vis\u00e9e par Vladimir Silantiev et Evgenyi Kislov.<\/p>\n<\/div>\n<\/div>\n<\/div>\n\n\n\n<div class=\"wp-block-columns alignwide pt-5 has-background is-layout-flex wp-container-core-columns-is-layout-28f84493 wp-block-columns-is-layout-flex\" style=\"background-color:#8f907b\">\n<div class=\"wp-block-column container has-background is-layout-constrained wp-block-column-is-layout-constrained\" style=\"background-color:#8f907b\">\n<div class=\"wp-block-getwid-images-slider has-arrows-inside has-dots-inside has-captions captions-style-light captions-bottom-center has-images-center has-fitted-images\"><div class=\"wp-block-getwid-images-slider__wrapper\" data-effect=\"slide\" data-slides-show=\"1\" data-slides-show-laptop=\"1\" data-slides-show-tablet=\"1\" data-slides-show-mobile=\"1\" data-slides-scroll=\"1\" data-autoplay=\"true\" data-pause-hover=\"false\" data-autoplay-speed=\"6000\" data-infinite=\"true\" data-animation-speed=\"800\" data-center-mode=\"false\" data-variable-width=\"false\" data-arrows=\"inside\" data-dots=\"inside\" data-spacing=\"none\"><div class=\"wp-block-getwid-images-slider__item\"><figure><img loading=\"lazy\" decoding=\"async\" width=\"743\" height=\"530\" src=\"https:\/\/www.progeo.ngo\/wp-content\/uploads\/2026\/02\/1-3.avif\" alt=\"\" data-id=\"629\" data-link=\"https:\/\/www.progeo.ngo\/working-groups\/east-european-working-group-wg-5\/1-10\/\" data-original-link=\"https:\/\/www.progeo.ngo\/wp-content\/uploads\/2026\/02\/1-3.avif\" class=\"wp-block-getwid-images-slider__image wp-image-629\" srcset=\"https:\/\/www.progeo.ngo\/wp-content\/uploads\/2026\/02\/1-3.avif 743w, https:\/\/www.progeo.ngo\/wp-content\/uploads\/2026\/02\/1-3-300x214.jpg 300w\" sizes=\"auto, (max-width: 743px) 100vw, 743px\" \/><figcaption class=\"wp-block-getwid-images-slider__caption\">Conf\u00e9rence au VSEGEI, 2013<\/figcaption><\/figure><\/div><div class=\"wp-block-getwid-images-slider__item\"><figure><img loading=\"lazy\" decoding=\"async\" width=\"743\" height=\"559\" src=\"https:\/\/www.progeo.ngo\/wp-content\/uploads\/2026\/02\/3-3.avif\" alt=\"\" data-id=\"625\" data-link=\"https:\/\/www.progeo.ngo\/working-groups\/east-european-working-group-wg-5\/3-5\/\" data-original-link=\"https:\/\/www.progeo.ngo\/wp-content\/uploads\/2026\/02\/3-3.avif\" class=\"wp-block-getwid-images-slider__image wp-image-625\" srcset=\"https:\/\/www.progeo.ngo\/wp-content\/uploads\/2026\/02\/3-3.avif 743w, https:\/\/www.progeo.ngo\/wp-content\/uploads\/2026\/02\/3-3-300x226.jpg 300w\" sizes=\"auto, (max-width: 743px) 100vw, 743px\" \/><figcaption class=\"wp-block-getwid-images-slider__caption\">Groupe russe, Irini Theodossiou-Drandak, (Gr\u00e8ce) et Vladimir Manuk, (Ukraine)<\/figcaption><\/figure><\/div><div class=\"wp-block-getwid-images-slider__item\"><figure><img loading=\"lazy\" decoding=\"async\" width=\"742\" height=\"511\" src=\"https:\/\/www.progeo.ngo\/wp-content\/uploads\/2026\/02\/2-3.avif\" alt=\"\" data-id=\"627\" data-link=\"https:\/\/www.progeo.ngo\/working-groups\/east-european-working-group-wg-5\/2-5\/\" data-original-link=\"https:\/\/www.progeo.ngo\/wp-content\/uploads\/2026\/02\/2-3.avif\" class=\"wp-block-getwid-images-slider__image wp-image-627\" srcset=\"https:\/\/www.progeo.ngo\/wp-content\/uploads\/2026\/02\/2-3.avif 742w, https:\/\/www.progeo.ngo\/wp-content\/uploads\/2026\/02\/2-3-300x207.jpg 300w\" sizes=\"auto, (max-width: 742px) 100vw, 742px\" \/><figcaption class=\"wp-block-getwid-images-slider__caption\">Groupe russe sur la rive du lac Yastrebinoe, 2013<\/figcaption><\/figure><\/div><div class=\"wp-block-getwid-images-slider__item\"><figure><img loading=\"lazy\" decoding=\"async\" width=\"743\" height=\"681\" src=\"https:\/\/www.progeo.ngo\/wp-content\/uploads\/2026\/02\/4-3.avif\" alt=\"\" data-id=\"623\" data-link=\"https:\/\/www.progeo.ngo\/working-groups\/east-european-working-group-wg-5\/4-5\/\" data-original-link=\"https:\/\/www.progeo.ngo\/wp-content\/uploads\/2026\/02\/4-3.avif\" class=\"wp-block-getwid-images-slider__image wp-image-623\" srcset=\"https:\/\/www.progeo.ngo\/wp-content\/uploads\/2026\/02\/4-3.avif 743w, https:\/\/www.progeo.ngo\/wp-content\/uploads\/2026\/02\/4-3-300x275.jpg 300w\" sizes=\"auto, (max-width: 743px) 100vw, 743px\" \/><\/figure><\/div><\/div><\/div>\n<\/div>\n<\/div>\n\n\n\n<div class=\"wp-block-columns py-5 is-layout-flex wp-container-core-columns-is-layout-28f84493 wp-block-columns-is-layout-flex\">\n<div class=\"wp-block-column p-5 has-background is-content-justification-left is-layout-constrained wp-container-core-column-is-layout-f7059b37 wp-block-column-is-layout-constrained\" style=\"background-color:#8f907b;flex-basis:50%\">\n<p class=\"has-text-align-right has-white-color has-text-color has-link-color wp-elements-dce246dbf55e31853f8d3fdf0f212370\" style=\"font-size:38px\">Liens<\/p>\n<\/div>\n\n\n\n<div class=\"wp-block-column is-vertically-aligned-stretch pt-5 is-layout-flow wp-block-column-is-layout-flow\" style=\"flex-basis:50%\">\n<p class=\"has-text-align-center\"><strong>Des informations suppl\u00e9mentaires sont disponibles sur<\/strong> <br><a href=\"https:\/\/www.americasgeoheritage.com\/\" target=\"_blank\" rel=\"noreferrer noopener\">https:\/\/www.americasgeoheritage.com\/.<\/a><\/p>\n<\/div>\n<\/div>\n\n\n\n<p><\/p>\n\n\n<p>\u00ab\u00a0`<\/p>","protected":false},"excerpt":{"rendered":"<p>Groupe de travail pour l&rsquo;Europe de l&rsquo;Est(GT-5) Coordinateur : Dr. Evgenyi Kislov (Institut g\u00e9ologique, Oulan-Oud\u00e9, Bouriatie), 2023 \u2013 pr\u00e9sent Anciens coordinateurs :&nbsp; Nombre de membres actifs : 11 (2023\/2024)&nbsp; 1997. Origines&nbsp; Le Groupe de travail pour l&rsquo;Europe de l&rsquo;Est a \u00e9t\u00e9 fond\u00e9 en 1997 par le Dr. Andrey Lapo (Institut de recherche g\u00e9ologique russe A.P. [&hellip;]<\/p>\n","protected":false},"author":1,"featured_media":0,"parent":2446,"menu_order":0,"comment_status":"closed","ping_status":"closed","template":"","meta":{"footnotes":""},"class_list":["post-1998","page","type-page","status-publish","hentry"],"_links":{"self":[{"href":"https:\/\/www.progeo.ngo\/fr\/wp-json\/wp\/v2\/pages\/1998","targetHints":{"allow":["GET"]}}],"collection":[{"href":"https:\/\/www.progeo.ngo\/fr\/wp-json\/wp\/v2\/pages"}],"about":[{"href":"https:\/\/www.progeo.ngo\/fr\/wp-json\/wp\/v2\/types\/page"}],"author":[{"embeddable":true,"href":"https:\/\/www.progeo.ngo\/fr\/wp-json\/wp\/v2\/users\/1"}],"replies":[{"embeddable":true,"href":"https:\/\/www.progeo.ngo\/fr\/wp-json\/wp\/v2\/comments?post=1998"}],"version-history":[{"count":1,"href":"https:\/\/www.progeo.ngo\/fr\/wp-json\/wp\/v2\/pages\/1998\/revisions"}],"predecessor-version":[{"id":2000,"href":"https:\/\/www.progeo.ngo\/fr\/wp-json\/wp\/v2\/pages\/1998\/revisions\/2000"}],"up":[{"embeddable":true,"href":"https:\/\/www.progeo.ngo\/fr\/wp-json\/wp\/v2\/pages\/2446"}],"wp:attachment":[{"href":"https:\/\/www.progeo.ngo\/fr\/wp-json\/wp\/v2\/media?parent=1998"}],"curies":[{"name":"wp","href":"https:\/\/api.w.org\/{rel}","templated":true}]}}