{"id":1983,"date":"2026-02-06T17:11:11","date_gmt":"2026-02-06T16:11:11","guid":{"rendered":"https:\/\/www.progeo.ngo\/central-european-working-group-wg-2\/"},"modified":"2026-03-13T19:14:32","modified_gmt":"2026-03-13T18:14:32","slug":"central-european-working-group-wg-2","status":"publish","type":"page","link":"https:\/\/www.progeo.ngo\/fr\/working-groups\/central-european-working-group-wg-2\/","title":{"rendered":"Groupe de travail pour l&rsquo;Europe centrale (GT-2)"},"content":{"rendered":"\n<div class=\"wp-block-group is-layout-constrained wp-block-group-is-layout-constrained\">\n<div class=\"wp-block-columns container is-layout-flex wp-container-core-columns-is-layout-28f84493 wp-block-columns-is-layout-flex\">\n<div class=\"wp-block-column is-layout-constrained wp-block-column-is-layout-constrained\" style=\"flex-basis:33.33%\"><\/div>\n<\/div>\n<\/div>\n\n\n\n<div class=\"wp-block-group alignwide fondo has-background is-layout-constrained wp-block-group-is-layout-constrained\" style=\"background-color:#919191\">\n<div class=\"wp-block-columns alignwide pt-5 container has-background is-layout-flex wp-container-core-columns-is-layout-28f84493 wp-block-columns-is-layout-flex\" style=\"background-color:#919191\">\n<div class=\"wp-block-column has-white-background-color has-background is-layout-constrained wp-block-column-is-layout-constrained\">\n<div class=\"wp-block-cover alignfull is-light has-custom-content-position is-position-top-center wp-duotone-unset-1\" style=\"min-height:1231px;aspect-ratio:unset;\"><img loading=\"lazy\" decoding=\"async\" width=\"323\" height=\"1312\" class=\"wp-block-cover__image-background wp-image-479 size-full\" alt=\"\" src=\"https:\/\/www.progeo.ngo\/wp-content\/uploads\/2026\/02\/f165b1_51ad0d06ac274ad884d53fad306a7a87mv2.avif\" data-object-fit=\"cover\" srcset=\"https:\/\/www.progeo.ngo\/wp-content\/uploads\/2026\/02\/f165b1_51ad0d06ac274ad884d53fad306a7a87mv2.avif 323w, https:\/\/www.progeo.ngo\/wp-content\/uploads\/2026\/02\/f165b1_51ad0d06ac274ad884d53fad306a7a87mv2-74x300.jpg 74w, https:\/\/www.progeo.ngo\/wp-content\/uploads\/2026\/02\/f165b1_51ad0d06ac274ad884d53fad306a7a87mv2-252x1024.jpg 252w\" sizes=\"auto, (max-width: 323px) 100vw, 323px\" \/><span aria-hidden=\"true\" class=\"wp-block-cover__background has-background-dim-10 has-background-dim\" style=\"background-color:#8e918a\"><\/span><div class=\"wp-block-cover__inner-container is-layout-flow wp-block-cover-is-layout-flow\">\n<p class=\"has-text-align-center has-large-font-size\"><\/p>\n<\/div><\/div>\n<\/div>\n\n\n\n<div class=\"wp-block-column p-5 has-white-background-color has-background is-layout-flow wp-container-core-column-is-layout-3f7b68c1 wp-block-column-is-layout-flow\" style=\"padding-top:0;padding-bottom:0;flex-basis:66.66%\">\n<h2 class=\"wp-block-heading pb-4\" style=\"font-size:34px\">Groupe de travail pour l&rsquo;Europe centrale (GT-2)<\/h2>\n\n\n\n<p><\/p>\n\n\n\n<p><strong>Coordinateur : <\/strong>Poste vacant<\/p>\n\n\n\n<p><strong>Anciens coordinateurs : <\/strong>(1995 \u2212 2010) Zofia Alexandrowicz<br>(Professeur, Institut de Conservation de la Nature de l&rsquo;Acad\u00e9mie Polonaise des Sciences, Cracovie) ; Membre fondateur de ProGEO, participante au 1er Symposium International du Groupe de Travail Europ\u00e9en sur la Conservation du Patrimoine G\u00e9ologique, Digne, France, 1991, o\u00f9 la &lsquo;D\u00e9claration des Droits de la M\u00e9moire de la Terre&rsquo; a \u00e9t\u00e9 proclam\u00e9e et l&rsquo;id\u00e9e de cr\u00e9er ProGEO est n\u00e9e.<\/p>\n\n\n\n<p><strong>Nombre de membres actifs :<\/strong> 28 (2023\/24) <\/p>\n\n\n\n<p><strong>Groupes nationaux, leurs repr\u00e9sentants et mandats : <\/strong><\/p>\n\n\n\n<p><strong>Tch\u00e9quie<\/strong> : Petr Budil (Service G\u00e9ologique Tch\u00e8que), 2019 \u2013 pr\u00e9sent<\/p>\n\n\n\n<p>Ji\u0159\u00ed K\u0159\u00ed\u017e (Service G\u00e9ologique Tch\u00e8que), 1999 \u2013 2019<\/p>\n\n\n\n<p><strong>Pologne :<\/strong><\/p>\n\n\n\n<p>Izabela Jamorska (Universit\u00e9 Nicolas Copernic),<br>2020 \u2013 pr\u00e9sent<\/p>\n\n\n\n<p>Jan Urban (Acad\u00e9mie Polonaise des Sciences), 2017\u20132020 <\/p>\n\n\n\n<p>Krzysztof Mi\u015bkiewicz (Universit\u00e9 AGH), 2010 \u2013 2017<\/p>\n\n\n\n<p>Jan Urban (Acad\u00e9mie Polonaise des Sciences) 2000 \u2013 2010<\/p>\n\n\n\n<p>Zbigniew Rubinowski (Institut G\u00e9ologique Polonais, Kielce),<br>1995 \u2013 2000<\/p>\n\n\n\n<p><strong>Slovaquie<\/strong> : Lubomir \u0160trba (Universit\u00e9 Technique, Ko\u0161ice)<\/p>\n\n\n\n<p><strong>Ukraine<\/strong> : Volodymyr Grytschenko (Mus\u00e9e National d&rsquo;Histoire Naturelle), 2002 \u2013 pr\u00e9sent<\/p>\n\n\n\n<p>Natalia P. Gerasimenko (Professeur \u00e0 l&rsquo;Universit\u00e9 Nationale Taras Chevtchenko de Kyiv), 1996 \u2013 2001<\/p>\n\n\n\n<p><strong>Bi\u00e9lorussie<\/strong> : Vitaly Vinokurov remplac\u00e9 par Mikhail Komarovsky (tous deux de l&rsquo;Institut des Sciences G\u00e9ologiques de l&rsquo;Acad\u00e9mie des Sciences de Bi\u00e9lorussie), 1995 \u2013 2010. La Bi\u00e9lorussie est un pays membre inactif depuis 2010. <\/p>\n<\/div>\n<\/div>\n<\/div>\n\n\n\n<div class=\"wp-block-group alignwide fondo has-background is-layout-constrained wp-block-group-is-layout-constrained\" style=\"background-color:#919191\">\n<div class=\"wp-block-columns alignwide pt-5 container has-background is-layout-flex wp-container-core-columns-is-layout-28f84493 wp-block-columns-is-layout-flex\" style=\"background-color:#919191\">\n<div class=\"wp-block-column p-5 has-white-background-color has-background is-layout-flow wp-block-column-is-layout-flow\">\n<p style=\"font-size:28px\">1995 \u20132010. Origines et r\u00e9unions <\/p>\n\n\n\n<p style=\"font-size:16px\"><br>Le GT Europe centrale (GT-2) a \u00e9t\u00e9 cr\u00e9\u00e9 en 1995 \u00e0 l&rsquo;initiative du Professeur Zofia Alexandrowicz (Cracovie), qui a \u00e9t\u00e9 la premi\u00e8re pr\u00e9sidente du groupe pour la p\u00e9riode 1995\u20132010. Elle \u00e9tait \u00e9galement la repr\u00e9sentante nationale et membre du Conseil de ProGEO.<br><br>\u00c0 cette \u00e9poque, deux conf\u00e9rences internationales du GT-2 ont eu lieu, en 1997 et 2003, \u00e0 Cracovie, co-organis\u00e9es par l&rsquo;Institut de Conservation de la Nature de l&rsquo;Acad\u00e9mie Polonaise des Sciences (Cracovie) et l&rsquo;Institut G\u00e9ologique National (Varsovie).<br><br>Les th\u00e8mes de la conf\u00e9rence de 1997 \u00e9taient la s\u00e9lection, la valorisation et les m\u00e9thodes de protection des sites g\u00e9ologiques importants dans les pays d&rsquo;Europe centrale. Le programme comprenait une session et deux excursions de terrain, incluant le Parc National d&rsquo;Ojc\u00f3w, la R\u00e9serve G\u00e9ologique de Bonarka et la Mine de Sel de Wieliczka \u2014 Site du Patrimoine Mondial de l&rsquo;UNESCO. Au total, 60 personnes ont particip\u00e9 \u00e0 la conf\u00e9rence, y compris des personnes d&rsquo;Angleterre, de Su\u00e8de, de Bulgarie, de R\u00e9publique Tch\u00e8que, de Slovaquie, d&rsquo;Ukraine, de Bi\u00e9lorussie et de Lituanie. Les actes ont \u00e9t\u00e9 publi\u00e9s [1].<br><br>Les th\u00e8mes de la conf\u00e9rence de 2003 incluaient les projets pr\u00e9liminaires de g\u00e9oparcs en Pologne et les relations spatiales entre la g\u00e9oconservation et le r\u00e9seau \u00e9cologique Natura 2000. Il y a eu une session et une excursion d&rsquo;une journ\u00e9e dans les Contreforts des Carpates. La conf\u00e9rence a r\u00e9uni environ 100 personnes, dont environ 20 personnes de l&rsquo;ext\u00e9rieur de la Pologne (Angleterre, Italie, R\u00e9publique Tch\u00e8que, Bi\u00e9lorussie, Russie, Ukraine, Lituanie, Estonie, Bulgarie). Deux volumes des actes de la conf\u00e9rence ont \u00e9t\u00e9 publi\u00e9s [2], [3].<br><br>Entre les deux conf\u00e9rences internationales mentionn\u00e9es ci-dessus, deux r\u00e9unions internationales de ProGEO ont eu lieu : <br><\/p>\n\n\n\n<ul class=\"wp-block-list py-4\">\n<li>\u00c0 Prague : \u00ab\u00a0European Association for the Conservation of the Geological Heritage ProGEO 1st Annual Meeting, Prague, 1st &#8211; 9th June 2000\u00a0\u00bb,<\/li>\n\n\n\n<li>\u00c0 Kiev, Ukraine (2006) : \u00ab\u00a0Safeguarding our Geological Heritage. European Protection Policies of the Geological Heritage \u2013 Theory and Practise\u00a0\u00bb. <br><\/li>\n<\/ul>\n\n\n\n<p>De plus, les concepts et l&rsquo;\u00e9tat de la g\u00e9oconservation ont \u00e9t\u00e9 pr\u00e9sent\u00e9s par les membres du GT-EC \u00e0 tous les symposiums internationaux de ProGEO et \u00e0 plusieurs conf\u00e9rences de groupes r\u00e9gionaux en Europe. <br><\/p>\n\n\n\n<p class=\"pt-4\" style=\"font-size:28px\">P\u00e9riode apr\u00e8s 2010. Symposium.<\/p>\n\n\n\n<p class=\"pt-2\"><br>Suite \u00e0 la d\u00e9mission du Professeur Zofia Alexandrowicz de son poste de Coordinatrice du Groupe de travail pour l&rsquo;Europe centrale en 2010, les activit\u00e9s du GT-2 se sont principalement concentr\u00e9es sur la situation de la g\u00e9oconservation dans leurs propres pays. Cependant, l&rsquo;esprit d&rsquo;int\u00e9gration et de coop\u00e9ration a \u00e9t\u00e9 renouvel\u00e9 en 2018 lors de l&rsquo;organisation du 9e Symposium International de ProGEO &lsquo;G\u00e9opatrimoine et G\u00e9oconservation : Approches Modernes et Applications vers l&rsquo;Agenda 2030&rsquo; \u00e0 Ch\u0119ciny, en Pologne. Un total de 117 participants venant de 25 pays d&rsquo;Europe et d&rsquo;ailleurs ont pris part au Symposium [4]. Des r\u00e9sum\u00e9s ont \u00e9t\u00e9 soumis par des membres de presque tous les pays du GT-2, bien que certains n&rsquo;aient pas pu y assister en personne.<br><br>Le programme comprenait 3 jours de sessions, un atelier et deux excursions de terrain de 2 jours vers les sites g\u00e9opatrimoniaux et paysages g\u00e9ologiques les plus importants du sud de la Pologne : les hautes terres de Cracovie, les contreforts des Carpates et la r\u00e9gion des Monts Sainte-Croix (\u015awi\u0119tokrzyskie). La D\u00e9claration de Ch\u0119ciny a \u00e9t\u00e9 publi\u00e9e. Une Assembl\u00e9e G\u00e9n\u00e9rale a eu lieu. Les actes du Symposium ont \u00e9t\u00e9 publi\u00e9s en deux volumes [5], [6]. Les articles pr\u00e9sent\u00e9s lors du symposium ont \u00e9t\u00e9 publi\u00e9s dans la Collection Th\u00e9matique de la revue Geoheritage [7].<br><br>En dehors de cet \u00e9v\u00e9nement phare, les membres du GT-EC ont activement particip\u00e9 \u00e0 tous les symposiums internationaux de ProGEO : Reykjav\u00edk, Islande (2015) ; Madrid, Espagne (2021) ; et Loughborough, Royaume-Uni (2023), ainsi qu&rsquo;aux conf\u00e9rences de l&rsquo;Union Europ\u00e9enne des G\u00e9osciences. Ils ont activement particip\u00e9 \u00e0 l&rsquo;initiative visant \u00e0 \u00e9tablir une Journ\u00e9e Internationale de la G\u00e9odiversit\u00e9 sous les auspices de l&rsquo;UNESCO (2020\u20132021). Ils donnent des conf\u00e9rences et des s\u00e9minaires en ligne (par exemple, Budapest 2023). Ils publient activement dans des revues index\u00e9es. De plus, les membres du GT-EC jouent un r\u00f4le actif au sein du Comit\u00e9 Ex\u00e9cutif de ProGEO.<br><br>05. 03. 2024. La description a \u00e9t\u00e9 r\u00e9alis\u00e9e par Ewa G\u0142owniak, sur la base de la correspondance priv\u00e9e avec Zofia Alexandrowicz (27.01.2017), et r\u00e9vis\u00e9e par Petr Budil, Jan Urban, Volodymyr Grytschenko et Volodymyr Manyuk. <\/p>\n\n\n\n<p style=\"font-size:28px\"><br>R\u00e9f\u00e9rences<\/p>\n\n\n\n<p><br>[1] Representative Geosites of Central Europe. Proceedings of the Central Europe Working Group, Workshop ProGEO\u1fbf97. Z. Alexandrowicz (Ed.). Polish Geological Institute Special Papers, 2. Warsaw, 1999, pp. 1-103. <br><br>[2] Geological Heritage Concept, Conservation and Protection Policy in Central Europe. Abstracts and field trip guidebook. A. Ber and Z. Alexandrowicz (Eds.). Polish Geological Institute, Centre of Excellence REA. Warsaw, 2003, pp. 1 \u2013 95. <br><br>[3] Proceedings of the Conference \u201cGeological Heritage Concept, Conservation and Protection Policy in Central Europe\u201d. A. Ber, Z. Alexandrowicz and P. Balabanis (Eds.). Polish Geological Institute Special Papers, 13. Warsaw, 2004, pp 1-212.<br><br>[4] G\u0142owniak, E. 2019. The 9th ProGEO Symposium, Ch\u0119ciny, Poland, 2018\u2014an Overview. Geoheritage 11(4), 1221\u20131225. <a href=\"https:\/\/doi.org\/10.1007\/s12371\u2013019\u201300421\u2013x\" target=\"_blank\" rel=\"noreferrer noopener\">https:\/\/doi.org\/10.1007\/s12371\u2013019\u201300421\u2013x<\/a><br><br>[5] Geoheritage and Conservation: Modern Approaches and Applications Towards the 2030 Agenda. 9th ProGEO Symposium, Ch\u0119ciny, Poland, 25\u201328th June, 2018, Programme and Abstract Book. E. G\u0142owniak, A. Wasi\u0142owska and P. Leonowicz (Eds.). Faculty of Geology, University of Warsaw, 2018, 189 pp. ISBN 978\u201383\u2013945216\u20136\u20130.<br><br>[6.] Geoheritage and Conservation: Modern Approaches and Applications Towards the 2030 Agenda. Field Trip Guidebook of the 9th ProGEO Symposium, Ch\u0119ciny, Poland, 25\u201328th June 2018. E. G\u0142owniak and A. Wasi\u0142owska (Eds.). Faculty of Geology, University of Warsaw, 2018, 91 pp. ISBN 978\u201383\u2013945216\u20137\u20137 <br><br>[7] Topical collection \u201cGeoheritage and Conservation: Modern Approaches and Applications Towards the 2030 Agenda, IX ProGEO Symposium, Poland, 25-28th June, 2018\u201d. E. G\u0142owniak (Guest Editor). 2019-2021. ISSN: 1867\u20132477 (Print) 1867\u20132485 (Online) \u2014 Collection of 24 post-symposium papers (available online and continue to appear in the few printed volumes of Geoheritage 2019-2021) (<a href=\"https:\/\/link.springer.com\/journal\/volumesAndIssues\/12371?tabName=topicalCollections)\" target=\"_blank\" rel=\"noreferrer noopener\">https:\/\/link.springer.com\/journal\/volumesAndIssues\/12371?tabName=topicalCollections)<\/a><br><\/p>\n<\/div>\n<\/div>\n<\/div>\n\n\n\n<div class=\"wp-block-columns alignwide pt-5 has-background is-layout-flex wp-container-core-columns-is-layout-28f84493 wp-block-columns-is-layout-flex\" style=\"background-color:#919191\">\n<div class=\"wp-block-column container has-background is-layout-constrained wp-block-column-is-layout-constrained\" style=\"background-color:#919191\">\n<div class=\"wp-block-getwid-images-slider has-arrows-inside has-dots-inside has-captions captions-style-light captions-bottom-center has-images-center has-fitted-images\"><div class=\"wp-block-getwid-images-slider__wrapper\" data-effect=\"slide\" data-slides-show=\"1\" data-slides-show-laptop=\"1\" data-slides-show-tablet=\"1\" data-slides-show-mobile=\"1\" data-slides-scroll=\"1\" data-autoplay=\"false\" data-pause-hover=\"false\" data-autoplay-speed=\"6000\" data-infinite=\"true\" data-animation-speed=\"800\" data-center-mode=\"false\" data-variable-width=\"false\" data-arrows=\"inside\" data-dots=\"inside\" data-spacing=\"none\"><div class=\"wp-block-getwid-images-slider__item\"><figure><img loading=\"lazy\" decoding=\"async\" width=\"1008\" height=\"795\" src=\"https:\/\/www.progeo.ngo\/wp-content\/uploads\/2026\/02\/1.avif\" alt=\"\" data-id=\"500\" data-link=\"https:\/\/www.progeo.ngo\/working-groups\/central-european-working-group-wg-2\/1-7\/\" data-original-link=\"https:\/\/www.progeo.ngo\/wp-content\/uploads\/2026\/02\/1.avif\" class=\"wp-block-getwid-images-slider__image wp-image-500\" srcset=\"https:\/\/www.progeo.ngo\/wp-content\/uploads\/2026\/02\/1.avif 1008w, https:\/\/www.progeo.ngo\/wp-content\/uploads\/2026\/02\/1-300x237.jpg 300w, https:\/\/www.progeo.ngo\/wp-content\/uploads\/2026\/02\/1-768x606.jpg 768w\" sizes=\"auto, (max-width: 1008px) 100vw, 1008px\" \/><\/figure><\/div><div class=\"wp-block-getwid-images-slider__item\"><figure><img loading=\"lazy\" decoding=\"async\" width=\"743\" height=\"557\" src=\"https:\/\/www.progeo.ngo\/wp-content\/uploads\/2026\/02\/3.avif\" alt=\"\" data-id=\"496\" data-link=\"https:\/\/www.progeo.ngo\/working-groups\/central-european-working-group-wg-2\/3-2\/\" data-original-link=\"https:\/\/www.progeo.ngo\/wp-content\/uploads\/2026\/02\/3.avif\" class=\"wp-block-getwid-images-slider__image wp-image-496\" srcset=\"https:\/\/www.progeo.ngo\/wp-content\/uploads\/2026\/02\/3.avif 743w, https:\/\/www.progeo.ngo\/wp-content\/uploads\/2026\/02\/3-300x225.jpg 300w\" sizes=\"auto, (max-width: 743px) 100vw, 743px\" \/><figcaption class=\"wp-block-getwid-images-slider__caption\">Travaux de g\u00e9oconservation sur le g\u00e9osite A Searaeara, G\u00e9oparc Mondial UNESCO des Monts Courel.<\/figcaption><\/figure><\/div><div class=\"wp-block-getwid-images-slider__item\"><figure><img loading=\"lazy\" decoding=\"async\" width=\"743\" height=\"214\" src=\"https:\/\/www.progeo.ngo\/wp-content\/uploads\/2026\/02\/2.avif\" alt=\"\" data-id=\"498\" data-link=\"https:\/\/www.progeo.ngo\/working-groups\/central-european-working-group-wg-2\/2-2\/\" data-original-link=\"https:\/\/www.progeo.ngo\/wp-content\/uploads\/2026\/02\/2.avif\" class=\"wp-block-getwid-images-slider__image wp-image-498\" srcset=\"https:\/\/www.progeo.ngo\/wp-content\/uploads\/2026\/02\/2.avif 743w, https:\/\/www.progeo.ngo\/wp-content\/uploads\/2026\/02\/2-300x86.jpg 300w\" sizes=\"auto, (max-width: 743px) 100vw, 743px\" \/><figcaption class=\"wp-block-getwid-images-slider__caption\">Monument Naturel et G\u00e9osite Mondial du Plissement Couch\u00e9 Varisque de Courel, Monts Courel<\/figcaption><\/figure><\/div><div class=\"wp-block-getwid-images-slider__item\"><figure><img loading=\"lazy\" decoding=\"async\" width=\"743\" height=\"554\" src=\"https:\/\/www.progeo.ngo\/wp-content\/uploads\/2026\/02\/4.avif\" alt=\"\" data-id=\"494\" data-link=\"https:\/\/www.progeo.ngo\/working-groups\/central-european-working-group-wg-2\/4-2\/\" data-original-link=\"https:\/\/www.progeo.ngo\/wp-content\/uploads\/2026\/02\/4.avif\" class=\"wp-block-getwid-images-slider__image wp-image-494\" srcset=\"https:\/\/www.progeo.ngo\/wp-content\/uploads\/2026\/02\/4.avif 743w, https:\/\/www.progeo.ngo\/wp-content\/uploads\/2026\/02\/4-300x224.jpg 300w\" sizes=\"auto, (max-width: 743px) 100vw, 743px\" \/><figcaption class=\"wp-block-getwid-images-slider__caption\">Registre pal\u00e9oclimatique pr\u00e9serv\u00e9 dans une stalagmite \u00e2g\u00e9e de 550 000 ans, UNESCO Monts Courel<\/figcaption><\/figure><\/div><div class=\"wp-block-getwid-images-slider__item\"><figure><img loading=\"lazy\" decoding=\"async\" width=\"743\" height=\"556\" src=\"https:\/\/www.progeo.ngo\/wp-content\/uploads\/2026\/02\/5.avif\" alt=\"\" data-id=\"492\" data-link=\"https:\/\/www.progeo.ngo\/working-groups\/central-european-working-group-wg-2\/5-2\/\" data-original-link=\"https:\/\/www.progeo.ngo\/wp-content\/uploads\/2026\/02\/5.avif\" class=\"wp-block-getwid-images-slider__image wp-image-492\" srcset=\"https:\/\/www.progeo.ngo\/wp-content\/uploads\/2026\/02\/5.avif 743w, https:\/\/www.progeo.ngo\/wp-content\/uploads\/2026\/02\/5-300x224.jpg 300w\" sizes=\"auto, (max-width: 743px) 100vw, 743px\" \/><figcaption class=\"wp-block-getwid-images-slider__caption\">Lac glaciaire de cirque d&rsquo;A Lucenza, G\u00e9oparc Mondial UNESCO des Monts Courel<\/figcaption><\/figure><\/div><div class=\"wp-block-getwid-images-slider__item\"><figure><img loading=\"lazy\" decoding=\"async\" width=\"743\" height=\"557\" src=\"https:\/\/www.progeo.ngo\/wp-content\/uploads\/2026\/02\/6.avif\" alt=\"\" data-id=\"490\" data-link=\"https:\/\/www.progeo.ngo\/working-groups\/central-european-working-group-wg-2\/6-2\/\" data-original-link=\"https:\/\/www.progeo.ngo\/wp-content\/uploads\/2026\/02\/6.avif\" class=\"wp-block-getwid-images-slider__image wp-image-490\" srcset=\"https:\/\/www.progeo.ngo\/wp-content\/uploads\/2026\/02\/6.avif 743w, https:\/\/www.progeo.ngo\/wp-content\/uploads\/2026\/02\/6-300x225.jpg 300w\" sizes=\"auto, (max-width: 743px) 100vw, 743px\" \/><figcaption class=\"wp-block-getwid-images-slider__caption\">Travaux de restauration d&rsquo;une doline dans le g\u00e9osite de l&rsquo;aquif\u00e8re karstique de Ceza, UNESCO Monts Courel<\/figcaption><\/figure><\/div><\/div><\/div>\n<\/div>\n<\/div>\n\n\n\n<div class=\"wp-block-columns py-5 is-layout-flex wp-container-core-columns-is-layout-28f84493 wp-block-columns-is-layout-flex\">\n<div class=\"wp-block-column p-5 has-background is-content-justification-left is-layout-constrained wp-container-core-column-is-layout-f7059b37 wp-block-column-is-layout-constrained\" style=\"background-color:#919191;flex-basis:50%\">\n<p class=\"has-text-align-right has-white-color has-text-color has-link-color wp-elements-dce246dbf55e31853f8d3fdf0f212370\" style=\"font-size:38px\">Liens<\/p>\n<\/div>\n\n\n\n<div class=\"wp-block-column is-vertically-aligned-stretch pt-5 is-layout-flow wp-block-column-is-layout-flow\" style=\"flex-basis:50%\">\n<p class=\"has-text-align-center\"><strong>FB ProGEO &#8211; Polska Grupa Robocza : <\/strong><br><a href=\"https:\/\/www.facebook.com\/people\/ProGEO-Polska-Grupa-Robocza\/100065001791476\/\" target=\"_blank\" rel=\"noreferrer noopener\">https:\/\/www.facebook.com\/people\/ProGEO-Polska-Grupa-Robocza\/100065001791476\/<\/a><\/p>\n\n\n\n<p>\u200b<\/p>\n\n\n\n<p class=\"has-text-align-center\"><strong>Localit\u00e9s g\u00e9ologiques significatives de la R\u00e9publique Tch\u00e8que : <\/strong><br><a href=\"http:\/\/lokality.geology.cz\/d.pl\" target=\"_blank\" rel=\"noreferrer noopener\">http:\/\/lokality.geology.cz\/d.pl<\/a><\/p>\n<\/div>\n<\/div>\n\n\n\n<p><\/p>\n","protected":false},"excerpt":{"rendered":"<p>Groupe de travail pour l&rsquo;Europe centrale (GT-2) Coordinateur : Poste vacant Anciens coordinateurs : (1995 \u2212 2010) Zofia Alexandrowicz(Professeur, Institut de Conservation de la Nature de l&rsquo;Acad\u00e9mie Polonaise des Sciences, Cracovie) ; Membre fondateur de ProGEO, participante au 1er Symposium International du Groupe de Travail Europ\u00e9en sur la Conservation du Patrimoine G\u00e9ologique, Digne, France, 1991, [&hellip;]<\/p>\n","protected":false},"author":1,"featured_media":0,"parent":2446,"menu_order":0,"comment_status":"closed","ping_status":"closed","template":"","meta":{"footnotes":""},"class_list":["post-1983","page","type-page","status-publish","hentry"],"_links":{"self":[{"href":"https:\/\/www.progeo.ngo\/fr\/wp-json\/wp\/v2\/pages\/1983","targetHints":{"allow":["GET"]}}],"collection":[{"href":"https:\/\/www.progeo.ngo\/fr\/wp-json\/wp\/v2\/pages"}],"about":[{"href":"https:\/\/www.progeo.ngo\/fr\/wp-json\/wp\/v2\/types\/page"}],"author":[{"embeddable":true,"href":"https:\/\/www.progeo.ngo\/fr\/wp-json\/wp\/v2\/users\/1"}],"replies":[{"embeddable":true,"href":"https:\/\/www.progeo.ngo\/fr\/wp-json\/wp\/v2\/comments?post=1983"}],"version-history":[{"count":1,"href":"https:\/\/www.progeo.ngo\/fr\/wp-json\/wp\/v2\/pages\/1983\/revisions"}],"predecessor-version":[{"id":1985,"href":"https:\/\/www.progeo.ngo\/fr\/wp-json\/wp\/v2\/pages\/1983\/revisions\/1985"}],"up":[{"embeddable":true,"href":"https:\/\/www.progeo.ngo\/fr\/wp-json\/wp\/v2\/pages\/2446"}],"wp:attachment":[{"href":"https:\/\/www.progeo.ngo\/fr\/wp-json\/wp\/v2\/media?parent=1983"}],"curies":[{"name":"wp","href":"https:\/\/api.w.org\/{rel}","templated":true}]}}