{"id":1948,"date":"2026-01-21T22:57:32","date_gmt":"2026-01-21T21:57:32","guid":{"rendered":"https:\/\/www.progeo.ngo\/resources\/"},"modified":"2026-03-13T18:38:38","modified_gmt":"2026-03-13T17:38:38","slug":"resources","status":"publish","type":"page","link":"https:\/\/www.progeo.ngo\/fr\/resources\/","title":{"rendered":"Ressources"},"content":{"rendered":"\n<p><\/p>\n\n\n\n<h2 class=\"wp-block-heading has-text-align-center pb-2 pt-4 has-x-large-font-size\">Ressources<\/h2>\n\n\n\n<div class=\"wp-block-group is-layout-constrained wp-container-core-group-is-layout-92ef7b19 wp-block-group-is-layout-constrained\">\n<p class=\"has-text-align-center pb-5 pt-2 has-medium-font-size\">La base de connaissances compl\u00e8te de ProGEO : des documents statutaires officiels aux derni\u00e8res publications scientifiques sur la conservation de la g\u00e9odiversit\u00e9.<\/p>\n<\/div>\n\n\n\n<div class=\"wp-block-columns is-layout-flex wp-container-core-columns-is-layout-28f84493 wp-block-columns-is-layout-flex\">\n<div class=\"wp-block-column is-vertically-aligned-stretch rellenar is-layout-constrained wp-container-core-column-is-layout-db9edeb8 wp-block-column-is-layout-constrained\" style=\"flex-basis:50%\">\n<figure class=\"wp-block-image size-full rellenar\"><img loading=\"lazy\" decoding=\"async\" width=\"958\" height=\"562\" src=\"https:\/\/www.progeo.ngo\/wp-content\/uploads\/2026\/01\/03de44_f110650180064bfd9e9045c9ad55b97bmv2.avif\" alt=\"\" class=\"wp-image-167\" srcset=\"https:\/\/www.progeo.ngo\/wp-content\/uploads\/2026\/01\/03de44_f110650180064bfd9e9045c9ad55b97bmv2.avif 958w, https:\/\/www.progeo.ngo\/wp-content\/uploads\/2026\/01\/03de44_f110650180064bfd9e9045c9ad55b97bmv2-300x176.jpg 300w, https:\/\/www.progeo.ngo\/wp-content\/uploads\/2026\/01\/03de44_f110650180064bfd9e9045c9ad55b97bmv2-768x451.jpg 768w\" sizes=\"auto, (max-width: 958px) 100vw, 958px\" \/><\/figure>\n<\/div>\n\n\n\n<div class=\"wp-block-column is-vertically-aligned-center has-white-background-color has-background is-layout-constrained wp-container-core-column-is-layout-39f66526 wp-block-column-is-layout-constrained\" style=\"flex-basis:50%\">\n<h3 class=\"wp-block-heading has-text-align-center pb-4 has-x-large-font-size\">Documents de ProGEO<\/h3>\n\n\n\n<div class=\"wp-block-getwid-image-hotspot\" data-appearance-animation=\"none\" data-image-points=\"[]\" data-trigger=\"click\" data-theme=\"light\" data-tooltip-animation=\"shift-toward\" data-arrow=\"true\"><div class=\"wp-block-getwid-image-hotspot__wrapper\"><img loading=\"lazy\" decoding=\"async\" width=\"117\" height=\"117\" src=\"https:\/\/www.progeo.ngo\/wp-content\/uploads\/2026\/01\/contract.avif\" class=\"wp-block-getwid-image-hotspot__image wp-image-175\"\/><\/div><\/div>\n<\/div>\n<\/div>\n\n\n\n<div class=\"wp-block-columns is-layout-flex wp-container-core-columns-is-layout-28f84493 wp-block-columns-is-layout-flex\">\n<div class=\"wp-block-column is-vertically-aligned-center p-5 has-white-background-color has-background is-layout-constrained wp-container-core-column-is-layout-39f66526 wp-block-column-is-layout-constrained\" style=\"flex-basis:50%\">\n<h3 class=\"wp-block-heading has-text-align-center pb-4 has-x-large-font-size\">Publications<\/h3>\n\n\n\n<div class=\"wp-block-getwid-image-hotspot\" data-appearance-animation=\"none\" data-image-points=\"[]\" data-trigger=\"click\" data-theme=\"light\" data-tooltip-animation=\"shift-toward\" data-arrow=\"true\"><div class=\"wp-block-getwid-image-hotspot__wrapper\"><img loading=\"lazy\" decoding=\"async\" width=\"117\" height=\"117\" src=\"https:\/\/www.progeo.ngo\/wp-content\/uploads\/2026\/01\/information.avif\" alt=\"\" class=\"wp-block-getwid-image-hotspot__image wp-image-191\"\/><\/div><\/div>\n<\/div>\n\n\n\n<div class=\"wp-block-column is-vertically-aligned-stretch rellenar is-layout-constrained wp-container-core-column-is-layout-7bc74264 wp-block-column-is-layout-constrained\" style=\"flex-basis:50%\">\n<figure class=\"wp-block-image size-full rellenar\"><img loading=\"lazy\" decoding=\"async\" width=\"959\" height=\"553\" src=\"https:\/\/www.progeo.ngo\/wp-content\/uploads\/2026\/01\/03de44_d9522f2ff7e1452e9d953b93a1a027c8mv2.avif\" alt=\"\" class=\"wp-image-188\" srcset=\"https:\/\/www.progeo.ngo\/wp-content\/uploads\/2026\/01\/03de44_d9522f2ff7e1452e9d953b93a1a027c8mv2.avif 959w, https:\/\/www.progeo.ngo\/wp-content\/uploads\/2026\/01\/03de44_d9522f2ff7e1452e9d953b93a1a027c8mv2-300x173.jpg 300w, https:\/\/www.progeo.ngo\/wp-content\/uploads\/2026\/01\/03de44_d9522f2ff7e1452e9d953b93a1a027c8mv2-768x443.jpg 768w\" sizes=\"auto, (max-width: 959px) 100vw, 959px\" \/><\/figure>\n<\/div>\n<\/div>\n\n\n\n<p><\/p>\n","protected":false},"excerpt":{"rendered":"<p>Ressources La base de connaissances compl\u00e8te de ProGEO : des documents statutaires officiels aux derni\u00e8res publications scientifiques sur la conservation de la g\u00e9odiversit\u00e9. Documents de ProGEO Publications<\/p>\n","protected":false},"author":1,"featured_media":0,"parent":0,"menu_order":0,"comment_status":"closed","ping_status":"closed","template":"page-headless.php","meta":{"footnotes":""},"class_list":["post-1948","page","type-page","status-publish","hentry"],"_links":{"self":[{"href":"https:\/\/www.progeo.ngo\/fr\/wp-json\/wp\/v2\/pages\/1948","targetHints":{"allow":["GET"]}}],"collection":[{"href":"https:\/\/www.progeo.ngo\/fr\/wp-json\/wp\/v2\/pages"}],"about":[{"href":"https:\/\/www.progeo.ngo\/fr\/wp-json\/wp\/v2\/types\/page"}],"author":[{"embeddable":true,"href":"https:\/\/www.progeo.ngo\/fr\/wp-json\/wp\/v2\/users\/1"}],"replies":[{"embeddable":true,"href":"https:\/\/www.progeo.ngo\/fr\/wp-json\/wp\/v2\/comments?post=1948"}],"version-history":[{"count":1,"href":"https:\/\/www.progeo.ngo\/fr\/wp-json\/wp\/v2\/pages\/1948\/revisions"}],"predecessor-version":[{"id":1949,"href":"https:\/\/www.progeo.ngo\/fr\/wp-json\/wp\/v2\/pages\/1948\/revisions\/1949"}],"wp:attachment":[{"href":"https:\/\/www.progeo.ngo\/fr\/wp-json\/wp\/v2\/media?parent=1948"}],"curies":[{"name":"wp","href":"https:\/\/api.w.org\/{rel}","templated":true}]}}