{"id":1942,"date":"2026-03-13T18:34:41","date_gmt":"2026-03-13T17:34:41","guid":{"rendered":"https:\/\/www.progeo.ngo\/?page_id=1942"},"modified":"2026-03-24T11:09:41","modified_gmt":"2026-03-24T10:09:41","slug":"membres-de-progeo","status":"publish","type":"page","link":"https:\/\/www.progeo.ngo\/fr\/members-partnerns\/membres-de-progeo\/","title":{"rendered":"Membres de ProGEO"},"content":{"rendered":"\n<div class=\"wp-block-group container-fluid has-background is-layout-constrained wp-container-core-group-is-layout-e555385e wp-block-group-is-layout-constrained\" style=\"background-color:#bfbfbf\">\n<div class=\"wp-block-columns pt-5 container has-background is-layout-flex wp-container-core-columns-is-layout-28f84493 wp-block-columns-is-layout-flex\" style=\"background-color:#bfbfbf\">\n<div class=\"wp-block-column container ps-0 has-white-background-color has-background is-content-justification-right is-layout-constrained wp-container-core-column-is-layout-0e1325c4 wp-block-column-is-layout-constrained\" style=\"flex-basis:40%\">\n<figure class=\"wp-block-image alignleft size-full\"><img loading=\"lazy\" decoding=\"async\" width=\"580\" height=\"652\" src=\"https:\/\/www.progeo.ngo\/wp-content\/uploads\/2026\/02\/1-8.avif\" alt=\"\" class=\"wp-image-1068\" style=\"object-fit:cover\" srcset=\"https:\/\/www.progeo.ngo\/wp-content\/uploads\/2026\/02\/1-8.avif 580w, https:\/\/www.progeo.ngo\/wp-content\/uploads\/2026\/02\/1-8-267x300.jpg 267w\" sizes=\"auto, (max-width: 580px) 100vw, 580px\" \/><\/figure>\n<\/div>\n\n\n\n<div class=\"wp-block-column has-white-background-color has-background is-content-justification-left is-layout-constrained wp-container-core-column-is-layout-6b0027b1 wp-block-column-is-layout-constrained\" style=\"padding-right:0px;padding-left:0px\">\n<p class=\"has-text-align-left p-3 has-large-font-size\">Membres de ProGEO<\/p>\n\n\n\n<p class=\"p-3\" style=\"margin-right:0;margin-left:0\">ProGEO rassemble pr\u00e8s de 400 membres de tous les continents : g\u00e9ologues, chercheurs, praticiens et sp\u00e9cialistes du patrimoine travaillant dans divers domaines des sciences de la Terre. Cette communaut\u00e9 mondiale contribue activement \u00e0 la g\u00e9oconservation, soutient les initiatives en faveur du g\u00e9opatrimoine et fait progresser la compr\u00e9hension et la protection de la diversit\u00e9 g\u00e9ologique dans le monde entier. Les membres collaborent \u00e0 travers des projets internationaux, des groupes d&rsquo;experts, des conf\u00e9rences et des recherches sur le terrain, renfor\u00e7ant ainsi les efforts de g\u00e9oconservation en Europe et au-del\u00e0. La force de ProGEO r\u00e9side dans ce r\u00e9seau multidisciplinaire, une communaut\u00e9 engag\u00e9e \u00e0 partager les connaissances, \u00e0 \u00e9changer les bonnes pratiques et \u00e0 d\u00e9velopper des approches innovantes pour la protection des archives g\u00e9ologiques. De nombreux membres participent \u00e9galement aux groupes de travail, aux branches r\u00e9gionales et aux comit\u00e9s de ProGEO, garantissant que diverses perspectives guident les priorit\u00e9s de l&rsquo;organisation.<\/p>\n<\/div>\n<\/div>\n<\/div>\n\n\n\n<div class=\"wp-block-group container-fluid has-background is-content-justification-center is-nowrap is-layout-flex wp-container-core-group-is-layout-eeea3fc2 wp-block-group-is-layout-flex\" style=\"background-color:#bfbfbf\">\n<div class=\"wp-block-columns container pb-5 has-background is-layout-flex wp-container-core-columns-is-layout-28f84493 wp-block-columns-is-layout-flex\" style=\"background-color:#bfbfbf\">\n<div class=\"wp-block-column container py-5 has-white-background-color has-background is-content-justification-center is-layout-constrained wp-container-core-column-is-layout-d7000163 wp-block-column-is-layout-constrained\" style=\"padding-right:0px;padding-left:0px\">\n<p class=\"has-text-align-left p-3 has-large-font-size\">D&rsquo;o\u00f9 venons-nous ?<\/p>\n\n\n\n<p class=\"p-3\" style=\"margin-right:0;margin-left:0\">ProGEO est une communaut\u00e9 v\u00e9ritablement internationale. Nos membres viennent de plus de 50 pays \u00e0 travers l&rsquo;Europe, l&rsquo;Asie, l&rsquo;Afrique, les Am\u00e9riques et l&rsquo;Oc\u00e9anie, repr\u00e9sentant des universit\u00e9s, des services g\u00e9ologiques, des g\u00e9oparcs, des mus\u00e9es, des instituts de recherche et des organisations professionnelles. Cette riche diversit\u00e9 g\u00e9ographique refl\u00e8te la pertinence mondiale du g\u00e9opatrimoine et renforce notre capacit\u00e9 collective \u00e0 comprendre, prot\u00e9ger et promouvoir le patrimoine g\u00e9ologique de notre plan\u00e8te.<\/p>\n\n\n\n<div class=\"wp-block-interactive-geo-maps-display-map\"><div class=\"map_wrapper\" id=\"map_wrapper_1066\">\n<div class=\"map_box\" style=\"max-width:2000px\">\n<div class=\"map_aspect_ratio\" style=\"padding-top:56%\" data-padding-top=\"56%\" data-padding-top-mobile=\"0%\">\n<div class=\"map_container\">\n<div class=\"map_render map_loading\" id=\"map_1066\"><\/div>\n<\/div>\n<\/div>\n<\/div>\n<\/div><\/div>\n<\/div>\n<\/div>\n<\/div>\n","protected":false},"excerpt":{"rendered":"<p>Membres de ProGEO ProGEO rassemble pr\u00e8s de 400 membres de tous les continents : g\u00e9ologues, chercheurs, praticiens et sp\u00e9cialistes du patrimoine travaillant dans divers domaines des sciences de la Terre. Cette communaut\u00e9 mondiale contribue activement \u00e0 la g\u00e9oconservation, soutient les initiatives en faveur du g\u00e9opatrimoine et fait progresser la compr\u00e9hension et la protection de la [&hellip;]<\/p>\n","protected":false},"author":1,"featured_media":0,"parent":1769,"menu_order":0,"comment_status":"closed","ping_status":"closed","template":"page-headless.php","meta":{"footnotes":""},"class_list":["post-1942","page","type-page","status-publish","hentry"],"_links":{"self":[{"href":"https:\/\/www.progeo.ngo\/fr\/wp-json\/wp\/v2\/pages\/1942","targetHints":{"allow":["GET"]}}],"collection":[{"href":"https:\/\/www.progeo.ngo\/fr\/wp-json\/wp\/v2\/pages"}],"about":[{"href":"https:\/\/www.progeo.ngo\/fr\/wp-json\/wp\/v2\/types\/page"}],"author":[{"embeddable":true,"href":"https:\/\/www.progeo.ngo\/fr\/wp-json\/wp\/v2\/users\/1"}],"replies":[{"embeddable":true,"href":"https:\/\/www.progeo.ngo\/fr\/wp-json\/wp\/v2\/comments?post=1942"}],"version-history":[{"count":2,"href":"https:\/\/www.progeo.ngo\/fr\/wp-json\/wp\/v2\/pages\/1942\/revisions"}],"predecessor-version":[{"id":2744,"href":"https:\/\/www.progeo.ngo\/fr\/wp-json\/wp\/v2\/pages\/1942\/revisions\/2744"}],"up":[{"embeddable":true,"href":"https:\/\/www.progeo.ngo\/fr\/wp-json\/wp\/v2\/pages\/1769"}],"wp:attachment":[{"href":"https:\/\/www.progeo.ngo\/fr\/wp-json\/wp\/v2\/media?parent=1942"}],"curies":[{"name":"wp","href":"https:\/\/api.w.org\/{rel}","templated":true}]}}