{"id":1931,"date":"2026-02-09T09:25:06","date_gmt":"2026-02-09T08:25:06","guid":{"rendered":"https:\/\/www.progeo.ngo\/members-partnerns\/organisations-with-mou\/"},"modified":"2026-03-25T10:35:15","modified_gmt":"2026-03-25T09:35:15","slug":"organisations-with-mou","status":"publish","type":"page","link":"https:\/\/www.progeo.ngo\/fr\/members-partnerns\/organisations-with-mou\/","title":{"rendered":"Organisations partenaires (MoU)"},"content":{"rendered":"\n<div class=\"wp-block-group container-fluid has-background is-content-justification-center is-nowrap is-layout-flex wp-container-core-group-is-layout-eeea3fc2 wp-block-group-is-layout-flex\" style=\"background-color:#bfbfbf\">\n<div class=\"wp-block-columns pt-5 has-background is-layout-flex wp-container-core-columns-is-layout-28f84493 wp-block-columns-is-layout-flex\" style=\"background-color:#bfbfbf\">\n<div class=\"wp-block-column is-layout-constrained wp-container-core-column-is-layout-e555385e wp-block-column-is-layout-constrained\">\n<figure class=\"wp-block-image alignright size-full\"><img loading=\"lazy\" decoding=\"async\" width=\"791\" height=\"557\" src=\"https:\/\/www.progeo.ngo\/wp-content\/uploads\/2026\/02\/03de44_8fc419d807ed45f9b7fc0a6712e4c490mv2.avif\" alt=\"\" class=\"wp-image-817\" srcset=\"https:\/\/www.progeo.ngo\/wp-content\/uploads\/2026\/02\/03de44_8fc419d807ed45f9b7fc0a6712e4c490mv2.avif 791w, https:\/\/www.progeo.ngo\/wp-content\/uploads\/2026\/02\/03de44_8fc419d807ed45f9b7fc0a6712e4c490mv2-300x211.jpg 300w, https:\/\/www.progeo.ngo\/wp-content\/uploads\/2026\/02\/03de44_8fc419d807ed45f9b7fc0a6712e4c490mv2-768x541.jpg 768w\" sizes=\"auto, (max-width: 791px) 100vw, 791px\" \/><\/figure>\n<\/div>\n\n\n\n<div class=\"wp-block-column has-white-background-color has-background is-content-justification-left is-layout-constrained wp-container-core-column-is-layout-6b0027b1 wp-block-column-is-layout-constrained\" style=\"padding-right:0px;padding-left:0px\">\n<p class=\"has-text-align-left p-3 p-md-5 has-large-font-size\">Organisations avec lesquelles nous avons sign\u00e9 un protocole d&rsquo;accord<\/p>\n\n\n\n<p class=\"px-3 px-md-5\">ProGEO collabore avec des partenaires internationaux s\u00e9lectionn\u00e9s par le biais de protocoles d&rsquo;accord formels (Memoranda of Understanding &#8211; MoUs). Ces accords renforcent nos efforts conjoints en mati\u00e8re de recherche, de g\u00e9oconservation, d&rsquo;\u00e9change professionnel et de rayonnement mondial.<\/p>\n\n\n\n<p class=\"p-3 p-md-5\">Voici les organisations avec lesquelles ProGEO a \u00e9tabli des partenariats officiels :<\/p>\n<\/div>\n<\/div>\n<\/div>\n\n\n\n<div class=\"wp-block-group container-fluid has-background is-layout-constrained wp-container-core-group-is-layout-ffe82179 wp-block-group-is-layout-constrained\" style=\"background-color:#bfbfbf\">\n<div class=\"wp-block-columns py-5 has-background is-layout-flex wp-container-core-columns-is-layout-28f84493 wp-block-columns-is-layout-flex\" style=\"background-color:#bfbfbf\">\n<div class=\"wp-block-column pe-5 pt-3 has-white-background-color has-background is-content-justification-right is-layout-constrained wp-container-core-column-is-layout-8e241852 wp-block-column-is-layout-constrained\">\n<p class=\"has-text-align-left p-3 p-md-5 has-large-font-size\">Soci\u00e9t\u00e9 G\u00e9ologique d&rsquo;Am\u00e9rique (GSA)<\/p>\n\n\n\n<p class=\"p-3 p-md-4\">La Soci\u00e9t\u00e9 G\u00e9ologique d&rsquo;Am\u00e9rique est l&rsquo;une des principales organisations g\u00e9oscientifiques mondiales, soutenant la recherche, le d\u00e9veloppement professionnel et les \u00e9changes scientifiques dans tous les domaines des sciences de la Terre. En juin 2025, la GSA a officiellement renomm\u00e9 sa division d&rsquo;Histoire et de Philosophie de la G\u00e9ologie en division d&rsquo;Histoire, de Philosophie et de G\u00e9opatrimoine (HPG), un changement qui souligne l&rsquo;importance mondiale croissante du g\u00e9opatrimoine \u2014 et renforce l&rsquo;alignement entre la mission de la GSA et les objectifs fondamentaux de ProGEO.<br>Notre protocole d&rsquo;accord, sign\u00e9 le 10 d\u00e9cembre 2024 par le pr\u00e9sident de la GSA, Chuck Bailey, lors d&rsquo;une c\u00e9r\u00e9monie au Cosmos Club \u00e0 Washington, D.C., officialise cette vision commune. Il permet une coop\u00e9ration \u00e9troite gr\u00e2ce \u00e0 la promotion mutuelle d&rsquo;\u00e9v\u00e9nements, \u00e0 la collaboration lors de r\u00e9unions scientifiques, \u00e0 des opportunit\u00e9s de publications conjointes, \u00e0 des avantages pour les membres lors des conf\u00e9rences et \u00e0 une visibilit\u00e9 accrue en tant que soci\u00e9t\u00e9s affili\u00e9es.<\/p>\n\n\n\n<figure class=\"wp-block-image size-full\"><img loading=\"lazy\" decoding=\"async\" width=\"451\" height=\"147\" src=\"https:\/\/www.progeo.ngo\/wp-content\/uploads\/2026\/02\/GSA_logo1R_rgb-1.avif\" alt=\"\" class=\"wp-image-851\" srcset=\"https:\/\/www.progeo.ngo\/wp-content\/uploads\/2026\/02\/GSA_logo1R_rgb-1.avif 451w, https:\/\/www.progeo.ngo\/wp-content\/uploads\/2026\/02\/GSA_logo1R_rgb-1-300x98.jpg 300w\" sizes=\"auto, (max-width: 451px) 100vw, 451px\" \/><\/figure>\n<\/div>\n\n\n\n<div class=\"wp-block-column p-3 p-md-5 has-white-background-color has-background is-content-justification-left is-layout-constrained wp-container-core-column-is-layout-8037e8e5 wp-block-column-is-layout-constrained\">\n<figure class=\"wp-block-image alignleft size-full mb-2\"><img loading=\"lazy\" decoding=\"async\" width=\"353\" height=\"328\" src=\"https:\/\/www.progeo.ngo\/wp-content\/uploads\/2026\/02\/250109-GSA-Pres-Chuck-Bailey-signs-MOU-ProGEO-10-Dec-24.avif\" alt=\"\" class=\"wp-image-857\" srcset=\"https:\/\/www.progeo.ngo\/wp-content\/uploads\/2026\/02\/250109-GSA-Pres-Chuck-Bailey-signs-MOU-ProGEO-10-Dec-24.avif 353w, https:\/\/www.progeo.ngo\/wp-content\/uploads\/2026\/02\/250109-GSA-Pres-Chuck-Bailey-signs-MOU-ProGEO-10-Dec-24-300x279.jpg 300w\" sizes=\"auto, (max-width: 353px) 100vw, 353px\" \/><\/figure>\n\n\n\n<p class=\"has-text-align-left has-small-font-size\">10 d\u00e9cembre 2024 : Le pr\u00e9sident de la Soci\u00e9t\u00e9 G\u00e9ologique d&rsquo;Am\u00e9rique, Chuck Bailey, signe le protocole d&rsquo;accord avec ProGEO au Cosmos Club \u00e0 Washington, D.C. De gauche \u00e0 droite, Priscilla Grew, VP ProGEO Am\u00e9rique du Nord ; le pr\u00e9sident de la GSA, Chuck Bailey ; Drew Andrews, Service g\u00e9ologique du Kentucky ; Ester Sztein, directrice des programmes internationaux de la GSA.<\/p>\n<\/div>\n<\/div>\n<\/div>\n\n\n\n<div class=\"wp-block-group container-fluid has-background is-layout-constrained wp-container-core-group-is-layout-ffe82179 wp-block-group-is-layout-constrained\" style=\"background-color:#bfbfbf\">\n<div class=\"wp-block-columns pb-5 has-background is-layout-flex wp-container-core-columns-is-layout-28f84493 wp-block-columns-is-layout-flex\" style=\"background-color:#bfbfbf\">\n<div class=\"wp-block-column pe-md-5 pt-3 pe-2  ps-2 has-white-background-color has-background is-content-justification-right is-layout-constrained wp-container-core-column-is-layout-8e241852 wp-block-column-is-layout-constrained\">\n<p class=\"has-text-align-left p-3 p-md-5 has-large-font-size\">EuroGeoSurveys (EGS)<\/p>\n\n\n\n<p class=\"p-3 p-md-5\">EuroGeoSurveys repr\u00e9sente les Services G\u00e9ologiques d&rsquo;Europe, fournissant des connaissances g\u00e9oscientifiques faisant autorit\u00e9 pour soutenir les politiques publiques, la gestion durable des ressources et les besoins soci\u00e9taux.<br>Gr\u00e2ce \u00e0 notre protocole d&rsquo;accord, ProGEO et EGS collaborent \u00e0 l&rsquo;avancement de la g\u00e9oconservation et du g\u00e9opatrimoine en Europe, en partageant leur expertise, en soutenant des initiatives conjointes et en renfor\u00e7ant le lien entre la recherche, la pratique et les politiques. L&rsquo;accord du 26 mars 2014 entre l&rsquo;EGS et ProGEO a \u00e9t\u00e9 sign\u00e9 pour promouvoir une politique europ\u00e9enne coordonn\u00e9e pour la g\u00e9oconservation, la reconnaissance, la cat\u00e9gorisation et la documentation des sites d&rsquo;int\u00e9r\u00eat g\u00e9ologique (g\u00e9osites).<\/p>\n\n\n\n<figure class=\"wp-block-image size-full p-3 p-md-5\"><img loading=\"lazy\" decoding=\"async\" width=\"237\" height=\"123\" src=\"https:\/\/www.progeo.ngo\/wp-content\/uploads\/2026\/02\/03de44_00abdccc4a884289860042a07b70d8a4mv2.avif\" alt=\"\" class=\"wp-image-896\"\/><\/figure>\n<\/div>\n\n\n\n<div class=\"wp-block-column p-3 p-md-5 has-white-background-color has-background is-content-justification-left is-layout-constrained wp-container-core-column-is-layout-7922fe60 wp-block-column-is-layout-constrained\">\n<figure class=\"wp-block-image alignleft size-full mb-2\"><img loading=\"lazy\" decoding=\"async\" width=\"432\" height=\"272\" src=\"https:\/\/www.progeo.ngo\/wp-content\/uploads\/2026\/02\/egs-progeo.avif\" alt=\"\" class=\"wp-image-899\" srcset=\"https:\/\/www.progeo.ngo\/wp-content\/uploads\/2026\/02\/egs-progeo.avif 432w, https:\/\/www.progeo.ngo\/wp-content\/uploads\/2026\/02\/egs-progeo-300x189.jpg 300w\" sizes=\"auto, (max-width: 432px) 100vw, 432px\" \/><\/figure>\n\n\n\n<p class=\"has-text-align-left has-small-font-size\"><br><\/p>\n\n\n\n<p><\/p>\n\n\n\n<p class=\"has-text-align-left pt-1 has-small-font-size\">\u00ab Lors de la 36e assembl\u00e9e g\u00e9n\u00e9rale de l&rsquo;EGS, qui s&rsquo;est tenue \u00e0 Bruxelles le mardi 25 mars, l&rsquo;EGS a sign\u00e9 un protocole d&rsquo;accord (MoU) avec ProGEO. La c\u00e9r\u00e9monie s&rsquo;est d\u00e9roul\u00e9e en pr\u00e9sence de tous les membres de l&rsquo;EGS et d&rsquo;invit\u00e9s du monde entier. \u00bb<br>\u2014 EuroGeoSurveys News, Num\u00e9ro 14, avril 2014<\/p>\n<\/div>\n<\/div>\n<\/div>\n","protected":false},"excerpt":{"rendered":"<p>Organisations avec lesquelles nous avons sign\u00e9 un protocole d&rsquo;accord ProGEO collabore avec des partenaires internationaux s\u00e9lectionn\u00e9s par le biais de protocoles d&rsquo;accord formels (Memoranda of Understanding &#8211; MoUs). Ces accords renforcent nos efforts conjoints en mati\u00e8re de recherche, de g\u00e9oconservation, d&rsquo;\u00e9change professionnel et de rayonnement mondial. Voici les organisations avec lesquelles ProGEO a \u00e9tabli des [&hellip;]<\/p>\n","protected":false},"author":1,"featured_media":0,"parent":1769,"menu_order":0,"comment_status":"closed","ping_status":"closed","template":"page-headless.php","meta":{"footnotes":""},"class_list":["post-1931","page","type-page","status-publish","hentry"],"_links":{"self":[{"href":"https:\/\/www.progeo.ngo\/fr\/wp-json\/wp\/v2\/pages\/1931","targetHints":{"allow":["GET"]}}],"collection":[{"href":"https:\/\/www.progeo.ngo\/fr\/wp-json\/wp\/v2\/pages"}],"about":[{"href":"https:\/\/www.progeo.ngo\/fr\/wp-json\/wp\/v2\/types\/page"}],"author":[{"embeddable":true,"href":"https:\/\/www.progeo.ngo\/fr\/wp-json\/wp\/v2\/users\/1"}],"replies":[{"embeddable":true,"href":"https:\/\/www.progeo.ngo\/fr\/wp-json\/wp\/v2\/comments?post=1931"}],"version-history":[{"count":3,"href":"https:\/\/www.progeo.ngo\/fr\/wp-json\/wp\/v2\/pages\/1931\/revisions"}],"predecessor-version":[{"id":2879,"href":"https:\/\/www.progeo.ngo\/fr\/wp-json\/wp\/v2\/pages\/1931\/revisions\/2879"}],"up":[{"embeddable":true,"href":"https:\/\/www.progeo.ngo\/fr\/wp-json\/wp\/v2\/pages\/1769"}],"wp:attachment":[{"href":"https:\/\/www.progeo.ngo\/fr\/wp-json\/wp\/v2\/media?parent=1931"}],"curies":[{"name":"wp","href":"https:\/\/api.w.org\/{rel}","templated":true}]}}