{"id":1893,"date":"2026-01-27T17:45:03","date_gmt":"2026-01-27T16:45:03","guid":{"rendered":"https:\/\/www.progeo.ngo\/calendar\/calendar-2026\/"},"modified":"2026-03-24T00:18:54","modified_gmt":"2026-03-23T23:18:54","slug":"calendar-2026","status":"publish","type":"page","link":"https:\/\/www.progeo.ngo\/fr\/calendar\/calendar-2026\/","title":{"rendered":"Calendrier 2026"},"content":{"rendered":"\n<div class=\"wp-block-group pb-md-5 is-layout-constrained wp-block-group-is-layout-constrained\">\n<h1 class=\"wp-block-heading mb-4 has-text-color has-link-color wp-elements-d09c0c923ce0b0cacaeddbf220776ac7\" style=\"color:#8f907b;font-size:45px\"><strong>Calendrier 2026<\/strong><\/h1>\n<\/div>\n\n\n\n<div class=\"wp-block-group is-content-justification-center is-layout-constrained wp-block-group-is-layout-constrained\">\n<div class=\"wp-block-columns mt-5 is-layout-flex wp-container-core-columns-is-layout-28f84493 wp-block-columns-is-layout-flex\">\n<div class=\"wp-block-column is-layout-flow wp-block-column-is-layout-flow\" style=\"flex-basis:33.33%\">\n<p style=\"font-size:28px\"><strong>13-16 avril<\/strong><\/p>\n<\/div>\n\n\n\n<div class=\"wp-block-column is-layout-flow wp-block-column-is-layout-flow\" style=\"flex-basis:66.66%\">\n<p class=\"has-medium-font-size\"><strong>XIV Symposium Sud-Am\u00e9ricain de G\u00e9ologie des Isotopes<\/strong><\/p>\n\n\n\n<p>\ud83d\udccc Lieu : Montevideo, Uruguay<br>\ud83c\udf10 <a href=\"https:\/\/ssagi2026.org\" data-type=\"link\" data-id=\"https:\/\/ssagi2026.org\" target=\"_blank\" rel=\"noreferrer noopener\">https:\/\/ssagi2026.org<\/a><\/p>\n<\/div>\n<\/div>\n<\/div>\n\n\n\n<div class=\"wp-block-group is-layout-constrained wp-block-group-is-layout-constrained\">\n<div class=\"wp-block-columns mt-5 is-layout-flex wp-container-core-columns-is-layout-28f84493 wp-block-columns-is-layout-flex\">\n<div class=\"wp-block-column is-layout-flow wp-block-column-is-layout-flow\" style=\"flex-basis:33.33%\">\n<p style=\"font-size:28px\"><strong>3-8 mai<\/strong><\/p>\n<\/div>\n\n\n\n<div class=\"wp-block-column is-layout-flow wp-block-column-is-layout-flow\" style=\"flex-basis:66.66%\">\n<p class=\"has-medium-font-size\"><strong>Assembl\u00e9e G\u00e9n\u00e9rale de l&rsquo;Union Europ\u00e9enne des G\u00e9osciences (EGU) 2026<\/strong><\/p>\n\n\n\n<p>\ud83d\udccc Lieu : Austria Center Vienna (ACV), Vienne, Autriche<br>L&rsquo;Assembl\u00e9e G\u00e9n\u00e9rale de l&rsquo;EGU est l&rsquo;une des plus grandes conf\u00e9rences en g\u00e9osciences au monde, couvrant toutes les disciplines des sciences de la Terre, plan\u00e9taires et spatiales.<br>Inclut la Session ITS3.4\/GM3, Paysages mythog\u00e9niques : De la g\u00e9odiversit\u00e9 \u00e0 travers la g\u00e9omythologie jusqu&rsquo;au patrimoine g\u00e9ologique<\/p>\n\n\n\n<p>\ud83c\udf10 <a href=\"https:\/\/www.egu26.eu\/session\/57668\" target=\"_blank\" rel=\"noreferrer noopener\">https:\/\/www.egu26.eu\/session\/57668<\/a><\/p>\n<\/div>\n<\/div>\n\n\n\n<div class=\"wp-block-columns mt-5 is-layout-flex wp-container-core-columns-is-layout-28f84493 wp-block-columns-is-layout-flex\">\n<div class=\"wp-block-column is-layout-flow wp-block-column-is-layout-flow\" style=\"flex-basis:33.33%\">\n<p style=\"font-size:28px\"><strong>14-16 ao\u00fbt<\/strong><\/p>\n<\/div>\n\n\n\n<div class=\"wp-block-column is-layout-flow wp-block-column-is-layout-flow\" style=\"flex-basis:66.66%\">\n<p class=\"has-medium-font-size\"><strong>Conf\u00e9rence GeoSciEd<\/strong><\/p>\n\n\n\n<p>\ud83d\udccc Lieu : Ad\u00e9la\u00efde, Australie<br>GeoSciEd est une conf\u00e9rence internationale ax\u00e9e sur l&rsquo;enseignement des g\u00e9osciences dans son sens le plus large. Elle a lieu tous les quatre ans et est la conf\u00e9rence phare de l&rsquo;Organisation Internationale pour l&rsquo;Enseignement des G\u00e9osciences<\/p>\n\n\n\n<p>\ud83c\udf10 <a href=\"https:\/\/www.igeoscied.org\/activities\/geoscied\/\" target=\"_blank\" rel=\"noreferrer noopener\">https:\/\/www.igeoscied.org\/activities\/geoscied\/<\/a><\/p>\n<\/div>\n<\/div>\n\n\n\n<div class=\"wp-block-columns mt-5 is-layout-flex wp-container-core-columns-is-layout-28f84493 wp-block-columns-is-layout-flex\">\n<div class=\"wp-block-column is-layout-flow wp-block-column-is-layout-flow\" style=\"flex-basis:33.33%\">\n<p style=\"font-size:28px\"><strong>16-19 septembre<\/strong><\/p>\n<\/div>\n\n\n\n<div class=\"wp-block-column is-layout-flow wp-block-column-is-layout-flow\" style=\"flex-basis:66.66%\">\n<p class=\"has-medium-font-size\"><strong>18\u00e8me Conf\u00e9rence Internationale des G\u00e9oparcs Europ\u00e9ens, organis\u00e9e par le G\u00e9oparc Mondial UNESCO Saimaa<\/strong><\/p>\n\n\n\n<p>\ud83d\udccc Lappeenranta, Finlande<\/p>\n\n\n\n<p>\ud83c\udf10 <a href=\"https:\/\/saimaageopark.fi\/en\/egn2026\/\" target=\"_blank\" rel=\"noreferrer noopener\">https:\/\/saimaageopark.fi\/en\/egn2026\/<\/a><\/p>\n<\/div>\n<\/div>\n\n\n\n<div class=\"wp-block-columns mt-5 is-layout-flex wp-container-core-columns-is-layout-28f84493 wp-block-columns-is-layout-flex\">\n<div class=\"wp-block-column is-layout-flow wp-block-column-is-layout-flow\" style=\"flex-basis:33.33%\">\n<p style=\"font-size:28px\"><strong>11-14 octobre<\/strong><\/p>\n<\/div>\n\n\n\n<div class=\"wp-block-column is-layout-flow wp-block-column-is-layout-flow\" style=\"flex-basis:66.66%\">\n<p class=\"has-medium-font-size\"><strong>R\u00e9unions Annuelles de la Soci\u00e9t\u00e9 G\u00e9ologique d&rsquo;Am\u00e9rique (GSA)<\/strong><\/p>\n\n\n\n<p>\ud83d\udccc Denver, Colorado, \u00c9tats-Unis<\/p>\n\n\n\n<p><a href=\"https:\/\/www.geosociety.org\/GSA\/GSA\/Events\/Annual_Meeting.aspx\">https:\/\/www.geosociety.org\/GSA\/GSA\/Events\/Annual_Meeting.aspx<\/a><\/p>\n<\/div>\n<\/div>\n\n\n\n<div class=\"wp-block-columns mt-5 is-layout-flex wp-container-core-columns-is-layout-28f84493 wp-block-columns-is-layout-flex\">\n<div class=\"wp-block-column is-layout-flow wp-block-column-is-layout-flow\" style=\"flex-basis:33.33%\">\n<p style=\"font-size:28px\"><strong>19-20 octobre<\/strong><\/p>\n<\/div>\n\n\n\n<div class=\"wp-block-column is-layout-flow wp-block-column-is-layout-flow\" style=\"flex-basis:66.66%\">\n<p class=\"has-medium-font-size\"><strong>GeoLAC 2026 \u2013 8\u00e8me Conf\u00e9rence du R\u00e9seau des G\u00e9oparcs d&rsquo;Am\u00e9rique Latine et des Cara\u00efbes<\/strong><\/p>\n\n\n\n<p>Elle est organis\u00e9e par le R\u00e9seau Mondial des G\u00e9oparcs d&rsquo;Am\u00e9rique Latine et des Cara\u00efbes en collaboration avec les partenaires des G\u00e9oparcs Mondiaux UNESCO, le G\u00e9oparc Mondial UNESCO Mixteca Alta, l&rsquo;Universit\u00e9 Nationale Autonome du Mexique (UNAM) et le Gouvernement d&rsquo;Oaxaca.<\/p>\n\n\n\n<p>\ud83d\udccc Oaxaca de Ju\u00e1rez, Oaxaca, Mexique.<\/p>\n\n\n\n<p>\ud83c\udf10 <a href=\"https:\/\/geolac2026.org\" target=\"_blank\" rel=\"noreferrer noopener\">https:\/\/geolac2026.org<\/a><\/p>\n<\/div>\n<\/div>\n<\/div>\n","protected":false},"excerpt":{"rendered":"<p>Calendrier 2026 13-16 avril XIV Symposium Sud-Am\u00e9ricain de G\u00e9ologie des Isotopes \ud83d\udccc Lieu : Montevideo, Uruguay\ud83c\udf10 https:\/\/ssagi2026.org 3-8 mai Assembl\u00e9e G\u00e9n\u00e9rale de l&rsquo;Union Europ\u00e9enne des G\u00e9osciences (EGU) 2026 \ud83d\udccc Lieu : Austria Center Vienna (ACV), Vienne, AutricheL&rsquo;Assembl\u00e9e G\u00e9n\u00e9rale de l&rsquo;EGU est l&rsquo;une des plus grandes conf\u00e9rences en g\u00e9osciences au monde, couvrant toutes les disciplines des [&hellip;]<\/p>\n","protected":false},"author":1,"featured_media":0,"parent":1837,"menu_order":0,"comment_status":"closed","ping_status":"closed","template":"page-headless.php","meta":{"footnotes":""},"class_list":["post-1893","page","type-page","status-publish","hentry"],"_links":{"self":[{"href":"https:\/\/www.progeo.ngo\/fr\/wp-json\/wp\/v2\/pages\/1893","targetHints":{"allow":["GET"]}}],"collection":[{"href":"https:\/\/www.progeo.ngo\/fr\/wp-json\/wp\/v2\/pages"}],"about":[{"href":"https:\/\/www.progeo.ngo\/fr\/wp-json\/wp\/v2\/types\/page"}],"author":[{"embeddable":true,"href":"https:\/\/www.progeo.ngo\/fr\/wp-json\/wp\/v2\/users\/1"}],"replies":[{"embeddable":true,"href":"https:\/\/www.progeo.ngo\/fr\/wp-json\/wp\/v2\/comments?post=1893"}],"version-history":[{"count":2,"href":"https:\/\/www.progeo.ngo\/fr\/wp-json\/wp\/v2\/pages\/1893\/revisions"}],"predecessor-version":[{"id":2702,"href":"https:\/\/www.progeo.ngo\/fr\/wp-json\/wp\/v2\/pages\/1893\/revisions\/2702"}],"up":[{"embeddable":true,"href":"https:\/\/www.progeo.ngo\/fr\/wp-json\/wp\/v2\/pages\/1837"}],"wp:attachment":[{"href":"https:\/\/www.progeo.ngo\/fr\/wp-json\/wp\/v2\/media?parent=1893"}],"curies":[{"name":"wp","href":"https:\/\/api.w.org\/{rel}","templated":true}]}}