{"id":1883,"date":"2026-01-27T17:44:20","date_gmt":"2026-01-27T16:44:20","guid":{"rendered":"https:\/\/www.progeo.ngo\/calendar\/calendar-2025\/"},"modified":"2026-03-24T00:20:07","modified_gmt":"2026-03-23T23:20:07","slug":"calendar-2025","status":"publish","type":"page","link":"https:\/\/www.progeo.ngo\/fr\/calendar\/calendar-2025\/","title":{"rendered":"Calendrier 2025"},"content":{"rendered":"\n<div class=\"wp-block-group pb-md-5 is-layout-constrained wp-block-group-is-layout-constrained\">\n<h1 class=\"wp-block-heading mb-4 has-text-color has-link-color wp-elements-046130be6319dac5769bd354087c6181\" style=\"color:#8f907b;font-size:45px\"><strong>Calendrier 2025<\/strong><\/h1>\n<\/div>\n\n\n\n<div class=\"wp-block-group is-content-justification-center is-layout-constrained wp-block-group-is-layout-constrained\">\n<div class=\"wp-block-columns mt-5 is-layout-flex wp-container-core-columns-is-layout-28f84493 wp-block-columns-is-layout-flex\">\n<div class=\"wp-block-column is-layout-flow wp-block-column-is-layout-flow\" style=\"flex-basis:33.33%\">\n<p style=\"font-size:28px\"><strong>22 mars<\/strong><\/p>\n<\/div>\n\n\n\n<div class=\"wp-block-column is-layout-flow wp-block-column-is-layout-flow\" style=\"flex-basis:66.66%\">\n<p class=\"has-medium-font-size\"><strong>Journ\u00e9e de l&rsquo;Hydrog\u00e9ologie (Hydrogeoday)<\/strong><\/p>\n\n\n\n<p>\u00c9v\u00e9nement annuel de vulgarisation, Assoc. Int. des Hydrog\u00e9ologues,<\/p>\n\n\n\n<p>Groupe Espagnol,<\/p>\n\n\n\n<p>Dans de nombreuses provinces d&rsquo;Espagne<\/p>\n\n\n\n<p><a href=\"https:\/\/www.aih-ge.org\/hidrogeodia\/\">https:\/\/www.aih-ge.org\/hidrogeodia\/<\/a><\/p>\n<\/div>\n<\/div>\n\n\n\n<div class=\"wp-block-columns mt-5 is-layout-flex wp-container-core-columns-is-layout-28f84493 wp-block-columns-is-layout-flex\">\n<div class=\"wp-block-column is-layout-flow wp-block-column-is-layout-flow\" style=\"flex-basis:33.33%\">\n<p style=\"font-size:28px\"><strong>27-29 mars<\/strong><\/p>\n<\/div>\n\n\n\n<div class=\"wp-block-column is-layout-flow wp-block-column-is-layout-flow\" style=\"flex-basis:66.66%\">\n<p class=\"has-medium-font-size\"><strong>\u00ab\u00a0Conf\u00e9rence Virtuelle de ProGEO sur la G\u00e9oconservation\u00a0\u00bb &#8211; 2\u00e8me \u00e9dition<\/strong><\/p>\n\n\n\n<p>Conf\u00e9rences,<\/p>\n\n\n\n<p>Rome-P\u00e9rouse, Italie, (en ligne)<\/p>\n\n\n\n<p>Organisateurs : Groupe de Travail de ProGEO Europe du Sud-Ouest.<\/p>\n\n\n\n<p>(Irene M. Bollati et al.)<\/p>\n<\/div>\n<\/div>\n<\/div>\n\n\n\n<div class=\"wp-block-group is-layout-constrained wp-block-group-is-layout-constrained\">\n<div class=\"wp-block-columns mt-5 is-layout-flex wp-container-core-columns-is-layout-28f84493 wp-block-columns-is-layout-flex\">\n<div class=\"wp-block-column is-layout-flow wp-block-column-is-layout-flow\" style=\"flex-basis:33.33%\">\n<p style=\"font-size:28px\"><strong>14-19 avril<\/strong><\/p>\n<\/div>\n\n\n\n<div class=\"wp-block-column is-layout-flow wp-block-column-is-layout-flow\" style=\"flex-basis:66.66%\">\n<p class=\"has-medium-font-size\"><strong>77\u00e8me Congr\u00e8s G\u00e9ologique de Turquie<\/strong><\/p>\n\n\n\n<p>Session,<\/p>\n\n\n\n<p>Ankara (Turquie)<\/p>\n\n\n\n<p>\u00abG\u00e9ologie Culturelle, Patrimoine G\u00e9ologique et G\u00e9otourisme\u00bb<\/p>\n\n\n\n<p>Organisateurs : ProGEO Jeolojik Miras\u0131 Koruma Derne\u011fi \u2013 JeMirKo (local)<\/p>\n\n\n\n<p><a href=\"https:\/\/tjk.jmo.org.tr\/kurultaylar-icerik-detay.php?lg=en&amp;kod=161&amp;kurultayKod=1015\">https:\/\/tjk.jmo.org.tr\/kurultaylar-icerik-detay.php?lg=en&amp;kod=161&amp;kurultayKod=1015<\/a><\/p>\n<\/div>\n<\/div>\n\n\n\n<div class=\"wp-block-columns mt-5 is-layout-flex wp-container-core-columns-is-layout-28f84493 wp-block-columns-is-layout-flex\">\n<div class=\"wp-block-column is-layout-flow wp-block-column-is-layout-flow\" style=\"flex-basis:33.33%\">\n<p style=\"font-size:28px\"><strong>27 avril &#8211; 2 mai<\/strong><\/p>\n<\/div>\n\n\n\n<div class=\"wp-block-column is-layout-flow wp-block-column-is-layout-flow\" style=\"flex-basis:66.66%\">\n<p class=\"has-medium-font-size\"><strong>EGU 25 Session GM4.5 :<\/strong><\/p>\n\n\n\n<p class=\"has-medium-font-size\"><strong>\u00abLa Contribution de la G\u00e9odiversit\u00e9 et du Patrimoine G\u00e9ologique \u00e0 la Soci\u00e9t\u00e9 \u2013 Relier les G\u00e9osciences, l&rsquo;\u00c9ducation et la Participation Communautaire\u00bb<\/strong><\/p>\n\n\n\n<p>Session,<\/p>\n\n\n\n<p>Vienne, Autriche et en ligne<\/p>\n\n\n\n<p>Co-organis\u00e9e par le Groupe de Travail sur les G\u00e9omorphosites de l&rsquo;Association Internationale des G\u00e9omorphologues (IAG) et ProGEO.<\/p>\n\n\n\n<p>Lesley Dunlop et M\u00e1rton P\u00e1l et al.<\/p>\n\n\n\n<p><a href=\"https:\/\/www.egu25.eu\">https:\/\/www.egu25.eu<\/a><\/p>\n\n\n\n<p><a href=\"https:\/\/meetingorganizer.copernicus.org\/EGU25\/session\/51781\">https:\/\/meetingorganizer.copernicus.org\/EGU25\/session\/51781<\/a><\/p>\n<\/div>\n<\/div>\n\n\n\n<div class=\"wp-block-columns mt-5 is-layout-flex wp-container-core-columns-is-layout-28f84493 wp-block-columns-is-layout-flex\">\n<div class=\"wp-block-column is-layout-flow wp-block-column-is-layout-flow\" style=\"flex-basis:33.33%\">\n<p style=\"font-size:28px\"><strong>27 avril &#8211; 2 mai<\/strong><\/p>\n<\/div>\n\n\n\n<div class=\"wp-block-column is-layout-flow wp-block-column-is-layout-flow\" style=\"flex-basis:66.66%\">\n<p class=\"has-medium-font-size\"><strong>EGU 25, Session ITS3.13 : \u00abG\u00e9omythologie : Relier les Humanit\u00e9s et les G\u00e9osciences\u00bb<\/strong><\/p>\n\n\n\n<p>Session,<\/p>\n\n\n\n<p>Vienne, Autriche et en ligne<\/p>\n\n\n\n<p>Organisateurs : Dariusz Bryka\u0142a, Timothy Burbery, Andrea Fischer, Robert Piotrowski, Kevin Page<\/p>\n\n\n\n<p><a href=\"https:\/\/www.egu25.eu\">https:\/\/www.egu25.eu<\/a><\/p>\n\n\n\n<p><a href=\"https:\/\/meetingorganizer.copernicus.org\/EGU25\/session\/54109\">https:\/\/meetingorganizer.copernicus.org\/EGU25\/session\/54109<\/a><\/p>\n<\/div>\n<\/div>\n\n\n\n<div class=\"wp-block-columns mt-5 is-layout-flex wp-container-core-columns-is-layout-28f84493 wp-block-columns-is-layout-flex\">\n<div class=\"wp-block-column is-layout-flow wp-block-column-is-layout-flow\" style=\"flex-basis:33.33%\">\n<p style=\"font-size:28px\"><strong>27 avril &#8211; 2 mai<\/strong><\/p>\n<\/div>\n\n\n\n<div class=\"wp-block-column is-layout-flow wp-block-column-is-layout-flow\" style=\"flex-basis:66.66%\">\n<p class=\"has-medium-font-size\"><strong>EGU 25, Cours court : \u00abG\u00e9odiversit\u00e9, patrimoine g\u00e9ologique et g\u00e9oconservation : des outils pour un monde plus durable\u00bb<\/strong><\/p>\n\n\n\n<p>Cours court<\/p>\n\n\n\n<p>Vienne, Autriche et en ligne<\/p>\n\n\n\n<p>Organisateurs : Vittoria Vandelli, Lesley Dunlop, Paula Naomi Irapta, Alicja Najwer, M\u00e1rton P\u00e1l.<\/p>\n\n\n\n<p><a href=\"https:\/\/www.egu25.eu\">https:\/\/www.egu25.eu<\/a><\/p>\n\n\n\n<p><a href=\"https:\/\/meetingorganizer.copernicus.org\/EGU25\/session\/53333\">https:\/\/meetingorganizer.copernicus.org\/EGU25\/session\/53333<\/a><\/p>\n<\/div>\n<\/div>\n\n\n\n<div class=\"wp-block-columns mt-5 is-layout-flex wp-container-core-columns-is-layout-28f84493 wp-block-columns-is-layout-flex\">\n<div class=\"wp-block-column is-layout-flow wp-block-column-is-layout-flow\" style=\"flex-basis:33.33%\">\n<p style=\"font-size:28px\"><strong>10-11 mai<\/strong><\/p>\n<\/div>\n\n\n\n<div class=\"wp-block-column is-layout-flow wp-block-column-is-layout-flow\" style=\"flex-basis:66.66%\">\n<p class=\"has-medium-font-size\"><strong>Geolod\u00eda (Journ\u00e9e de la G\u00e9ologie)<\/strong><\/p>\n\n\n\n<p>\u00c9v\u00e9nement annuel de vulgarisation,<\/p>\n\n\n\n<p>Plus de 50 localit\u00e9s (toutes les provinces d&rsquo;Espagne, plus quelques \u00eeles)<\/p>\n\n\n\n<p>Organisateurs : Soci\u00e9t\u00e9 G\u00e9ologique d&rsquo;Espagne,<\/p>\n\n\n\n<p><a href=\"https:\/\/geolodia.es\/\">https:\/\/geolodia.es\/<\/a><\/p>\n<\/div>\n<\/div>\n\n\n\n<div class=\"wp-block-columns mt-5 is-layout-flex wp-container-core-columns-is-layout-28f84493 wp-block-columns-is-layout-flex\">\n<div class=\"wp-block-column is-layout-flow wp-block-column-is-layout-flow\" style=\"flex-basis:33.33%\">\n<p style=\"font-size:28px\"><strong>12-27 ao\u00fbt<\/strong><\/p>\n<\/div>\n\n\n\n<div class=\"wp-block-column is-layout-flow wp-block-column-is-layout-flow\" style=\"flex-basis:66.66%\">\n<p class=\"has-medium-font-size\"><strong>\u00c9cole Internationale d&rsquo;\u00c9t\u00e9<\/strong><br><strong>\u2014<\/strong><\/p>\n\n\n\n<p class=\"has-medium-font-size\"><strong>Formation de Terrain sur la G\u00e9ologie et le Patrimoine G\u00e9ologique<\/strong> <strong>\u00abPatrimoine G\u00e9ologique de la Route de la Soie\u00bb<\/strong><\/p>\n\n\n\n<p>Atelier de terrain,<\/p>\n\n\n\n<p>Tien Shan occidental, Kirghizistan, Asie Centrale.<\/p>\n\n\n\n<p>Organisateurs : Tian-shan Shan Geological Society. Contact : Alexey Dudashvili,<\/p>\n\n\n\n<p class=\"has-medium-font-size\"><a href=\"https:\/\/www.geotianshan.org\/en\/expeditions\/international-summer-school-on-geology-2025\/\">https:\/\/www.geotianshan.org\/en\/expeditions\/international-summer-school-on-geology-2025\/<\/a><\/p>\n<\/div>\n<\/div>\n\n\n\n<div class=\"wp-block-columns mt-5 is-layout-flex wp-container-core-columns-is-layout-28f84493 wp-block-columns-is-layout-flex\">\n<div class=\"wp-block-column is-layout-flow wp-block-column-is-layout-flow\" style=\"flex-basis:33.33%\">\n<p style=\"font-size:28px\"><strong>13 ao\u00fbt<\/strong><\/p>\n<\/div>\n\n\n\n<div class=\"wp-block-column is-layout-flow wp-block-column-is-layout-flow\" style=\"flex-basis:66.66%\">\n<p class=\"has-medium-font-size\"><strong>S\u00e9minaire dans le cadre de l&rsquo;\u00c9cole Internationale d&rsquo;\u00c9t\u00e9<\/strong><\/p>\n\n\n\n<p class=\"has-medium-font-size\"><strong>\u2014<\/strong><\/p>\n\n\n\n<p class=\"has-medium-font-size\"><strong>Formation de Terrain<\/strong><\/p>\n\n\n\n<p class=\"has-medium-font-size\"><strong>sur la G\u00e9ologie et le Patrimoine G\u00e9ologique<\/strong><\/p>\n\n\n\n<p class=\"has-medium-font-size\"><strong>\u00abPatrimoine G\u00e9ologique de la Route de la Soie\u00bb<\/strong><\/p>\n\n\n\n<p>S\u00e9minaire, Salve<\/p>\n\n\n\n<p>Ville de Cholpon-Ata dans le Tien Shan occidental, Kirghizistan, Asie Centrale.<\/p>\n\n\n\n<p>Organisateurs : Tian-shan Shan Geological Society. Contact : Alexey Dudashvili,<\/p>\n\n\n\n<p><a href=\"https:\/\/www.geotianshan.org\/en\/expeditions\/international-summer-school-on-geology-2025\">https:\/\/www.geotianshan.org\/en\/expeditions\/international-summer-school-on-geology-2025<\/a><\/p>\n<\/div>\n<\/div>\n\n\n\n<div class=\"wp-block-columns mt-5 is-layout-flex wp-container-core-columns-is-layout-28f84493 wp-block-columns-is-layout-flex\">\n<div class=\"wp-block-column is-layout-flow wp-block-column-is-layout-flow\" style=\"flex-basis:33.33%\">\n<p style=\"font-size:28px\"><strong>30 septembre &#8211; 2 octobre<\/strong><\/p>\n<\/div>\n\n\n\n<div class=\"wp-block-column is-layout-flow wp-block-column-is-layout-flow\" style=\"flex-basis:66.66%\">\n<p class=\"has-medium-font-size\"><strong>12\u00e8me Symposium International de ProGEO \u00ab\u00a0C\u00e9l\u00e9brer le Patrimoine G\u00e9ologique et les G\u00e9oparcs\u00a0\u00bb<\/strong><\/p>\n\n\n\n<p>Symposium,<\/p>\n\n\n\n<p>Tulcea et le G\u00e9oparc de Dobrogea Cim\u00e9rique, Roumanie<\/p>\n\n\n\n<p>GeoEcoMar (Andrei Briceag et Antoneta Seghedi)<\/p>\n\n\n\n<p>et Universit\u00e9 de Bucarest (Alexandru Andr\u0103\u0219anu)<\/p>\n\n\n\n<p>Organisateurs : GeoEcoMar (Andrei Briceag et Antoneta Seghedi)<\/p>\n\n\n\n<p>et Universit\u00e9 de Bucarest (Alexandru Andr\u0103\u0219anu)<\/p>\n\n\n\n<p><a href=\"https:\/\/progeo2025.com\">https:\/\/progeo2025.com<\/a><\/p>\n<\/div>\n<\/div>\n\n\n\n<div class=\"wp-block-columns mt-5 is-layout-flex wp-container-core-columns-is-layout-28f84493 wp-block-columns-is-layout-flex\">\n<div class=\"wp-block-column is-layout-flow wp-block-column-is-layout-flow\" style=\"flex-basis:33.33%\">\n<p style=\"font-size:28px\"><strong>19-22 octobre<\/strong><\/p>\n<\/div>\n\n\n\n<div class=\"wp-block-column is-layout-flow wp-block-column-is-layout-flow\" style=\"flex-basis:66.66%\">\n<p class=\"has-medium-font-size\"><strong>GSA Connects 2025<\/strong><\/p>\n\n\n\n<p>Conf\u00e9rence,<\/p>\n\n\n\n<p>San Antonio, TX, \u00c9tats-Unis<\/p>\n\n\n\n<p>Organisateurs : GSA est l&rsquo;organisateur principal ; Priscilla organise une session sur le patrimoine g\u00e9ologique<\/p>\n\n\n\n<p><a href=\"https:\/\/community.geosociety.org\/gsa2025\/home\">https:\/\/community.geosociety.org\/gsa2025\/home<\/a><\/p>\n<\/div>\n<\/div>\n<\/div>\n","protected":false},"excerpt":{"rendered":"<p>Calendrier 2025 22 mars Journ\u00e9e de l&rsquo;Hydrog\u00e9ologie (Hydrogeoday) \u00c9v\u00e9nement annuel de vulgarisation, Assoc. Int. des Hydrog\u00e9ologues, Groupe Espagnol, Dans de nombreuses provinces d&rsquo;Espagne https:\/\/www.aih-ge.org\/hidrogeodia\/ 27-29 mars \u00ab\u00a0Conf\u00e9rence Virtuelle de ProGEO sur la G\u00e9oconservation\u00a0\u00bb &#8211; 2\u00e8me \u00e9dition Conf\u00e9rences, Rome-P\u00e9rouse, Italie, (en ligne) Organisateurs : Groupe de Travail de ProGEO Europe du Sud-Ouest. (Irene M. Bollati et [&hellip;]<\/p>\n","protected":false},"author":1,"featured_media":0,"parent":1837,"menu_order":0,"comment_status":"closed","ping_status":"closed","template":"page-headless.php","meta":{"footnotes":""},"class_list":["post-1883","page","type-page","status-publish","hentry"],"_links":{"self":[{"href":"https:\/\/www.progeo.ngo\/fr\/wp-json\/wp\/v2\/pages\/1883","targetHints":{"allow":["GET"]}}],"collection":[{"href":"https:\/\/www.progeo.ngo\/fr\/wp-json\/wp\/v2\/pages"}],"about":[{"href":"https:\/\/www.progeo.ngo\/fr\/wp-json\/wp\/v2\/types\/page"}],"author":[{"embeddable":true,"href":"https:\/\/www.progeo.ngo\/fr\/wp-json\/wp\/v2\/users\/1"}],"replies":[{"embeddable":true,"href":"https:\/\/www.progeo.ngo\/fr\/wp-json\/wp\/v2\/comments?post=1883"}],"version-history":[{"count":4,"href":"https:\/\/www.progeo.ngo\/fr\/wp-json\/wp\/v2\/pages\/1883\/revisions"}],"predecessor-version":[{"id":2703,"href":"https:\/\/www.progeo.ngo\/fr\/wp-json\/wp\/v2\/pages\/1883\/revisions\/2703"}],"up":[{"embeddable":true,"href":"https:\/\/www.progeo.ngo\/fr\/wp-json\/wp\/v2\/pages\/1837"}],"wp:attachment":[{"href":"https:\/\/www.progeo.ngo\/fr\/wp-json\/wp\/v2\/media?parent=1883"}],"curies":[{"name":"wp","href":"https:\/\/api.w.org\/{rel}","templated":true}]}}