{"id":1869,"date":"2026-02-09T13:31:22","date_gmt":"2026-02-09T12:31:22","guid":{"rendered":"https:\/\/www.progeo.ngo\/members-partnerns\/institutional-member-organisations\/"},"modified":"2026-03-24T09:46:37","modified_gmt":"2026-03-24T08:46:37","slug":"institutional-member-organisations","status":"publish","type":"page","link":"https:\/\/www.progeo.ngo\/fr\/members-partnerns\/institutional-member-organisations\/","title":{"rendered":"Organisations membres institutionnelles"},"content":{"rendered":"\n<div class=\"wp-block-group is-layout-constrained wp-block-group-is-layout-constrained\">\n<p class=\"has-text-align-center has-large-font-size\">Organisations membres institutionnelles<\/p>\n\n\n\n<p><\/p>\n<\/div>\n\n\n\n<div class=\"wp-block-group mt-5 is-layout-constrained wp-block-group-is-layout-constrained\">\n<div class=\"wp-block-columns is-layout-flex wp-container-core-columns-is-layout-28f84493 wp-block-columns-is-layout-flex\">\n<div class=\"wp-block-column p-3 p-md-0 is-layout-flow wp-block-column-is-layout-flow\" style=\"flex-basis:60%\">\n<p style=\"font-size:17px\">Ce r\u00e9pertoire pr\u00e9sente les membres institutionnels de ProGEO \u2014 universit\u00e9s, services g\u00e9ologiques, instituts de recherche, mus\u00e9es d\u2019histoire naturelle, g\u00e9oparcs et autres organisations qui soutiennent activement notre mission d\u2019\u00e9tudier, de conserver et de promouvoir le patrimoine g\u00e9ologique de l\u2019Europe.<\/p>\n\n\n\n<p>Ces institutions apportent leur expertise, leurs capacit\u00e9s de recherche et leur engagement \u00e0 long terme en faveur de la conservation du g\u00e9opatrimoine. Leur collaboration renforce les projets transfrontaliers, les initiatives scientifiques, l\u2019\u00e9ducation et la sensibilisation du public.<\/p>\n\n\n\n<p style=\"font-size:17px\">La liste ci-dessous refl\u00e8te le r\u00e9seau diversifi\u00e9 et en pleine croissance de partenaires qui travaillent ensemble pour pr\u00e9server le patrimoine g\u00e9ologique pour les g\u00e9n\u00e9rations futures.<\/p>\n<\/div>\n\n\n\n<div class=\"wp-block-column is-layout-flow wp-block-column-is-layout-flow\" style=\"flex-basis:40%\">\n<figure class=\"wp-block-image size-full\"><img loading=\"lazy\" decoding=\"async\" width=\"451\" height=\"383\" src=\"https:\/\/www.progeo.ngo\/wp-content\/uploads\/2026\/02\/1-7.avif\" alt=\"\" class=\"wp-image-1027\" srcset=\"https:\/\/www.progeo.ngo\/wp-content\/uploads\/2026\/02\/1-7.avif 451w, https:\/\/www.progeo.ngo\/wp-content\/uploads\/2026\/02\/1-7-300x255.jpg 300w\" sizes=\"auto, (max-width: 451px) 100vw, 451px\" \/><\/figure>\n<\/div>\n<\/div>\n<\/div>\n\n\n\n<div class=\"wp-block-group container-fluid mt-5 has-background is-layout-constrained wp-block-group-is-layout-constrained\" style=\"background-color:#e6e4e4\">\n<p class=\"has-text-align-center py-4 has-large-font-size\">Localisation des membres institutionnels de ProGEO<\/p>\n\n\n\n<div class=\"wp-block-interactive-geo-maps-display-map\"><div class=\"map_wrapper\" id=\"map_wrapper_1023\">\n<div class=\"map_box\" style=\"max-width:2000px\">\n<div class=\"map_aspect_ratio\" style=\"padding-top:56%\" data-padding-top=\"56%\" data-padding-top-mobile=\"0%\">\n<div class=\"map_container\">\n<div class=\"map_render map_loading\" id=\"map_1023\"><\/div>\n<\/div>\n<\/div>\n<\/div>\n<\/div><\/div>\n<\/div>\n\n\n\n<div class=\"wp-block-group container-fluid mt-5 has-white-background-color has-background is-layout-constrained wp-block-group-is-layout-constrained\">\n<p class=\"has-text-align-center py-4 has-large-font-size\">D\u00e9couvrir tous les membres<\/p>\n<\/div>\n\n\n\n<div class=\"wp-block-group is-layout-constrained wp-container-core-group-is-layout-ebe5053d wp-block-group-is-layout-constrained\">\n<div class=\"wp-block-columns is-layout-flex wp-container-core-columns-is-layout-28f84493 wp-block-columns-is-layout-flex\">\n<div class=\"wp-block-column is-layout-flow wp-block-column-is-layout-flow\">\n<div class=\"wp-block-getwid-icon-box has-text-center\"><div class=\"wp-block-getwid-icon-box__icon-container is-position-top\"><div class=\"wp-block-getwid-icon-box__icon-wrapper\" style=\"font-size:40px\"><i class=\"fas fa-university\"><\/i><\/div><\/div><div class=\"wp-block-getwid-icon-box__content\">\n<p style=\"font-size:15px\"><strong>Andorra Research + Innovation<\/strong><\/p>\n\n\n\n<p>ANDORRE<\/p>\n<\/div><\/div>\n<\/div>\n\n\n\n<div class=\"wp-block-column is-layout-flow wp-block-column-is-layout-flow\">\n<div class=\"wp-block-getwid-icon-box has-text-center\"><div class=\"wp-block-getwid-icon-box__icon-container is-position-top\"><div class=\"wp-block-getwid-icon-box__icon-wrapper\" style=\"font-size:40px\"><i class=\"fas fa-university\"><\/i><\/div><\/div><div class=\"wp-block-getwid-icon-box__content\">\n<p style=\"font-size:15px\"><strong>Institut de g\u00e9ologie et de g\u00e9ophysique, Acad\u00e9mie nationale des sciences d\u2019Azerba\u00efdjansciences d\u2019Azerba\u00efdjan<\/strong><\/p>\n\n\n\n<p>AZERBA\u00cfDJAN<\/p>\n<\/div><\/div>\n<\/div>\n\n\n\n<div class=\"wp-block-column is-layout-flow wp-block-column-is-layout-flow\">\n<div class=\"wp-block-getwid-icon-box has-text-center\"><div class=\"wp-block-getwid-icon-box__icon-container is-position-top\"><div class=\"wp-block-getwid-icon-box__icon-wrapper\" style=\"font-size:40px\"><i class=\"fas fa-university\"><\/i><\/div><\/div><div class=\"wp-block-getwid-icon-box__content\">\n<p style=\"font-size:15px\"><strong>Service g\u00e9ologique de Belgique<\/strong><\/p>\n\n\n\n<p>BELGIQUE<\/p>\n<\/div><\/div>\n<\/div>\n\n\n\n<div class=\"wp-block-column is-layout-flow wp-block-column-is-layout-flow\">\n<div class=\"wp-block-getwid-icon-box has-text-center\"><div class=\"wp-block-getwid-icon-box__icon-container is-position-top\"><div class=\"wp-block-getwid-icon-box__icon-wrapper\" style=\"font-size:40px\"><i class=\"fas fa-university\"><\/i><\/div><\/div><div class=\"wp-block-getwid-icon-box__content\">\n<p style=\"font-size:15px\"><strong>Association for Geoconservation, Hong Kong<\/strong><\/p>\n\n\n\n<p>CHINE, RAS DE HONG KONG<\/p>\n<\/div><\/div>\n<\/div>\n<\/div>\n\n\n\n<div class=\"wp-block-columns is-layout-flex wp-container-core-columns-is-layout-28f84493 wp-block-columns-is-layout-flex\">\n<div class=\"wp-block-column is-layout-flow wp-block-column-is-layout-flow\">\n<div class=\"wp-block-getwid-icon-box has-text-center\"><div class=\"wp-block-getwid-icon-box__icon-container is-position-top\"><div class=\"wp-block-getwid-icon-box__icon-wrapper\" style=\"font-size:40px\"><i class=\"fas fa-university\"><\/i><\/div><\/div><div class=\"wp-block-getwid-icon-box__content\">\n<p style=\"font-size:15px\"><strong>Service g\u00e9ologique tch\u00e8que<\/strong><\/p>\n\n\n\n<p>R\u00c9PUBLIQUE TCH\u00c8QUE<\/p>\n<\/div><\/div>\n<\/div>\n\n\n\n<div class=\"wp-block-column is-layout-flow wp-block-column-is-layout-flow\">\n<div class=\"wp-block-getwid-icon-box has-text-center\"><div class=\"wp-block-getwid-icon-box__icon-container is-position-top\"><div class=\"wp-block-getwid-icon-box__icon-wrapper\" style=\"font-size:40px\"><i class=\"fas fa-university\"><\/i><\/div><\/div><div class=\"wp-block-getwid-icon-box__content\">\n<p style=\"font-size:15px\"><strong>Agence d\u2019\u00c9tat CSIC, Institut g\u00e9ologique et minier d\u2019Espagne (IGME)<\/strong><\/p>\n\n\n\n<p>ESPAGNE<\/p>\n<\/div><\/div>\n<\/div>\n\n\n\n<div class=\"wp-block-column is-layout-flow wp-block-column-is-layout-flow\">\n<div class=\"wp-block-getwid-icon-box has-text-center\"><div class=\"wp-block-getwid-icon-box__icon-container is-position-top\"><div class=\"wp-block-getwid-icon-box__icon-wrapper\" style=\"font-size:40px\"><i class=\"fas fa-university\"><\/i><\/div><\/div><div class=\"wp-block-getwid-icon-box__content\">\n<p style=\"font-size:15px\"><strong>Soci\u00e9t\u00e9 g\u00e9ologique d\u2019Espagne<\/strong><\/p>\n\n\n\n<p>ESPAGNE<\/p>\n<\/div><\/div>\n<\/div>\n\n\n\n<div class=\"wp-block-column is-layout-flow wp-block-column-is-layout-flow\">\n<div class=\"wp-block-getwid-icon-box has-text-center\"><div class=\"wp-block-getwid-icon-box__icon-container is-position-top\"><div class=\"wp-block-getwid-icon-box__icon-wrapper\" style=\"font-size:40px\"><i class=\"fas fa-university\"><\/i><\/div><\/div><div class=\"wp-block-getwid-icon-box__content\">\n<p style=\"font-size:15px\"><strong>Fondation du Complexe pal\u00e9ontologique de Teruel \u2013 Din\u00f3polis<\/strong><\/p>\n\n\n\n<p>ESPAGNE<\/p>\n<\/div><\/div>\n<\/div>\n<\/div>\n\n\n\n<div class=\"wp-block-columns is-layout-flex wp-container-core-columns-is-layout-28f84493 wp-block-columns-is-layout-flex\">\n<div class=\"wp-block-column is-layout-flow wp-block-column-is-layout-flow\">\n<div class=\"wp-block-getwid-icon-box has-text-center\"><div class=\"wp-block-getwid-icon-box__icon-container is-position-top\"><div class=\"wp-block-getwid-icon-box__icon-wrapper\" style=\"font-size:40px\"><i class=\"fas fa-university\"><\/i><\/div><\/div><div class=\"wp-block-getwid-icon-box__content\">\n<p style=\"font-size:15px\"><strong>Soci\u00e9t\u00e9 espagnole pour la d\u00e9fense du patrimoine g\u00e9ologique et minier (SEDPGyM)<\/strong><\/p>\n\n\n\n<p>ESPAGNE<\/p>\n<\/div><\/div>\n<\/div>\n\n\n\n<div class=\"wp-block-column is-layout-flow wp-block-column-is-layout-flow\">\n<div class=\"wp-block-getwid-icon-box has-text-center\"><div class=\"wp-block-getwid-icon-box__icon-container is-position-top\"><div class=\"wp-block-getwid-icon-box__icon-wrapper\" style=\"font-size:40px\"><i class=\"fas fa-university\"><\/i><\/div><\/div><div class=\"wp-block-getwid-icon-box__content\">\n<p style=\"font-size:15px\"><strong>Association des services de g\u00e9ologie et des mines ib\u00e9ro-am\u00e9ricains (ASGMI)<\/strong><\/p>\n\n\n\n<p>ESPAGNE<\/p>\n<\/div><\/div>\n<\/div>\n\n\n\n<div class=\"wp-block-column is-layout-flow wp-block-column-is-layout-flow\">\n<div class=\"wp-block-getwid-icon-box has-text-center\"><div class=\"wp-block-getwid-icon-box__icon-container is-position-top\"><div class=\"wp-block-getwid-icon-box__icon-wrapper\" style=\"font-size:40px\"><i class=\"fas fa-university\"><\/i><\/div><\/div><div class=\"wp-block-getwid-icon-box__content\">\n<p style=\"font-size:15px\"><strong>GeaLand Patrimonio S.L.<\/strong><\/p>\n\n\n\n<p>ESPAGNE<\/p>\n<\/div><\/div>\n<\/div>\n\n\n\n<div class=\"wp-block-column is-layout-flow wp-block-column-is-layout-flow\">\n<div class=\"wp-block-getwid-icon-box has-text-center\"><div class=\"wp-block-getwid-icon-box__icon-container is-position-top\"><div class=\"wp-block-getwid-icon-box__icon-wrapper\" style=\"font-size:40px\"><i class=\"fas fa-university\"><\/i><\/div><\/div><div class=\"wp-block-getwid-icon-box__content\">\n<p style=\"font-size:15px\"><strong>Institut cartographique et g\u00e9ologique de Catalogne (ICGC)<\/strong><\/p>\n\n\n\n<p>ESPAGNE<\/p>\n<\/div><\/div>\n<\/div>\n<\/div>\n\n\n\n<div class=\"wp-block-columns is-layout-flex wp-container-core-columns-is-layout-28f84493 wp-block-columns-is-layout-flex\">\n<div class=\"wp-block-column is-layout-flow wp-block-column-is-layout-flow\">\n<div class=\"wp-block-getwid-icon-box has-text-center\"><div class=\"wp-block-getwid-icon-box__icon-container is-position-top\"><div class=\"wp-block-getwid-icon-box__icon-wrapper\" style=\"font-size:40px\"><i class=\"fas fa-university\"><\/i><\/div><\/div><div class=\"wp-block-getwid-icon-box__content\">\n<p style=\"font-size:15px\"><strong>Soci\u00e9t\u00e9 g\u00e9ologique de Finlande<\/strong><\/p>\n\n\n\n<p>FINLANDE<\/p>\n<\/div><\/div>\n<\/div>\n\n\n\n<div class=\"wp-block-column is-layout-flow wp-block-column-is-layout-flow\">\n<div class=\"wp-block-getwid-icon-box has-text-center\"><div class=\"wp-block-getwid-icon-box__icon-container is-position-top\"><div class=\"wp-block-getwid-icon-box__icon-wrapper\" style=\"font-size:40px\"><i class=\"fas fa-university\"><\/i><\/div><\/div><div class=\"wp-block-getwid-icon-box__content\">\n<p style=\"font-size:15px\"><strong>Mus\u00e9um national d\u2019Histoire naturelle<\/strong><\/p>\n\n\n\n<p>FRANCE<\/p>\n<\/div><\/div>\n<\/div>\n\n\n\n<div class=\"wp-block-column is-layout-flow wp-block-column-is-layout-flow\">\n<div class=\"wp-block-getwid-icon-box has-text-center\"><div class=\"wp-block-getwid-icon-box__icon-container is-position-top\"><div class=\"wp-block-getwid-icon-box__icon-wrapper\" style=\"font-size:40px\"><i class=\"fas fa-university\"><\/i><\/div><\/div><div class=\"wp-block-getwid-icon-box__content\">\n<p style=\"font-size:15px\"><strong>IFP \u00c9nergies nouvelles<\/strong><\/p>\n\n\n\n<p>FRANCE<\/p>\n<\/div><\/div>\n<\/div>\n\n\n\n<div class=\"wp-block-column is-layout-flow wp-block-column-is-layout-flow\">\n<div class=\"wp-block-getwid-icon-box has-text-center\"><div class=\"wp-block-getwid-icon-box__icon-container is-position-top\"><div class=\"wp-block-getwid-icon-box__icon-wrapper\" style=\"font-size:40px\"><i class=\"fas fa-university\"><\/i><\/div><\/div><div class=\"wp-block-getwid-icon-box__content\">\n<p style=\"font-size:15px\"><strong>Natural England<\/strong><\/p>\n\n\n\n<p>ROYAUME-UNI<\/p>\n<\/div><\/div>\n<\/div>\n<\/div>\n\n\n\n<div class=\"wp-block-columns is-layout-flex wp-container-core-columns-is-layout-28f84493 wp-block-columns-is-layout-flex\">\n<div class=\"wp-block-column is-layout-flow wp-block-column-is-layout-flow\">\n<div class=\"wp-block-getwid-icon-box has-text-center\"><div class=\"wp-block-getwid-icon-box__icon-container is-position-top\"><div class=\"wp-block-getwid-icon-box__icon-wrapper\" style=\"font-size:40px\"><i class=\"fas fa-university\"><\/i><\/div><\/div><div class=\"wp-block-getwid-icon-box__content\">\n<p style=\"font-size:15px\"><strong>NatureScot<\/strong><\/p>\n\n\n\n<p>ROYAUME-UNI<\/p>\n<\/div><\/div>\n<\/div>\n\n\n\n<div class=\"wp-block-column is-layout-flow wp-block-column-is-layout-flow\">\n<div class=\"wp-block-getwid-icon-box has-text-center\"><div class=\"wp-block-getwid-icon-box__icon-container is-position-top\"><div class=\"wp-block-getwid-icon-box__icon-wrapper\" style=\"font-size:40px\"><i class=\"fas fa-university\"><\/i><\/div><\/div><div class=\"wp-block-getwid-icon-box__content\">\n<p style=\"font-size:15px\"><strong>H.S.G.M.E.<\/strong><\/p>\n\n\n\n<p>GR\u00c8CE<\/p>\n<\/div><\/div>\n<\/div>\n\n\n\n<div class=\"wp-block-column is-layout-flow wp-block-column-is-layout-flow\">\n<div class=\"wp-block-getwid-icon-box has-text-center\"><div class=\"wp-block-getwid-icon-box__icon-container is-position-top\"><div class=\"wp-block-getwid-icon-box__icon-wrapper\" style=\"font-size:40px\"><i class=\"fas fa-university\"><\/i><\/div><\/div><div class=\"wp-block-getwid-icon-box__content\">\n<p style=\"font-size:15px\"><strong>D\u00e9partement pour la protection du g\u00e9opatrimoine, Soci\u00e9t\u00e9 g\u00e9ologique croate HGD<\/strong><\/p>\n\n\n\n<p>CROATIE<\/p>\n<\/div><\/div>\n<\/div>\n\n\n\n<div class=\"wp-block-column is-layout-flow wp-block-column-is-layout-flow\">\n<div class=\"wp-block-getwid-icon-box has-text-center\"><div class=\"wp-block-getwid-icon-box__icon-container is-position-top\"><div class=\"wp-block-getwid-icon-box__icon-wrapper\" style=\"font-size:40px\"><i class=\"fas fa-university\"><\/i><\/div><\/div><div class=\"wp-block-getwid-icon-box__content\">\n<p style=\"font-size:15px\"><strong>Service g\u00e9ologique d\u2019Irlande<\/strong><\/p>\n\n\n\n<p>IRLANDE<\/p>\n<\/div><\/div>\n<\/div>\n<\/div>\n\n\n\n<div class=\"wp-block-columns is-layout-flex wp-container-core-columns-is-layout-28f84493 wp-block-columns-is-layout-flex\">\n<div class=\"wp-block-column is-layout-flow wp-block-column-is-layout-flow\">\n<div class=\"wp-block-getwid-icon-box has-text-center\"><div class=\"wp-block-getwid-icon-box__icon-container is-position-top\"><div class=\"wp-block-getwid-icon-box__icon-wrapper\" style=\"font-size:40px\"><i class=\"fas fa-university\"><\/i><\/div><\/div><div class=\"wp-block-getwid-icon-box__content\">\n<p style=\"font-size:15px\"><strong>Institut des sciences naturelles d\u2019Islande<\/strong><\/p>\n\n\n\n<p>ISLANDE<\/p>\n<\/div><\/div>\n<\/div>\n\n\n\n<div class=\"wp-block-column is-layout-flow wp-block-column-is-layout-flow\">\n<div class=\"wp-block-getwid-icon-box has-text-center\"><div class=\"wp-block-getwid-icon-box__icon-container is-position-top\"><div class=\"wp-block-getwid-icon-box__icon-wrapper\" style=\"font-size:40px\"><i class=\"fas fa-university\"><\/i><\/div><\/div><div class=\"wp-block-getwid-icon-box__content\">\n<p style=\"font-size:15px\"><strong>ISPRA<\/strong><\/p>\n\n\n\n<p>ITALIE<\/p>\n<\/div><\/div>\n<\/div>\n\n\n\n<div class=\"wp-block-column is-layout-flow wp-block-column-is-layout-flow\">\n<div class=\"wp-block-getwid-icon-box has-text-center\"><div class=\"wp-block-getwid-icon-box__icon-container is-position-top\"><div class=\"wp-block-getwid-icon-box__icon-wrapper\" style=\"font-size:40px\"><i class=\"fas fa-university\"><\/i><\/div><\/div><div class=\"wp-block-getwid-icon-box__content\">\n<p style=\"font-size:15px\"><strong>Service g\u00e9ologique de Lituanie<\/strong><\/p>\n\n\n\n<p>LITUANIE<\/p>\n<\/div><\/div>\n<\/div>\n\n\n\n<div class=\"wp-block-column is-layout-flow wp-block-column-is-layout-flow\">\n<div class=\"wp-block-getwid-icon-box has-text-center\"><div class=\"wp-block-getwid-icon-box__icon-container is-position-top\"><div class=\"wp-block-getwid-icon-box__icon-wrapper\" style=\"font-size:40px\"><i class=\"fas fa-university\"><\/i><\/div><\/div><div class=\"wp-block-getwid-icon-box__content\">\n<p style=\"font-size:15px\"><strong>Service g\u00e9ologique de l\u2019\u00c9tat<\/strong><\/p>\n\n\n\n<p>LUXEMBOURG<\/p>\n<\/div><\/div>\n<\/div>\n<\/div>\n\n\n\n<div class=\"wp-block-columns is-layout-flex wp-container-core-columns-is-layout-28f84493 wp-block-columns-is-layout-flex\">\n<div class=\"wp-block-column is-layout-flow wp-block-column-is-layout-flow\">\n<div class=\"wp-block-getwid-icon-box has-text-center\"><div class=\"wp-block-getwid-icon-box__icon-container is-position-top\"><div class=\"wp-block-getwid-icon-box__icon-wrapper\" style=\"font-size:40px\"><i class=\"fas fa-university\"><\/i><\/div><\/div><div class=\"wp-block-getwid-icon-box__content\">\n<p style=\"font-size:15px\"><strong>Mus\u00e9e national d\u2019Histoire naturelle, Luxembourg<\/strong><\/p>\n\n\n\n<p>LUXEMBOURG<\/p>\n<\/div><\/div>\n<\/div>\n\n\n\n<div class=\"wp-block-column is-layout-flow wp-block-column-is-layout-flow\">\n<div class=\"wp-block-getwid-icon-box has-text-center\"><div class=\"wp-block-getwid-icon-box__icon-container is-position-top\"><div class=\"wp-block-getwid-icon-box__icon-wrapper\" style=\"font-size:40px\"><i class=\"fas fa-university\"><\/i><\/div><\/div><div class=\"wp-block-getwid-icon-box__content\">\n<p style=\"font-size:15px\"><strong>Agence norv\u00e9gienne pour l\u2019environnement<\/strong><\/p>\n\n\n\n<p>NORV\u00c8GE<\/p>\n<\/div><\/div>\n<\/div>\n\n\n\n<div class=\"wp-block-column is-layout-flow wp-block-column-is-layout-flow\">\n<div class=\"wp-block-getwid-icon-box has-text-center\"><div class=\"wp-block-getwid-icon-box__icon-container is-position-top\"><div class=\"wp-block-getwid-icon-box__icon-wrapper\" style=\"font-size:40px\"><i class=\"fas fa-university\"><\/i><\/div><\/div><div class=\"wp-block-getwid-icon-box__content\">\n<p style=\"font-size:15px\"><strong>Service g\u00e9ologique de Norv\u00e8ge<\/strong><\/p>\n\n\n\n<p>NORV\u00c8GE<\/p>\n<\/div><\/div>\n<\/div>\n\n\n\n<div class=\"wp-block-column is-layout-flow wp-block-column-is-layout-flow\">\n<div class=\"wp-block-getwid-icon-box has-text-center\"><div class=\"wp-block-getwid-icon-box__icon-container is-position-top\"><div class=\"wp-block-getwid-icon-box__icon-wrapper\" style=\"font-size:40px\"><i class=\"fas fa-university\"><\/i><\/div><\/div><div class=\"wp-block-getwid-icon-box__content\">\n<p style=\"font-size:15px\"><strong>AGEO &#8211; Associa\u00e7\u00e3o Geoparque Oeste<\/strong><\/p>\n\n\n\n<p>PORTUGAL<\/p>\n<\/div><\/div>\n<\/div>\n<\/div>\n\n\n\n<div class=\"wp-block-columns is-layout-flex wp-container-core-columns-is-layout-28f84493 wp-block-columns-is-layout-flex\">\n<div class=\"wp-block-column is-layout-flow wp-block-column-is-layout-flow\">\n<div class=\"wp-block-getwid-icon-box has-text-center\"><div class=\"wp-block-getwid-icon-box__icon-container is-position-top\"><div class=\"wp-block-getwid-icon-box__icon-wrapper\" style=\"font-size:40px\"><i class=\"fas fa-university\"><\/i><\/div><\/div><div class=\"wp-block-getwid-icon-box__content\">\n<p style=\"font-size:15px\"><strong>GeoEcoMar<\/strong><\/p>\n\n\n\n<p>ROUMANIE<\/p>\n<\/div><\/div>\n<\/div>\n\n\n\n<div class=\"wp-block-column is-layout-flow wp-block-column-is-layout-flow\">\n<div class=\"wp-block-getwid-icon-box has-text-center\"><div class=\"wp-block-getwid-icon-box__icon-container is-position-top\"><div class=\"wp-block-getwid-icon-box__icon-wrapper\" style=\"font-size:40px\"><i class=\"fas fa-university\"><\/i><\/div><\/div><div class=\"wp-block-getwid-icon-box__content\">\n<p style=\"font-size:15px\"><strong>King Fahd University of Petroleum &amp; Minerals (KFUPM)<\/strong><\/p>\n\n\n\n<p>ARABIE SAOUDITE<\/p>\n<\/div><\/div>\n<\/div>\n\n\n\n<div class=\"wp-block-column is-layout-flow wp-block-column-is-layout-flow\">\n<div class=\"wp-block-getwid-icon-box has-text-center\"><div class=\"wp-block-getwid-icon-box__icon-container is-position-top\"><div class=\"wp-block-getwid-icon-box__icon-wrapper\" style=\"font-size:40px\"><i class=\"fas fa-university\"><\/i><\/div><\/div><div class=\"wp-block-getwid-icon-box__content\">\n<p style=\"font-size:15px\"><strong>Service g\u00e9ologique de Su\u00e8de<\/strong><\/p>\n\n\n\n<p>SU\u00c8DE<\/p>\n<\/div><\/div>\n<\/div>\n\n\n\n<div class=\"wp-block-column is-layout-flow wp-block-column-is-layout-flow\">\n<div class=\"wp-block-getwid-icon-box has-text-center\"><div class=\"wp-block-getwid-icon-box__icon-container is-position-top\"><div class=\"wp-block-getwid-icon-box__icon-wrapper\" style=\"font-size:40px\"><i class=\"fas fa-university\"><\/i><\/div><\/div><div class=\"wp-block-getwid-icon-box__content\">\n<p style=\"font-size:15px\"><strong>Soci\u00e9t\u00e9 g\u00e9ologique de Su\u00e8de<\/strong><\/p>\n\n\n\n<p>SU\u00c8DE<\/p>\n<\/div><\/div>\n<\/div>\n<\/div>\n\n\n\n<div class=\"wp-block-columns is-layout-flex wp-container-core-columns-is-layout-28f84493 wp-block-columns-is-layout-flex\">\n<div class=\"wp-block-column is-layout-flow wp-block-column-is-layout-flow\">\n<div class=\"wp-block-getwid-icon-box has-text-center\"><div class=\"wp-block-getwid-icon-box__icon-container is-position-top\"><div class=\"wp-block-getwid-icon-box__icon-wrapper\" style=\"font-size:40px\"><i class=\"fas fa-university\"><\/i><\/div><\/div><div class=\"wp-block-getwid-icon-box__content\">\n<p style=\"font-size:15px\"><strong>Soci\u00e9t\u00e9 g\u00e9ologique slov\u00e8ne (SGD)<\/strong><\/p>\n\n\n\n<p>SLOV\u00c9NIE<\/p>\n<\/div><\/div>\n<\/div>\n\n\n\n<div class=\"wp-block-column is-layout-flow wp-block-column-is-layout-flow\">\n<div class=\"wp-block-getwid-icon-box has-text-center\"><div class=\"wp-block-getwid-icon-box__icon-container is-position-top\"><div class=\"wp-block-getwid-icon-box__icon-wrapper\" style=\"font-size:40px\"><i class=\"fas fa-university\"><\/i><\/div><\/div><div class=\"wp-block-getwid-icon-box__content\">\n<p style=\"font-size:15px\"><strong>Office du tourisme d\u2019Idrija<\/strong><\/p>\n\n\n\n<p>SLOV\u00c9NIE<\/p>\n<\/div><\/div>\n<\/div>\n\n\n\n<div class=\"wp-block-column is-layout-flow wp-block-column-is-layout-flow\">\n<div class=\"wp-block-getwid-icon-box has-text-center\"><div class=\"wp-block-getwid-icon-box__icon-container is-position-top\"><div class=\"wp-block-getwid-icon-box__icon-wrapper\" style=\"font-size:40px\"><i class=\"fas fa-university\"><\/i><\/div><\/div><div class=\"wp-block-getwid-icon-box__content\">\n<p style=\"font-size:15px\"><strong>Geological Society Located in Taipei<\/strong><\/p>\n\n\n\n<p>TA\u00cfWAN<\/p>\n<\/div><\/div>\n<\/div>\n\n\n\n<div class=\"wp-block-column is-layout-flow wp-block-column-is-layout-flow\"><\/div>\n<\/div>\n<\/div>\n\n\n\n<p><\/p>\n","protected":false},"excerpt":{"rendered":"<p>Organisations membres institutionnelles Ce r\u00e9pertoire pr\u00e9sente les membres institutionnels de ProGEO \u2014 universit\u00e9s, services g\u00e9ologiques, instituts de recherche, mus\u00e9es d\u2019histoire naturelle, g\u00e9oparcs et autres organisations qui soutiennent activement notre mission d\u2019\u00e9tudier, de conserver et de promouvoir le patrimoine g\u00e9ologique de l\u2019Europe. Ces institutions apportent leur expertise, leurs capacit\u00e9s de recherche et leur engagement \u00e0 long [&hellip;]<\/p>\n","protected":false},"author":1,"featured_media":0,"parent":1769,"menu_order":0,"comment_status":"closed","ping_status":"closed","template":"page-headless.php","meta":{"footnotes":""},"class_list":["post-1869","page","type-page","status-publish","hentry"],"_links":{"self":[{"href":"https:\/\/www.progeo.ngo\/fr\/wp-json\/wp\/v2\/pages\/1869","targetHints":{"allow":["GET"]}}],"collection":[{"href":"https:\/\/www.progeo.ngo\/fr\/wp-json\/wp\/v2\/pages"}],"about":[{"href":"https:\/\/www.progeo.ngo\/fr\/wp-json\/wp\/v2\/types\/page"}],"author":[{"embeddable":true,"href":"https:\/\/www.progeo.ngo\/fr\/wp-json\/wp\/v2\/users\/1"}],"replies":[{"embeddable":true,"href":"https:\/\/www.progeo.ngo\/fr\/wp-json\/wp\/v2\/comments?post=1869"}],"version-history":[{"count":5,"href":"https:\/\/www.progeo.ngo\/fr\/wp-json\/wp\/v2\/pages\/1869\/revisions"}],"predecessor-version":[{"id":2710,"href":"https:\/\/www.progeo.ngo\/fr\/wp-json\/wp\/v2\/pages\/1869\/revisions\/2710"}],"up":[{"embeddable":true,"href":"https:\/\/www.progeo.ngo\/fr\/wp-json\/wp\/v2\/pages\/1769"}],"wp:attachment":[{"href":"https:\/\/www.progeo.ngo\/fr\/wp-json\/wp\/v2\/media?parent=1869"}],"curies":[{"name":"wp","href":"https:\/\/api.w.org\/{rel}","templated":true}]}}