{"id":1856,"date":"2026-01-27T17:30:31","date_gmt":"2026-01-27T16:30:31","guid":{"rendered":"https:\/\/www.progeo.ngo\/calendar\/calendar-2024\/"},"modified":"2026-03-24T00:18:28","modified_gmt":"2026-03-23T23:18:28","slug":"calendar-2024","status":"publish","type":"page","link":"https:\/\/www.progeo.ngo\/fr\/calendar\/calendar-2024\/","title":{"rendered":"Calendrier 2024"},"content":{"rendered":"\n<div class=\"wp-block-group pb-md-5 is-layout-constrained wp-block-group-is-layout-constrained\">\n<h1 class=\"wp-block-heading mb-4 has-text-color has-link-color wp-elements-9cb9a505deb5b70bacda7953152bc120\" style=\"color:#8f907b;font-size:45px\"><strong>Calendrier 2024<\/strong><\/h1>\n<\/div>\n\n\n\n<div class=\"wp-block-group is-content-justification-center is-layout-constrained wp-block-group-is-layout-constrained\">\n<div class=\"wp-block-columns mt-5 is-layout-flex wp-container-core-columns-is-layout-28f84493 wp-block-columns-is-layout-flex\">\n<div class=\"wp-block-column is-layout-flow wp-block-column-is-layout-flow\" style=\"flex-basis:33.33%\">\n<p style=\"font-size:28px\"><strong>15-17 Janvier<\/strong><\/p>\n<\/div>\n\n\n\n<div class=\"wp-block-column is-layout-flow wp-block-column-is-layout-flow\" style=\"flex-basis:66.66%\">\n<p class=\"has-medium-font-size\"><strong>Premier atelier de terrain sur la conservation du patrimoine g\u00e9ologique dans les environnements miniers de la R\u00e9gion de Murcie<\/strong><\/p>\n\n\n\n<p>Atelier, conf\u00e9rences et travaux de terrain dans diff\u00e9rentes localit\u00e9s de la R\u00e9gion de Murcie, Espagne<\/p>\n\n\n\n<p>Organisateurs : Sociedad Espa\u00f1ola para la Defensa del Patrimonio Geol\u00f3gico y Minero (SEDPGYM)<\/p>\n\n\n\n<p><a href=\"http:\/\/www.sedpgym.es\/actividades\/congresos\/249-i-jornadas-de-campo-sobre-la-conservacion-del-patrimonio-geologico-en-entornos-mineros-de-la-region-de-murcia\" target=\"_blank\" rel=\"noreferrer noopener\">http:\/\/www.sedpgym.es\/actividades\/congresos\/249-i-jornadas-de-campo-sobre-la-conservacion-del-patrimonio-geologico-en-entornos-mineros-de-la-region-de-murcia<\/a><\/p>\n<\/div>\n<\/div>\n<\/div>\n\n\n\n<div class=\"wp-block-group is-layout-constrained wp-block-group-is-layout-constrained\">\n<div class=\"wp-block-columns mt-5 is-layout-flex wp-container-core-columns-is-layout-28f84493 wp-block-columns-is-layout-flex\">\n<div class=\"wp-block-column is-layout-flow wp-block-column-is-layout-flow\" style=\"flex-basis:33.33%\">\n<p style=\"font-size:28px\"><strong>15-19 Avril<\/strong><\/p>\n<\/div>\n\n\n\n<div class=\"wp-block-column is-layout-flow wp-block-column-is-layout-flow\" style=\"flex-basis:66.66%\">\n<p class=\"has-medium-font-size\"><strong>76e Congr\u00e8s G\u00e9ologique de Turquie avec Participation Internationale<\/strong><\/p>\n\n\n\n<p>Conf\u00e9rence, Ankara, Turquie<\/p>\n\n\n\n<p>Organisateurs : Centre Culturel de la Direction G\u00e9n\u00e9rale de la Recherche et de l&rsquo;Exploration Min\u00e9rales, Ankara \/ Turquie<\/p>\n\n\n\n<p><a href=\"https:\/\/tjk.jmo.org.tr\/index.php?kod=160&amp;lg=en\">https:\/\/tjk.jmo.org.tr\/index.php?kod=160&amp;lg=en<\/a><\/p>\n<\/div>\n<\/div>\n\n\n\n<div class=\"wp-block-columns mt-5 is-layout-flex wp-container-core-columns-is-layout-28f84493 wp-block-columns-is-layout-flex\">\n<div class=\"wp-block-column is-layout-flow wp-block-column-is-layout-flow\" style=\"flex-basis:33.33%\">\n<p style=\"font-size:28px\"><strong><strong>11-12 Mai<\/strong><\/strong><\/p>\n<\/div>\n\n\n\n<div class=\"wp-block-column is-layout-flow wp-block-column-is-layout-flow\" style=\"flex-basis:66.66%\">\n<p class=\"has-medium-font-size\"><strong>Geolod\u00eda (Journ\u00e9e de la G\u00e9ologie)<\/strong><\/p>\n\n\n\n<p>\u00c9v\u00e9nement annuel de vulgarisation<\/p>\n\n\n\n<p>Plus de 50 lieux (chaque province d&rsquo;Espagne, plus quelques \u00eeles)<\/p>\n\n\n\n<p>Organisateurs : Soci\u00e9t\u00e9 G\u00a0\u00bbGeoheritage and Geoeducation Disciplinary Group\u00a0\u00bb of the Andr\u00e9s Bello University (GPGE UNAB)\u00e9ologique d&rsquo;Espagne (Sociedad Geol\u00f3gica de Espa\u00f1a)<\/p>\n\n\n\n<p><a href=\"https:\/\/geolodia.es\/\">https:\/\/geolodia.es\/<\/a><\/p>\n<\/div>\n<\/div>\n\n\n\n<div class=\"wp-block-columns mt-5 is-layout-flex wp-container-core-columns-is-layout-28f84493 wp-block-columns-is-layout-flex\">\n<div class=\"wp-block-column is-layout-flow wp-block-column-is-layout-flow\" style=\"flex-basis:33.33%\">\n<p style=\"font-size:28px\"><strong>11-12 Mai<\/strong><\/p>\n<\/div>\n\n\n\n<div class=\"wp-block-column is-layout-flow wp-block-column-is-layout-flow\" style=\"flex-basis:66.66%\">\n<p class=\"has-medium-font-size\"><strong>Antonio Stoppani : de la science \u00e0 la vulgarisation<\/strong><\/p>\n\n\n\n<p>Conf\u00e9rence, Parc du Monte Barro, Alpes italiennes<\/p>\n\n\n\n<p>Association Geologia &amp; Turismo<\/p>\n\n\n\n<p>\u200b<a href=\"https:\/\/geologiaeturismo.it\/activity\/stoppani-dalla-scienza-alla-divulgazione\/\" target=\"_blank\" rel=\"noreferrer noopener\">https:\/\/geologiaeturismo.it\/activity\/stoppani-dalla-scienza-alla-divulgazione\/<\/a><\/p>\n<\/div>\n<\/div>\n\n\n\n<div class=\"wp-block-columns mt-5 is-layout-flex wp-container-core-columns-is-layout-28f84493 wp-block-columns-is-layout-flex\">\n<div class=\"wp-block-column is-layout-flow wp-block-column-is-layout-flow\" style=\"flex-basis:33.33%\">\n<p style=\"font-size:28px\"><strong>15 Mai<\/strong><\/p>\n<\/div>\n\n\n\n<div class=\"wp-block-column is-layout-flow wp-block-column-is-layout-flow\" style=\"flex-basis:66.66%\">\n<p class=\"has-medium-font-size\"><strong>R\u00e9union du Groupe National Italien de ProGEO<\/strong><\/p>\n\n\n\n<p>R\u00e9union,<\/p>\n\n\n\n<p>Rome (Italie)<\/p>\n<\/div>\n<\/div>\n\n\n\n<div class=\"wp-block-columns mt-5 is-layout-flex wp-container-core-columns-is-layout-28f84493 wp-block-columns-is-layout-flex\">\n<div class=\"wp-block-column is-layout-flow wp-block-column-is-layout-flow\" style=\"flex-basis:33.33%\">\n<p style=\"font-size:28px\"><strong>20-25 Mai<\/strong><\/p>\n<\/div>\n\n\n\n<div class=\"wp-block-column is-layout-flow wp-block-column-is-layout-flow\" style=\"flex-basis:66.66%\">\n<p class=\"has-medium-font-size\"><strong>Volcandpark 2024<\/strong><\/p>\n\n\n\n<p>Conf\u00e9rence, Ji\u010d\u00edn (R\u00e9publique tch\u00e8que)<\/p>\n\n\n\n<p>Un \u00e9v\u00e9nement pour rassembler les experts en \u00e9valuation, protection, \u00e9ducation et gestion des zones volcaniques.<\/p>\n\n\n\n<p><a href=\"http:\/\/volcandpark2024.com\/\" target=\"_blank\" rel=\"noreferrer noopener\">http:\/\/volcandpark2024.com\/<\/a><\/p>\n<\/div>\n<\/div>\n\n\n\n<div class=\"wp-block-columns mt-5 is-layout-flex wp-container-core-columns-is-layout-28f84493 wp-block-columns-is-layout-flex\">\n<div class=\"wp-block-column is-layout-flow wp-block-column-is-layout-flow\" style=\"flex-basis:33.33%\">\n<p style=\"font-size:28px\"><strong>7 Juin<\/strong><\/p>\n<\/div>\n\n\n\n<div class=\"wp-block-column is-layout-flow wp-block-column-is-layout-flow\" style=\"flex-basis:66.66%\">\n<p class=\"has-medium-font-size\"><strong>C\u00e9l\u00e9bration de la Journ\u00e9e Mondiale de l&rsquo;Environnement (\u00ab\u00a0Celebrando o Dia Internacional do Meio Ambiente\u00a0\u00bb \/ \u00ab\u00a0Celebrando el D\u00eda Internacional del Medio Ambiente\u00a0\u00bb)<\/strong><\/p>\n\n\n\n<p>Atelier,<\/p>\n\n\n\n<p>L&rsquo;atelier pr\u00e9sentera des \u00e9tudes de cas sur la conservation de sites g\u00e9ologiques avec la participation communautaire. Pr\u00e9sentations de 4 \u00e9tudes de cas provenant du Br\u00e9sil, du Chili et du Mexique.<\/p>\n<\/div>\n<\/div>\n\n\n\n<div class=\"wp-block-columns mt-5 is-layout-flex wp-container-core-columns-is-layout-28f84493 wp-block-columns-is-layout-flex\">\n<div class=\"wp-block-column is-layout-flow wp-block-column-is-layout-flow\" style=\"flex-basis:33.33%\">\n<p style=\"font-size:28px\"><strong>14-16 Juin*<\/strong><\/p>\n<\/div>\n\n\n\n<div class=\"wp-block-column is-layout-flow wp-block-column-is-layout-flow\" style=\"flex-basis:66.66%\">\n<p class=\"has-medium-font-size\"><strong>Congr\u00e8s National SIGEA \u00ab\u00a0I paesaggi e beni geologici, patrimonio culturale e patrimonio immateriale\u00a0\u00bb<\/strong><\/p>\n\n\n\n<p>Session de conf\u00e9rence, Salve (Pouilles, Italie)<\/p>\n\n\n\n<p>Congr\u00e8s National SIGEA \u00ab\u00a0I paesaggi e beni geologici, patrimonio culturale e patrimonio immateriale\u00a0\u00bb<\/p>\n\n\n\n<p>SIGEA &#8211; Association Italienne de G\u00e9ologie Environnementale<\/p>\n\n\n\n<p>\u200b<a href=\"https:\/\/sigea-aps.it\/eventi\/i-paesaggi-e-beni-geologici-patrimonio-culturale-e-patrimonio-immateriale-salve-le-14-15-e-16-giugno-2024\/\" target=\"_blank\" rel=\"noreferrer noopener\">https:\/\/sigea-aps.it\/eventi\/i-paesaggi-e-beni-geologici-patrimonio-culturale-e-patrimonio-immateriale-salve-le-14-15-e-16-giugno-2024\/<\/a><\/p>\n<\/div>\n<\/div>\n\n\n\n<div class=\"wp-block-columns mt-5 is-layout-flex wp-container-core-columns-is-layout-28f84493 wp-block-columns-is-layout-flex\">\n<div class=\"wp-block-column is-layout-flow wp-block-column-is-layout-flow\" style=\"flex-basis:33.33%\">\n<p style=\"font-size:28px\"><strong>2-6 Juillet<\/strong><\/p>\n<\/div>\n\n\n\n<div class=\"wp-block-column is-layout-flow wp-block-column-is-layout-flow\" style=\"flex-basis:66.66%\">\n<p class=\"has-medium-font-size\"><strong>XI Congr\u00e8s G\u00e9ologique d&rsquo;Espagne (2024)<\/strong><\/p>\n\n\n\n<p>Session sur la G\u00e9oconservation, \u00c1vila, Espagne<\/p>\n\n\n\n<p>Organisateurs : Soci\u00e9t\u00e9 G\u00e9ologique Espagnole &#8211; Commission du Patrimoine G\u00e9ologique<\/p>\n\n\n\n<p><a href=\"https:\/\/congresogeologicosge.es\/\">https:\/\/congresogeologicosge.es\/<\/a><\/p>\n<\/div>\n<\/div>\n\n\n\n<div class=\"wp-block-columns mt-5 is-layout-flex wp-container-core-columns-is-layout-28f84493 wp-block-columns-is-layout-flex\">\n<div class=\"wp-block-column is-layout-flow wp-block-column-is-layout-flow\" style=\"flex-basis:33.33%\">\n<p style=\"font-size:28px\"><strong>25-31 Ao\u00fbt<\/strong><\/p>\n<\/div>\n\n\n\n<div class=\"wp-block-column is-layout-flow wp-block-column-is-layout-flow\" style=\"flex-basis:66.66%\">\n<p class=\"has-medium-font-size\"><strong>Session T27-4 : G\u00e9oconservation et G\u00e9opatrimoine : la g\u00e9odiversit\u00e9 comme fondement des syst\u00e8mes naturels (Dirig\u00e9 par ProGEO)<\/strong><\/p>\n\n\n\n<p>Session, R\u00e9publique de Cor\u00e9e<\/p>\n\n\n\n<p>Organisateurs : 37e Congr\u00e8s G\u00e9ologique International, Busan<\/p>\n\n\n\n<p>Conveners : Kevin Page, Ewa G\u0142owniak<br>Co-conveners : John Gordon, Jos\u00e9 Brilha, Maria da Gl\u00f3ria Motta Garcia, Kevin Page, Manu Monge-Ganuzas<\/p>\n\n\n\n<p><a href=\"https:\/\/www.igc2024korea.org\/\">https:\/\/www.igc2024korea.org\/<\/a><\/p>\n<\/div>\n<\/div>\n\n\n\n<div class=\"wp-block-columns mt-5 is-layout-flex wp-container-core-columns-is-layout-28f84493 wp-block-columns-is-layout-flex\">\n<div class=\"wp-block-column is-layout-flow wp-block-column-is-layout-flow\" style=\"flex-basis:33.33%\">\n<p style=\"font-size:28px\"><strong>3-5 Septembre<\/strong><\/p>\n<\/div>\n\n\n\n<div class=\"wp-block-column is-layout-flow wp-block-column-is-layout-flow\" style=\"flex-basis:66.66%\">\n<p class=\"has-medium-font-size\"><strong>Congr\u00e8s Conjoint SGI-SIMP 2024 \u00ab\u00a0GEOLOGY FOR A SUSTAINABLE MANAGEMENT OF OUR PLANET\u00a0\u00bb<\/strong><\/p>\n\n\n\n<p>Session de conf\u00e9rence, Bari (Pouilles, Italie)<\/p>\n\n\n\n<p>Sessions T6 \u00e0 T11 sous le th\u00e8me G\u00c9OPATRIMOINE CULTUREL ET NATUREL :<\/p>\n\n\n\n<p>T6. La g\u00e9odiversit\u00e9 pour une plan\u00e8te durable<\/p>\n\n\n\n<p>T7. Les g\u00e9osciences pour les patrimoines culturels<\/p>\n\n\n\n<p>T8. Les g\u00e9osciences en exposition : le r\u00f4le des mus\u00e9es d&rsquo;histoire naturelle dans l&rsquo;avenir de notre plan\u00e8te<\/p>\n\n\n\n<p>T9. Sensibiliser \u00e0 la g\u00e9odiversit\u00e9 : une n\u00e9cessit\u00e9 pour le g\u00e9oscientifique<\/p>\n\n\n\n<p>T10. \u00c9tudes par spectroscopie vibrationnelle des g\u00e9omat\u00e9riaux : \u00e9tudes de cas et nouvelles perspectives<\/p>\n\n\n\n<p>T11. Apprendre en cheminant : le g\u00e9otourisme comme vecteur de diffusion de la g\u00e9odiversit\u00e9<\/p>\n\n\n\n<p>T20. G\u00e9omorphologie dans l&rsquo;Anthropoc\u00e8ne : de l&rsquo;interaction homme-paysage aux enjeux de gestion du g\u00e9opatrimoine<\/p>\n\n\n\n<p>Soci\u00e9t\u00e9 G\u00e9ologique Italienne et Soci\u00e9t\u00e9 Italienne de Min\u00e9ralogie et P\u00e9trologie<\/p>\n\n\n\n<p><a href=\"https:\/\/www.geoscienze.org\/bari2024\">https:\/\/www.geoscienze.org\/bari2024<\/a><\/p>\n<\/div>\n<\/div>\n\n\n\n<div class=\"wp-block-columns mt-5 is-layout-flex wp-container-core-columns-is-layout-28f84493 wp-block-columns-is-layout-flex\">\n<div class=\"wp-block-column is-layout-flow wp-block-column-is-layout-flow\" style=\"flex-basis:33.33%\">\n<p style=\"font-size:28px\"><strong>22-25 Septembre<\/strong><\/p>\n<\/div>\n\n\n\n<div class=\"wp-block-column is-layout-flow wp-block-column-is-layout-flow\" style=\"flex-basis:66.66%\">\n<p class=\"has-medium-font-size\"><strong>Geological Society of America Connects 2024<\/strong><\/p>\n\n\n\n<p>Conf\u00e9rence, Anaheim, Californie, \u00c9tats-Unis<\/p>\n\n\n\n<p>T40 : Dimensions humaines du g\u00e9opatrimoine<\/p>\n\n\n\n<p>R\u00e9union annuelle de la Geological Society of America : T40 Conveners Christina DeVera et Tim Henderson<br><br><a href=\"https:\/\/community.geosociety.org\/gsa2024\/program\/technical\/topical\" target=\"_blank\" rel=\"noreferrer noopener\">https:\/\/community.geosociety.org\/gsa2024\/program\/technical\/topical<\/a><\/p>\n<\/div>\n<\/div>\n\n\n\n<div class=\"wp-block-columns mt-5 is-layout-flex wp-container-core-columns-is-layout-28f84493 wp-block-columns-is-layout-flex\">\n<div class=\"wp-block-column is-layout-flow wp-block-column-is-layout-flow\" style=\"flex-basis:33.33%\">\n<p style=\"font-size:28px\"><strong>6-13 Octobre<\/strong><\/p>\n<\/div>\n\n\n\n<div class=\"wp-block-column is-layout-flow wp-block-column-is-layout-flow\" style=\"flex-basis:66.66%\">\n<p class=\"has-medium-font-size\"><strong>12e \u00e9dition de la \u00ab\u00a0Settimana del Pianeta Terra\u00a0\u00bb<\/strong><\/p>\n\n\n\n<p>\u00c9v\u00e9nement annuel de vulgarisation, Italie<\/p>\n\n\n\n<p>Plusieurs \u00e9v\u00e9nements dans toute l&rsquo;Italie.<\/p>\n\n\n\n<p>Associazione Settimana Pianeta Terra<\/p>\n\n\n\n<p><a href=\"https:\/\/www.settimanaterra.org\">https:\/\/www.settimanaterra.org<\/a><\/p>\n<\/div>\n<\/div>\n\n\n\n<div class=\"wp-block-columns mt-5 is-layout-flex wp-container-core-columns-is-layout-28f84493 wp-block-columns-is-layout-flex\">\n<div class=\"wp-block-column is-layout-flow wp-block-column-is-layout-flow\" style=\"flex-basis:33.33%\">\n<p style=\"font-size:28px\"><strong>6 Octobre<\/strong><\/p>\n<\/div>\n\n\n\n<div class=\"wp-block-column is-layout-flow wp-block-column-is-layout-flow\" style=\"flex-basis:66.66%\">\n<p class=\"has-medium-font-size\"><strong>Journ\u00e9e Mondiale de la G\u00e9odiversit\u00e9 &#8211; Excursion \u00e0 la d\u00e9couverte de la g\u00e9ologie et de la g\u00e9odiversit\u00e9 du Monte Vettore<\/strong><\/p>\n\n\n\n<p>Journ\u00e9e Mondiale de la G\u00e9odiversit\u00e9 &#8211; Excursion \u00e0 la d\u00e9couverte de la g\u00e9ologie et de la g\u00e9odiversit\u00e9 du Monte Vettore, Italie<\/p>\n\n\n\n<p><a href=\"https:\/\/www.settimanaterra.org\/\">https:\/\/www.settimanaterra.org\/<\/a><\/p>\n\n\n\n<p><a href=\"https:\/\/www.isprambiente.gov.it\/en\/news\/world-geodiversity-day?set_language=en\">https:\/\/www.isprambiente.gov.it\/en\/news\/world-geodiversity-day?set_language=en<\/a><\/p>\n<\/div>\n<\/div>\n\n\n\n<div class=\"wp-block-columns mt-5 is-layout-flex wp-container-core-columns-is-layout-28f84493 wp-block-columns-is-layout-flex\">\n<div class=\"wp-block-column is-layout-flow wp-block-column-is-layout-flow\" style=\"flex-basis:33.33%\">\n<p style=\"font-size:28px\"><strong>8 Novembre<\/strong><\/p>\n<\/div>\n\n\n\n<div class=\"wp-block-column is-layout-flow wp-block-column-is-layout-flow\" style=\"flex-basis:66.66%\">\n<p class=\"has-medium-font-size\"><strong>Rencontre Nationale sur le Patrimoine G\u00e9ologique (ENAPG),<\/strong><\/p>\n\n\n\n<p>R\u00e9union, Chile<\/p>\n\n\n\n<p>\u00ab\u00a0Groupe Disciplinaire G\u00e9opatrimoine et G\u00e9o\u00e9ducation\u00a0\u00bb de l&rsquo;Universit\u00e9 Andr\u00e9s Bello (GPGE UNAB)<\/p>\n<\/div>\n<\/div>\n<\/div>\n","protected":false},"excerpt":{"rendered":"<p>Calendrier 2024 15-17 Janvier Premier atelier de terrain sur la conservation du patrimoine g\u00e9ologique dans les environnements miniers de la R\u00e9gion de Murcie Atelier, conf\u00e9rences et travaux de terrain dans diff\u00e9rentes localit\u00e9s de la R\u00e9gion de Murcie, Espagne Organisateurs : Sociedad Espa\u00f1ola para la Defensa del Patrimonio Geol\u00f3gico y Minero (SEDPGYM) http:\/\/www.sedpgym.es\/actividades\/congresos\/249-i-jornadas-de-campo-sobre-la-conservacion-del-patrimonio-geologico-en-entornos-mineros-de-la-region-de-murcia 15-19 Avril 76e [&hellip;]<\/p>\n","protected":false},"author":1,"featured_media":0,"parent":1837,"menu_order":0,"comment_status":"closed","ping_status":"closed","template":"page-headless.php","meta":{"footnotes":""},"class_list":["post-1856","page","type-page","status-publish","hentry"],"_links":{"self":[{"href":"https:\/\/www.progeo.ngo\/fr\/wp-json\/wp\/v2\/pages\/1856","targetHints":{"allow":["GET"]}}],"collection":[{"href":"https:\/\/www.progeo.ngo\/fr\/wp-json\/wp\/v2\/pages"}],"about":[{"href":"https:\/\/www.progeo.ngo\/fr\/wp-json\/wp\/v2\/types\/page"}],"author":[{"embeddable":true,"href":"https:\/\/www.progeo.ngo\/fr\/wp-json\/wp\/v2\/users\/1"}],"replies":[{"embeddable":true,"href":"https:\/\/www.progeo.ngo\/fr\/wp-json\/wp\/v2\/comments?post=1856"}],"version-history":[{"count":3,"href":"https:\/\/www.progeo.ngo\/fr\/wp-json\/wp\/v2\/pages\/1856\/revisions"}],"predecessor-version":[{"id":2701,"href":"https:\/\/www.progeo.ngo\/fr\/wp-json\/wp\/v2\/pages\/1856\/revisions\/2701"}],"up":[{"embeddable":true,"href":"https:\/\/www.progeo.ngo\/fr\/wp-json\/wp\/v2\/pages\/1837"}],"wp:attachment":[{"href":"https:\/\/www.progeo.ngo\/fr\/wp-json\/wp\/v2\/media?parent=1856"}],"curies":[{"name":"wp","href":"https:\/\/api.w.org\/{rel}","templated":true}]}}