{"id":1844,"date":"2026-01-27T16:51:29","date_gmt":"2026-01-27T15:51:29","guid":{"rendered":"https:\/\/www.progeo.ngo\/calendar\/calendar-2023\/"},"modified":"2026-03-24T00:13:13","modified_gmt":"2026-03-23T23:13:13","slug":"calendar-2023","status":"publish","type":"page","link":"https:\/\/www.progeo.ngo\/fr\/calendar\/calendar-2023\/","title":{"rendered":"Calendrier 2023"},"content":{"rendered":"\n<div class=\"wp-block-group pb-md-5 is-layout-constrained wp-block-group-is-layout-constrained\">\n<h1 class=\"wp-block-heading mb-4 has-text-color has-link-color wp-elements-f65e4f5662d98305a529d360dd2d6c71\" style=\"color:#8f907b;font-size:45px\"><strong>Calendrier 2023<\/strong><\/h1>\n<\/div>\n\n\n\n<div class=\"wp-block-group is-content-justification-center is-layout-constrained wp-block-group-is-layout-constrained\">\n<div class=\"wp-block-columns mt-5 is-layout-flex wp-container-core-columns-is-layout-28f84493 wp-block-columns-is-layout-flex\">\n<div class=\"wp-block-column is-layout-flow wp-block-column-is-layout-flow\" style=\"flex-basis:33.33%\">\n<p style=\"font-size:28px\"><strong>16\u201317 janvier<\/strong><\/p>\n<\/div>\n\n\n\n<div class=\"wp-block-column is-layout-flow wp-block-column-is-layout-flow\" style=\"flex-basis:66.66%\">\n<p class=\"has-medium-font-size\"><strong>La science de la g\u00e9odiversit\u00e9 au service de la soci\u00e9t\u00e9<\/strong><\/p>\n\n\n\n<p>R\u00e9union, Nottingham,&nbsp;<\/p>\n\n\n\n<p>Organisateurs: Royal Society of London<\/p>\n\n\n\n<p><a href=\"https:\/\/royalsociety.org\/science-events-and-lectures\/2023\/01\/geodiversity\" target=\"_blank\" rel=\"noreferrer noopener\">https:\/\/royalsociety.org\/science-events-and-lectures\/2023\/01\/geodiversity<\/a><\/p>\n<\/div>\n<\/div>\n<\/div>\n\n\n\n<div class=\"wp-block-group is-layout-constrained wp-block-group-is-layout-constrained\">\n<div class=\"wp-block-columns mt-5 is-layout-flex wp-container-core-columns-is-layout-28f84493 wp-block-columns-is-layout-flex\">\n<div class=\"wp-block-column is-layout-flow wp-block-column-is-layout-flow\" style=\"flex-basis:33.33%\">\n<p style=\"font-size:28px\"><strong>10\u201314 avril<\/strong><\/p>\n<\/div>\n\n\n\n<div class=\"wp-block-column is-layout-flow wp-block-column-is-layout-flow\" style=\"flex-basis:66.66%\">\n<p class=\"has-medium-font-size\"><strong>G\u00e9ologie culturelle, patrimoine g\u00e9ologique et g\u00e9otourisme<\/strong><\/p>\n\n\n\n<p>Session, Ankara, Turquie<\/p>\n\n\n\n<p>Organisateurs : Ing\u00e9nieurs g\u00e9ologues de Turquie<\/p>\n\n\n\n<p><a href=\"https:\/\/tjk.jmo.org.tr\" target=\"_blank\" rel=\"noreferrer noopener\">https:\/\/tjk.jmo.org.tr<\/a><\/p>\n<\/div>\n<\/div>\n\n\n\n<div class=\"wp-block-columns mt-5 is-layout-flex wp-container-core-columns-is-layout-28f84493 wp-block-columns-is-layout-flex\">\n<div class=\"wp-block-column is-layout-flow wp-block-column-is-layout-flow\" style=\"flex-basis:33.33%\">\n<p style=\"font-size:28px\"><strong>25\u201327 avril<\/strong><\/p>\n<\/div>\n\n\n\n<div class=\"wp-block-column is-layout-flow wp-block-column-is-layout-flow\" style=\"flex-basis:66.66%\">\n<p class=\"has-medium-font-size\"><strong>USGS Geoheritage Mapping Workshop II<\/strong><\/p>\n\n\n\n<p>Atelier, Shepherdstown, WV USA<\/p>\n\n\n\n<p>Organisateurs: USGS<\/p>\n\n\n\n<p><a href=\"https:\/\/forms.office.com\/g\/yGBMLWPHTS\" target=\"_blank\" rel=\"noreferrer noopener\">https:\/\/forms.office.com\/g\/yGBMLWPHTS<\/a><\/p>\n<\/div>\n<\/div>\n\n\n\n<div class=\"wp-block-columns mt-5 is-layout-flex wp-container-core-columns-is-layout-28f84493 wp-block-columns-is-layout-flex\">\n<div class=\"wp-block-column is-layout-flow wp-block-column-is-layout-flow\" style=\"flex-basis:33.33%\">\n<p style=\"font-size:28px\"><strong>26\u201328 mai<\/strong><\/p>\n<\/div>\n\n\n\n<div class=\"wp-block-column is-layout-flow wp-block-column-is-layout-flow\" style=\"flex-basis:66.66%\">\n<p class=\"has-medium-font-size\"><strong>5es Journ\u00e9es nationales de la g\u00e9ologie<\/strong><\/p>\n\n\n\n<p>\u00c9v\u00e9nement annuel de sensibilisation, France<\/p>\n\n\n\n<p>Organisateurs : Soci\u00e9t\u00e9 g\u00e9ologique de France<\/p>\n\n\n\n<p><a href=\"https:\/\/www.geosoc.fr\/journees-nationales-de-la-geologie.html\" target=\"_blank\" rel=\"noreferrer noopener\">https:\/\/www.geosoc.fr\/journees-nationales-de-la-geologie.html<\/a><\/p>\n<\/div>\n<\/div>\n\n\n\n<div class=\"wp-block-columns mt-5 is-layout-flex wp-container-core-columns-is-layout-28f84493 wp-block-columns-is-layout-flex\">\n<div class=\"wp-block-column is-layout-flow wp-block-column-is-layout-flow\" style=\"flex-basis:33.33%\">\n<p style=\"font-size:28px\"><strong>27\u201330 juin<\/strong><\/p>\n<\/div>\n\n\n\n<div class=\"wp-block-column is-layout-flow wp-block-column-is-layout-flow\" style=\"flex-basis:66.66%\">\n<p class=\"has-medium-font-size\"><strong>Convention australienne des sciences de la Terre 2023<\/strong><\/p>\n\n\n\n<p>Conf\u00e9rence, Australie<\/p>\n\n\n\n<p>Organisateurs : Australian Geoscience Council<\/p>\n\n\n\n<p><a href=\"https:\/\/aesc2023.com.au\/\" target=\"_blank\" rel=\"noreferrer noopener\">https:\/\/aesc2023.com.au\/<\/a><\/p>\n<\/div>\n<\/div>\n\n\n\n<div class=\"wp-block-columns mt-5 is-layout-flex wp-container-core-columns-is-layout-28f84493 wp-block-columns-is-layout-flex\">\n<div class=\"wp-block-column is-layout-flow wp-block-column-is-layout-flow\" style=\"flex-basis:33.33%\">\n<p style=\"font-size:28px\"><strong>1\u201315 juillet<\/strong><\/p>\n<\/div>\n\n\n\n<div class=\"wp-block-column is-layout-flow wp-block-column-is-layout-flow\" style=\"flex-basis:66.66%\">\n<p class=\"has-medium-font-size\"><strong>Flottille des universit\u00e9s flottantes<\/strong><\/p>\n\n\n\n<p>R\u00e9gion de la Volga, Russie<\/p>\n\n\n\n<p>Organisateurs: Universit\u00e9 d\u2019\u00c9tat de Moscou Lomonossov (Mus\u00e9e des sciences de la Terre) ;<br>Institut de g\u00e9ographie de l\u2019Acad\u00e9mie des sciences de Russie, Moscou ;Universit\u00e9 technique d\u2019\u00c9tat de Tambov<\/p>\n<\/div>\n<\/div>\n\n\n\n<div class=\"wp-block-columns mt-5 is-layout-flex wp-container-core-columns-is-layout-28f84493 wp-block-columns-is-layout-flex\">\n<div class=\"wp-block-column is-layout-flow wp-block-column-is-layout-flow\" style=\"flex-basis:33.33%\">\n<p style=\"font-size:28px\"><strong>5\u201310 septembre<\/strong><\/p>\n<\/div>\n\n\n\n<div class=\"wp-block-column is-layout-flow wp-block-column-is-layout-flow\" style=\"flex-basis:66.66%\">\n<p class=\"has-medium-font-size\"><strong>Conf\u00e9rence internationale sur les G\u00e9oparcs mondiaux UNESCO 2023<\/strong><\/p>\n\n\n\n<p>Conf\u00e9rence, Marrakech, Maroc<\/p>\n\n\n\n<p>Organisateurs: Australian Geoscience Council<\/p>\n\n\n\n<p><a href=\"http:\/\/www.mgounggn2023.org\/\" target=\"_blank\" rel=\"noreferrer noopener\">http:\/\/www.mgounggn2023.org\/<\/a><\/p>\n<\/div>\n<\/div>\n\n\n\n<div class=\"wp-block-columns mt-5 is-layout-flex wp-container-core-columns-is-layout-28f84493 wp-block-columns-is-layout-flex\">\n<div class=\"wp-block-column is-layout-flow wp-block-column-is-layout-flow\" style=\"flex-basis:33.33%\">\n<p style=\"font-size:28px\"><strong>6 octobre<\/strong><\/p>\n<\/div>\n\n\n\n<div class=\"wp-block-column is-layout-flow wp-block-column-is-layout-flow\" style=\"flex-basis:66.66%\">\n<p class=\"has-medium-font-size\"><strong>Journ\u00e9e internationale de la g\u00e9odiversit\u00e9<\/strong><\/p>\n\n\n\n<p>\u00c9v\u00e9nement annuel de sensibilisation, Litija, Slov\u00e9nie<\/p>\n\n\n\n<p>Institut de la R\u00e9publique de Slov\u00e9nie pour la conservation de la nature, Municipalit\u00e9 de Litija<\/p>\n<\/div>\n<\/div>\n\n\n\n<div class=\"wp-block-columns mt-5 is-layout-flex wp-container-core-columns-is-layout-28f84493 wp-block-columns-is-layout-flex\">\n<div class=\"wp-block-column is-layout-flow wp-block-column-is-layout-flow\" style=\"flex-basis:33.33%\">\n<p style=\"font-size:28px\"><strong>6\u20138 octobre<\/strong><\/p>\n<\/div>\n\n\n\n<div class=\"wp-block-column is-layout-flow wp-block-column-is-layout-flow\" style=\"flex-basis:66.66%\">\n<p class=\"has-medium-font-size\"><strong>Journ\u00e9e internationale de la g\u00e9odiversit\u00e9 de l\u2019UNESCO au Luxembourg<\/strong><\/p>\n\n\n\n<p>\u00c9v\u00e9nement annuel de sensibilisation, Luxembourg-Ville, Luxembourg<\/p>\n\n\n\n<p>Mus\u00e9e national d\u2019histoire naturelle Luxembourg &amp; Commission pour la coop\u00e9ration avec l\u2019Unesco, Luxembourg<\/p>\n<\/div>\n<\/div>\n\n\n\n<div class=\"wp-block-columns mt-5 is-layout-flex wp-container-core-columns-is-layout-28f84493 wp-block-columns-is-layout-flex\">\n<div class=\"wp-block-column is-layout-flow wp-block-column-is-layout-flow\" style=\"flex-basis:33.33%\">\n<p style=\"font-size:28px\"><strong>24\u201328 octobre<\/strong><\/p>\n<\/div>\n\n\n\n<div class=\"wp-block-column is-layout-flow wp-block-column-is-layout-flow\" style=\"flex-basis:66.66%\">\n<p class=\"has-medium-font-size\"><strong>Journ\u00e9e internationale de la g\u00e9odiversit\u00e9 Premier Congr\u00e8s international sur la g\u00e9odiversit\u00e9, le patrimoine g\u00e9ologique, le g\u00e9otourisme, la g\u00e9o\u00e9ducation, les g\u00e9oparcs et les objectifs de d\u00e9veloppement durable (5G &amp; ODD)<\/strong><\/p>\n\n\n\n<p>Conf\u00e9rence, Safi, Maroc<\/p>\n\n\n\n<p>Facult\u00e9 polydisciplinaire de Safi, Universit\u00e9 Cadi Ayyad, Maroc<\/p>\n\n\n\n<p>Ezzoura Errami<\/p>\n\n\n\n<p><a href=\"https:\/\/ic5gsdg.uca.ma\">https:\/\/ic5gsdg.uca.ma<\/a><\/p>\n\n\n\n<p>En collaboration avec :<\/p>\n\n\n\n<p>R\u00e9seau africain des g\u00e9oparcs (AGN),<br>Association africaine des femmes en g\u00e9osciences (AAWG)<br>et Organisation des services g\u00e9ologiques africains (OAGS)<\/p>\n<\/div>\n<\/div>\n\n\n\n<div class=\"wp-block-columns mt-5 is-layout-flex wp-container-core-columns-is-layout-28f84493 wp-block-columns-is-layout-flex\">\n<div class=\"wp-block-column is-layout-flow wp-block-column-is-layout-flow\" style=\"flex-basis:33.33%\">\n<p style=\"font-size:28px\"><strong>30 octobre \u2013 3 novembre<\/strong><\/p>\n<\/div>\n\n\n\n<div class=\"wp-block-column is-layout-flow wp-block-column-is-layout-flow\" style=\"flex-basis:66.66%\">\n<p class=\"has-medium-font-size\"><strong>Rencontres des Sciences de la Terre \u2013 Session Patrimoine g\u00e9ologique et m\u00e9diation<\/strong><\/p>\n\n\n\n<p>Conf\u00e9rence, Rennes (France)<\/p>\n\n\n\n<p>Soci\u00e9t\u00e9 g\u00e9ologique de France et Universit\u00e9 de Rennes<\/p>\n\n\n\n<p><a href=\"https:\/\/rst2023-rennes.sciencesconf.org\/resource\/page\/id\/7#16\" target=\"_blank\" rel=\"noreferrer noopener\">https:\/\/rst2023-rennes.sciencesconf.org\/resource\/page\/id\/7#16<\/a><\/p>\n<\/div>\n<\/div>\n\n\n\n<div class=\"wp-block-columns mt-5 is-layout-flex wp-container-core-columns-is-layout-28f84493 wp-block-columns-is-layout-flex\">\n<div class=\"wp-block-column is-layout-flow wp-block-column-is-layout-flow\" style=\"flex-basis:33.33%\">\n<p style=\"font-size:28px\"><strong>26\u201327 novembre<\/strong><\/p>\n<\/div>\n\n\n\n<div class=\"wp-block-column is-layout-flow wp-block-column-is-layout-flow\" style=\"flex-basis:66.66%\">\n<p class=\"has-medium-font-size\"><strong>1er Forum international sur les \u00e9tudes mini\u00e8res<\/strong><\/p>\n\n\n\n<p>Conf\u00e9rence, New Taipei City, Ta\u00efwan<\/p>\n\n\n\n<p>Les \u00e9tudes mini\u00e8res portent sur les r\u00e9gions de Chinkuashih, Chiufen et Shuinandong, o\u00f9 le paysage culturel est construit sur un patrimoine g\u00e9ologique unique riche en or et en cuivre. Les th\u00e8mes abord\u00e9s incluent l\u2019histoire, les strat\u00e9gies de conservation, les plans de d\u00e9veloppement durable, entre autres.<\/p>\n<\/div>\n<\/div>\n<\/div>\n","protected":false},"excerpt":{"rendered":"<p>Calendrier 2023 16\u201317 janvier La science de la g\u00e9odiversit\u00e9 au service de la soci\u00e9t\u00e9 R\u00e9union, Nottingham,&nbsp; Organisateurs: Royal Society of London https:\/\/royalsociety.org\/science-events-and-lectures\/2023\/01\/geodiversity 10\u201314 avril G\u00e9ologie culturelle, patrimoine g\u00e9ologique et g\u00e9otourisme Session, Ankara, Turquie Organisateurs : Ing\u00e9nieurs g\u00e9ologues de Turquie https:\/\/tjk.jmo.org.tr 25\u201327 avril USGS Geoheritage Mapping Workshop II Atelier, Shepherdstown, WV USA Organisateurs: USGS https:\/\/forms.office.com\/g\/yGBMLWPHTS 26\u201328 [&hellip;]<\/p>\n","protected":false},"author":1,"featured_media":0,"parent":1837,"menu_order":0,"comment_status":"closed","ping_status":"closed","template":"page-headless.php","meta":{"footnotes":""},"class_list":["post-1844","page","type-page","status-publish","hentry"],"_links":{"self":[{"href":"https:\/\/www.progeo.ngo\/fr\/wp-json\/wp\/v2\/pages\/1844","targetHints":{"allow":["GET"]}}],"collection":[{"href":"https:\/\/www.progeo.ngo\/fr\/wp-json\/wp\/v2\/pages"}],"about":[{"href":"https:\/\/www.progeo.ngo\/fr\/wp-json\/wp\/v2\/types\/page"}],"author":[{"embeddable":true,"href":"https:\/\/www.progeo.ngo\/fr\/wp-json\/wp\/v2\/users\/1"}],"replies":[{"embeddable":true,"href":"https:\/\/www.progeo.ngo\/fr\/wp-json\/wp\/v2\/comments?post=1844"}],"version-history":[{"count":3,"href":"https:\/\/www.progeo.ngo\/fr\/wp-json\/wp\/v2\/pages\/1844\/revisions"}],"predecessor-version":[{"id":2696,"href":"https:\/\/www.progeo.ngo\/fr\/wp-json\/wp\/v2\/pages\/1844\/revisions\/2696"}],"up":[{"embeddable":true,"href":"https:\/\/www.progeo.ngo\/fr\/wp-json\/wp\/v2\/pages\/1837"}],"wp:attachment":[{"href":"https:\/\/www.progeo.ngo\/fr\/wp-json\/wp\/v2\/media?parent=1844"}],"curies":[{"name":"wp","href":"https:\/\/api.w.org\/{rel}","templated":true}]}}