{"id":1814,"date":"2026-02-09T11:17:10","date_gmt":"2026-02-09T10:17:10","guid":{"rendered":"https:\/\/www.progeo.ngo\/contact\/"},"modified":"2026-03-10T09:38:22","modified_gmt":"2026-03-10T08:38:22","slug":"contact","status":"publish","type":"page","link":"https:\/\/www.progeo.ngo\/fr\/contact\/","title":{"rendered":"Contact"},"content":{"rendered":"\n<figure class=\"wp-block-image alignfull size-full pt-4\"><img loading=\"lazy\" decoding=\"async\" width=\"2560\" height=\"546\" src=\"https:\/\/www.progeo.ngo\/wp-content\/uploads\/2026\/02\/a3c153_3592f141741849e8b2cb99afa8e3a412mv2.avif\" alt=\"\" class=\"wp-image-913\" srcset=\"https:\/\/www.progeo.ngo\/wp-content\/uploads\/2026\/02\/a3c153_3592f141741849e8b2cb99afa8e3a412mv2.avif 2560w, https:\/\/www.progeo.ngo\/wp-content\/uploads\/2026\/02\/a3c153_3592f141741849e8b2cb99afa8e3a412mv2-300x64.jpg 300w, https:\/\/www.progeo.ngo\/wp-content\/uploads\/2026\/02\/a3c153_3592f141741849e8b2cb99afa8e3a412mv2-1024x218.jpg 1024w, https:\/\/www.progeo.ngo\/wp-content\/uploads\/2026\/02\/a3c153_3592f141741849e8b2cb99afa8e3a412mv2-768x164.jpg 768w, https:\/\/www.progeo.ngo\/wp-content\/uploads\/2026\/02\/a3c153_3592f141741849e8b2cb99afa8e3a412mv2-1536x328.jpg 1536w, https:\/\/www.progeo.ngo\/wp-content\/uploads\/2026\/02\/a3c153_3592f141741849e8b2cb99afa8e3a412mv2-2048x437.jpg 2048w\" sizes=\"auto, (max-width: 2560px) 100vw, 2560px\" \/><\/figure>\n\n\n\n<div class=\"wp-block-group is-layout-constrained wp-block-group-is-layout-constrained\">\n<div class=\"wp-block-group is-layout-constrained wp-container-core-group-is-layout-bea02a06 wp-block-group-is-layout-constrained\">\n<div class=\"wp-block-columns is-layout-flex wp-container-core-columns-is-layout-28f84493 wp-block-columns-is-layout-flex\">\n<div class=\"wp-block-column is-layout-flow wp-block-column-is-layout-flow\" style=\"flex-basis:800px\">\n<p><\/p>\n<\/div>\n<\/div>\n<\/div>\n\n\n\n<div class=\"wp-block-group pt-5 is-layout-flow wp-block-group-is-layout-flow\">\n<p class=\"has-x-large-font-size\"><strong>NOUS CONTACTER<\/strong><\/p>\n\n\n\n<p class=\"has-text-align-left has-medium-font-size\" style=\"padding-top:var(--wp--preset--spacing--40);padding-bottom:var(--wp--preset--spacing--40)\"><strong>c\/o Geological Survey of Sweden<\/strong><\/p>\n\n\n\n<p>Bo\u00eete postale 670, SE-751 28 Uppsala, Su\u00e8de<\/p>\n\n\n\n<p class=\"has-text-align-left has-medium-font-size\" style=\"padding-top:var(--wp--preset--spacing--40);padding-bottom:var(--wp--preset--spacing--40)\">Num\u00e9ro d&rsquo;organisation\u00a0: 817605-8769<\/p>\n\n\n\n<div class=\"wp-block-columns is-layout-flex wp-container-core-columns-is-layout-28f84493 wp-block-columns-is-layout-flex\">\n<div class=\"wp-block-column is-layout-flow wp-block-column-is-layout-flow\">\n<figure class=\"wp-block-image size-full\"><img loading=\"lazy\" decoding=\"async\" width=\"61\" height=\"61\" src=\"https:\/\/www.progeo.ngo\/wp-content\/uploads\/2026\/02\/mail-3.png\" alt=\"\" class=\"wp-image-940\"\/><\/figure>\n\n\n\n<p>progeo@progeo.ngo<\/p>\n<\/div>\n\n\n\n<div class=\"wp-block-column is-layout-flow wp-block-column-is-layout-flow\">\n<figure class=\"wp-block-image size-full\"><img loading=\"lazy\" decoding=\"async\" width=\"61\" height=\"61\" src=\"https:\/\/www.progeo.ngo\/wp-content\/uploads\/2026\/02\/facebook.avif\" alt=\"\" class=\"wp-image-932\"\/><\/figure>\n\n\n\n<p>facebook.com\/progeo.geoheritage\/<\/p>\n<\/div>\n<\/div>\n<\/div>\n<\/div>\n\n\n\n<p><\/p>\n\n\n\n<div class=\"wp-block-group alignwide fondo mt-5 has-background is-layout-constrained wp-block-group-is-layout-constrained\" style=\"background-color:#bec0a4\">\n<div class=\"wp-block-columns alignwide are-vertically-aligned-center container has-background is-layout-flex wp-container-core-columns-is-layout-28f84493 wp-block-columns-is-layout-flex\" style=\"background-color:#bec0a4\">\n<div class=\"wp-block-column is-vertically-aligned-center p-5 has-white-background-color has-background is-layout-constrained wp-block-column-is-layout-constrained\" style=\"flex-basis:100%\">\n<div class=\"wp-block-getwid-icon-box has-icon-left has-text-left\"><div class=\"wp-block-getwid-icon-box__icon-container has-layout-stacked is-position-top\"><div class=\"wp-block-getwid-icon-box__icon-wrapper has-background has-text-color\" style=\"font-size:25px;padding:12px;color:#194d59;background-color:#97bcc8\"><i class=\"far fa-envelope\"><\/i><\/div><\/div><div class=\"wp-block-getwid-icon-box__content\">\n<p class=\"ms-5\">Pr\u00e9sident\u00a0:<\/p>\n\n\n\n<div class=\"wp-block-group ms-5 pb-2 is-layout-constrained wp-block-group-is-layout-constrained\">\n<p style=\"font-size:28px\"><strong>Kevin Page,<\/strong><\/p>\n<\/div>\n\n\n\n<p class=\"ms-5\">Chercheur honoraire principal, Camborne<br>\u00c9cole des mines, Universit\u00e9 d&rsquo;Exeter, Royaume-Uni<\/p>\n<\/div><\/div>\n\n\n\n<div class=\"wp-block-getwid-icon-box pt-4 mt-4 getwid-animation has-icon-left has-text-left\" data-animation=\"tada\"><div class=\"wp-block-getwid-icon-box__icon-container has-layout-stacked is-position-top\"><a href=\"mailto:ewa.glowniak.geo@gmail.com\" target=\"_blank\" rel=\"noreferrer noopener\" class=\"wp-block-getwid-icon-box__icon-wrapper has-background has-text-color\" style=\"font-size:25px;padding:12px;color:#194d59;background-color:#97bcc8\"><i class=\"far fa-envelope\"><\/i><\/a><\/div><div class=\"wp-block-getwid-icon-box__content\">\n<p class=\"ms-5\">Secr\u00e9taire ex\u00e9cutive\u00a0:<\/p>\n\n\n\n<div class=\"wp-block-group ms-5 pb-2 is-layout-constrained wp-block-group-is-layout-constrained\">\n<p style=\"font-size:28px\"><strong>Ewa G\u0142owniak<\/strong><\/p>\n<\/div>\n\n\n\n<p class=\"ms-5\">Facult\u00e9 de g\u00e9ologie<br>Universit\u00e9 de Varsovie, Pologne<br><\/p>\n<\/div><\/div>\n\n\n\n<div class=\"wp-block-getwid-icon-box pt-4 mt-4 getwid-animation has-icon-left has-text-left\" data-animation=\"tada\"><div class=\"wp-block-getwid-icon-box__icon-container has-layout-stacked is-position-top\"><a href=\"mailto:sven.lundqvist@sgu.se\" target=\"_blank\" rel=\"noreferrer noopener\" class=\"wp-block-getwid-icon-box__icon-wrapper has-background has-text-color\" style=\"font-size:25px;padding:12px;color:#194d59;background-color:#97bcc8\"><i class=\"far fa-envelope\"><\/i><\/a><\/div><div class=\"wp-block-getwid-icon-box__content\">\n<p class=\"ms-5\">Tr\u00e9sorier\u00a0:<\/p>\n\n\n\n<div class=\"wp-block-group ms-5 pb-2 is-layout-constrained wp-block-group-is-layout-constrained\">\n<p style=\"font-size:28px\"><strong>Sven Lundqvist<\/strong><\/p>\n<\/div>\n\n\n\n<p class=\"ms-5\">Service g\u00e9ologique de Su\u00e8de<\/p>\n<\/div><\/div>\n<\/div>\n<\/div>\n<\/div>\n\n\n\n<div class=\"wp-block-group alignwide fondo mt-5 has-background is-layout-constrained wp-block-group-is-layout-constrained\" style=\"background-color:#8f907b\">\n<div class=\"wp-block-columns alignwide are-vertically-aligned-center container has-background is-layout-flex wp-container-core-columns-is-layout-28f84493 wp-block-columns-is-layout-flex\" style=\"background-color:#8f907b\">\n<div class=\"wp-block-column is-vertically-aligned-center p-5 has-white-background-color has-background is-layout-constrained wp-block-column-is-layout-constrained\" style=\"flex-basis:100%\">\n<p class=\"mb-5 has-large-font-size\"><strong>Coordinateurs des groupes de travail\u00a0:<\/strong><\/p>\n\n\n\n<div class=\"wp-block-getwid-icon-box getwid-animation has-icon-left has-text-left\" data-animation=\"tada\"><div class=\"wp-block-getwid-icon-box__icon-container has-layout-stacked is-position-top\"><a href=\"mailto:lesley2.dunlop@northumbria.ac.uk\" target=\"_blank\" rel=\"noreferrer noopener\" class=\"wp-block-getwid-icon-box__icon-wrapper has-background has-text-color\" style=\"font-size:25px;padding:12px;color:#194d59;background-color:#97bcc8\"><i class=\"far fa-envelope\"><\/i><\/a><\/div><div class=\"wp-block-getwid-icon-box__content\">\n<div class=\"wp-block-group ms-5 pb-2 is-layout-constrained wp-block-group-is-layout-constrained\">\n<p style=\"font-size:28px\"><strong>Lesley Dunlop&nbsp;<\/strong><\/p>\n<\/div>\n\n\n\n<p class=\"ms-5\">Europe du Nord<\/p>\n<\/div><\/div>\n\n\n\n<div class=\"wp-block-getwid-icon-box pt-4 mt-4 getwid-animation has-icon-left has-text-left\" data-animation=\"tada\"><div class=\"wp-block-getwid-icon-box__icon-container has-layout-stacked is-position-top\"><a href=\"mailto:ljerka.marjanac@gmail.com\" target=\"_blank\" rel=\"noreferrer noopener\" class=\"wp-block-getwid-icon-box__icon-wrapper has-background has-text-color\" style=\"font-size:25px;padding:12px;color:#194d59;background-color:#97bcc8\"><i class=\"far fa-envelope\"><\/i><\/a><\/div><div class=\"wp-block-getwid-icon-box__content\">\n<div class=\"wp-block-group ms-5 pb-2 is-layout-constrained wp-block-group-is-layout-constrained\">\n<p style=\"font-size:28px\"><strong>Ljerka Marjanac<\/strong><\/p>\n<\/div>\n\n\n\n<p class=\"ms-5\">Europe du Sud-Est<br><\/p>\n<\/div><\/div>\n\n\n\n<div class=\"wp-block-getwid-icon-box pt-4 mt-4 getwid-animation has-icon-left has-text-left\" data-animation=\"tada\"><div class=\"wp-block-getwid-icon-box__icon-container has-layout-stacked is-position-top\"><a href=\"mailto:manu-monge@euskadi.eus\" target=\"_blank\" rel=\"\" class=\"wp-block-getwid-icon-box__icon-wrapper has-background has-text-color\" style=\"font-size:25px;padding:12px;color:#194d59;background-color:#97bcc8\"><i class=\"far fa-envelope\"><\/i><\/a><\/div><div class=\"wp-block-getwid-icon-box__content\">\n<div class=\"wp-block-group ms-5 pb-2 is-layout-constrained wp-block-group-is-layout-constrained\">\n<p style=\"font-size:28px\"><strong>Manuel Monge Ganuzas<\/strong><\/p>\n<\/div>\n\n\n\n<p class=\"ms-5\">Europe du Sud-Ouest<br><\/p>\n<\/div><\/div>\n\n\n\n<div class=\"wp-block-getwid-icon-box pt-4 mt-4 getwid-animation has-icon-left has-text-left\" data-animation=\"tada\"><div class=\"wp-block-getwid-icon-box__icon-container has-layout-stacked is-position-top\"><div class=\"wp-block-getwid-icon-box__icon-wrapper has-background has-text-color\" style=\"font-size:25px;padding:12px;color:#194d59;background-color:#97bcc8\"><i class=\"far fa-envelope\"><\/i><\/div><\/div><div class=\"wp-block-getwid-icon-box__content\">\n<div class=\"wp-block-group ms-5 pb-2 is-layout-constrained wp-block-group-is-layout-constrained\">\n<p style=\"font-size:28px\"><strong>Evgenyi Kislov<\/strong><\/p>\n<\/div>\n\n\n\n<p class=\"ms-5\">Groupe de travail Europe de l&rsquo;Est<br><\/p>\n<\/div><\/div>\n<\/div>\n<\/div>\n<\/div>\n\n\n\n<p><\/p>\n","protected":false},"excerpt":{"rendered":"<p>NOUS CONTACTER c\/o Geological Survey of Sweden Bo\u00eete postale 670, SE-751 28 Uppsala, Su\u00e8de Num\u00e9ro d&rsquo;organisation\u00a0: 817605-8769 progeo@progeo.ngo facebook.com\/progeo.geoheritage\/ Coordinateurs des groupes de travail\u00a0:<\/p>\n","protected":false},"author":1,"featured_media":0,"parent":0,"menu_order":0,"comment_status":"closed","ping_status":"closed","template":"","meta":{"footnotes":""},"class_list":["post-1814","page","type-page","status-publish","hentry"],"_links":{"self":[{"href":"https:\/\/www.progeo.ngo\/fr\/wp-json\/wp\/v2\/pages\/1814","targetHints":{"allow":["GET"]}}],"collection":[{"href":"https:\/\/www.progeo.ngo\/fr\/wp-json\/wp\/v2\/pages"}],"about":[{"href":"https:\/\/www.progeo.ngo\/fr\/wp-json\/wp\/v2\/types\/page"}],"author":[{"embeddable":true,"href":"https:\/\/www.progeo.ngo\/fr\/wp-json\/wp\/v2\/users\/1"}],"replies":[{"embeddable":true,"href":"https:\/\/www.progeo.ngo\/fr\/wp-json\/wp\/v2\/comments?post=1814"}],"version-history":[{"count":1,"href":"https:\/\/www.progeo.ngo\/fr\/wp-json\/wp\/v2\/pages\/1814\/revisions"}],"predecessor-version":[{"id":1816,"href":"https:\/\/www.progeo.ngo\/fr\/wp-json\/wp\/v2\/pages\/1814\/revisions\/1816"}],"wp:attachment":[{"href":"https:\/\/www.progeo.ngo\/fr\/wp-json\/wp\/v2\/media?parent=1814"}],"curies":[{"name":"wp","href":"https:\/\/api.w.org\/{rel}","templated":true}]}}