{"id":1769,"date":"2026-02-07T10:57:07","date_gmt":"2026-02-07T09:57:07","guid":{"rendered":"https:\/\/www.progeo.ngo\/members-partnerns\/"},"modified":"2026-03-09T17:58:21","modified_gmt":"2026-03-09T16:58:21","slug":"members-partnerns","status":"publish","type":"page","link":"https:\/\/www.progeo.ngo\/fr\/members-partnerns\/","title":{"rendered":"Membres et partenaires"},"content":{"rendered":" <div class=\"wp-block-group is-layout-constrained wp-block-group-is-layout-constrained\"> <div class=\"wp-block-group is-layout-constrained wp-container-core-group-is-layout-bea02a06 wp-block-group-is-layout-constrained\"> <div class=\"wp-block-columns is-layout-flex wp-container-core-columns-is-layout-28f84493 wp-block-columns-is-layout-flex\"> <div class=\"wp-block-column is-layout-flow wp-block-column-is-layout-flow\" style=\"flex-basis:100%\"> <h1 class=\"wp-block-heading has-text-align-center pt-5 has-x-large-font-size\" style=\"margin-top:0px;margin-bottom:0px\">Membres &amp; partenaires<\/h1> <\/div> <\/div> <\/div>   <div class=\"wp-block-group is-layout-constrained wp-container-core-group-is-layout-bea02a06 wp-block-group-is-layout-constrained\"> <p class=\"has-text-align-center has-medium-font-size\" style=\"padding-top:var(--wp--preset--spacing--40);padding-bottom:var(--wp--preset--spacing--40)\">D\u00e9couvrez ici les partenaires et les organisations membres de ProGEO.<\/p> <\/div>   <div class=\"wp-block-group is-layout-constrained wp-container-core-group-is-layout-bea02a06 wp-block-group-is-layout-constrained\"> <p class=\"has-text-align-center has-medium-font-size\" style=\"padding-top:var(--wp--preset--spacing--40);padding-bottom:var(--wp--preset--spacing--40)\">ProGEO collabore avec un r\u00e9seau diversifi\u00e9 d\u2019organisations et de personnes engag\u00e9es dans la promotion de la g\u00e9oconservation et du g\u00e9opatrimoine \u00e0 travers l\u2019Europe et au-del\u00e0. Cette section offre un aper\u00e7u de nos partenariats et de la structure de notre communaut\u00e9.<\/p> <\/div> <\/div>   <figure class=\"wp-block-image alignfull size-full pt-4\"><img loading=\"lazy\" decoding=\"async\" width=\"1760\" height=\"383\" src=\"https:\/\/www.progeo.ngo\/wp-content\/uploads\/2026\/02\/03de44_856d72d91daf4c97906d9bbb2650f48dmv2.avif\" alt=\"\" class=\"wp-image-739\" srcset=\"https:\/\/www.progeo.ngo\/wp-content\/uploads\/2026\/02\/03de44_856d72d91daf4c97906d9bbb2650f48dmv2.avif 1760w, https:\/\/www.progeo.ngo\/wp-content\/uploads\/2026\/02\/03de44_856d72d91daf4c97906d9bbb2650f48dmv2-300x65.jpg 300w, https:\/\/www.progeo.ngo\/wp-content\/uploads\/2026\/02\/03de44_856d72d91daf4c97906d9bbb2650f48dmv2-1024x223.jpg 1024w, https:\/\/www.progeo.ngo\/wp-content\/uploads\/2026\/02\/03de44_856d72d91daf4c97906d9bbb2650f48dmv2-768x167.jpg 768w, https:\/\/www.progeo.ngo\/wp-content\/uploads\/2026\/02\/03de44_856d72d91daf4c97906d9bbb2650f48dmv2-1536x334.jpg 1536w\" sizes=\"auto, (max-width: 1760px) 100vw, 1760px\" \/><\/figure>   <div class=\"wp-block-group has-background is-layout-constrained wp-block-group-is-layout-constrained\" style=\"background-color:#c9d3d6\"> <div class=\"wp-block-group is-layout-constrained wp-container-core-group-is-layout-8d293084 wp-block-group-is-layout-constrained\"> <div class=\"wp-block-columns has-background is-layout-flex wp-container-core-columns-is-layout-28f84493 wp-block-columns-is-layout-flex\" style=\"background-color:#c9d3d6\"> <div class=\"wp-block-column is-layout-flow wp-block-column-is-layout-flow\" style=\"flex-basis:100%\"> <h1 class=\"wp-block-heading has-text-align-center has-x-large-font-size\" style=\"margin-top:0px;margin-bottom:0px\"><br>Organisations avec lesquelles nous avons sign\u00e9 un protocole d\u2019accord (MoU)<\/h1> <\/div> <\/div> <\/div>   <div class=\"wp-block-group is-layout-constrained wp-container-core-group-is-layout-bea02a06 wp-block-group-is-layout-constrained\"> <p class=\"has-text-align-center has-medium-font-size\" style=\"padding-top:var(--wp--preset--spacing--40);padding-bottom:var(--wp--preset--spacing--40)\">Aper\u00e7u des partenaires internationaux avec lesquels ProGEO a \u00e9tabli des protocoles d\u2019accord (MoU), soutenant des initiatives conjointes en mati\u00e8re de recherche, de conservation et de sensibilisation.<br><br><\/p>   <div class=\"wp-block-group is-layout-constrained wp-block-group-is-layout-constrained\"> <div class=\"wp-block-group alignwide pb-5 is-content-justification-center is-nowrap is-layout-flex wp-container-core-group-is-layout-23441af8 wp-block-group-is-layout-flex\"> <figure class=\"wp-block-gallery has-nested-images columns-default is-cropped wp-block-gallery-1 is-layout-flex wp-block-gallery-is-layout-flex\"> <figure class=\"wp-block-image size-large\"><img loading=\"lazy\" decoding=\"async\" width=\"186\" height=\"100\" data-id=\"768\" src=\"https:\/\/www.progeo.ngo\/wp-content\/uploads\/2026\/02\/EuroGeoSurveys-1024x551-1.avif\" alt=\"\" class=\"wp-image-768\"\/><\/figure> <\/figure>   <figure class=\"wp-block-image size-full ps-5\"><img loading=\"lazy\" decoding=\"async\" width=\"272\" height=\"100\" src=\"https:\/\/www.progeo.ngo\/wp-content\/uploads\/2026\/02\/GSA_logo1R_rgb.avif\" alt=\"\" class=\"wp-image-772\"\/><\/figure> <\/div> <\/div> <\/div> <\/div>   <div class=\"wp-block-group has-light-background-color has-background is-layout-constrained wp-block-group-is-layout-constrained\"> <div class=\"wp-block-group is-layout-constrained wp-container-core-group-is-layout-8d293084 wp-block-group-is-layout-constrained\"> <div class=\"wp-block-columns has-light-background-color has-background is-layout-flex wp-container-core-columns-is-layout-28f84493 wp-block-columns-is-layout-flex\"> <div class=\"wp-block-column is-layout-flow wp-block-column-is-layout-flow\" style=\"flex-basis:100%\"> <h1 class=\"wp-block-heading has-text-align-center has-x-large-font-size\" style=\"margin-top:0px;margin-bottom:0px\"><br>Organisations membres institutionnelles<\/h1> <\/div> <\/div> <\/div>   <div class=\"wp-block-group is-layout-constrained wp-container-core-group-is-layout-bea02a06 wp-block-group-is-layout-constrained\"> <p class=\"has-text-align-center has-medium-font-size\" style=\"padding-top:var(--wp--preset--spacing--40);padding-bottom:var(--wp--preset--spacing--40)\">Un r\u00e9pertoire des membres institutionnels de ProGEO, comprenant des universit\u00e9s, des services g\u00e9ologiques, des mus\u00e9es et d\u2019autres organisations contribuant activement \u00e0 notre mission scientifique et de conservation.<br><br><\/p>   <div class=\"wp-block-group is-layout-constrained wp-block-group-is-layout-constrained\"> <div class=\"wp-block-group alignwide pb-5 is-content-justification-center is-nowrap is-layout-flex wp-container-core-group-is-layout-23441af8 wp-block-group-is-layout-flex\"> <figure class=\"wp-block-gallery has-nested-images columns-default is-cropped wp-block-gallery-2 is-layout-flex wp-block-gallery-is-layout-flex\"> <figure class=\"wp-block-image size-full\"><img loading=\"lazy\" decoding=\"async\" width=\"169\" height=\"100\" data-id=\"780\" src=\"https:\/\/www.progeo.ngo\/wp-content\/uploads\/2026\/02\/Norwegian-Environment-Agency-logo-BW.avif\" alt=\"\" class=\"wp-image-780\"\/><\/figure> <\/figure>   <figure class=\"wp-block-image size-full ps-5\"><img loading=\"lazy\" decoding=\"async\" width=\"100\" height=\"100\" src=\"https:\/\/www.progeo.ngo\/wp-content\/uploads\/2026\/02\/logoMNHN.avif\" alt=\"\" class=\"wp-image-782\"\/><\/figure>   <figure class=\"wp-block-image size-full ps-5\"><img loading=\"lazy\" decoding=\"async\" width=\"100\" height=\"100\" src=\"https:\/\/www.progeo.ngo\/wp-content\/uploads\/2026\/02\/CGS-2-logo_member.avif\" alt=\"\" class=\"wp-image-784\"\/><\/figure>   <figure class=\"wp-block-image size-full ps-5\"><img loading=\"lazy\" decoding=\"async\" width=\"83\" height=\"99\" src=\"https:\/\/www.progeo.ngo\/wp-content\/uploads\/2026\/02\/taipei.avif\" alt=\"\" class=\"wp-image-786\"\/><\/figure>   <figure class=\"wp-block-image size-full ps-5\"><img loading=\"lazy\" decoding=\"async\" width=\"151\" height=\"65\" src=\"https:\/\/www.progeo.ngo\/wp-content\/uploads\/2026\/02\/logo_ifpen.avif\" alt=\"\" class=\"wp-image-788\"\/><\/figure> <\/div> <\/div> <\/div> <\/div>   <div class=\"wp-block-group has-background is-layout-constrained wp-block-group-is-layout-constrained\" style=\"background-color:#c9d3d6\"> <div class=\"wp-block-columns container is-layout-flex wp-container-core-columns-is-layout-28f84493 wp-block-columns-is-layout-flex\"> <div class=\"wp-block-column is-layout-flow wp-block-column-is-layout-flow\" style=\"flex-basis:70%\"> <div class=\"wp-block-columns is-layout-flex wp-container-core-columns-is-layout-28f84493 wp-block-columns-is-layout-flex\"> <div class=\"wp-block-column is-layout-flow wp-block-column-is-layout-flow\" style=\"flex-basis:100%\"> <div class=\"wp-block-group content has-background is-layout-flow wp-block-group-is-layout-flow\" style=\"background-color:#c9d3d6\"> <div class=\"wp-block-group is-layout-flow wp-block-group-is-layout-flow\"> <div class=\"wp-block-columns has-background is-layout-flex wp-container-core-columns-is-layout-28f84493 wp-block-columns-is-layout-flex\" style=\"background-color:#c9d3d6\"> <div class=\"wp-block-column is-layout-flow wp-block-column-is-layout-flow\" style=\"flex-basis:100%\"> <h1 class=\"wp-block-heading has-text-align-center has-x-large-font-size\" style=\"margin-top:0px;margin-bottom:0px\"><br>Membres de ProGEO<\/h1> <\/div> <\/div> <\/div>   <div class=\"wp-block-group is-layout-constrained wp-container-core-group-is-layout-bea02a06 wp-block-group-is-layout-constrained\"> <p class=\"has-text-align-center has-medium-font-size\" style=\"padding-top:var(--wp--preset--spacing--40);padding-bottom:var(--wp--preset--spacing--40)\">ProGEO r\u00e9unit pr\u00e8s de 400 membres provenant de tous les continents : g\u00e9ologues, chercheurs, praticiens et sp\u00e9cialistes du patrimoine travaillant dans divers domaines des sciences de la Terre. Cette communaut\u00e9 mondiale contribue activement \u00e0 la g\u00e9oconservation, soutient les initiatives li\u00e9es au g\u00e9opatrimoine et favorise la compr\u00e9hension et la protection de la diversit\u00e9 g\u00e9ologique \u00e0 l\u2019\u00e9chelle mondiale.<br><br><\/p> <\/div> <\/div> <\/div> <\/div> <\/div>   <div class=\"wp-block-column is-layout-flow wp-block-column-is-layout-flow\" style=\"flex-basis:30%\"> <figure class=\"wp-block-image alignfull size-full ps-5\"><img loading=\"lazy\" decoding=\"async\" width=\"344\" height=\"389\" src=\"https:\/\/www.progeo.ngo\/wp-content\/uploads\/2026\/02\/IMG_2834_JPG.avif\" alt=\"\" class=\"wp-image-792\" srcset=\"https:\/\/www.progeo.ngo\/wp-content\/uploads\/2026\/02\/IMG_2834_JPG.avif 344w, https:\/\/www.progeo.ngo\/wp-content\/uploads\/2026\/02\/IMG_2834_JPG-265x300.jpg 265w\" sizes=\"auto, (max-width: 344px) 100vw, 344px\" \/><\/figure> <\/div> <\/div> <\/div>   <p><\/p> ","protected":false},"excerpt":{"rendered":"<p>Membres &amp; partenaires D\u00e9couvrez ici les partenaires et les organisations membres de ProGEO. ProGEO collabore avec un r\u00e9seau diversifi\u00e9 d\u2019organisations et de personnes engag\u00e9es dans la promotion de la g\u00e9oconservation et du g\u00e9opatrimoine \u00e0 travers l\u2019Europe et au-del\u00e0. Cette section offre un aper\u00e7u de nos partenariats et de la structure de notre communaut\u00e9. Organisations avec [&hellip;]<\/p>\n","protected":false},"author":1,"featured_media":0,"parent":0,"menu_order":0,"comment_status":"closed","ping_status":"closed","template":"page-headless.php","meta":{"footnotes":""},"class_list":["post-1769","page","type-page","status-publish","hentry"],"_links":{"self":[{"href":"https:\/\/www.progeo.ngo\/fr\/wp-json\/wp\/v2\/pages\/1769","targetHints":{"allow":["GET"]}}],"collection":[{"href":"https:\/\/www.progeo.ngo\/fr\/wp-json\/wp\/v2\/pages"}],"about":[{"href":"https:\/\/www.progeo.ngo\/fr\/wp-json\/wp\/v2\/types\/page"}],"author":[{"embeddable":true,"href":"https:\/\/www.progeo.ngo\/fr\/wp-json\/wp\/v2\/users\/1"}],"replies":[{"embeddable":true,"href":"https:\/\/www.progeo.ngo\/fr\/wp-json\/wp\/v2\/comments?post=1769"}],"version-history":[{"count":7,"href":"https:\/\/www.progeo.ngo\/fr\/wp-json\/wp\/v2\/pages\/1769\/revisions"}],"predecessor-version":[{"id":1777,"href":"https:\/\/www.progeo.ngo\/fr\/wp-json\/wp\/v2\/pages\/1769\/revisions\/1777"}],"wp:attachment":[{"href":"https:\/\/www.progeo.ngo\/fr\/wp-json\/wp\/v2\/media?parent=1769"}],"curies":[{"name":"wp","href":"https:\/\/api.w.org\/{rel}","templated":true}]}}