{"id":2787,"date":"2026-02-17T17:35:28","date_gmt":"2026-02-17T16:35:28","guid":{"rendered":"https:\/\/www.progeo.ngo\/product\/4-institutional-membership\/"},"modified":"2026-03-24T14:55:10","modified_gmt":"2026-03-24T13:55:10","slug":"4-institutional-membership","status":"publish","type":"product","link":"https:\/\/www.progeo.ngo\/es\/product\/4-institutional-membership\/","title":{"rendered":"4. Membres\u00eda institucional"},"content":{"rendered":"<pre class=\"skK8UF\" data-hook=\"description\">La membres\u00eda institucional incluye una suscripci\u00f3n a la versi\u00f3n en l\u00ednea de la revista Geoheritage Journal.<\/pre>\n","protected":false},"excerpt":{"rendered":"<p>La membres\u00eda institucional incluye una suscripci\u00f3n a la versi\u00f3n en l\u00ednea de la revista Geoheritage Journal.<\/p>\n","protected":false},"featured_media":2788,"template":"","meta":[],"product_brand":[],"product_cat":[29],"product_tag":[],"class_list":{"0":"post-2787","1":"product","2":"type-product","3":"status-publish","4":"has-post-thumbnail","6":"product_cat-progeo","8":"first","9":"instock","10":"shipping-taxable","11":"purchasable","12":"product-type-simple"},"_links":{"self":[{"href":"https:\/\/www.progeo.ngo\/es\/wp-json\/wp\/v2\/product\/2787","targetHints":{"allow":["GET"]}}],"collection":[{"href":"https:\/\/www.progeo.ngo\/es\/wp-json\/wp\/v2\/product"}],"about":[{"href":"https:\/\/www.progeo.ngo\/es\/wp-json\/wp\/v2\/types\/product"}],"wp:featuredmedia":[{"embeddable":true,"href":"https:\/\/www.progeo.ngo\/es\/wp-json\/wp\/v2\/media\/2788"}],"wp:attachment":[{"href":"https:\/\/www.progeo.ngo\/es\/wp-json\/wp\/v2\/media?parent=2787"}],"wp:term":[{"taxonomy":"product_brand","embeddable":true,"href":"https:\/\/www.progeo.ngo\/es\/wp-json\/wp\/v2\/product_brand?post=2787"},{"taxonomy":"product_cat","embeddable":true,"href":"https:\/\/www.progeo.ngo\/es\/wp-json\/wp\/v2\/product_cat?post=2787"},{"taxonomy":"product_tag","embeddable":true,"href":"https:\/\/www.progeo.ngo\/es\/wp-json\/wp\/v2\/product_tag?post=2787"}],"curies":[{"name":"wp","href":"https:\/\/api.w.org\/{rel}","templated":true}]}}