{"id":2784,"date":"2026-02-17T17:36:41","date_gmt":"2026-02-17T16:36:41","guid":{"rendered":"https:\/\/www.progeo.ngo\/product\/5-institutional-membership-includes-also-geoheritage-print\/"},"modified":"2026-03-30T13:30:53","modified_gmt":"2026-03-30T11:30:53","slug":"5-institutional-membership-includes-also-geoheritage-print","status":"publish","type":"product","link":"https:\/\/www.progeo.ngo\/es\/product\/5-institutional-membership-includes-also-geoheritage-print\/","title":{"rendered":"5. Membres\u00eda institucional (incluye tambi\u00e9n la impresi\u00f3n de Geoheritage)"},"content":{"rendered":"<pre class=\"skK8UF\" data-hook=\"description\">La membres\u00eda institucional incluye una suscripci\u00f3n a la versi\u00f3n en l\u00ednea de la revista Geoheritage Journal.<\/pre>\n","protected":false},"excerpt":{"rendered":"<p>La membres\u00eda institucional incluye una suscripci\u00f3n a la versi\u00f3n en l\u00ednea de la revista Geoheritage Journal.<\/p>\n","protected":false},"featured_media":2785,"template":"","meta":[],"product_brand":[],"product_cat":[29],"product_tag":[20],"class_list":{"0":"post-2784","1":"product","2":"type-product","3":"status-publish","4":"has-post-thumbnail","6":"product_cat-progeo","7":"product_tag-print-subscription","9":"first","10":"instock","11":"shipping-taxable","12":"purchasable","13":"product-type-simple"},"_links":{"self":[{"href":"https:\/\/www.progeo.ngo\/es\/wp-json\/wp\/v2\/product\/2784","targetHints":{"allow":["GET"]}}],"collection":[{"href":"https:\/\/www.progeo.ngo\/es\/wp-json\/wp\/v2\/product"}],"about":[{"href":"https:\/\/www.progeo.ngo\/es\/wp-json\/wp\/v2\/types\/product"}],"wp:featuredmedia":[{"embeddable":true,"href":"https:\/\/www.progeo.ngo\/es\/wp-json\/wp\/v2\/media\/2785"}],"wp:attachment":[{"href":"https:\/\/www.progeo.ngo\/es\/wp-json\/wp\/v2\/media?parent=2784"}],"wp:term":[{"taxonomy":"product_brand","embeddable":true,"href":"https:\/\/www.progeo.ngo\/es\/wp-json\/wp\/v2\/product_brand?post=2784"},{"taxonomy":"product_cat","embeddable":true,"href":"https:\/\/www.progeo.ngo\/es\/wp-json\/wp\/v2\/product_cat?post=2784"},{"taxonomy":"product_tag","embeddable":true,"href":"https:\/\/www.progeo.ngo\/es\/wp-json\/wp\/v2\/product_tag?post=2784"}],"curies":[{"name":"wp","href":"https:\/\/api.w.org\/{rel}","templated":true}]}}