{"id":2779,"date":"2026-02-17T17:38:58","date_gmt":"2026-02-17T16:38:58","guid":{"rendered":"https:\/\/www.progeo.ngo\/product\/geoheritage-in-europe-and-its-conservation\/"},"modified":"2026-03-24T15:02:19","modified_gmt":"2026-03-24T14:02:19","slug":"geoheritage-in-europe-and-its-conservation","status":"publish","type":"product","link":"https:\/\/www.progeo.ngo\/es\/product\/geoheritage-in-europe-and-its-conservation\/","title":{"rendered":"Geoheritage in Europe and its conservation."},"content":{"rendered":"<div class=\"WAZqE7 QfrfFD cell\">\n<section class=\"Va_ZoC\" data-hook=\"description-wrapper\">\n<div class=\"LvOu6J\">\n<div class=\"vaI0UH\" data-hook=\"content-wrapper\">\n<p>ProGEO&#8217;s book (hard-cover volume)<\/p>\n<p>Geoheritage in Europe and its conservation.<\/p>\n<p>Wimbledon, W.A.P. &amp; Smith-Meyer, S. (eds) 2012. 405 pages.<\/p>\n<p>ISBN: 978-82-426-2476-5<\/p>\n<p>&nbsp;<\/p>\n<p>Por primera vez, se presenta en un libro una visi\u00f3n general exhaustiva de la geoconservaci\u00f3n en Europa. El libro incluye contribuciones espec\u00edficas de 37 pa\u00edses, centradas en la legislaci\u00f3n y las pr\u00e1cticas de geoconservaci\u00f3n.<\/p>\n<\/div>\n<\/div>\n<\/section>\n<\/div>\n","protected":false},"excerpt":{"rendered":"<p>ProGEO&#8217;s book (hard-cover volume) Geoheritage in Europe and its conservation. Wimbledon, W.A.P. &amp; Smith-Meyer, S. (eds) 2012. 405 pages. ISBN: 978-82-426-2476-5 &nbsp; Por primera vez, se presenta en un libro una visi\u00f3n general exhaustiva de la geoconservaci\u00f3n en Europa. El libro incluye contribuciones espec\u00edficas de 37 pa\u00edses, centradas en la legislaci\u00f3n y las pr\u00e1cticas de [&hellip;]<\/p>\n","protected":false},"featured_media":2780,"template":"","meta":[],"product_brand":[],"product_cat":[29],"product_tag":[],"class_list":{"0":"post-2779","1":"product","2":"type-product","3":"status-publish","4":"has-post-thumbnail","6":"product_cat-progeo","8":"first","9":"instock","10":"shipping-taxable","11":"purchasable","12":"product-type-variable","13":"has-default-attributes"},"_links":{"self":[{"href":"https:\/\/www.progeo.ngo\/es\/wp-json\/wp\/v2\/product\/2779","targetHints":{"allow":["GET"]}}],"collection":[{"href":"https:\/\/www.progeo.ngo\/es\/wp-json\/wp\/v2\/product"}],"about":[{"href":"https:\/\/www.progeo.ngo\/es\/wp-json\/wp\/v2\/types\/product"}],"wp:featuredmedia":[{"embeddable":true,"href":"https:\/\/www.progeo.ngo\/es\/wp-json\/wp\/v2\/media\/2780"}],"wp:attachment":[{"href":"https:\/\/www.progeo.ngo\/es\/wp-json\/wp\/v2\/media?parent=2779"}],"wp:term":[{"taxonomy":"product_brand","embeddable":true,"href":"https:\/\/www.progeo.ngo\/es\/wp-json\/wp\/v2\/product_brand?post=2779"},{"taxonomy":"product_cat","embeddable":true,"href":"https:\/\/www.progeo.ngo\/es\/wp-json\/wp\/v2\/product_cat?post=2779"},{"taxonomy":"product_tag","embeddable":true,"href":"https:\/\/www.progeo.ngo\/es\/wp-json\/wp\/v2\/product_tag?post=2779"}],"curies":[{"name":"wp","href":"https:\/\/api.w.org\/{rel}","templated":true}]}}