{"id":2036,"date":"2026-02-06T19:10:31","date_gmt":"2026-02-06T18:10:31","guid":{"rendered":"https:\/\/www.progeo.ngo\/north-american-working-group-wg-na\/"},"modified":"2026-03-14T10:51:33","modified_gmt":"2026-03-14T09:51:33","slug":"north-american-working-group-wg-na","status":"publish","type":"page","link":"https:\/\/www.progeo.ngo\/es\/working-groups\/north-american-working-group-wg-na\/","title":{"rendered":"Grupo de Trabajo de Am\u00e9rica del Norte (GT-AN)"},"content":{"rendered":"\n<div class=\"wp-block-group is-layout-constrained wp-block-group-is-layout-constrained\">\n<div class=\"wp-block-columns container is-layout-flex wp-container-core-columns-is-layout-28f84493 wp-block-columns-is-layout-flex\">\n<div class=\"wp-block-column is-layout-constrained wp-block-column-is-layout-constrained\" style=\"flex-basis:33.33%\"><\/div>\n<\/div>\n<\/div>\n\n\n\n<div class=\"wp-block-group alignwide fondo has-background is-layout-constrained wp-block-group-is-layout-constrained\" style=\"background-color:#b28860\">\n<div class=\"wp-block-columns alignwide pt-5 container has-background is-layout-flex wp-container-core-columns-is-layout-28f84493 wp-block-columns-is-layout-flex\" style=\"background-color:#b28860\">\n<div class=\"wp-block-column has-white-background-color has-background is-layout-constrained wp-block-column-is-layout-constrained\">\n<div class=\"wp-block-cover alignfull is-light has-custom-content-position is-position-top-center wp-duotone-unset-1\" style=\"min-height:1231px;aspect-ratio:unset;\"><img loading=\"lazy\" decoding=\"async\" width=\"306\" height=\"1125\" class=\"wp-block-cover__image-background wp-image-655 size-full\" alt=\"\" src=\"https:\/\/www.progeo.ngo\/wp-content\/uploads\/2026\/02\/f165b1_8c7d76663bb94cee85c99cdaf7b0f692mv2.avif\" data-object-fit=\"cover\" srcset=\"https:\/\/www.progeo.ngo\/wp-content\/uploads\/2026\/02\/f165b1_8c7d76663bb94cee85c99cdaf7b0f692mv2.avif 306w, https:\/\/www.progeo.ngo\/wp-content\/uploads\/2026\/02\/f165b1_8c7d76663bb94cee85c99cdaf7b0f692mv2-82x300.jpg 82w\" sizes=\"auto, (max-width: 306px) 100vw, 306px\" \/><span aria-hidden=\"true\" class=\"wp-block-cover__background has-background-dim-10 has-background-dim\" style=\"background-color:#a27e63\"><\/span><div class=\"wp-block-cover__inner-container is-layout-flow wp-block-cover-is-layout-flow\">\n<p class=\"has-text-align-center has-large-font-size\"><\/p>\n<\/div><\/div>\n<\/div>\n\n\n\n<div class=\"wp-block-column p-5 has-white-background-color has-background is-layout-flow wp-container-core-column-is-layout-3f7b68c1 wp-block-column-is-layout-flow\" style=\"padding-top:0;padding-bottom:0;flex-basis:66.66%\">\n<h2 class=\"wp-block-heading pb-4\" style=\"font-size:34px\">Grupo de Trabajo de Am\u00e9rica del Norte (GT-AN)<\/h2>\n\n\n\n<p><\/p>\n\n\n\n<p><strong>Contacto: <\/strong>Priscilla C. Grew (Museo Estatal de la Universidad de Nebraska y Departamento de Ciencias de la Tierra y la Atm\u00f3sfera, Universidad de Nebraska-Lincoln, EE. UU., jubilada) 2024-presente<\/p>\n\n\n\n<p><strong>Contacto anterior:\u00a0<\/strong>Terri Cook (Laboratorio de F\u00edsica Atmosf\u00e9rica y Espacial, Universidad de Colorado, EE. UU.) 2021 \u2212 2023.<\/p>\n\n\n\n<p><strong>N\u00famero de miembros activos:<\/strong> 12 (2024\/25)<\/p>\n\n\n\n<p><strong><strong>Representantes de ProGEO:<\/strong><\/strong><br><br><strong>Estados Unidos de Am\u00e9rica: <\/strong>Terri Cook, (Representante interina de EE. UU. ante ProGEO, 2023\/2024; Becaria de Comunicaci\u00f3n Cient\u00edfica de la EGU, 2016; Becaria de Comunicaci\u00f3n Cient\u00edfica, Sociedad Geol\u00f3gica de Am\u00e9rica), 2019 \u2212 2020<\/p>\n\n\n\n<p><strong>Canad\u00e1<\/strong> : Vacante<\/p>\n\n\n\n<p><strong>Grupo Asesor de EE. UU. para el Patrimonio Geol\u00f3gico:<\/strong><\/p>\n\n\n\n<p>Thomas Casadevall (Presidente; Servicio Geol\u00f3gico de los Estados Unidos, jubilado)<\/p>\n<\/div>\n<\/div>\n<\/div>\n\n\n\n<div class=\"wp-block-group alignwide fondo has-background is-layout-constrained wp-block-group-is-layout-constrained\" style=\"background-color:#b28860\">\n<div class=\"wp-block-columns alignwide pt-5 container has-background is-layout-flex wp-container-core-columns-is-layout-28f84493 wp-block-columns-is-layout-flex\" style=\"background-color:#b28860\">\n<div class=\"wp-block-column p-5 has-white-background-color has-background is-layout-flow wp-block-column-is-layout-flow\">\n<p style=\"font-size:28px\">Grupo Asesor de EE. UU. para el Patrimonio Geol\u00f3gico<\/p>\n\n\n\n<p>El t\u00e9rmino \u00abpatrimonio geol\u00f3gico\u00bb se aplica a las caracter\u00edsticas geol\u00f3gicas y accidentes geogr\u00e1ficos con valor cient\u00edfico, educativo, cultural, econ\u00f3mico y\/o est\u00e9tico. El prop\u00f3sito del Grupo Asesor de EE. UU. para el Patrimonio Geol\u00f3gico es aumentar la conciencia sobre el patrimonio geol\u00f3gico en todo Estados Unidos. Desde 2024, este grupo asesor tiene su sede en la Sociedad Geol\u00f3gica de Am\u00e9rica. Desde su creaci\u00f3n en 2016 hasta 2024, el grupo asesor funcion\u00f3 bajo los auspicios del Comit\u00e9 Nacional de EE. UU. para la Uni\u00f3n Internacional de Ciencias Geol\u00f3gicas de las Academias Nacionales de Ciencias, Ingenier\u00eda y Medicina. Los nombres anteriores del grupo fueron \u00abGrupo Asesor de EE. UU. para el Patrimonio Geol\u00f3gico y Geoparques\u00bb y \u00abGrupo Asesor de EE. UU. sobre Patrimonio Geol\u00f3gico y Geoparques\u00bb. El grupo promueve la conservaci\u00f3n de geositios significativos. Tambi\u00e9n desarrolla y presenta talleres educativos, reuniones y publicaciones sobre el patrimonio geol\u00f3gico para avanzar en el conocimiento de los peligros geol\u00f3gicos, las aguas subterr\u00e1neas, el cambio clim\u00e1tico, la evoluci\u00f3n de la vida, los suministros de minerales y energ\u00eda, y la historia de la Tierra. El Grupo Asesor de EE. UU. sobre Patrimonio Geol\u00f3gico tiene 14 miembros e incluye representantes de agencias federales de EE. UU. (Servicio Geol\u00f3gico de los Estados Unidos y Servicio de Parques Nacionales), estudios geol\u00f3gicos estatales, academia, organizaciones sin fines de lucro y el sector privado.<br>El Dr. Thomas Casadevall preside el grupo asesor de EE. UU. desde 2016. Sus intereses cient\u00edficos se centran en los recursos minerales relacionados con entornos volc\u00e1nicos; en el vulcanismo activo y los peligros asociados; y en el patrimonio geol\u00f3gico con \u00e9nfasis en los paisajes volc\u00e1nicos protegidos. Recientemente complet\u00f3 el informe \u00abWorld Heritage Volcanoes\u00bb para la Uni\u00f3n Internacional para la Conservaci\u00f3n de la Naturaleza (UICN). Tambi\u00e9n es miembro de la Comisi\u00f3n Mundial de \u00c1reas Protegidas de la UICN y de su grupo de especialistas en patrimonio geol\u00f3gico.<br>El Dr. Casadevall fue autor o coautor de las secciones sobre Sistemas Tect\u00f3nicos, Sistemas Volc\u00e1nicos y Sistemas Marinos en el informe \u00abGeological World Heritage: a revised global framework for the application of criterion (viii) of the World Heritage Convention\u00bb [1]. En 2005, la UICN hab\u00eda publicado un informe titulado \u00abGeological World Heritage: A Global Framework\u00bb [2]. El objetivo de ese informe de 2005 era discutir y asesorar sobre el papel de la Convenci\u00f3n del Patrimonio Mundial en el reconocimiento y la protecci\u00f3n del patrimonio geol\u00f3gico y geomorfol\u00f3gico. El estudio de 2021 revis\u00f3 y actualiz\u00f3 completamente el informe de la UICN de 2005 y examin\u00f3 el impacto potencial de la nueva designaci\u00f3n de Geoparque Mundial de la UNESCO en futuras inscripciones en la Lista del Patrimonio Mundial bajo el criterio (viii).<\/p>\n\n\n\n<p class=\"pt-4\" style=\"font-size:28px\">Nuevo proyecto del Servicio Geol\u00f3gico de los Estados Unidos<\/p>\n\n\n\n<p>El Servicio Geol\u00f3gico de los Estados Unidos ha financiado un proyecto plurianual para desarrollar un producto geoespacial sobre patrimonio geol\u00f3gico que acompa\u00f1e a los mapas y modelos geol\u00f3gicos del Programa Nacional de Cartograf\u00eda Geol\u00f3gica Cooperativa. El proyecto \u00abUSGS Geoheritage Sites of the Nation\u00bb se centra en los sitios de patrimonio geol\u00f3gico y las principales caracter\u00edsticas geol\u00f3gicas de los Estados Unidos. El proyecto est\u00e1 dirigido por Christina DeVera (USGS, Reston, VA) e incluye investigadores del USGS y colaboradores del Servicio de Parques Nacionales, el Instituto Geocient\u00edfico Americano y la Asociaci\u00f3n de Ge\u00f3logos Estatales Americanos.<\/p>\n\n\n\n<p>En abril de 2023, se celebr\u00f3 un taller de tres d\u00edas en Virginia Occidental para desarrollar protocolos de compilaci\u00f3n de datos y est\u00e1ndares de selecci\u00f3n de sitios. La versi\u00f3n 1 del producto geoespacial sobre patrimonio geol\u00f3gico, publicada en septiembre de 2024 [3], se centra en los geositios ubicados en tierras gestionadas por el gobierno federal en los 50 estados, cuatro territorios de EE. UU. y Washington, D.C. Christina DeVera present\u00f3 ejemplos de los esfuerzos del proyecto en la reuni\u00f3n anual de la Sociedad Geol\u00f3gica de Am\u00e9rica (GSA) en Pittsburgh en octubre de 2023 [4], en la reuni\u00f3n de la Uni\u00f3n Geof\u00edsica Americana en San Francisco en diciembre de 2023 [5], en el Congreso Geol\u00f3gico Internacional en Busan, Corea del Sur, en agosto de 2024 [6], y en la reuni\u00f3n anual de la GSA en Anaheim en septiembre de 2024 [7, 8, 9].<br><\/p>\n\n\n\n<p class=\"pt-4\" style=\"font-size:28px\">Iniciativa America&#8217;s Geoheritage 2020-2021<\/p>\n\n\n\n<p>Un comit\u00e9 de planificaci\u00f3n de las Academias Nacionales de Ciencias, Ingenier\u00eda y Medicina, que inclu\u00eda a varios miembros del Grupo Asesor sobre Patrimonio Geol\u00f3gico del Comit\u00e9 Nacional de EE. UU. de Ciencias Geol\u00f3gicas, organiz\u00f3 un taller virtual en 2020-2021 [10] con los siguientes objetivos: 1) Examinar y compartir las estrategias y enfoques actuales para identificar, inventariar y caracterizar los sitios de patrimonio geol\u00f3gico en Am\u00e9rica; 2) Discutir posibles protocolos, terminolog\u00eda com\u00fan y mejores pr\u00e1cticas para documentar y desarrollar sitios de patrimonio geol\u00f3gico; 3) Considerar sugerencias para futuros trabajos para fomentar el desarrollo de sitios de patrimonio geol\u00f3gico, seg\u00fan corresponda, en entornos locales y estatales; 4) Crear una comunidad de geocient\u00edficos y colaboradores de los sectores p\u00fablico y privado dedicada a la identificaci\u00f3n y preservaci\u00f3n de sitios de patrimonio geol\u00f3gico en Am\u00e9rica; y 5) Explorar formas de alentar a los geocient\u00edficos, educadores y al p\u00fablico en general a utilizar los sitios de patrimonio geol\u00f3gico en sus actividades cient\u00edficas, educativas, informativas y de ocio. David Mogk y Ester Sztein lideraron la organizaci\u00f3n del taller. Otros l\u00edderes del taller incluyeron a Tom Casadevall, Daniel Tormey y Timothy Connors. Entre los ponentes del taller tambi\u00e9n se encontraba Asier Hilario, presidente de la Comisi\u00f3n de Patrimonio Geol\u00f3gico de la IUGS, quien habl\u00f3 sobre \u00abPatrimonio Geol\u00f3gico y Geoparques Mundiales de la UNESCO: Cooperaci\u00f3n e Iniciativas Internacionales\u00bb.<br><\/p>\n\n\n\n<p class=\"pt-4\" style=\"font-size:28px\">Enlace con las actividades sobre patrimonio geol\u00f3gico en la Ant\u00e1rtida<\/p>\n\n\n\n<p class=\"pt-2\"><br>Las actividades relacionadas con el patrimonio geol\u00f3gico en la Ant\u00e1rtida se gestionan de acuerdo con el Protocolo al Tratado Ant\u00e1rtico sobre Protecci\u00f3n del Medio Ambiente. Priscilla Grew es miembro del Grupo de Expertos sobre Patrimonio Geol\u00f3gico y Geoconservaci\u00f3n (EG-GEOCON) del Comit\u00e9 Cient\u00edfico de Investigaci\u00f3n Ant\u00e1rtica (SCAR). Adem\u00e1s, el USGS apoya de manera colaborativa la investigaci\u00f3n cient\u00edfica en la Ant\u00e1rtida como miembro del Programa de Investigaci\u00f3n del Cambio Global de EE. UU. en coordinaci\u00f3n con el Programa Ant\u00e1rtico de EE. UU. para mejorar los datos y la informaci\u00f3n disponibles para la comunidad internacional y ayuda a mantener programas cient\u00edficos que respalden la toma de decisiones informada \u2013 basada en la mejor ciencia disponible \u2013 para la gesti\u00f3n eficaz de los recursos ant\u00e1rticos.<\/p>\n\n\n\n<p>19.03.2025<\/p>\n\n\n\n<p class=\"pt-2\">Esta descripci\u00f3n fue preparada por Priscilla Grew con la contribuci\u00f3n de Tom Casadevall, y fue revisada por Tom Casadevall, Terri Cook y Ester Sztein.&nbsp;<\/p>\n\n\n\n<p style=\"font-size:28px\"><br>Referencias<\/p>\n\n\n\n<p><br>[1] Mc Keever, P.J. y Narbonne, G.M. 2021. Geological World Heritage: a revised global framework for the application of criterion (viii) of the World Heritage Convention. Gland, Suiza: UICN.<\/p>\n\n\n\n<p>[2] Dingwall, P., Weighell, T. y Badman, T., 2005. Geological World Heritage: A global framework. Una contribuci\u00f3n al estudio tem\u00e1tico global de los sitios naturales del Patrimonio Mundial, UICN, Gland. <a href=\"https:\/\/portals.iucn.org\/library\/node\/12797\" target=\"_blank\" rel=\"noreferrer noopener\">https:\/\/portals.iucn.org\/library\/node\/12797<\/a><\/p>\n\n\n\n<p>[3] DeVera, C.A., Van Sistine, D.P., Henderson, T.C., Casadevall, T.J., y Ruppert, L.F., 2024. Geoheritage Sites of the Nation Data Release: U.S. Geological Survey data release, <a href=\"https:\/\/doi.org\/10.5066\/P1QD59CM\" target=\"_blank\" rel=\"noreferrer noopener\">https:\/\/doi.org\/10.5066\/P1QD59CM<\/a>.<\/p>\n\n\n\n<p>doi: 10.5066\/P1QD59CM<\/p>\n\n\n\n<p>[4] DeVera, C.A, VanSistine, D.P., Casadevall, T.J., Ruppert, L.F., 2023. Geoheritage Sites: A Platform for Geologic Storytelling Linked to USGS Geologic Mapping, Abstract 123-13, Geological Society of America Abstracts with Programs, Vol. 55, No. 6. <a href=\"https:\/\/gsa.confex.com\/gsa\/2023AM\/meetingapp.cgi\/Paper\/394206\" target=\"_blank\" rel=\"noreferrer noopener\">https:\/\/gsa.confex.com\/gsa\/2023AM\/meetingapp.cgi\/Paper\/394206<\/a><br>doi: 10.1130\/abs\/2023AM-394206<\/p>\n\n\n\n<p>[5] DeVera, C.A., VanSistine, D.P., Casadevall, T.J., Ruppert, L.F., 2023. Poster Abstract SY43F-1098: How the Concept of Geoheritage Can Increase Findability of USGS Geologic Mapping Products. Reuni\u00f3n de Oto\u00f1o de la Uni\u00f3n Geof\u00edsica Americana, San Francisco. <a href=\"https:\/\/agu.confex.com\/agu\/fm23\/meetingapp.cgi\/Paper\/1319510\" target=\"_blank\" rel=\"noreferrer noopener\">https:\/\/agu.confex.com\/agu\/fm23\/meetingapp.cgi\/Paper\/1319510<\/a><\/p>\n\n\n\n<p>[6] DeVera, C.A., Van Sistine, D.P., Casadevall, T.J., Henderson, T.C., Ruppert, L.F., 2024. U.S. Geological Survey Geoheritage Sites of the Nation Inventory, Abstract T27-4-4, 37\u00ba Congreso Geol\u00f3gico Internacional, 25-30 de agosto de 2024, Busan, Rep\u00fablica de Corea. <a href=\"https:\/\/www.igc2024korea.org\/calenders\/16\/programs\/533\" target=\"_blank\" rel=\"noreferrer noopener\">https:\/\/www.igc2024korea.org\/calenders\/16\/programs\/533<\/a>.<\/p>\n\n\n\n<p>[7] DeVera, C.A., VanSistine, D.P., Casadevall, T.J., Henderson, T.C., Ruppert, L.F., y 2024, How the USGS is connecting geologic mapping and societal values to reach a broad audience through geoheritage, Abstract 58-14. Geological Society of America Abstracts with Programs. v. 56, no. 5, <a href=\"https:\/\/doi.org\/10.1130\/abs\/2024AM-402125\" target=\"_blank\" rel=\"noreferrer noopener\">https:\/\/doi.org\/10.1130\/abs\/2024AM-402125<\/a>.<\/p>\n\n\n\n<p>doi: 10.1130\/abs\/2024AM-402125<\/p>\n\n\n\n<p>[8] Santucci, V.L., Henderson, T.C., DeVera, C.A., Robeck, E.C., Tweet, J.S., Rich, M., 2024, Human dimensions of paleontological heritage: A U.S. National Park Service perspective, Abstract 58-2. Geological Society of America Abstracts with Programs. v. 56, no. 5, <a href=\"https:\/\/doi.org\/10.1130\/abs\/2024AM-403956\" target=\"_blank\" rel=\"noreferrer noopener\">https:\/\/doi.org\/10.1130\/abs\/2024AM-403956<\/a>.<\/p>\n\n\n\n<p>doi: 10.1130\/abs\/2024AM-403956<\/p>\n\n\n\n<p>[9] Schuster, R., Wilkins, E.J., Lindley, S.M., Rogers, K., DeVera, C.A., 2024, Values Mapping for Planning in Regional Ecosystems (VaMPIRE), Abstract 58-13.&nbsp; Geological Society of America Abstracts with Programs. v. 56, no. 5, <a href=\"https:\/\/doi.org\/10.1130\/abs\/2024AM-403262\" target=\"_blank\" rel=\"noreferrer noopener\">https:\/\/doi.org\/10.1130\/abs\/2024AM-403262<\/a>.<\/p>\n\n\n\n<p>doi: 10.1130\/abs\/2024AM-403262<\/p>\n\n\n\n<p>[10] National Academies of Sciences, Engineering, and Medicine. 2021. America&#8217;s Geoheritage II: Identifying, Developing, and Preserving America&#8217;s Natural Legacy: Proceedings of a Workshop. Washington, DC: The National Academies Press. Ester Sztein y Paula Whitacre, relatoras. <a href=\"https:\/\/doi.org\/10.17226\/26316\" target=\"_blank\" rel=\"noreferrer noopener\">https:\/\/doi.org\/10.17226\/26316<\/a>.<br><\/p>\n<\/div>\n<\/div>\n<\/div>\n\n\n\n<div class=\"wp-block-columns alignwide pt-5 has-background is-layout-flex wp-container-core-columns-is-layout-28f84493 wp-block-columns-is-layout-flex\" style=\"background-color:#b28860\">\n<div class=\"wp-block-column container has-background is-layout-constrained wp-block-column-is-layout-constrained\" style=\"background-color:#b28860\">\n<div class=\"wp-block-getwid-images-slider has-arrows-inside has-dots-inside has-captions captions-style-light captions-bottom-center has-images-center has-fitted-images\"><div class=\"wp-block-getwid-images-slider__wrapper\" data-effect=\"slide\" data-slides-show=\"1\" data-slides-show-laptop=\"1\" data-slides-show-tablet=\"1\" data-slides-show-mobile=\"1\" data-slides-scroll=\"1\" data-autoplay=\"false\" data-pause-hover=\"false\" data-autoplay-speed=\"6000\" data-infinite=\"true\" data-animation-speed=\"800\" data-center-mode=\"false\" data-variable-width=\"false\" data-arrows=\"inside\" data-dots=\"inside\" data-spacing=\"none\"><div class=\"wp-block-getwid-images-slider__item\"><figure><img loading=\"lazy\" decoding=\"async\" width=\"743\" height=\"557\" src=\"https:\/\/www.progeo.ngo\/wp-content\/uploads\/2026\/02\/1-5.avif\" data-id=\"652\" data-link=\"https:\/\/www.progeo.ngo\/working-groups\/north-american-working-group-wg-na\/1-12\/\" data-original-link=\"https:\/\/www.progeo.ngo\/wp-content\/uploads\/2026\/02\/1-5.avif\" class=\"wp-block-getwid-images-slider__image wp-image-652\" srcset=\"https:\/\/www.progeo.ngo\/wp-content\/uploads\/2026\/02\/1-5.avif 743w, https:\/\/www.progeo.ngo\/wp-content\/uploads\/2026\/02\/1-5-300x225.jpg 300w\" sizes=\"auto, (max-width: 743px) 100vw, 743px\" \/><figcaption class=\"wp-block-getwid-images-slider__caption\">Cr\u00e9dito: Paulina Cwik v\u00eda Imaggeo<\/figcaption><\/figure><\/div><div class=\"wp-block-getwid-images-slider__item\"><figure><img loading=\"lazy\" decoding=\"async\" width=\"596\" height=\"795\" src=\"https:\/\/www.progeo.ngo\/wp-content\/uploads\/2026\/02\/1-4.avif\" data-id=\"640\" data-link=\"https:\/\/www.progeo.ngo\/working-groups\/latin-american-and-caribbean-working-group-wg-lac\/1-11\/\" data-original-link=\"https:\/\/www.progeo.ngo\/wp-content\/uploads\/2026\/02\/1-4.avif\" class=\"wp-block-getwid-images-slider__image wp-image-640\" srcset=\"https:\/\/www.progeo.ngo\/wp-content\/uploads\/2026\/02\/1-4.avif 596w, https:\/\/www.progeo.ngo\/wp-content\/uploads\/2026\/02\/1-4-225x300.jpg 225w\" sizes=\"auto, (max-width: 596px) 100vw, 596px\" \/><figcaption class=\"wp-block-getwid-images-slider__caption\">Imagen por Alev Takil<\/figcaption><\/figure><\/div><\/div><\/div>\n<\/div>\n<\/div>\n\n\n\n<div class=\"wp-block-columns py-5 is-layout-flex wp-container-core-columns-is-layout-28f84493 wp-block-columns-is-layout-flex\">\n<div class=\"wp-block-column p-5 has-background is-content-justification-left is-layout-constrained wp-container-core-column-is-layout-f7059b37 wp-block-column-is-layout-constrained\" style=\"background-color:#b28860;flex-basis:50%\">\n<p class=\"has-text-align-right has-white-color has-text-color has-link-color wp-elements-cedcd41b3aea659131fcfdfcc4e1b97f\" style=\"font-size:38px\">Enlaces<\/p>\n<\/div>\n\n\n\n<div class=\"wp-block-column is-vertically-aligned-stretch pt-5 is-layout-flow wp-block-column-is-layout-flow\" style=\"flex-basis:50%\">\n<p class=\"has-text-align-center\"><strong>FB ProGEO &#8211; Polska Grupa Robocza: <\/strong><br><a href=\"https:\/\/www.facebook.com\/people\/ProGEO-Polska-Grupa-Robocza\/100065001791476\/\" target=\"_blank\" rel=\"noreferrer noopener\">https:\/\/www.facebook.com\/people\/ProGEO-Polska-Grupa-Robocza\/100065001791476\/<\/a><\/p>\n\n\n\n<p>\u200b<\/p>\n\n\n\n<p class=\"has-text-align-center\"><strong>Localidades geol\u00f3gicas significativas de la Rep\u00fablica Checa: <\/strong><br><a href=\"http:\/\/lokality.geology.cz\/d.pl\" target=\"_blank\" rel=\"noreferrer noopener\">http:\/\/lokality.geology.cz\/d.pl<\/a><\/p>\n<\/div>\n<\/div>\n\n\n\n<p><\/p>\n","protected":false},"excerpt":{"rendered":"<p>Grupo de Trabajo de Am\u00e9rica del Norte (GT-AN) Contacto: Priscilla C. Grew (Museo Estatal de la Universidad de Nebraska y Departamento de Ciencias de la Tierra y la Atm\u00f3sfera, Universidad de Nebraska-Lincoln, EE. UU., jubilada) 2024-presente Contacto anterior:\u00a0Terri Cook (Laboratorio de F\u00edsica Atmosf\u00e9rica y Espacial, Universidad de Colorado, EE. UU.) 2021 \u2212 2023. N\u00famero de [&hellip;]<\/p>\n","protected":false},"author":1,"featured_media":0,"parent":2450,"menu_order":0,"comment_status":"closed","ping_status":"closed","template":"","meta":{"footnotes":""},"class_list":["post-2036","page","type-page","status-publish","hentry"],"_links":{"self":[{"href":"https:\/\/www.progeo.ngo\/es\/wp-json\/wp\/v2\/pages\/2036","targetHints":{"allow":["GET"]}}],"collection":[{"href":"https:\/\/www.progeo.ngo\/es\/wp-json\/wp\/v2\/pages"}],"about":[{"href":"https:\/\/www.progeo.ngo\/es\/wp-json\/wp\/v2\/types\/page"}],"author":[{"embeddable":true,"href":"https:\/\/www.progeo.ngo\/es\/wp-json\/wp\/v2\/users\/1"}],"replies":[{"embeddable":true,"href":"https:\/\/www.progeo.ngo\/es\/wp-json\/wp\/v2\/comments?post=2036"}],"version-history":[{"count":1,"href":"https:\/\/www.progeo.ngo\/es\/wp-json\/wp\/v2\/pages\/2036\/revisions"}],"predecessor-version":[{"id":2039,"href":"https:\/\/www.progeo.ngo\/es\/wp-json\/wp\/v2\/pages\/2036\/revisions\/2039"}],"up":[{"embeddable":true,"href":"https:\/\/www.progeo.ngo\/es\/wp-json\/wp\/v2\/pages\/2450"}],"wp:attachment":[{"href":"https:\/\/www.progeo.ngo\/es\/wp-json\/wp\/v2\/media?parent=2036"}],"curies":[{"name":"wp","href":"https:\/\/api.w.org\/{rel}","templated":true}]}}