{"id":2029,"date":"2026-02-06T18:58:51","date_gmt":"2026-02-06T17:58:51","guid":{"rendered":"https:\/\/www.progeo.ngo\/latin-american-and-caribbean-working-group-wg-lac\/"},"modified":"2026-03-14T10:42:40","modified_gmt":"2026-03-14T09:42:40","slug":"latin-american-and-caribbean-working-group-wg-lac","status":"publish","type":"page","link":"https:\/\/www.progeo.ngo\/es\/working-groups\/latin-american-and-caribbean-working-group-wg-lac\/","title":{"rendered":"Grupo de Trabajo de Am\u00e9rica Latina y el Caribe (GT-ALC)"},"content":{"rendered":"\n<div class=\"wp-block-group is-layout-constrained wp-block-group-is-layout-constrained\">\n<div class=\"wp-block-columns container is-layout-flex wp-container-core-columns-is-layout-28f84493 wp-block-columns-is-layout-flex\">\n<div class=\"wp-block-column is-layout-constrained wp-block-column-is-layout-constrained\" style=\"flex-basis:33.33%\"><\/div>\n<\/div>\n<\/div>\n\n\n\n<div class=\"wp-block-group alignwide fondo has-background is-layout-constrained wp-block-group-is-layout-constrained\" style=\"background-color:#8f907b\">\n<div class=\"wp-block-columns alignwide pt-5 container has-background is-layout-flex wp-container-core-columns-is-layout-28f84493 wp-block-columns-is-layout-flex\" style=\"background-color:#8f907b\">\n<div class=\"wp-block-column has-background is-layout-constrained wp-block-column-is-layout-constrained\" style=\"background-color:#607980\"><\/div>\n\n\n\n<div class=\"wp-block-column p-5 has-white-background-color has-background is-layout-flow wp-block-column-is-layout-flow\" style=\"flex-basis:66.66%\">\n<h2 class=\"wp-block-heading pb-4\" style=\"font-size:34px\">Grupo de Trabajo de Am\u00e9rica Latina y el Caribe (GT-ALC)<br><\/h2>\n\n\n\n<p><strong>Coordinador<\/strong>: Mauricio Faraone Pimienta (Direcci\u00f3n Nacional de Miner\u00eda y Geolog\u00eda, Uruguay), 2024 \u2013 presente<br><br>Jos\u00e9 Alexandre de Jesus Perinotto (Universidad Estatal de S\u00e3o Paulo, Brasil), 2024 \u2013 presente<br><br><strong>Co-coordinadores<\/strong>: Maria da Gl\u00f3ria Garcia (Universidad de S\u00e3o Paulo, Brasil), 2021 \u2013 presente;\u00a0<br><br><strong>N\u00famero de miembros activos:<\/strong> 27 (2023\/24)\u00a0<br><br><strong>Pa\u00edses involucrados y n\u00famero de miembros:<\/strong><br>Brasil (15), Colombia (2), Chile (4), M\u00e9xico (3) y Uruguay (2)<br><br><strong>Grupos nacionales, sus representantes y mandatos:\u00a0<\/strong><br><br><strong>Brasil:<\/strong> Jos\u00e9 Alexandre de Jesus Perinotto (actuando como representante nacional y miembro formal del Consejo de ProGEO; Universidad Estatal de S\u00e3o Paulo, Brasil), 2024 \u2013 presente<br><br>Otros pa\u00edses del GT-ALC est\u00e1n en camino de aumentar el n\u00famero de miembros y elegir representantes nacionales.<\/p>\n\n\n\n<p><\/p>\n\n\n\n<p><\/p>\n<\/div>\n<\/div>\n<\/div>\n\n\n\n<div class=\"wp-block-group alignwide fondo has-background is-layout-constrained wp-block-group-is-layout-constrained\" style=\"background-color:#8f907b\">\n<div class=\"wp-block-columns alignwide pt-5 container has-background is-layout-flex wp-container-core-columns-is-layout-28f84493 wp-block-columns-is-layout-flex\" style=\"background-color:#8f907b\">\n<div class=\"wp-block-column p-5 has-white-background-color has-background is-layout-flow wp-block-column-is-layout-flow\">\n<p style=\"font-size:28px\">2022. Or\u00edgenes\u00a0<\/p>\n\n\n\n<p style=\"font-size:16px\"><br>El Grupo de Trabajo de Am\u00e9rica Latina y el Caribe (GT-ALC) surgi\u00f3 en noviembre de 2022, tras la decisi\u00f3n de la Asamblea General en 2021 de renombrar ProGEO como asociaci\u00f3n \u00abInternacional\u00bb en el sentido de global. Los fundadores del GT-ALC fueron cinco miembros de ProGEO: Camilo Vergara Daskam \u2014 Chile, Juan Esteban Quintero \u2014 Colombia, Maria da Gl\u00f3ria Motta Garcia \u2014 Brasil, Mauricio Faraone \u2014 Uruguay y Tom\u00e1s Mart\u00ednez Ortega \u2014 Chile, quienes formaron la Comisi\u00f3n Provisional ProGEO GT-ALC. Para construir una base de datos de personas interesadas en unirse a esta nueva red, se distribuy\u00f3 un formulario en l\u00ednea triling\u00fce en toda la regi\u00f3n, recopilando cerca de 230 respuestas (64.5% en portugu\u00e9s, 34.6% en espa\u00f1ol y 0.9% en ingl\u00e9s). Gracias a la acci\u00f3n decisiva de la Comisi\u00f3n Provisional ProGEO GT-ALC, el n\u00famero de miembros creci\u00f3 a 27 en los primeros dos a\u00f1os de existencia del GT-ALC, demostrando el gran potencial cient\u00edfico en el campo de la geoconservaci\u00f3n en Am\u00e9rica Latina y el Caribe.<br><\/p>\n\n\n\n<p class=\"py-4\" style=\"font-size:28px\">2023 \u2013 2024. Talleres internacionales\u00a0<\/p>\n\n\n\n<p><strong>26 de abril de 2023.<\/strong> El primer taller conjunto en l\u00ednea se llev\u00f3 a cabo ese d\u00eda: \u00abTaller del Grupo Regional ProGEO de Am\u00e9rica Latina y el Caribe\u00bb. Cont\u00f3 con la asistencia de aproximadamente 200 personas de esta regi\u00f3n, representando a varios pa\u00edses e instituciones.&nbsp;<\/p>\n\n\n\n<p>El objetivo era presentar ProGEO y su contribuci\u00f3n a la geoconservaci\u00f3n, establecer un escenario del funcionamiento de los grupos regionales ya existentes y discutir la integraci\u00f3n con otras organizaciones, como la UICN y la IUGS. La segunda parte se dedic\u00f3 a presentaciones de diferentes pa\u00edses del GT-ALC para construir un panorama regional sobre las acciones de geoconservaci\u00f3n.&nbsp;<\/p>\n\n\n\n<p>Charlas invitadas fueron dadas por Ewa G\u0142owniak (Secretaria Ejecutiva de ProGEO; Universidad de Varsovia, Polonia), Manu Monge Ganuzas (Vicepresidente de ProGEO, Gobierno Vasco, Espa\u00f1a) y Jos\u00e9 Brilha (expresidente de ProGEO; Universidad de Braga, Portugal). Los participantes realizaron varias docenas de presentaciones. El evento completo dur\u00f3 6 horas en total.<\/p>\n\n\n\n<p>El evento fue transmitido en vivo a trav\u00e9s del canal de YouTube de la Asociaci\u00f3n Brasile\u00f1a para la Defensa del Patrimonio Geol\u00f3gico y Minero (AGeoBR): <a href=\"https:\/\/www.youtube.com\/watch?v=xu_jEb6fsyw\" target=\"_blank\" rel=\"noreferrer noopener\">https:\/\/www.youtube.com\/watch?v=xu_jEb6fsyw<\/a><br><br><strong>31 de octubre de 2023. <\/strong>El taller en l\u00ednea \u00abMapa del Patrimonio Geol\u00f3gico de Sudam\u00e9rica\u00bb atrajo a decenas de oyentes. \u00a0<\/p>\n\n\n\n<p>Charlas invitadas fueron dadas por Maria da Gl\u00f3ria Motta Garcia (Brasil) y Carlos Schobbenhaus (Servicio Geol\u00f3gico de Brasil) &#8211; ambas charlas fueron en portugu\u00e9s con subt\u00edtulos en espa\u00f1ol.&nbsp;<\/p>\n\n\n\n<p>El evento fue transmitido por el canal de YouTube de AGeoBR: <a href=\"https:\/\/www.youtube.com\/watch?v=HhxvCvsG3e0&amp;list=PLdqZRLFj_yRvmpvoRz_sPIZTQrYaxV4gS\" target=\"_blank\" rel=\"noreferrer noopener\">https:\/\/www.youtube.com\/watch?v=HhxvCvsG3e0&amp;list=PLdqZRLFj_yRvmpvoRz_sPIZTQrYaxV4gS<\/a><\/p>\n\n\n\n<p>\u200b<\/p>\n\n\n\n<p><strong>7 de junio de 2024. <\/strong>Para conmemorar el D\u00eda Mundial del Medio Ambiente, se realiz\u00f3 en l\u00ednea un taller sobre Geoconservaci\u00f3n Participativa en la regi\u00f3n de Am\u00e9rica Latina y el Caribe. La idea del evento era presentar estudios de caso de conservaci\u00f3n de sitios geol\u00f3gicos con la participaci\u00f3n de comunidades, e integralmente incluyendo la integraci\u00f3n de la biodiversidad y la geodiversidad.<\/p>\n\n\n\n<p>El evento cont\u00f3 con oradores de M\u00e9xico, Chile y Brasil, y asistentes de toda la regi\u00f3n ALC.&nbsp;<\/p>\n\n\n\n<p>El taller fue transmitido en el canal de YouTube de AGeoBR: <a href=\"https:\/\/www.youtube.com\/watch?v=0T97T_IhkB8\" target=\"_blank\" rel=\"noreferrer noopener\">https:\/\/www.youtube.com\/watch?v=0T97T_IhkB8<\/a><\/p>\n\n\n\n<p>\u200b<\/p>\n\n\n\n<p><strong>8 de octubre y 12 de noviembre de 2024.<\/strong> Tuvieron lugar dos talleres bajo un t\u00edtulo com\u00fan \u00abSitios Geol\u00f3gicos de la IUGS en ALC\u00bb. Cada uno estaba dedicado a presentar los sitios publicados en cada volumen del libro de la IUGS: (1) \u00abLos primeros 100\u00bb, 8 de octubre de 2024 y (2) \u00abLos segundos 100\u00bb, 12 de noviembre de 2024.&nbsp;<\/p>\n\n\n\n<p>La conferencia principal fue dada por Asier Hilario \u2013 Presidente del Comit\u00e9 Ejecutivo de la Comisi\u00f3n Internacional sobre Patrimonio Geol\u00f3gico (ICG).&nbsp;<\/p>\n\n\n\n<p>Los talleres fueron transmitidos en el canal de YouTube de AGeoBR: <a href=\"https:\/\/www.youtube.com\/live\/2rGWjU5KnZg\" target=\"_blank\" rel=\"noreferrer noopener\">https:\/\/www.youtube.com\/live\/2rGWjU5KnZg<\/a> y <a href=\"https:\/\/tinyurl.com\/tzh73p54\" target=\"_blank\" rel=\"noreferrer noopener\">https:\/\/tinyurl.com\/tzh73p54<\/a>.<\/p>\n\n\n\n<p class=\"py-4\" style=\"font-size:28px\">\u200b2024 \u2013 2025. Otras actividades y planes futuros<\/p>\n\n\n\n<p>\u200b<\/p>\n\n\n\n<p>Miembros del GT-ALC y no miembros de Am\u00e9rica Latina participaron activamente en el XI Simposio Internacional ProGEO en Loughborough-Charnwood Forest, Reino Unido. Estuvieron presentes acad\u00e9micos y estudiantes de posgrado. La participaci\u00f3n en el simposio result\u00f3 en un aumento en el n\u00famero de miembros de ProGEO y un mayor inter\u00e9s en el programa de la UNESCO sobre geodiversidad y patrimonio geol\u00f3gico. Dos proyectos para una C\u00e1tedra UNESCO han sido (2024) o ser\u00e1n pronto (2025) presentados.<\/p>\n\n\n\n<p>De gran importancia para la imagen internacional del GT-ALC, as\u00ed como para ProGEO como organizaci\u00f3n global, fue la participaci\u00f3n de la Prof. Maria da Gl\u00f3ria Motta Garcia en la delegaci\u00f3n de tutores en el 37\u00ba Congreso Geol\u00f3gico Internacional, Busan, Corea, en agosto de 2024 <a href=\"https:\/\/www.igc2024korea.org\/content\/14303\" target=\"_blank\" rel=\"noreferrer noopener\">https:\/\/www.igc2024korea.org\/content\/14303<\/a>. La delegaci\u00f3n de ProGEO lider\u00f3 dos sesiones de d\u00eda completo: &#8216;Geoconservaci\u00f3n y Patrimonio Geol\u00f3gico: la geodiversidad como base de los sistemas naturales&#8217; (bajo el TEMA T27 Patrimonio Geol\u00f3gico, Geoparques y Geoturismo) y un curso corto &#8216;Patrimonio Geol\u00f3gico y Geoconservaci\u00f3n como geociencias aplicadas: principios, m\u00e9todos y desaf\u00edos&#8217;. Se realizaron un total de 14 presentaciones orales y 10 presentaciones en cartel en la sesi\u00f3n, mientras que 25 asistentes participaron en el curso corto, incluyendo participantes de Sudam\u00e9rica, \u00c1frica, Sudeste Asi\u00e1tico, Nueva Zelanda y Estados Unidos [1].<\/p>\n\n\n\n<p>\u200b<br>16.03.2025<\/p>\n\n\n\n<p>\u200bLa descripci\u00f3n se basa en los informes de ProGEO [2], [3], [4] y [5]; compilada por Ewa G\u0142owniak y revisada por Mauricio Faraone Pimienta, Maria da Gl\u00f3ria Garcia y Jos\u00e9 Alexandre de Jesus Perinotto.\u00a0<\/p>\n\n\n\n<p><br>En general, el Grupo de Trabajo de Europa del Este ha desempe\u00f1ado un papel importante en la promoci\u00f3n de la conservaci\u00f3n y educaci\u00f3n geol\u00f3gica mediante la realizaci\u00f3n de investigaciones exhaustivas, la publicaci\u00f3n de materiales informativos y la organizaci\u00f3n de diversos eventos destinados a promover la concienciaci\u00f3n y apreciaci\u00f3n del patrimonio geol\u00f3gico del pa\u00eds.<br><\/p>\n\n\n\n<p>19.02.2025<\/p>\n\n\n\n<p>\u200b<br>Esta descripci\u00f3n fue preparada por Marina Vdovets y fue revisada por Vladimir Silantiev y Evgenyi Kislov.<\/p>\n\n\n\n<p class=\"py-4\" style=\"font-size:28px\">Referencias<\/p>\n\n\n\n<p>[1] Gordon, J. 2024. ProGEO activities at the 37th International Geological Congress, Busan. ProGEO News, 3\u20134, pp. 6\u20137.&nbsp;<\/p>\n\n\n\n<p>[2] Garcia, M.G. 2022. Geological Heritage, VI Brazilian Symposium. ProGEO News, 2, p. 10.&nbsp;<\/p>\n\n\n\n<p>[3] Garcia, M.G. 2023. Report on activity in 2023 Regional Group &#8211; Latin America and the Caribbean. ProGEO News, 1-4, p. 7.&nbsp;<\/p>\n\n\n\n<p>[4] Faraone, M. 2024. Participatory Geoconservation Workshop. ProGEO News, 1\u20132, pp. 8-9.<\/p>\n\n\n\n<p>[5] G\u0142owniak, E. 2023. Report to the General Assembly from the Executive Secretary for the years 2021\u20132022. General Assembly of ProGEO 2023.&nbsp;<\/p>\n<\/div>\n<\/div>\n<\/div>\n\n\n\n<div class=\"wp-block-columns alignwide pt-5 has-background is-layout-flex wp-container-core-columns-is-layout-28f84493 wp-block-columns-is-layout-flex\" style=\"background-color:#8f907b\">\n<div class=\"wp-block-column container has-background is-layout-constrained wp-block-column-is-layout-constrained\" style=\"background-color:#8f907b\">\n<div class=\"wp-block-getwid-images-slider has-arrows-inside has-dots-inside has-captions captions-style-light captions-bottom-center has-images-center has-fitted-images\"><div class=\"wp-block-getwid-images-slider__wrapper\" data-effect=\"slide\" data-slides-show=\"1\" data-slides-show-laptop=\"1\" data-slides-show-tablet=\"1\" data-slides-show-mobile=\"1\" data-slides-scroll=\"1\" data-autoplay=\"true\" data-pause-hover=\"false\" data-autoplay-speed=\"6000\" data-infinite=\"true\" data-animation-speed=\"800\" data-center-mode=\"false\" data-variable-width=\"false\" data-arrows=\"inside\" data-dots=\"inside\" data-spacing=\"none\"><div class=\"wp-block-getwid-images-slider__item\"><figure><img loading=\"lazy\" decoding=\"async\" width=\"596\" height=\"795\" src=\"https:\/\/www.progeo.ngo\/wp-content\/uploads\/2026\/02\/1-4.avif\" alt=\"\" data-id=\"640\" data-link=\"https:\/\/www.progeo.ngo\/working-groups\/latin-american-and-caribbean-working-group-wg-lac\/1-11\/\" data-original-link=\"https:\/\/www.progeo.ngo\/wp-content\/uploads\/2026\/02\/1-4.avif\" class=\"wp-block-getwid-images-slider__image wp-image-640\" srcset=\"https:\/\/www.progeo.ngo\/wp-content\/uploads\/2026\/02\/1-4.avif 596w, https:\/\/www.progeo.ngo\/wp-content\/uploads\/2026\/02\/1-4-225x300.jpg 225w\" sizes=\"auto, (max-width: 596px) 100vw, 596px\" \/><figcaption class=\"wp-block-getwid-images-slider__caption\">Imagen por Alev Takil<\/figcaption><\/figure><\/div><\/div><\/div>\n<\/div>\n<\/div>\n\n\n\n<div class=\"wp-block-columns py-5 is-layout-flex wp-container-core-columns-is-layout-28f84493 wp-block-columns-is-layout-flex\">\n<div class=\"wp-block-column p-5 has-background is-content-justification-left is-layout-constrained wp-container-core-column-is-layout-f7059b37 wp-block-column-is-layout-constrained\" style=\"background-color:#8f907b;flex-basis:50%\">\n<p class=\"has-text-align-right has-white-color has-text-color has-link-color wp-elements-cedcd41b3aea659131fcfdfcc4e1b97f\" style=\"font-size:38px\">Enlaces<\/p>\n<\/div>\n\n\n\n<div class=\"wp-block-column is-vertically-aligned-stretch pt-5 is-layout-flow wp-block-column-is-layout-flow\" style=\"flex-basis:50%\">\n<p><a href=\"https:\/\/www.youtube.com\/watch?v=xu_jEb6fsyw\">https:\/\/www.youtube.com\/watch?v=xu_jEb6fsyw<\/a><\/p>\n\n\n\n<p>\u200b<a href=\"https:\/\/www.youtube.com\/watchv=HhxvCvsG3e0&amp;list=PLdqZRLFj_yRvmpvoRz_sPIZTQrYaxV4gS\">https:\/\/www.youtube.com\/watchv=HhxvCvsG3e0&amp;list=PLdqZRLFj_yRvmpvoRz_sPIZTQrYaxV4gS<\/a><\/p>\n\n\n\n<p>\u200b<a href=\"https:\/\/tinyurl.com\/tzh73p54\">https:\/\/tinyurl.com\/tzh73p54<\/a><\/p>\n\n\n\n<p>\u200b<a href=\"https:\/\/www.igc2024korea.org\/content\/14303\">https:\/\/www.igc2024korea.org\/content\/14303<\/a><br><\/p>\n<\/div>\n<\/div>\n\n\n\n<p><\/p>\n","protected":false},"excerpt":{"rendered":"<p>Grupo de Trabajo de Am\u00e9rica Latina y el Caribe (GT-ALC) Coordinador: Mauricio Faraone Pimienta (Direcci\u00f3n Nacional de Miner\u00eda y Geolog\u00eda, Uruguay), 2024 \u2013 presente Jos\u00e9 Alexandre de Jesus Perinotto (Universidad Estatal de S\u00e3o Paulo, Brasil), 2024 \u2013 presente Co-coordinadores: Maria da Gl\u00f3ria Garcia (Universidad de S\u00e3o Paulo, Brasil), 2021 \u2013 presente;\u00a0 N\u00famero de miembros activos: [&hellip;]<\/p>\n","protected":false},"author":1,"featured_media":0,"parent":2450,"menu_order":0,"comment_status":"closed","ping_status":"closed","template":"","meta":{"footnotes":""},"class_list":["post-2029","page","type-page","status-publish","hentry"],"_links":{"self":[{"href":"https:\/\/www.progeo.ngo\/es\/wp-json\/wp\/v2\/pages\/2029","targetHints":{"allow":["GET"]}}],"collection":[{"href":"https:\/\/www.progeo.ngo\/es\/wp-json\/wp\/v2\/pages"}],"about":[{"href":"https:\/\/www.progeo.ngo\/es\/wp-json\/wp\/v2\/types\/page"}],"author":[{"embeddable":true,"href":"https:\/\/www.progeo.ngo\/es\/wp-json\/wp\/v2\/users\/1"}],"replies":[{"embeddable":true,"href":"https:\/\/www.progeo.ngo\/es\/wp-json\/wp\/v2\/comments?post=2029"}],"version-history":[{"count":1,"href":"https:\/\/www.progeo.ngo\/es\/wp-json\/wp\/v2\/pages\/2029\/revisions"}],"predecessor-version":[{"id":2031,"href":"https:\/\/www.progeo.ngo\/es\/wp-json\/wp\/v2\/pages\/2029\/revisions\/2031"}],"up":[{"embeddable":true,"href":"https:\/\/www.progeo.ngo\/es\/wp-json\/wp\/v2\/pages\/2450"}],"wp:attachment":[{"href":"https:\/\/www.progeo.ngo\/es\/wp-json\/wp\/v2\/media?parent=2029"}],"curies":[{"name":"wp","href":"https:\/\/api.w.org\/{rel}","templated":true}]}}