{"id":2021,"date":"2026-02-06T19:24:01","date_gmt":"2026-02-06T18:24:01","guid":{"rendered":"https:\/\/www.progeo.ngo\/geoconservation-glossary-thematic-working-group-gg-twg\/"},"modified":"2026-03-14T10:36:36","modified_gmt":"2026-03-14T09:36:36","slug":"geoconservation-glossary-thematic-working-group-gg-twg","status":"publish","type":"page","link":"https:\/\/www.progeo.ngo\/es\/working-groups\/geoconservation-glossary-thematic-working-group-gg-twg\/","title":{"rendered":"Grupo de Trabajo de Europa del Norte(GT-3)"},"content":{"rendered":"\n<div class=\"wp-block-group is-layout-constrained wp-block-group-is-layout-constrained\">\n<div class=\"wp-block-columns container is-layout-flex wp-container-core-columns-is-layout-28f84493 wp-block-columns-is-layout-flex\">\n<div class=\"wp-block-column is-layout-constrained wp-block-column-is-layout-constrained\" style=\"flex-basis:33.33%\"><\/div>\n<\/div>\n<\/div>\n\n\n\n<div class=\"wp-block-group alignwide fondo has-background is-layout-constrained wp-block-group-is-layout-constrained\" style=\"background-color:#bec0a4\">\n<div class=\"wp-block-columns alignwide pt-5 container has-background is-layout-flex wp-container-core-columns-is-layout-28f84493 wp-block-columns-is-layout-flex\" style=\"background-color:#bec0a4\">\n<div class=\"wp-block-column has-white-background-color has-background is-layout-constrained wp-block-column-is-layout-constrained\">\n<div class=\"wp-block-cover alignfull is-light has-custom-content-position is-position-top-center wp-duotone-unset-1\" style=\"min-height:1231px;aspect-ratio:unset;\"><img loading=\"lazy\" decoding=\"async\" width=\"323\" height=\"836\" class=\"wp-block-cover__image-background wp-image-661 size-full\" alt=\"\" src=\"https:\/\/www.progeo.ngo\/wp-content\/uploads\/2026\/02\/03de44_25adb478198e454eb13c11c4f5c69318mv2.avif\" data-object-fit=\"cover\" srcset=\"https:\/\/www.progeo.ngo\/wp-content\/uploads\/2026\/02\/03de44_25adb478198e454eb13c11c4f5c69318mv2.avif 323w, https:\/\/www.progeo.ngo\/wp-content\/uploads\/2026\/02\/03de44_25adb478198e454eb13c11c4f5c69318mv2-116x300.jpg 116w\" sizes=\"auto, (max-width: 323px) 100vw, 323px\" \/><span aria-hidden=\"true\" class=\"wp-block-cover__background has-background-dim-10 has-background-dim\" style=\"background-color:#b7abae\"><\/span><div class=\"wp-block-cover__inner-container is-layout-flow wp-block-cover-is-layout-flow\">\n<p class=\"has-text-align-center has-large-font-size\"><\/p>\n<\/div><\/div>\n<\/div>\n\n\n\n<div class=\"wp-block-column p-5 has-white-background-color has-background is-layout-flow wp-container-core-column-is-layout-3f7b68c1 wp-block-column-is-layout-flow\" style=\"padding-top:0;padding-bottom:0;flex-basis:66.66%\">\n<h2 class=\"wp-block-heading pb-4\" style=\"font-size:34px\">Grupo de Trabajo de Europa del Norte<br>(GT-3)<\/h2>\n\n\n\n<div class=\"wp-block-media-text is-stacked-on-mobile\" style=\"grid-template-columns:15% auto\"><figure class=\"wp-block-media-text__media\"><img loading=\"lazy\" decoding=\"async\" width=\"71\" height=\"71\" src=\"https:\/\/www.progeo.ngo\/wp-content\/uploads\/2026\/02\/data-report.avif\" alt=\"\" class=\"wp-image-665 size-full\"\/><\/figure><div class=\"wp-block-media-text__content\">\n<p>Tras la decisi\u00f3n del Comit\u00e9 Ejecutivo de ProGEO en su reuni\u00f3n del 8 de diciembre de 2025, nos complace anunciar la creaci\u00f3n de un Grupo de Trabajo Tem\u00e1tico dedicado al desarrollo de un Glosario de Geoconservaci\u00f3n.<\/p>\n<\/div><\/div>\n\n\n\n<p><br><br>El Grupo de Trabajo Tem\u00e1tico sobre el Glosario de Geoconservaci\u00f3n (GG-TWG) se ha establecido para desarrollar y mantener un glosario completo y acordado internacionalmente de t\u00e9rminos relacionados con la geoconservaci\u00f3n. Una terminolog\u00eda clara y coherente es esencial para una comunicaci\u00f3n efectiva entre cient\u00edficos, responsables pol\u00edticos, educadores y las partes interesadas involucradas en la conservaci\u00f3n del patrimonio geol\u00f3gico.<\/p>\n\n\n\n<p>&nbsp;<\/p>\n<\/div>\n<\/div>\n<\/div>\n\n\n\n<div class=\"wp-block-group alignwide fondo has-background is-layout-constrained wp-block-group-is-layout-constrained\" style=\"background-color:#8f907b\">\n<div class=\"wp-block-columns alignwide pt-5 container has-background is-layout-flex wp-container-core-columns-is-layout-28f84493 wp-block-columns-is-layout-flex\" style=\"background-color:#8f907b\">\n<div class=\"wp-block-column p-5 has-white-background-color has-background is-layout-flow wp-block-column-is-layout-flow\">\n<p style=\"font-size:28px\"><strong>Objetivos:<\/strong><\/p>\n\n\n\n<ul class=\"wp-block-list\">\n<li>Revisar la terminolog\u00eda existente e identificar lagunas o inconsistencias.<\/li>\n\n\n\n<li>Proponer definiciones estandarizadas para conceptos clave en geoconservaci\u00f3n.<\/li>\n\n\n\n<li>Asegurar que el glosario refleje la comprensi\u00f3n cient\u00edfica actual y las aplicaciones pr\u00e1cticas.<\/li>\n\n\n\n<li>Facilitar la accesibilidad multiling\u00fce y promover la adopci\u00f3n global.<br><\/li>\n<\/ul>\n\n\n\n<p><strong>\u00bfPor qu\u00e9 es importante?<\/strong><br>La geoconservaci\u00f3n es un campo multidisciplinario que intersecta la geolog\u00eda, la ecolog\u00eda, el patrimonio cultural y la gesti\u00f3n del territorio. Un vocabulario compartido fortalece la colaboraci\u00f3n, apoya la legislaci\u00f3n y mejora la conciencia p\u00fablica.<\/p>\n\n\n\n<p>C\u00f3mo trabajamos:<br>El GG-TWG re\u00fane a expertos de diferentes pa\u00edses y disciplinas. Las actividades incluyen:<\/p>\n\n\n\n<p style=\"font-size:28px\">Publicaci\u00f3n de actualizaciones y oportunidades de retroalimentaci\u00f3n.<\/p>\n\n\n\n<p>Reuniones en l\u00ednea y sesiones de redacci\u00f3n colaborativa.<\/p>\n\n\n\n<p>Consulta con miembros de ProGEO y especialistas externos.<\/p>\n\n\n\n<p><br><br><\/p>\n<\/div>\n<\/div>\n\n\n\n<p><\/p>\n<\/div>\n","protected":false},"excerpt":{"rendered":"<p>Grupo de Trabajo de Europa del Norte(GT-3) Tras la decisi\u00f3n del Comit\u00e9 Ejecutivo de ProGEO en su reuni\u00f3n del 8 de diciembre de 2025, nos complace anunciar la creaci\u00f3n de un Grupo de Trabajo Tem\u00e1tico dedicado al desarrollo de un Glosario de Geoconservaci\u00f3n. El Grupo de Trabajo Tem\u00e1tico sobre el Glosario de Geoconservaci\u00f3n (GG-TWG) se [&hellip;]<\/p>\n","protected":false},"author":1,"featured_media":0,"parent":2450,"menu_order":0,"comment_status":"closed","ping_status":"closed","template":"","meta":{"footnotes":""},"class_list":["post-2021","page","type-page","status-publish","hentry"],"_links":{"self":[{"href":"https:\/\/www.progeo.ngo\/es\/wp-json\/wp\/v2\/pages\/2021","targetHints":{"allow":["GET"]}}],"collection":[{"href":"https:\/\/www.progeo.ngo\/es\/wp-json\/wp\/v2\/pages"}],"about":[{"href":"https:\/\/www.progeo.ngo\/es\/wp-json\/wp\/v2\/types\/page"}],"author":[{"embeddable":true,"href":"https:\/\/www.progeo.ngo\/es\/wp-json\/wp\/v2\/users\/1"}],"replies":[{"embeddable":true,"href":"https:\/\/www.progeo.ngo\/es\/wp-json\/wp\/v2\/comments?post=2021"}],"version-history":[{"count":1,"href":"https:\/\/www.progeo.ngo\/es\/wp-json\/wp\/v2\/pages\/2021\/revisions"}],"predecessor-version":[{"id":2024,"href":"https:\/\/www.progeo.ngo\/es\/wp-json\/wp\/v2\/pages\/2021\/revisions\/2024"}],"up":[{"embeddable":true,"href":"https:\/\/www.progeo.ngo\/es\/wp-json\/wp\/v2\/pages\/2450"}],"wp:attachment":[{"href":"https:\/\/www.progeo.ngo\/es\/wp-json\/wp\/v2\/media?parent=2021"}],"curies":[{"name":"wp","href":"https:\/\/api.w.org\/{rel}","templated":true}]}}