{"id":2013,"date":"2026-02-06T19:34:29","date_gmt":"2026-02-06T18:34:29","guid":{"rendered":"https:\/\/www.progeo.ngo\/geoconservation-certification-scheme-working-group\/"},"modified":"2026-03-14T10:31:12","modified_gmt":"2026-03-14T09:31:12","slug":"geoconservation-certification-scheme-working-group","status":"publish","type":"page","link":"https:\/\/www.progeo.ngo\/es\/working-groups\/geoconservation-certification-scheme-working-group\/","title":{"rendered":"Grupo de Trabajo sobre el Sistema de Certificaci\u00f3n en Geoconservaci\u00f3n"},"content":{"rendered":"\n<div class=\"wp-block-group is-layout-constrained wp-block-group-is-layout-constrained\">\n<div class=\"wp-block-columns container is-layout-flex wp-container-core-columns-is-layout-28f84493 wp-block-columns-is-layout-flex\">\n<div class=\"wp-block-column is-layout-constrained wp-block-column-is-layout-constrained\" style=\"flex-basis:33.33%\"><\/div>\n<\/div>\n<\/div>\n\n\n\n<div class=\"wp-block-group alignwide fondo has-background is-layout-constrained wp-block-group-is-layout-constrained\" style=\"background-color:#bec0a4\">\n<div class=\"wp-block-columns alignwide pt-5 container has-background is-layout-flex wp-container-core-columns-is-layout-28f84493 wp-block-columns-is-layout-flex\" style=\"background-color:#bec0a4\">\n<div class=\"wp-block-column has-white-background-color has-background is-layout-constrained wp-block-column-is-layout-constrained\">\n<div class=\"wp-block-cover alignfull is-light has-custom-content-position is-position-top-center wp-duotone-unset-1\" style=\"min-height:1231px;aspect-ratio:unset;\"><img loading=\"lazy\" decoding=\"async\" width=\"323\" height=\"859\" class=\"wp-block-cover__image-background wp-image-671 size-full\" alt=\"\" src=\"https:\/\/www.progeo.ngo\/wp-content\/uploads\/2026\/02\/1-6.avif\" data-object-fit=\"cover\" srcset=\"https:\/\/www.progeo.ngo\/wp-content\/uploads\/2026\/02\/1-6.avif 323w, https:\/\/www.progeo.ngo\/wp-content\/uploads\/2026\/02\/1-6-113x300.jpg 113w\" sizes=\"auto, (max-width: 323px) 100vw, 323px\" \/><span aria-hidden=\"true\" class=\"wp-block-cover__background has-background-dim-10 has-background-dim\" style=\"background-color:#96928e\"><\/span><div class=\"wp-block-cover__inner-container is-layout-flow wp-block-cover-is-layout-flow\">\n<p class=\"has-text-align-center has-large-font-size\"><\/p>\n<\/div><\/div>\n<\/div>\n\n\n\n<div class=\"wp-block-column p-5 has-white-background-color has-background is-layout-flow wp-container-core-column-is-layout-3f7b68c1 wp-block-column-is-layout-flow\" style=\"padding-top:0;padding-bottom:0;flex-basis:66.66%\">\n<h2 class=\"wp-block-heading pb-4\" style=\"font-size:34px\">Grupo de Trabajo sobre el Sistema de Certificaci\u00f3n en Geoconservaci\u00f3n<\/h2>\n\n\n\n<div class=\"wp-block-media-text is-stacked-on-mobile\" style=\"grid-template-columns:15% auto\"><figure class=\"wp-block-media-text__media\"><img loading=\"lazy\" decoding=\"async\" width=\"71\" height=\"71\" src=\"https:\/\/www.progeo.ngo\/wp-content\/uploads\/2026\/02\/data-report.avif\" alt=\"\" class=\"wp-image-665 size-full\"\/><\/figure><div class=\"wp-block-media-text__content\">\n<p>Tras la decisi\u00f3n del Comit\u00e9 Ejecutivo de ProGEO en su reuni\u00f3n del 8 de diciembre de 2025, nos complace anunciar el establecimiento de un nuevo Grupo de Trabajo Tem\u00e1tico de ProGEO para explorar el desarrollo y la gesti\u00f3n a largo plazo de un sistema de certificaci\u00f3n en geoconservaci\u00f3n.<\/p>\n<\/div><\/div>\n\n\n\n<p><br><br>El sistema propuesto tiene como objetivo promover la concienciaci\u00f3n, las buenas pr\u00e1cticas y las acciones de conservaci\u00f3n en geoconservaci\u00f3n, al mismo tiempo que aumenta el compromiso con el patrimonio geol\u00f3gico y ProGEO entre sus participantes.<\/p>\n\n\n\n<p>&nbsp;<\/p>\n<\/div>\n<\/div>\n<\/div>\n\n\n\n<div class=\"wp-block-group alignwide fondo has-background is-layout-constrained wp-block-group-is-layout-constrained\" style=\"background-color:#8f907b\">\n<div class=\"wp-block-columns alignwide pt-5 container has-background is-layout-flex wp-container-core-columns-is-layout-28f84493 wp-block-columns-is-layout-flex\" style=\"background-color:#8f907b\">\n<div class=\"wp-block-column p-5 has-white-background-color has-background is-layout-flow wp-block-column-is-layout-flow\">\n<p>El Grupo de Trabajo Tem\u00e1tico considerar\u00e1 todos los aspectos del sistema, incluyendo:<\/p>\n\n\n\n<ul class=\"wp-block-list\">\n<li>Confirmar sus metas y objetivos.<\/li>\n\n\n\n<li>Definir el p\u00fablico objetivo (individuos, organizaciones, instituciones educativas, gestores de terrenos, responsables pol\u00edticos, etc.).<\/li>\n\n\n\n<li>Identificar incentivos para la participaci\u00f3n.<\/li>\n\n\n\n<li>Dise\u00f1ar la estructura y los niveles de certificaci\u00f3n.<\/li>\n\n\n\n<li>Seleccionar un nombre apropiado.<\/li>\n\n\n\n<li>Establecer los arreglos administrativos.<br>\u00a0<\/li>\n<\/ul>\n\n\n\n<p><strong>Invitaci\u00f3n a Participar<\/strong>:<br>Invitamos cordialmente a otros miembros de ProGEO a unirse a esta iniciativa. Si est\u00e1 interesado en convertirse en miembro del Grupo de Trabajo Tem\u00e1tico, env\u00ede un correo electr\u00f3nico expresando su inter\u00e9s a la l\u00edder del grupo, Rachel Wignall,<br>correo electr\u00f3nico:&nbsp;<a href=\"mailto:rachel.wignall@nature.scot\">rachel.wignall@nature.scot<\/a><\/p>\n\n\n\n<p><\/p>\n<\/div>\n<\/div>\n\n\n\n<p><\/p>\n<\/div>\n","protected":false},"excerpt":{"rendered":"<p>Grupo de Trabajo sobre el Sistema de Certificaci\u00f3n en Geoconservaci\u00f3n Tras la decisi\u00f3n del Comit\u00e9 Ejecutivo de ProGEO en su reuni\u00f3n del 8 de diciembre de 2025, nos complace anunciar el establecimiento de un nuevo Grupo de Trabajo Tem\u00e1tico de ProGEO para explorar el desarrollo y la gesti\u00f3n a largo plazo de un sistema de [&hellip;]<\/p>\n","protected":false},"author":1,"featured_media":0,"parent":2450,"menu_order":0,"comment_status":"closed","ping_status":"closed","template":"","meta":{"footnotes":""},"class_list":["post-2013","page","type-page","status-publish","hentry"],"_links":{"self":[{"href":"https:\/\/www.progeo.ngo\/es\/wp-json\/wp\/v2\/pages\/2013","targetHints":{"allow":["GET"]}}],"collection":[{"href":"https:\/\/www.progeo.ngo\/es\/wp-json\/wp\/v2\/pages"}],"about":[{"href":"https:\/\/www.progeo.ngo\/es\/wp-json\/wp\/v2\/types\/page"}],"author":[{"embeddable":true,"href":"https:\/\/www.progeo.ngo\/es\/wp-json\/wp\/v2\/users\/1"}],"replies":[{"embeddable":true,"href":"https:\/\/www.progeo.ngo\/es\/wp-json\/wp\/v2\/comments?post=2013"}],"version-history":[{"count":1,"href":"https:\/\/www.progeo.ngo\/es\/wp-json\/wp\/v2\/pages\/2013\/revisions"}],"predecessor-version":[{"id":2015,"href":"https:\/\/www.progeo.ngo\/es\/wp-json\/wp\/v2\/pages\/2013\/revisions\/2015"}],"up":[{"embeddable":true,"href":"https:\/\/www.progeo.ngo\/es\/wp-json\/wp\/v2\/pages\/2450"}],"wp:attachment":[{"href":"https:\/\/www.progeo.ngo\/es\/wp-json\/wp\/v2\/media?parent=2013"}],"curies":[{"name":"wp","href":"https:\/\/api.w.org\/{rel}","templated":true}]}}