{"id":2002,"date":"2026-02-06T18:27:04","date_gmt":"2026-02-06T17:27:04","guid":{"rendered":"https:\/\/www.progeo.ngo\/east-european-working-group-wg-5\/"},"modified":"2026-03-14T10:27:05","modified_gmt":"2026-03-14T09:27:05","slug":"east-european-working-group-wg-5","status":"publish","type":"page","link":"https:\/\/www.progeo.ngo\/es\/working-groups\/east-european-working-group-wg-5\/","title":{"rendered":"Grupo de Trabajo de Europa del Este(GT-5)"},"content":{"rendered":"\n<div class=\"wp-block-group is-layout-constrained wp-block-group-is-layout-constrained\">\n<div class=\"wp-block-columns container is-layout-flex wp-container-core-columns-is-layout-28f84493 wp-block-columns-is-layout-flex\">\n<div class=\"wp-block-column is-layout-constrained wp-block-column-is-layout-constrained\" style=\"flex-basis:33.33%\"><\/div>\n<\/div>\n<\/div>\n\n\n\n<div class=\"wp-block-group alignwide fondo has-background is-layout-constrained wp-block-group-is-layout-constrained\" style=\"background-color:#8f907b\">\n<div class=\"wp-block-columns alignwide pt-5 container has-background is-layout-flex wp-container-core-columns-is-layout-28f84493 wp-block-columns-is-layout-flex\" style=\"background-color:#8f907b\">\n<div class=\"wp-block-column has-white-background-color has-background is-layout-constrained wp-block-column-is-layout-constrained\">\n<div class=\"wp-block-cover alignfull is-light has-custom-content-position is-position-top-center wp-duotone-unset-1\" style=\"min-height:1231px;aspect-ratio:unset;\"><img loading=\"lazy\" decoding=\"async\" width=\"323\" height=\"614\" class=\"wp-block-cover__image-background wp-image-619 size-full\" alt=\"\" src=\"https:\/\/www.progeo.ngo\/wp-content\/uploads\/2026\/02\/f165b1_84b87699941042b288dee4f731f81dc7mv2.avif\" data-object-fit=\"cover\" srcset=\"https:\/\/www.progeo.ngo\/wp-content\/uploads\/2026\/02\/f165b1_84b87699941042b288dee4f731f81dc7mv2.avif 323w, https:\/\/www.progeo.ngo\/wp-content\/uploads\/2026\/02\/f165b1_84b87699941042b288dee4f731f81dc7mv2-158x300.jpg 158w\" sizes=\"auto, (max-width: 323px) 100vw, 323px\" \/><span aria-hidden=\"true\" class=\"wp-block-cover__background has-background-dim-10 has-background-dim\" style=\"background-color:#a1afb9\"><\/span><div class=\"wp-block-cover__inner-container is-layout-flow wp-block-cover-is-layout-flow\">\n<p class=\"has-text-align-center has-large-font-size\"><\/p>\n<\/div><\/div>\n<\/div>\n\n\n\n<div class=\"wp-block-column p-5 has-white-background-color has-background is-layout-flow wp-block-column-is-layout-flow\" style=\"flex-basis:66.66%\">\n<h2 class=\"wp-block-heading pb-4\" style=\"font-size:34px\">Grupo de Trabajo de Europa del Este<br>(GT-5)<\/h2>\n\n\n\n<p><\/p>\n\n\n\n<p><strong>Coordinador: <\/strong>Dr. Evgenyi Kislov (Instituto Geol\u00f3gico, Ul\u00e1n-Ud\u00e9, Buriatia), 2023 \u2013 presente<\/p>\n\n\n\n<p class=\"pt-3\"><strong>Coordinadores anteriores:&nbsp;<\/strong><\/p>\n\n\n\n<ul class=\"wp-block-list py-3\">\n<li>Dr. Vladimir Silantiev (Universidad Federal de Kaz\u00e1n), 2020 \u2212 2023<\/li>\n\n\n\n<li>Dra. Marina Vdovets (VSEGEI, San Petersburgo), 2008 \u2014 2020<\/li>\n\n\n\n<li>Dr. Andrey Lapo (VSEGEI, San Petersburgo), 1997 \u2014 2008<\/li>\n<\/ul>\n\n\n\n<p class=\"pt-4\"><strong>N\u00famero de miembros activos:<\/strong> 11 (2023\/2024)\u00a0<\/p>\n\n\n\n<p><\/p>\n<\/div>\n<\/div>\n<\/div>\n\n\n\n<div class=\"wp-block-group alignwide fondo has-background is-layout-constrained wp-block-group-is-layout-constrained\" style=\"background-color:#8f907b\">\n<div class=\"wp-block-columns alignwide pt-5 container has-background is-layout-flex wp-container-core-columns-is-layout-28f84493 wp-block-columns-is-layout-flex\" style=\"background-color:#8f907b\">\n<div class=\"wp-block-column p-5 has-white-background-color has-background is-layout-flow wp-block-column-is-layout-flow\">\n<p style=\"font-size:28px\">1997. Or\u00edgenes\u00a0<\/p>\n\n\n\n<p style=\"font-size:16px\"><br>El Grupo de Trabajo de Europa del Este fue fundado en 1997 por el Dr. Andrey Lapo (Instituto de Investigaci\u00f3n Geol\u00f3gica de Rusia A.P. Karpinsky, San Petersburgo). En 2008, despu\u00e9s de su mandato, la Dra. Marina Vdovets, investigadora principal del Instituto de Investigaci\u00f3n Geol\u00f3gica de Rusia A.P. Karpinsky, fue elegida nueva coordinadora y ocup\u00f3 el cargo hasta 2020, cuando el Dr. Vladimir Silantiev, profesor de geolog\u00eda, actualmente en la sucursal de la Universidad Federal de Kaz\u00e1n en la ciudad de Jizzakh, Uzbekist\u00e1n, fue elegido coordinador. En 2023, fue elegido un nuevo coordinador del grupo, el Dr. Evgenyi Kislov, investigador principal del Laboratorio de Metalogenia y Formaci\u00f3n de Menas del Instituto Geol\u00f3gico (Ul\u00e1n-Ud\u00e9, Buriatia). El grupo est\u00e1 compuesto actualmente por 11 miembros activos, incluidos ocho del Instituto de Investigaci\u00f3n Geol\u00f3gica de Rusia A.P. Karpinsky de San Petersburgo, y una persona respectivamente de Mosc\u00fa, Kaz\u00e1n (Tartarist\u00e1n) y Ul\u00e1n-Ud\u00e9 (Buriatia).\u200b<\/p>\n\n\n\n<p class=\"py-4\" style=\"font-size:28px\">Actividad del Grupo de Trabajo<\/p>\n\n\n\n<ul class=\"wp-block-list\">\n<li>estudio y monitoreo de diversos geositios en las siguientes regiones: Alt\u00e1i, Baskortost\u00e1n, Carelia, Komi, Leningrado, Oremburgo, Tartarist\u00e1n, Yaroslavl y otras. Gracias a estos esfuerzos, el grupo ha obtenido con \u00e9xito el estatus de protecci\u00f3n oficial para algunos geositios anteriormente no protegidos, adem\u00e1s de publicar libros sobre el tema de los geositios;<\/li>\n\n\n\n<li>organizaci\u00f3n de varias conferencias, talleres y excursiones centradas en geositios en diversas ciudades, incluyendo San Petersburgo, Mosc\u00fa, Petrozavodsk, Syktyvkar y Uf\u00e1. Estos eventos ten\u00edan como objetivo profundizar la comprensi\u00f3n y apreciaci\u00f3n de los geositios;<\/li>\n\n\n\n<li>una expedici\u00f3n cient\u00edfica y educativa anual, conocida como la \u00abFlotilla de Universidades Flotantes\u00bb, que tiene lugar en m\u00faltiples ubicaciones a lo largo del r\u00edo Volga;<\/li>\n\n\n\n<li>preparaci\u00f3n de los expedientes de candidatura del Geoparque de Toratau y del Geoparque de Yangantau (Baskortost\u00e1n) para su presentaci\u00f3n al Centro del Patrimonio Mundial de la UNESCO;<\/li>\n<\/ul>\n\n\n\n<p style=\"font-size:28px\"><br>Actividad de los miembros del Instituto de Investigaci\u00f3n Geol\u00f3gica de Rusia A.P. Karpinsky (San Petersburgo) y sus resultados<\/p>\n\n\n\n<p>\u200b<\/p>\n\n\n\n<div class=\"wp-block-group is-content-justification-left is-layout-constrained wp-container-core-group-is-layout-12dd3699 wp-block-group-is-layout-constrained\">\n<ul class=\"wp-block-list\">\n<li>Contribuci\u00f3n de un cap\u00edtulo sobre Geoconservaci\u00f3n en Rusia a \u00abGeoheritage in Europe and its conservation\u00bb (Wimbledon, W.A.P. &amp; Smith-Meyer, S., Eds., 2012);<\/li>\n\n\n\n<li>Preparaci\u00f3n de la revisi\u00f3n documental de la IUGS para la candidatura al Patrimonio Mundial \u00abLos Pilares del Lena, Federaci\u00f3n de Rusia\u00bb en relaci\u00f3n con sus valores geol\u00f3gicos y geomorfol\u00f3gicos;<\/li>\n\n\n\n<li>Actividad en el Comit\u00e9 Electoral de ProGeo (como presidente en 2018-2019);<\/li>\n\n\n\n<li>Preparaci\u00f3n del expediente de candidatura de la Cueva de Kapova (Shulg\u00e1n-Tash) para su presentaci\u00f3n al Centro del Patrimonio Mundial de la UNESCO;<\/li>\n\n\n\n<li>Una carta oficial de VSEGEI para apoyar el establecimiento del D\u00eda Internacional de la Geodiversidad;<\/li>\n\n\n\n<li>Las breves descripciones de los geositios oficialmente protegidos para el mapa digital de las \u00e1reas naturales protegidas de la Federaci\u00f3n de Rusia (Atlas SIG), as\u00ed como para el Sistema de Recuperaci\u00f3n de Informaci\u00f3n \u00abObjetos Geol\u00f3gicos \u00danicos de Rusia\u00bb, fueron parcialmente actualizadas y est\u00e1n en proceso de actualizaci\u00f3n;<\/li>\n\n\n\n<li>Las descripciones detalladas de los geositios para el recurso nacional geol\u00f3gico y cartogr\u00e1fico \u00abNedra Rossii\u00bb (\u00abSubsuelo de Rusia\u00bb) fueron parcialmente compiladas y est\u00e1n en proceso de compilaci\u00f3n;<\/li>\n\n\n\n<li>Se compil\u00f3 un manual sobre el trabajo con el recurso de informaci\u00f3n centralizado del Instituto A.P. Karpinsky \u00abTerritorios Naturales Especialmente Protegidos y Monumentos Naturales Geol\u00f3gicos\u00bb junto con especialistas en el campo de los sistemas de informaci\u00f3n y bancos de datos;<\/li>\n\n\n\n<li>Cartas oficiales para proteger la Monta\u00f1a Kushtau (Baskortost\u00e1n) dirigidas a los m\u00e1s altos funcionarios de la Federaci\u00f3n de Rusia y la Rep\u00fablica de Baskortost\u00e1n; establecimiento del Geoparque de Ingermanland ubicado en las cercan\u00edas de San Petersburgo; el grupo ha publicado tres gu\u00edas completas sobre geositios y un mapa tur\u00edstico del geoparque; una gu\u00eda centrada en la geodiversidad en la arquitectura de San Petersburgo est\u00e1 actualmente en prensa. Est\u00e1 dedicada al uso de rocas y minerales en la arquitectura.<\/li>\n\n\n\n<li>El concepto de creaci\u00f3n del Geoparque San Petersburgo &#8211; B\u00e1ltico Antiguo fue desarrollado y presentado a la direcci\u00f3n del Instituto Geol\u00f3gico Panruso A.P. Karpinsky (Kislov).<\/li>\n<\/ul>\n<\/div>\n\n\n\n<p><br><br>En general, el Grupo de Trabajo de Europa del Este ha desempe\u00f1ado un papel importante en la promoci\u00f3n de la conservaci\u00f3n y educaci\u00f3n geol\u00f3gicas mediante la realizaci\u00f3n de investigaciones exhaustivas, la publicaci\u00f3n de materiales informativos y la organizaci\u00f3n de diversos eventos destinados a promover la concienciaci\u00f3n y apreciaci\u00f3n del patrimonio geol\u00f3gico del pa\u00eds.<\/p>\n\n\n\n<p><\/p>\n\n\n\n<p>19.02.2025<\/p>\n\n\n\n<p>\u200b<br>Esta descripci\u00f3n fue preparada por Marina Vdovets y fue revisada por Vladimir Silantiev y Evgenyi Kislov.<\/p>\n<\/div>\n<\/div>\n<\/div>\n\n\n\n<div class=\"wp-block-columns alignwide pt-5 has-background is-layout-flex wp-container-core-columns-is-layout-28f84493 wp-block-columns-is-layout-flex\" style=\"background-color:#8f907b\">\n<div class=\"wp-block-column container has-background is-layout-constrained wp-block-column-is-layout-constrained\" style=\"background-color:#8f907b\">\n<div class=\"wp-block-getwid-images-slider has-arrows-inside has-dots-inside has-captions captions-style-light captions-bottom-center has-images-center has-fitted-images\"><div class=\"wp-block-getwid-images-slider__wrapper\" data-effect=\"slide\" data-slides-show=\"1\" data-slides-show-laptop=\"1\" data-slides-show-tablet=\"1\" data-slides-show-mobile=\"1\" data-slides-scroll=\"1\" data-autoplay=\"true\" data-pause-hover=\"false\" data-autoplay-speed=\"6000\" data-infinite=\"true\" data-animation-speed=\"800\" data-center-mode=\"false\" data-variable-width=\"false\" data-arrows=\"inside\" data-dots=\"inside\" data-spacing=\"none\"><div class=\"wp-block-getwid-images-slider__item\"><figure><img loading=\"lazy\" decoding=\"async\" width=\"743\" height=\"530\" src=\"https:\/\/www.progeo.ngo\/wp-content\/uploads\/2026\/02\/1-3.avif\" alt=\"\" data-id=\"629\" data-link=\"https:\/\/www.progeo.ngo\/working-groups\/east-european-working-group-wg-5\/1-10\/\" data-original-link=\"https:\/\/www.progeo.ngo\/wp-content\/uploads\/2026\/02\/1-3.avif\" class=\"wp-block-getwid-images-slider__image wp-image-629\" srcset=\"https:\/\/www.progeo.ngo\/wp-content\/uploads\/2026\/02\/1-3.avif 743w, https:\/\/www.progeo.ngo\/wp-content\/uploads\/2026\/02\/1-3-300x214.jpg 300w\" sizes=\"auto, (max-width: 743px) 100vw, 743px\" \/><figcaption class=\"wp-block-getwid-images-slider__caption\">Conferencia en VSEGEI, 2013<\/figcaption><\/figure><\/div><div class=\"wp-block-getwid-images-slider__item\"><figure><img loading=\"lazy\" decoding=\"async\" width=\"743\" height=\"559\" src=\"https:\/\/www.progeo.ngo\/wp-content\/uploads\/2026\/02\/3-3.avif\" alt=\"\" data-id=\"625\" data-link=\"https:\/\/www.progeo.ngo\/working-groups\/east-european-working-group-wg-5\/3-5\/\" data-original-link=\"https:\/\/www.progeo.ngo\/wp-content\/uploads\/2026\/02\/3-3.avif\" class=\"wp-block-getwid-images-slider__image wp-image-625\" srcset=\"https:\/\/www.progeo.ngo\/wp-content\/uploads\/2026\/02\/3-3.avif 743w, https:\/\/www.progeo.ngo\/wp-content\/uploads\/2026\/02\/3-3-300x226.jpg 300w\" sizes=\"auto, (max-width: 743px) 100vw, 743px\" \/><figcaption class=\"wp-block-getwid-images-slider__caption\">Grupo ruso, Irini Theodossiou-Drandak, (Grecia) y Vladimir Manuk, (Ucrania)<\/figcaption><\/figure><\/div><div class=\"wp-block-getwid-images-slider__item\"><figure><img loading=\"lazy\" decoding=\"async\" width=\"742\" height=\"511\" src=\"https:\/\/www.progeo.ngo\/wp-content\/uploads\/2026\/02\/2-3.avif\" alt=\"\" data-id=\"627\" data-link=\"https:\/\/www.progeo.ngo\/working-groups\/east-european-working-group-wg-5\/2-5\/\" data-original-link=\"https:\/\/www.progeo.ngo\/wp-content\/uploads\/2026\/02\/2-3.avif\" class=\"wp-block-getwid-images-slider__image wp-image-627\" srcset=\"https:\/\/www.progeo.ngo\/wp-content\/uploads\/2026\/02\/2-3.avif 742w, https:\/\/www.progeo.ngo\/wp-content\/uploads\/2026\/02\/2-3-300x207.jpg 300w\" sizes=\"auto, (max-width: 742px) 100vw, 742px\" \/><figcaption class=\"wp-block-getwid-images-slider__caption\">Grupo ruso en la orilla del lago Yastrebinoe, 2013<\/figcaption><\/figure><\/div><div class=\"wp-block-getwid-images-slider__item\"><figure><img loading=\"lazy\" decoding=\"async\" width=\"743\" height=\"681\" src=\"https:\/\/www.progeo.ngo\/wp-content\/uploads\/2026\/02\/4-3.avif\" alt=\"\" data-id=\"623\" data-link=\"https:\/\/www.progeo.ngo\/working-groups\/east-european-working-group-wg-5\/4-5\/\" data-original-link=\"https:\/\/www.progeo.ngo\/wp-content\/uploads\/2026\/02\/4-3.avif\" class=\"wp-block-getwid-images-slider__image wp-image-623\" srcset=\"https:\/\/www.progeo.ngo\/wp-content\/uploads\/2026\/02\/4-3.avif 743w, https:\/\/www.progeo.ngo\/wp-content\/uploads\/2026\/02\/4-3-300x275.jpg 300w\" sizes=\"auto, (max-width: 743px) 100vw, 743px\" \/><\/figure><\/div><\/div><\/div>\n<\/div>\n<\/div>\n\n\n\n<div class=\"wp-block-columns py-5 is-layout-flex wp-container-core-columns-is-layout-28f84493 wp-block-columns-is-layout-flex\">\n<div class=\"wp-block-column p-5 has-background is-content-justification-left is-layout-constrained wp-container-core-column-is-layout-f7059b37 wp-block-column-is-layout-constrained\" style=\"background-color:#8f907b;flex-basis:50%\">\n<p class=\"has-text-align-right has-white-color has-text-color has-link-color wp-elements-cedcd41b3aea659131fcfdfcc4e1b97f\" style=\"font-size:38px\">Enlaces<\/p>\n<\/div>\n\n\n\n<div class=\"wp-block-column is-vertically-aligned-stretch pt-5 is-layout-flow wp-block-column-is-layout-flow\" style=\"flex-basis:50%\">\n<p class=\"has-text-align-center\"><strong>Hay informaci\u00f3n adicional disponible en<\/strong> <br><a href=\"https:\/\/www.americasgeoheritage.com\/\" target=\"_blank\" rel=\"noreferrer noopener\">https:\/\/www.americasgeoheritage.com\/.<\/a><\/p>\n<\/div>\n<\/div>\n\n\n\n<p><\/p>\n","protected":false},"excerpt":{"rendered":"<p>Grupo de Trabajo de Europa del Este(GT-5) Coordinador: Dr. Evgenyi Kislov (Instituto Geol\u00f3gico, Ul\u00e1n-Ud\u00e9, Buriatia), 2023 \u2013 presente Coordinadores anteriores:&nbsp; N\u00famero de miembros activos: 11 (2023\/2024)\u00a0 1997. Or\u00edgenes\u00a0 El Grupo de Trabajo de Europa del Este fue fundado en 1997 por el Dr. Andrey Lapo (Instituto de Investigaci\u00f3n Geol\u00f3gica de Rusia A.P. Karpinsky, San Petersburgo). [&hellip;]<\/p>\n","protected":false},"author":1,"featured_media":0,"parent":2450,"menu_order":0,"comment_status":"closed","ping_status":"closed","template":"","meta":{"footnotes":""},"class_list":["post-2002","page","type-page","status-publish","hentry"],"_links":{"self":[{"href":"https:\/\/www.progeo.ngo\/es\/wp-json\/wp\/v2\/pages\/2002","targetHints":{"allow":["GET"]}}],"collection":[{"href":"https:\/\/www.progeo.ngo\/es\/wp-json\/wp\/v2\/pages"}],"about":[{"href":"https:\/\/www.progeo.ngo\/es\/wp-json\/wp\/v2\/types\/page"}],"author":[{"embeddable":true,"href":"https:\/\/www.progeo.ngo\/es\/wp-json\/wp\/v2\/users\/1"}],"replies":[{"embeddable":true,"href":"https:\/\/www.progeo.ngo\/es\/wp-json\/wp\/v2\/comments?post=2002"}],"version-history":[{"count":1,"href":"https:\/\/www.progeo.ngo\/es\/wp-json\/wp\/v2\/pages\/2002\/revisions"}],"predecessor-version":[{"id":2008,"href":"https:\/\/www.progeo.ngo\/es\/wp-json\/wp\/v2\/pages\/2002\/revisions\/2008"}],"up":[{"embeddable":true,"href":"https:\/\/www.progeo.ngo\/es\/wp-json\/wp\/v2\/pages\/2450"}],"wp:attachment":[{"href":"https:\/\/www.progeo.ngo\/es\/wp-json\/wp\/v2\/media?parent=2002"}],"curies":[{"name":"wp","href":"https:\/\/api.w.org\/{rel}","templated":true}]}}