{"id":1987,"date":"2026-02-06T17:11:11","date_gmt":"2026-02-06T16:11:11","guid":{"rendered":"https:\/\/www.progeo.ngo\/central-european-working-group-wg-2\/"},"modified":"2026-03-13T19:16:33","modified_gmt":"2026-03-13T18:16:33","slug":"central-european-working-group-wg-2","status":"publish","type":"page","link":"https:\/\/www.progeo.ngo\/es\/working-groups\/central-european-working-group-wg-2\/","title":{"rendered":"Grupo de Trabajo para Europa Central (GT-2)"},"content":{"rendered":"\n<div class=\"wp-block-group is-layout-constrained wp-block-group-is-layout-constrained\">\n<div class=\"wp-block-columns container is-layout-flex wp-container-core-columns-is-layout-28f84493 wp-block-columns-is-layout-flex\">\n<div class=\"wp-block-column is-layout-constrained wp-block-column-is-layout-constrained\" style=\"flex-basis:33.33%\"><\/div>\n<\/div>\n<\/div>\n\n\n\n<div class=\"wp-block-group alignwide fondo has-background is-layout-constrained wp-block-group-is-layout-constrained\" style=\"background-color:#919191\">\n<div class=\"wp-block-columns alignwide pt-5 container has-background is-layout-flex wp-container-core-columns-is-layout-28f84493 wp-block-columns-is-layout-flex\" style=\"background-color:#919191\">\n<div class=\"wp-block-column has-white-background-color has-background is-layout-constrained wp-block-column-is-layout-constrained\">\n<div class=\"wp-block-cover alignfull is-light has-custom-content-position is-position-top-center wp-duotone-unset-1\" style=\"min-height:1231px;aspect-ratio:unset;\"><img loading=\"lazy\" decoding=\"async\" width=\"323\" height=\"1312\" class=\"wp-block-cover__image-background wp-image-479 size-full\" alt=\"\" src=\"https:\/\/www.progeo.ngo\/wp-content\/uploads\/2026\/02\/f165b1_51ad0d06ac274ad884d53fad306a7a87mv2.avif\" data-object-fit=\"cover\" srcset=\"https:\/\/www.progeo.ngo\/wp-content\/uploads\/2026\/02\/f165b1_51ad0d06ac274ad884d53fad306a7a87mv2.avif 323w, https:\/\/www.progeo.ngo\/wp-content\/uploads\/2026\/02\/f165b1_51ad0d06ac274ad884d53fad306a7a87mv2-74x300.jpg 74w, https:\/\/www.progeo.ngo\/wp-content\/uploads\/2026\/02\/f165b1_51ad0d06ac274ad884d53fad306a7a87mv2-252x1024.jpg 252w\" sizes=\"auto, (max-width: 323px) 100vw, 323px\" \/><span aria-hidden=\"true\" class=\"wp-block-cover__background has-background-dim-10 has-background-dim\" style=\"background-color:#8e918a\"><\/span><div class=\"wp-block-cover__inner-container is-layout-flow wp-block-cover-is-layout-flow\">\n<p class=\"has-text-align-center has-large-font-size\"><\/p>\n<\/div><\/div>\n<\/div>\n\n\n\n<div class=\"wp-block-column p-5 has-white-background-color has-background is-layout-flow wp-container-core-column-is-layout-3f7b68c1 wp-block-column-is-layout-flow\" style=\"padding-top:0;padding-bottom:0;flex-basis:66.66%\">\n<h2 class=\"wp-block-heading pb-4\" style=\"font-size:34px\">Grupo de Trabajo para Europa Central (GT-2)<\/h2>\n\n\n\n<p><\/p>\n\n\n\n<p><strong>Coordinador: <\/strong>Vacante<\/p>\n\n\n\n<p><strong>Coordinadores anteriores: <\/strong>(1995 \u2212 2010) Zofia Alexandrowicz<br>(Profesora, Instituto de Conservaci\u00f3n de la Naturaleza de la Academia Polaca de Ciencias, Cracovia); Miembro fundador de ProGEO, participante en el 1er Simposio Internacional del Grupo de Trabajo Europeo sobre Conservaci\u00f3n del Patrimonio Geol\u00f3gico, Digne, Francia, 1991, donde se proclam\u00f3 la &#8216;Declaraci\u00f3n de los Derechos de la Memoria de la Tierra&#8217; y naci\u00f3 la idea de crear ProGEO.<\/p>\n\n\n\n<p><strong>N\u00famero de miembros activos:<\/strong> 28 (2023\/24) <\/p>\n\n\n\n<p><strong>Grupos nacionales, sus representantes y mandatos: <\/strong><\/p>\n\n\n\n<p><strong>Chequia<\/strong>: Petr Budil (Servicio Geol\u00f3gico Checo), 2019 \u2013 presente<\/p>\n\n\n\n<p>Ji\u0159\u00ed K\u0159\u00ed\u017e (Servicio Geol\u00f3gico Checo), 1999 \u2013 2019<\/p>\n\n\n\n<p><strong>Polonia:<\/strong><\/p>\n\n\n\n<p>Izabela Jamorska (Universidad Nicol\u00e1s Cop\u00e9rnico),<br>2020 \u2013 presente<\/p>\n\n\n\n<p>Jan Urban (Academia Polaca de Ciencias), 2017\u20132020 <\/p>\n\n\n\n<p>Krzysztof Mi\u015bkiewicz (Universidad AGH), 2010 \u2013 2017<\/p>\n\n\n\n<p>Jan Urban (Academia Polaca de Ciencias) 2000 \u2013 2010<\/p>\n\n\n\n<p>Zbigniew Rubinowski (Instituto Geol\u00f3gico Polaco, Kielce),<br>1995 \u2013 2000<\/p>\n\n\n\n<p><strong>Eslovaquia<\/strong>: Lubomir \u0160trba (Universidad T\u00e9cnica, Ko\u0161ice)<\/p>\n\n\n\n<p><strong>Ucrania<\/strong>: Volodymyr Grytschenko (Museo Nacional de Historia Natural), 2002 \u2013 presente<\/p>\n\n\n\n<p>Natalia P. Gerasimenko (Profesora de la Universidad Nacional Taras Shevchenko de Kyiv), 1996 \u2013 2001<\/p>\n\n\n\n<p><strong>Bielorrusia<\/strong>: Vitaly Vinokurov sucedido por Mikhail Komarovsky (ambos del Instituto de Ciencias Geol\u00f3gicas de la Academia de Ciencias de Bielorrusia), 1995 \u2013 2010. Bielorrusia es un pa\u00eds miembro inactivo desde 2010. <\/p>\n<\/div>\n<\/div>\n<\/div>\n\n\n\n<div class=\"wp-block-group alignwide fondo has-background is-layout-constrained wp-block-group-is-layout-constrained\" style=\"background-color:#919191\">\n<div class=\"wp-block-columns alignwide pt-5 container has-background is-layout-flex wp-container-core-columns-is-layout-28f84493 wp-block-columns-is-layout-flex\" style=\"background-color:#919191\">\n<div class=\"wp-block-column p-5 has-white-background-color has-background is-layout-flow wp-block-column-is-layout-flow\">\n<p style=\"font-size:28px\">1995 \u20132010. Or\u00edgenes y reuniones <\/p>\n\n\n\n<p style=\"font-size:16px\"><br>El GT Europa Central (GT-2) se estableci\u00f3 en 1995 por iniciativa de la Profesora Zofia Alexandrowicz (Cracovia), quien fue la primera presidenta del grupo en el per\u00edodo 1995\u20132010. Tambi\u00e9n fue la representante nacional y miembro del Consejo de ProGEO.<br><br>En ese tiempo se celebraron dos conferencias internacionales del GT-2, en 1997 y 2003, en Cracovia, coorganizadas por el Instituto de Conservaci\u00f3n de la Naturaleza de la Academia Polaca de Ciencias (Cracovia) y el Instituto Geol\u00f3gico Nacional (Varsovia).<br><br>Los temas de la conferencia de 1997 fueron la selecci\u00f3n, valorizaci\u00f3n y m\u00e9todos de protecci\u00f3n de sitios geol\u00f3gicos importantes en los pa\u00edses de Europa Central. El programa incluy\u00f3 una sesi\u00f3n y dos excursiones de campo, incluyendo el Parque Nacional de Ojc\u00f3w, la Reserva Geol\u00f3gica de Bonarka y la Mina de Sal de Wieliczka \u2014 Sitio Patrimonio Mundial de la UNESCO. Un total de 60 personas participaron en la conferencia, incluyendo personas de Inglaterra, Suecia, Bulgaria, Rep\u00fablica Checa, Eslovaquia, Ucrania, Bielorrusia y Lituania. Las actas fueron publicadas [1].<br><br>Los temas de la conferencia de 2003 incluyeron dise\u00f1os preliminares para geoparques en Polonia y las relaciones espaciales entre la geoconservaci\u00f3n y la red ecol\u00f3gica Natura 2000. Hubo una sesi\u00f3n y una excursi\u00f3n de un d\u00eda a las estribaciones de los C\u00e1rpatos. A la conferencia asistieron alrededor de 100 personas, incluyendo unas 20 personas de fuera de Polonia (Inglaterra, Italia, Rep\u00fablica Checa, Bielorrusia, Rusia, Ucrania, Lituania, Estonia, Bulgaria). Se han publicado dos vol\u00famenes de las actas de la conferencia [2], [3].<br><br>Entre las dos conferencias internacionales mencionadas anteriormente, se celebraron dos reuniones internacionales de ProGEO: <br><\/p>\n\n\n\n<ul class=\"wp-block-list py-4\">\n<li>En Praga: \u00abEuropean Association for the Conservation of the Geological Heritage ProGEO 1st Annual Meeting, Prague, 1st &#8211; 9th June 2000\u00bb,<\/li>\n\n\n\n<li>En Kiev, Ucrania (2006): \u00abSafeguarding our Geological Heritage. European Protection Policies of the Geological Heritage \u2013 Theory and Practise\u00bb. <br><\/li>\n<\/ul>\n\n\n\n<p>Adem\u00e1s, los conceptos y el estado de la geoconservaci\u00f3n han sido presentados por miembros del GT-EC en todos los simposios internacionales de ProGEO y en varias conferencias de grupos regionales en Europa. <br><\/p>\n\n\n\n<p class=\"pt-4\" style=\"font-size:28px\">Per\u00edodo posterior a 2010. Simposio.<\/p>\n\n\n\n<p class=\"pt-2\"><br>Tras la renuncia de la Prof. Zofia Alexandrowicz como Coordinadora del Grupo de Trabajo para Europa Central en 2010, las actividades del GT-2 se han centrado principalmente en la situaci\u00f3n de la geoconservaci\u00f3n en sus propios pa\u00edses. Sin embargo, el esp\u00edritu de integraci\u00f3n y cooperaci\u00f3n se renov\u00f3 en 2018 cuando se organiz\u00f3 el 9\u00ba Simposio Internacional de ProGEO &#8216;Patrimonio Geol\u00f3gico y Geoconservaci\u00f3n: Enfoques Modernos y Aplicaciones hacia la Agenda 2030&#8217; en Ch\u0119ciny, Polonia. Un total de 117 participantes de 25 pa\u00edses, de Europa y m\u00e1s all\u00e1, participaron en el Simposio [4]. Miembros de casi todos los pa\u00edses del GT-2 enviaron res\u00famenes, aunque algunos no pudieron asistir en persona.<br><br>El programa incluy\u00f3 3 d\u00edas de sesiones, un taller y dos excursiones de campo de 2 d\u00edas a los sitios de patrimonio geol\u00f3gico y paisajes geol\u00f3gicos m\u00e1s importantes del sur de Polonia: las tierras altas de Cracovia, las estribaciones de los C\u00e1rpatos y la regi\u00f3n de las Monta\u00f1as de la Santa Cruz (\u015awi\u0119tokrzyskie). Se emiti\u00f3 la Declaraci\u00f3n de Ch\u0119ciny. Se celebr\u00f3 una Asamblea General. Las actas del Simposio se han publicado en dos vol\u00famenes [5], [6]. Los trabajos presentados en el simposio se publicaron en la Colecci\u00f3n Tem\u00e1tica de la revista Geoheritage [7].<br><br>Adem\u00e1s de este evento emblem\u00e1tico, los miembros del GT-EC han participado activamente en todos los simposios internacionales de ProGEO: Reikiavik, Islandia (2015); Madrid, Espa\u00f1a (2021); y Loughborough, Reino Unido (2023), as\u00ed como en las conferencias de la Uni\u00f3n Europea de Geociencias. Participaron activamente en la iniciativa para establecer un D\u00eda Internacional de la Geodiversidad bajo los auspicios de la UNESCO (2020\u20132021). Imparten conferencias y seminarios en l\u00ednea (por ejemplo, Budapest 2023). Publican activamente en revistas indexadas. Adem\u00e1s, los miembros del GT-EC desempe\u00f1an un papel activo en el Comit\u00e9 Ejecutivo de ProGEO.<br><br>05. 03. 2024. La descripci\u00f3n fue realizada por Ewa G\u0142owniak, basada en la correspondencia privada con Zofia Alexandrowicz (27.01.2017), y revisada por Petr Budil, Jan Urban, Volodymyr Grytschenko y Volodymyr Manyuk. <\/p>\n\n\n\n<p style=\"font-size:28px\"><br>Referencias<\/p>\n\n\n\n<p><br>[1] Representative Geosites of Central Europe. Proceedings of the Central Europe Working Group, Workshop ProGEO\u1fbf97. Z. Alexandrowicz (Ed.). Polish Geological Institute Special Papers, 2. Warsaw, 1999, pp. 1-103. <br><br>[2] Geological Heritage Concept, Conservation and Protection Policy in Central Europe. Abstracts and field trip guidebook. A. Ber and Z. Alexandrowicz (Eds.). Polish Geological Institute, Centre of Excellence REA. Warsaw, 2003, pp. 1 \u2013 95. <br><br>[3] Proceedings of the Conference \u201cGeological Heritage Concept, Conservation and Protection Policy in Central Europe\u201d. A. Ber, Z. Alexandrowicz and P. Balabanis (Eds.). Polish Geological Institute Special Papers, 13. Warsaw, 2004, pp 1-212.<br><br>[4] G\u0142owniak, E. 2019. The 9th ProGEO Symposium, Ch\u0119ciny, Poland, 2018\u2014an Overview. Geoheritage 11(4), 1221\u20131225. <a href=\"https:\/\/doi.org\/10.1007\/s12371\u2013019\u201300421\u2013x\" target=\"_blank\" rel=\"noreferrer noopener\">https:\/\/doi.org\/10.1007\/s12371\u2013019\u201300421\u2013x<\/a><br><br>[5] Geoheritage and Conservation: Modern Approaches and Applications Towards the 2030 Agenda. 9th ProGEO Symposium, Ch\u0119ciny, Poland, 25\u201328th June, 2018, Programme and Abstract Book. E. G\u0142owniak, A. Wasi\u0142owska and P. Leonowicz (Eds.). Faculty of Geology, University of Warsaw, 2018, 189 pp. ISBN 978\u201383\u2013945216\u20136\u20130.<br><br>[6.] Geoheritage and Conservation: Modern Approaches and Applications Towards the 2030 Agenda. Field Trip Guidebook of the 9th ProGEO Symposium, Ch\u0119ciny, Poland, 25\u201328th June 2018. E. G\u0142owniak and A. Wasi\u0142owska (Eds.). Faculty of Geology, University of Warsaw, 2018, 91 pp. ISBN 978\u201383\u2013945216\u20137\u20137 <br><br>[7] Topical collection \u201cGeoheritage and Conservation: Modern Approaches and Applications Towards the 2030 Agenda, IX ProGEO Symposium, Poland, 25-28th June, 2018\u201d. E. G\u0142owniak (Guest Editor). 2019-2021. ISSN: 1867\u20132477 (Print) 1867\u20132485 (Online) \u2014 Collection of 24 post-symposium papers (available online and continue to appear in the few printed volumes of Geoheritage 2019-2021) (<a href=\"https:\/\/link.springer.com\/journal\/volumesAndIssues\/12371?tabName=topicalCollections)\" target=\"_blank\" rel=\"noreferrer noopener\">https:\/\/link.springer.com\/journal\/volumesAndIssues\/12371?tabName=topicalCollections)<\/a><br><\/p>\n<\/div>\n<\/div>\n<\/div>\n\n\n\n<div class=\"wp-block-columns alignwide pt-5 has-background is-layout-flex wp-container-core-columns-is-layout-28f84493 wp-block-columns-is-layout-flex\" style=\"background-color:#919191\">\n<div class=\"wp-block-column container has-background is-layout-constrained wp-block-column-is-layout-constrained\" style=\"background-color:#919191\">\n<div class=\"wp-block-getwid-images-slider has-arrows-inside has-dots-inside has-captions captions-style-light captions-bottom-center has-images-center has-fitted-images\"><div class=\"wp-block-getwid-images-slider__wrapper\" data-effect=\"slide\" data-slides-show=\"1\" data-slides-show-laptop=\"1\" data-slides-show-tablet=\"1\" data-slides-show-mobile=\"1\" data-slides-scroll=\"1\" data-autoplay=\"false\" data-pause-hover=\"false\" data-autoplay-speed=\"6000\" data-infinite=\"true\" data-animation-speed=\"800\" data-center-mode=\"false\" data-variable-width=\"false\" data-arrows=\"inside\" data-dots=\"inside\" data-spacing=\"none\"><div class=\"wp-block-getwid-images-slider__item\"><figure><img loading=\"lazy\" decoding=\"async\" width=\"1008\" height=\"795\" src=\"https:\/\/www.progeo.ngo\/wp-content\/uploads\/2026\/02\/1.avif\" alt=\"\" data-id=\"500\" data-link=\"https:\/\/www.progeo.ngo\/working-groups\/central-european-working-group-wg-2\/1-7\/\" data-original-link=\"https:\/\/www.progeo.ngo\/wp-content\/uploads\/2026\/02\/1.avif\" class=\"wp-block-getwid-images-slider__image wp-image-500\" srcset=\"https:\/\/www.progeo.ngo\/wp-content\/uploads\/2026\/02\/1.avif 1008w, https:\/\/www.progeo.ngo\/wp-content\/uploads\/2026\/02\/1-300x237.jpg 300w, https:\/\/www.progeo.ngo\/wp-content\/uploads\/2026\/02\/1-768x606.jpg 768w\" sizes=\"auto, (max-width: 1008px) 100vw, 1008px\" \/><\/figure><\/div><div class=\"wp-block-getwid-images-slider__item\"><figure><img loading=\"lazy\" decoding=\"async\" width=\"743\" height=\"557\" src=\"https:\/\/www.progeo.ngo\/wp-content\/uploads\/2026\/02\/3.avif\" alt=\"\" data-id=\"496\" data-link=\"https:\/\/www.progeo.ngo\/working-groups\/central-european-working-group-wg-2\/3-2\/\" data-original-link=\"https:\/\/www.progeo.ngo\/wp-content\/uploads\/2026\/02\/3.avif\" class=\"wp-block-getwid-images-slider__image wp-image-496\" srcset=\"https:\/\/www.progeo.ngo\/wp-content\/uploads\/2026\/02\/3.avif 743w, https:\/\/www.progeo.ngo\/wp-content\/uploads\/2026\/02\/3-300x225.jpg 300w\" sizes=\"auto, (max-width: 743px) 100vw, 743px\" \/><figcaption class=\"wp-block-getwid-images-slider__caption\">Trabajos de geoconservaci\u00f3n en el geositio A Searaeara, Geoparque Mundial UNESCO de las Monta\u00f1as Courel.<\/figcaption><\/figure><\/div><div class=\"wp-block-getwid-images-slider__item\"><figure><img loading=\"lazy\" decoding=\"async\" width=\"743\" height=\"214\" src=\"https:\/\/www.progeo.ngo\/wp-content\/uploads\/2026\/02\/2.avif\" alt=\"\" data-id=\"498\" data-link=\"https:\/\/www.progeo.ngo\/working-groups\/central-european-working-group-wg-2\/2-2\/\" data-original-link=\"https:\/\/www.progeo.ngo\/wp-content\/uploads\/2026\/02\/2.avif\" class=\"wp-block-getwid-images-slider__image wp-image-498\" srcset=\"https:\/\/www.progeo.ngo\/wp-content\/uploads\/2026\/02\/2.avif 743w, https:\/\/www.progeo.ngo\/wp-content\/uploads\/2026\/02\/2-300x86.jpg 300w\" sizes=\"auto, (max-width: 743px) 100vw, 743px\" \/><figcaption class=\"wp-block-getwid-images-slider__caption\">Monumento Natural y Geositio Global del Pliegue Recumbente Variscode Courel, Monta\u00f1as Courel<\/figcaption><\/figure><\/div><div class=\"wp-block-getwid-images-slider__item\"><figure><img loading=\"lazy\" decoding=\"async\" width=\"743\" height=\"554\" src=\"https:\/\/www.progeo.ngo\/wp-content\/uploads\/2026\/02\/4.avif\" alt=\"\" data-id=\"494\" data-link=\"https:\/\/www.progeo.ngo\/working-groups\/central-european-working-group-wg-2\/4-2\/\" data-original-link=\"https:\/\/www.progeo.ngo\/wp-content\/uploads\/2026\/02\/4.avif\" class=\"wp-block-getwid-images-slider__image wp-image-494\" srcset=\"https:\/\/www.progeo.ngo\/wp-content\/uploads\/2026\/02\/4.avif 743w, https:\/\/www.progeo.ngo\/wp-content\/uploads\/2026\/02\/4-300x224.jpg 300w\" sizes=\"auto, (max-width: 743px) 100vw, 743px\" \/><figcaption class=\"wp-block-getwid-images-slider__caption\">Registro paleoclim\u00e1tico preservado en una estalagmita de 550.000 a\u00f1os de antig\u00fcedad, UNESCO Monta\u00f1as Courel<\/figcaption><\/figure><\/div><div class=\"wp-block-getwid-images-slider__item\"><figure><img loading=\"lazy\" decoding=\"async\" width=\"743\" height=\"556\" src=\"https:\/\/www.progeo.ngo\/wp-content\/uploads\/2026\/02\/5.avif\" alt=\"\" data-id=\"492\" data-link=\"https:\/\/www.progeo.ngo\/working-groups\/central-european-working-group-wg-2\/5-2\/\" data-original-link=\"https:\/\/www.progeo.ngo\/wp-content\/uploads\/2026\/02\/5.avif\" class=\"wp-block-getwid-images-slider__image wp-image-492\" srcset=\"https:\/\/www.progeo.ngo\/wp-content\/uploads\/2026\/02\/5.avif 743w, https:\/\/www.progeo.ngo\/wp-content\/uploads\/2026\/02\/5-300x224.jpg 300w\" sizes=\"auto, (max-width: 743px) 100vw, 743px\" \/><figcaption class=\"wp-block-getwid-images-slider__caption\">Lago glaciar de circo de A Lucenza, Geoparque Mundial UNESCO de las Monta\u00f1as Courel<\/figcaption><\/figure><\/div><div class=\"wp-block-getwid-images-slider__item\"><figure><img loading=\"lazy\" decoding=\"async\" width=\"743\" height=\"557\" src=\"https:\/\/www.progeo.ngo\/wp-content\/uploads\/2026\/02\/6.avif\" alt=\"\" data-id=\"490\" data-link=\"https:\/\/www.progeo.ngo\/working-groups\/central-european-working-group-wg-2\/6-2\/\" data-original-link=\"https:\/\/www.progeo.ngo\/wp-content\/uploads\/2026\/02\/6.avif\" class=\"wp-block-getwid-images-slider__image wp-image-490\" srcset=\"https:\/\/www.progeo.ngo\/wp-content\/uploads\/2026\/02\/6.avif 743w, https:\/\/www.progeo.ngo\/wp-content\/uploads\/2026\/02\/6-300x225.jpg 300w\" sizes=\"auto, (max-width: 743px) 100vw, 743px\" \/><figcaption class=\"wp-block-getwid-images-slider__caption\">Trabajos de restauraci\u00f3n de una dolina dentro del geositio del acu\u00edfero k\u00e1rstico de Ceza, UNESCO Monta\u00f1as Courel<\/figcaption><\/figure><\/div><\/div><\/div>\n<\/div>\n<\/div>\n\n\n\n<div class=\"wp-block-columns py-5 is-layout-flex wp-container-core-columns-is-layout-28f84493 wp-block-columns-is-layout-flex\">\n<div class=\"wp-block-column p-5 has-background is-content-justification-left is-layout-constrained wp-container-core-column-is-layout-f7059b37 wp-block-column-is-layout-constrained\" style=\"background-color:#919191;flex-basis:50%\">\n<p class=\"has-text-align-right has-white-color has-text-color has-link-color wp-elements-cedcd41b3aea659131fcfdfcc4e1b97f\" style=\"font-size:38px\">Enlaces<\/p>\n<\/div>\n\n\n\n<div class=\"wp-block-column is-vertically-aligned-stretch pt-5 is-layout-flow wp-block-column-is-layout-flow\" style=\"flex-basis:50%\">\n<p class=\"has-text-align-center\"><strong>FB ProGEO &#8211; Polska Grupa Robocza: <\/strong><br><a href=\"https:\/\/www.facebook.com\/people\/ProGEO-Polska-Grupa-Robocza\/100065001791476\/\" target=\"_blank\" rel=\"noreferrer noopener\">https:\/\/www.facebook.com\/people\/ProGEO-Polska-Grupa-Robocza\/100065001791476\/<\/a><\/p>\n\n\n\n<p>\u200b<\/p>\n\n\n\n<p class=\"has-text-align-center\"><strong>Localidades geol\u00f3gicas significativas de la Rep\u00fablica Checa: <\/strong><br><a href=\"http:\/\/lokality.geology.cz\/d.pl\" target=\"_blank\" rel=\"noreferrer noopener\">http:\/\/lokality.geology.cz\/d.pl<\/a><\/p>\n<\/div>\n<\/div>\n\n\n\n<p><\/p>\n","protected":false},"excerpt":{"rendered":"<p>Grupo de Trabajo para Europa Central (GT-2) Coordinador: Vacante Coordinadores anteriores: (1995 \u2212 2010) Zofia Alexandrowicz(Profesora, Instituto de Conservaci\u00f3n de la Naturaleza de la Academia Polaca de Ciencias, Cracovia); Miembro fundador de ProGEO, participante en el 1er Simposio Internacional del Grupo de Trabajo Europeo sobre Conservaci\u00f3n del Patrimonio Geol\u00f3gico, Digne, Francia, 1991, donde se proclam\u00f3 [&hellip;]<\/p>\n","protected":false},"author":1,"featured_media":0,"parent":2450,"menu_order":0,"comment_status":"closed","ping_status":"closed","template":"","meta":{"footnotes":""},"class_list":["post-1987","page","type-page","status-publish","hentry"],"_links":{"self":[{"href":"https:\/\/www.progeo.ngo\/es\/wp-json\/wp\/v2\/pages\/1987","targetHints":{"allow":["GET"]}}],"collection":[{"href":"https:\/\/www.progeo.ngo\/es\/wp-json\/wp\/v2\/pages"}],"about":[{"href":"https:\/\/www.progeo.ngo\/es\/wp-json\/wp\/v2\/types\/page"}],"author":[{"embeddable":true,"href":"https:\/\/www.progeo.ngo\/es\/wp-json\/wp\/v2\/users\/1"}],"replies":[{"embeddable":true,"href":"https:\/\/www.progeo.ngo\/es\/wp-json\/wp\/v2\/comments?post=1987"}],"version-history":[{"count":1,"href":"https:\/\/www.progeo.ngo\/es\/wp-json\/wp\/v2\/pages\/1987\/revisions"}],"predecessor-version":[{"id":1995,"href":"https:\/\/www.progeo.ngo\/es\/wp-json\/wp\/v2\/pages\/1987\/revisions\/1995"}],"up":[{"embeddable":true,"href":"https:\/\/www.progeo.ngo\/es\/wp-json\/wp\/v2\/pages\/2450"}],"wp:attachment":[{"href":"https:\/\/www.progeo.ngo\/es\/wp-json\/wp\/v2\/media?parent=1987"}],"curies":[{"name":"wp","href":"https:\/\/api.w.org\/{rel}","templated":true}]}}