{"id":1945,"date":"2026-03-13T18:36:27","date_gmt":"2026-03-13T17:36:27","guid":{"rendered":"https:\/\/www.progeo.ngo\/?page_id=1945"},"modified":"2026-03-24T11:09:54","modified_gmt":"2026-03-24T10:09:54","slug":"miembros-de-progeo","status":"publish","type":"page","link":"https:\/\/www.progeo.ngo\/es\/members-partnerns\/miembros-de-progeo\/","title":{"rendered":"Miembros de ProGEO"},"content":{"rendered":"\n<div class=\"wp-block-group container-fluid has-background is-layout-constrained wp-container-core-group-is-layout-e555385e wp-block-group-is-layout-constrained\" style=\"background-color:#bfbfbf\">\n<div class=\"wp-block-columns pt-5 container has-background is-layout-flex wp-container-core-columns-is-layout-28f84493 wp-block-columns-is-layout-flex\" style=\"background-color:#bfbfbf\">\n<div class=\"wp-block-column container ps-0 has-white-background-color has-background is-content-justification-right is-layout-constrained wp-container-core-column-is-layout-0e1325c4 wp-block-column-is-layout-constrained\" style=\"flex-basis:40%\">\n<figure class=\"wp-block-image alignleft size-full\"><img loading=\"lazy\" decoding=\"async\" width=\"580\" height=\"652\" src=\"https:\/\/www.progeo.ngo\/wp-content\/uploads\/2026\/02\/1-8.avif\" alt=\"\" class=\"wp-image-1068\" style=\"object-fit:cover\" srcset=\"https:\/\/www.progeo.ngo\/wp-content\/uploads\/2026\/02\/1-8.avif 580w, https:\/\/www.progeo.ngo\/wp-content\/uploads\/2026\/02\/1-8-267x300.jpg 267w\" sizes=\"auto, (max-width: 580px) 100vw, 580px\" \/><\/figure>\n<\/div>\n\n\n\n<div class=\"wp-block-column has-white-background-color has-background is-content-justification-left is-layout-constrained wp-container-core-column-is-layout-6b0027b1 wp-block-column-is-layout-constrained\" style=\"padding-right:0px;padding-left:0px\">\n<p class=\"has-text-align-left p-3 has-large-font-size\">Miembros de ProGEO<\/p>\n\n\n\n<p class=\"p-3\" style=\"margin-right:0;margin-left:0\">ProGEO re\u00fane a casi 400 miembros de todos los continentes: ge\u00f3logos, investigadores, profesionales y especialistas en patrimonio que trabajan en diversos campos de las ciencias de la Tierra. Esta comunidad global contribuye activamente a la geoconservaci\u00f3n, apoya las iniciativas de geopatrimonio y promueve la comprensi\u00f3n y protecci\u00f3n de la diversidad geol\u00f3gica en todo el mundo. Los miembros colaboran a trav\u00e9s de proyectos internacionales, grupos de expertos, conferencias e investigaciones de campo, fortaleciendo los esfuerzos de geoconservaci\u00f3n en toda Europa y m\u00e1s all\u00e1. La fortaleza de ProGEO reside en esta red multidisciplinaria, una comunidad comprometida a compartir conocimientos, intercambiar mejores pr\u00e1cticas y desarrollar enfoques innovadores para proteger el registro geol\u00f3gico. Muchos miembros tambi\u00e9n participan en los grupos de trabajo, las ramas regionales y los comit\u00e9s de ProGEO, asegurando que diversas perspectivas gu\u00eden las prioridades de la organizaci\u00f3n.<\/p>\n<\/div>\n<\/div>\n<\/div>\n\n\n\n<div class=\"wp-block-group container-fluid has-background is-content-justification-center is-nowrap is-layout-flex wp-container-core-group-is-layout-eeea3fc2 wp-block-group-is-layout-flex\" style=\"background-color:#bfbfbf\">\n<div class=\"wp-block-columns container pb-5 has-background is-layout-flex wp-container-core-columns-is-layout-28f84493 wp-block-columns-is-layout-flex\" style=\"background-color:#bfbfbf\">\n<div class=\"wp-block-column container py-5 has-white-background-color has-background is-content-justification-center is-layout-constrained wp-container-core-column-is-layout-d7000163 wp-block-column-is-layout-constrained\" style=\"padding-right:0px;padding-left:0px\">\n<p class=\"has-text-align-left p-3 has-large-font-size\">\u00bfDe d\u00f3nde venimos?<\/p>\n\n\n\n<p class=\"p-3\" style=\"margin-right:0;margin-left:0\">ProGEO es una comunidad verdaderamente internacional. Nuestros miembros provienen de m\u00e1s de 50 pa\u00edses de Europa, Asia, \u00c1frica, Am\u00e9rica y Ocean\u00eda, representando a universidades, servicios geol\u00f3gicos, geoparques, museos, institutos de investigaci\u00f3n y organizaciones profesionales. Esta rica diversidad geogr\u00e1fica refleja la relevancia global del geopatrimonio y fortalece nuestra capacidad colectiva para comprender, proteger y promover el patrimonio geol\u00f3gico de nuestro planeta.<\/p>\n\n\n\n<div class=\"wp-block-interactive-geo-maps-display-map\"><div class=\"map_wrapper\" id=\"map_wrapper_1066\">\n<div class=\"map_box\" style=\"max-width:2000px\">\n<div class=\"map_aspect_ratio\" style=\"padding-top:56%\" data-padding-top=\"56%\" data-padding-top-mobile=\"0%\">\n<div class=\"map_container\">\n<div class=\"map_render map_loading\" id=\"map_1066\"><\/div>\n<\/div>\n<\/div>\n<\/div>\n<\/div><\/div>\n<\/div>\n<\/div>\n<\/div>\n","protected":false},"excerpt":{"rendered":"<p>Miembros de ProGEO ProGEO re\u00fane a casi 400 miembros de todos los continentes: ge\u00f3logos, investigadores, profesionales y especialistas en patrimonio que trabajan en diversos campos de las ciencias de la Tierra. Esta comunidad global contribuye activamente a la geoconservaci\u00f3n, apoya las iniciativas de geopatrimonio y promueve la comprensi\u00f3n y protecci\u00f3n de la diversidad geol\u00f3gica en [&hellip;]<\/p>\n","protected":false},"author":1,"featured_media":0,"parent":1780,"menu_order":0,"comment_status":"closed","ping_status":"closed","template":"page-headless.php","meta":{"footnotes":""},"class_list":["post-1945","page","type-page","status-publish","hentry"],"_links":{"self":[{"href":"https:\/\/www.progeo.ngo\/es\/wp-json\/wp\/v2\/pages\/1945","targetHints":{"allow":["GET"]}}],"collection":[{"href":"https:\/\/www.progeo.ngo\/es\/wp-json\/wp\/v2\/pages"}],"about":[{"href":"https:\/\/www.progeo.ngo\/es\/wp-json\/wp\/v2\/types\/page"}],"author":[{"embeddable":true,"href":"https:\/\/www.progeo.ngo\/es\/wp-json\/wp\/v2\/users\/1"}],"replies":[{"embeddable":true,"href":"https:\/\/www.progeo.ngo\/es\/wp-json\/wp\/v2\/comments?post=1945"}],"version-history":[{"count":2,"href":"https:\/\/www.progeo.ngo\/es\/wp-json\/wp\/v2\/pages\/1945\/revisions"}],"predecessor-version":[{"id":2745,"href":"https:\/\/www.progeo.ngo\/es\/wp-json\/wp\/v2\/pages\/1945\/revisions\/2745"}],"up":[{"embeddable":true,"href":"https:\/\/www.progeo.ngo\/es\/wp-json\/wp\/v2\/pages\/1780"}],"wp:attachment":[{"href":"https:\/\/www.progeo.ngo\/es\/wp-json\/wp\/v2\/media?parent=1945"}],"curies":[{"name":"wp","href":"https:\/\/api.w.org\/{rel}","templated":true}]}}