{"id":1935,"date":"2026-02-09T09:25:06","date_gmt":"2026-02-09T08:25:06","guid":{"rendered":"https:\/\/www.progeo.ngo\/members-partnerns\/organisations-with-mou\/"},"modified":"2026-03-25T10:30:33","modified_gmt":"2026-03-25T09:30:33","slug":"organisations-with-mou","status":"publish","type":"page","link":"https:\/\/www.progeo.ngo\/es\/members-partnerns\/organisations-with-mou\/","title":{"rendered":"Organizaciones con Memorando de Entendimiento (MoU)"},"content":{"rendered":"\n<div class=\"wp-block-group container-fluid has-background is-content-justification-center is-nowrap is-layout-flex wp-container-core-group-is-layout-eeea3fc2 wp-block-group-is-layout-flex\" style=\"background-color:#bfbfbf\">\n<div class=\"wp-block-columns pt-5 has-background is-layout-flex wp-container-core-columns-is-layout-28f84493 wp-block-columns-is-layout-flex\" style=\"background-color:#bfbfbf\">\n<div class=\"wp-block-column is-layout-constrained wp-container-core-column-is-layout-e555385e wp-block-column-is-layout-constrained\">\n<figure class=\"wp-block-image alignright size-full\"><img loading=\"lazy\" decoding=\"async\" width=\"791\" height=\"557\" src=\"https:\/\/www.progeo.ngo\/wp-content\/uploads\/2026\/02\/03de44_8fc419d807ed45f9b7fc0a6712e4c490mv2.avif\" alt=\"\" class=\"wp-image-817\" srcset=\"https:\/\/www.progeo.ngo\/wp-content\/uploads\/2026\/02\/03de44_8fc419d807ed45f9b7fc0a6712e4c490mv2.avif 791w, https:\/\/www.progeo.ngo\/wp-content\/uploads\/2026\/02\/03de44_8fc419d807ed45f9b7fc0a6712e4c490mv2-300x211.jpg 300w, https:\/\/www.progeo.ngo\/wp-content\/uploads\/2026\/02\/03de44_8fc419d807ed45f9b7fc0a6712e4c490mv2-768x541.jpg 768w\" sizes=\"auto, (max-width: 791px) 100vw, 791px\" \/><\/figure>\n<\/div>\n\n\n\n<div class=\"wp-block-column has-white-background-color has-background is-content-justification-left is-layout-constrained wp-container-core-column-is-layout-6b0027b1 wp-block-column-is-layout-constrained\" style=\"padding-right:0px;padding-left:0px\">\n<p class=\"has-text-align-left p-3 p-md-5 has-large-font-size\">Organizaciones con las que hemos firmado un Memorando de Entendimiento<\/p>\n\n\n\n<p class=\"px-3 px-md-5\">ProGEO colabora con socios internacionales seleccionados a trav\u00e9s de Memorandos de Entendimiento (MoU por sus siglas en ingl\u00e9s) formales. Estos acuerdos fortalecen nuestros esfuerzos conjuntos en investigaci\u00f3n, geoconservaci\u00f3n, intercambio profesional y alcance global.<\/p>\n\n\n\n<p class=\"p-3 p-md-5\">A continuaci\u00f3n, se presentan las organizaciones con las cuales ProGEO ha establecido alianzas oficiales:<\/p>\n<\/div>\n<\/div>\n<\/div>\n\n\n\n<div class=\"wp-block-group container-fluid has-background is-layout-constrained wp-container-core-group-is-layout-ffe82179 wp-block-group-is-layout-constrained\" style=\"background-color:#bfbfbf\">\n<div class=\"wp-block-columns py-5 has-background is-layout-flex wp-container-core-columns-is-layout-28f84493 wp-block-columns-is-layout-flex\" style=\"background-color:#bfbfbf\">\n<div class=\"wp-block-column pe-5 pt-3 has-white-background-color has-background is-content-justification-right is-layout-constrained wp-container-core-column-is-layout-8e241852 wp-block-column-is-layout-constrained\">\n<p class=\"has-text-align-left p-3 p-md-5 has-large-font-size\">Sociedad Geol\u00f3gica de Am\u00e9rica (GSA)<\/p>\n\n\n\n<p class=\"p-3 p-md-4\">La Sociedad Geol\u00f3gica de Am\u00e9rica es una de las principales organizaciones geocient\u00edficas del mundo, apoyando la investigaci\u00f3n, el desarrollo profesional y el intercambio cient\u00edfico en todos los campos de las ciencias de la Tierra. En junio de 2025, la GSA renombr\u00f3 oficialmente su Divisi\u00f3n de Historia y Filosof\u00eda de la Geolog\u00eda como Divisi\u00f3n de Historia, Filosof\u00eda y Geopatrimonio (HPG), un cambio que resalta la creciente importancia global del geopatrimonio \u2014 y fortalece la alineaci\u00f3n entre la misi\u00f3n de la GSA y los objetivos centrales de ProGEO.<br>Nuestro Memorando de Entendimiento, firmado el 10 de diciembre de 2024 por el presidente de la GSA, Chuck Bailey, durante una ceremonia en el Cosmos Club en Washington D.C., formaliza esta visi\u00f3n compartida. Permite una cooperaci\u00f3n estrecha a trav\u00e9s de la promoci\u00f3n mutua de eventos, la colaboraci\u00f3n en reuniones cient\u00edficas, oportunidades para publicaciones conjuntas, beneficios para miembros en conferencias y una mayor visibilidad como sociedades afiliadas.<\/p>\n\n\n\n<figure class=\"wp-block-image size-full\"><img loading=\"lazy\" decoding=\"async\" width=\"451\" height=\"147\" src=\"https:\/\/www.progeo.ngo\/wp-content\/uploads\/2026\/02\/GSA_logo1R_rgb-1.avif\" alt=\"\" class=\"wp-image-851\" srcset=\"https:\/\/www.progeo.ngo\/wp-content\/uploads\/2026\/02\/GSA_logo1R_rgb-1.avif 451w, https:\/\/www.progeo.ngo\/wp-content\/uploads\/2026\/02\/GSA_logo1R_rgb-1-300x98.jpg 300w\" sizes=\"auto, (max-width: 451px) 100vw, 451px\" \/><\/figure>\n<\/div>\n\n\n\n<div class=\"wp-block-column p-3 p-md-5 has-white-background-color has-background is-content-justification-left is-layout-constrained wp-container-core-column-is-layout-8037e8e5 wp-block-column-is-layout-constrained\">\n<figure class=\"wp-block-image alignleft size-full mb-2\"><img loading=\"lazy\" decoding=\"async\" width=\"353\" height=\"328\" src=\"https:\/\/www.progeo.ngo\/wp-content\/uploads\/2026\/02\/250109-GSA-Pres-Chuck-Bailey-signs-MOU-ProGEO-10-Dec-24.avif\" alt=\"\" class=\"wp-image-857\" srcset=\"https:\/\/www.progeo.ngo\/wp-content\/uploads\/2026\/02\/250109-GSA-Pres-Chuck-Bailey-signs-MOU-ProGEO-10-Dec-24.avif 353w, https:\/\/www.progeo.ngo\/wp-content\/uploads\/2026\/02\/250109-GSA-Pres-Chuck-Bailey-signs-MOU-ProGEO-10-Dec-24-300x279.jpg 300w\" sizes=\"auto, (max-width: 353px) 100vw, 353px\" \/><\/figure>\n\n\n\n<p class=\"has-text-align-left has-small-font-size\">10 de diciembre de 2024: El presidente de la Sociedad Geol\u00f3gica de Am\u00e9rica, Chuck Bailey, firma el Memorando de Entendimiento con ProGEO en el Cosmos Club en Washington, D.C. De izquierda a derecha, Priscilla Grew, VP ProGEO Am\u00e9rica del Norte; presidente de la GSA, Chuck Bailey; Drew Andrews, Servicio Geol\u00f3gico de Kentucky; Ester Sztein, directora de Programas Internacionales de la GSA.<\/p>\n<\/div>\n<\/div>\n<\/div>\n\n\n\n<div class=\"wp-block-group container-fluid has-background is-layout-constrained wp-container-core-group-is-layout-ffe82179 wp-block-group-is-layout-constrained\" style=\"background-color:#bfbfbf\">\n<div class=\"wp-block-columns pb-5 has-background is-layout-flex wp-container-core-columns-is-layout-28f84493 wp-block-columns-is-layout-flex\" style=\"background-color:#bfbfbf\">\n<div class=\"wp-block-column pe-5 pt-3 has-white-background-color has-background is-content-justification-right is-layout-constrained wp-container-core-column-is-layout-8e241852 wp-block-column-is-layout-constrained\">\n<p class=\"has-text-align-left p-3 p-md-5 has-large-font-size\">EuroGeoSurveys (EGS)<\/p>\n\n\n\n<p class=\"p-3 p-md-5\">EuroGeoSurveys representa a los Servicios Geol\u00f3gicos de Europa, proporcionando conocimiento geocient\u00edfico autorizado para apoyar las pol\u00edticas p\u00fablicas, la gesti\u00f3n sostenible de recursos y las necesidades sociales.<br>A trav\u00e9s de nuestro MoU, ProGEO y EGS colaboran en el avance de la geoconservaci\u00f3n y el geopatrimonio en Europa, compartiendo experiencia, apoyando iniciativas conjuntas y fortaleciendo el v\u00ednculo entre la investigaci\u00f3n, la pr\u00e1ctica y las pol\u00edticas. El acuerdo del 26 de marzo de 2014 entre EGS y ProGEO se firm\u00f3 para promover una pol\u00edtica europea coordinada para la Geoconservaci\u00f3n, el reconocimiento, la categorizaci\u00f3n y la documentaci\u00f3n de sitios de inter\u00e9s geol\u00f3gico (geositios).<\/p>\n\n\n\n<figure class=\"wp-block-image size-full p-3 p-md-5\"><img loading=\"lazy\" decoding=\"async\" width=\"237\" height=\"123\" src=\"https:\/\/www.progeo.ngo\/wp-content\/uploads\/2026\/02\/03de44_00abdccc4a884289860042a07b70d8a4mv2.avif\" alt=\"\" class=\"wp-image-896\"\/><\/figure>\n<\/div>\n\n\n\n<div class=\"wp-block-column p-3 p-md-5 has-white-background-color has-background is-content-justification-left is-layout-constrained wp-container-core-column-is-layout-7922fe60 wp-block-column-is-layout-constrained\">\n<figure class=\"wp-block-image alignleft size-full mb-2\"><img loading=\"lazy\" decoding=\"async\" width=\"432\" height=\"272\" src=\"https:\/\/www.progeo.ngo\/wp-content\/uploads\/2026\/02\/egs-progeo.avif\" alt=\"\" class=\"wp-image-899\" srcset=\"https:\/\/www.progeo.ngo\/wp-content\/uploads\/2026\/02\/egs-progeo.avif 432w, https:\/\/www.progeo.ngo\/wp-content\/uploads\/2026\/02\/egs-progeo-300x189.jpg 300w\" sizes=\"auto, (max-width: 432px) 100vw, 432px\" \/><\/figure>\n\n\n\n<p class=\"has-text-align-left has-small-font-size\"><br><\/p>\n\n\n\n<p><\/p>\n\n\n\n<p class=\"has-text-align-left pt-1 has-small-font-size\">\u201cEn la 36\u00aa Asamblea General de EGS, celebrada en Bruselas el martes 25 de marzo, EGS firm\u00f3 un Memorando de Entendimiento (MoU) con ProGEO. La ceremonia cont\u00f3 con la presencia de todos los miembros de EGS e invitados de todo el mundo.\u201d<br>\u2014 EuroGeoSurveys News, N\u00famero 14, abril de 2014<\/p>\n<\/div>\n<\/div>\n<\/div>\n","protected":false},"excerpt":{"rendered":"<p>Organizaciones con las que hemos firmado un Memorando de Entendimiento ProGEO colabora con socios internacionales seleccionados a trav\u00e9s de Memorandos de Entendimiento (MoU por sus siglas en ingl\u00e9s) formales. Estos acuerdos fortalecen nuestros esfuerzos conjuntos en investigaci\u00f3n, geoconservaci\u00f3n, intercambio profesional y alcance global. A continuaci\u00f3n, se presentan las organizaciones con las cuales ProGEO ha establecido [&hellip;]<\/p>\n","protected":false},"author":1,"featured_media":0,"parent":1780,"menu_order":0,"comment_status":"closed","ping_status":"closed","template":"page-headless.php","meta":{"footnotes":""},"class_list":["post-1935","page","type-page","status-publish","hentry"],"_links":{"self":[{"href":"https:\/\/www.progeo.ngo\/es\/wp-json\/wp\/v2\/pages\/1935","targetHints":{"allow":["GET"]}}],"collection":[{"href":"https:\/\/www.progeo.ngo\/es\/wp-json\/wp\/v2\/pages"}],"about":[{"href":"https:\/\/www.progeo.ngo\/es\/wp-json\/wp\/v2\/types\/page"}],"author":[{"embeddable":true,"href":"https:\/\/www.progeo.ngo\/es\/wp-json\/wp\/v2\/users\/1"}],"replies":[{"embeddable":true,"href":"https:\/\/www.progeo.ngo\/es\/wp-json\/wp\/v2\/comments?post=1935"}],"version-history":[{"count":3,"href":"https:\/\/www.progeo.ngo\/es\/wp-json\/wp\/v2\/pages\/1935\/revisions"}],"predecessor-version":[{"id":2877,"href":"https:\/\/www.progeo.ngo\/es\/wp-json\/wp\/v2\/pages\/1935\/revisions\/2877"}],"up":[{"embeddable":true,"href":"https:\/\/www.progeo.ngo\/es\/wp-json\/wp\/v2\/pages\/1780"}],"wp:attachment":[{"href":"https:\/\/www.progeo.ngo\/es\/wp-json\/wp\/v2\/media?parent=1935"}],"curies":[{"name":"wp","href":"https:\/\/api.w.org\/{rel}","templated":true}]}}