{"id":1896,"date":"2026-01-27T17:45:03","date_gmt":"2026-01-27T16:45:03","guid":{"rendered":"https:\/\/www.progeo.ngo\/calendar\/calendar-2026\/"},"modified":"2026-03-24T00:16:20","modified_gmt":"2026-03-23T23:16:20","slug":"calendar-2026","status":"publish","type":"page","link":"https:\/\/www.progeo.ngo\/es\/calendar\/calendar-2026\/","title":{"rendered":"Calendario 2026"},"content":{"rendered":"\n<div class=\"wp-block-group pb-md-5 is-layout-constrained wp-block-group-is-layout-constrained\">\n<h1 class=\"wp-block-heading mb-4 has-text-color has-link-color wp-elements-23be6c0ea336b345725225447ac95484\" style=\"color:#8f907b;font-size:45px\"><strong>Calendario 2026<\/strong><\/h1>\n<\/div>\n\n\n\n<div class=\"wp-block-group is-content-justification-center is-layout-constrained wp-block-group-is-layout-constrained\">\n<div class=\"wp-block-columns mt-5 is-layout-flex wp-container-core-columns-is-layout-28f84493 wp-block-columns-is-layout-flex\">\n<div class=\"wp-block-column is-layout-flow wp-block-column-is-layout-flow\" style=\"flex-basis:33.33%\">\n<p style=\"font-size:28px\"><strong>13-16 de abril<\/strong><\/p>\n<\/div>\n\n\n\n<div class=\"wp-block-column is-layout-flow wp-block-column-is-layout-flow\" style=\"flex-basis:66.66%\">\n<p class=\"has-medium-font-size\"><strong>XIV Simposio Sudamericano de Geolog\u00eda de Is\u00f3topos<\/strong><\/p>\n\n\n\n<p>\ud83d\udccc Ubicaci\u00f3n: Montevideo, Uruguay<br>\ud83c\udf10 <a href=\"https:\/\/ssagi2026.org\" data-type=\"link\" data-id=\"https:\/\/ssagi2026.org\" target=\"_blank\" rel=\"noreferrer noopener\">https:\/\/ssagi2026.org<\/a><\/p>\n<\/div>\n<\/div>\n<\/div>\n\n\n\n<div class=\"wp-block-group is-layout-constrained wp-block-group-is-layout-constrained\">\n<div class=\"wp-block-columns mt-5 is-layout-flex wp-container-core-columns-is-layout-28f84493 wp-block-columns-is-layout-flex\">\n<div class=\"wp-block-column is-layout-flow wp-block-column-is-layout-flow\" style=\"flex-basis:33.33%\">\n<p style=\"font-size:28px\"><strong>3-8 de mayo<\/strong><\/p>\n<\/div>\n\n\n\n<div class=\"wp-block-column is-layout-flow wp-block-column-is-layout-flow\" style=\"flex-basis:66.66%\">\n<p class=\"has-medium-font-size\"><strong>Asamblea General de la Uni\u00f3n Europea de Geociencias (EGU) 2026<\/strong><\/p>\n\n\n\n<p>\ud83d\udccc Ubicaci\u00f3n: Austria Center Vienna (ACV), Viena, Austria<br>La Asamblea General de la EGU es una de las conferencias de geociencias m\u00e1s grandes del mundo, que cubre todas las disciplinas de las ciencias de la Tierra, planetarias y espaciales.<br>Incluye la Sesi\u00f3n ITS3.4\/GM3, Paisajes mitog\u00e9nicos: De la geodiversidad a trav\u00e9s de la geomitolog\u00eda hasta el patrimonio geol\u00f3gico<\/p>\n\n\n\n<p>\ud83c\udf10 <a href=\"https:\/\/www.egu26.eu\/session\/57668\" target=\"_blank\" rel=\"noreferrer noopener\">https:\/\/www.egu26.eu\/session\/57668<\/a><\/p>\n<\/div>\n<\/div>\n\n\n\n<div class=\"wp-block-columns mt-5 is-layout-flex wp-container-core-columns-is-layout-28f84493 wp-block-columns-is-layout-flex\">\n<div class=\"wp-block-column is-layout-flow wp-block-column-is-layout-flow\" style=\"flex-basis:33.33%\">\n<p style=\"font-size:28px\"><strong>14-16 de agosto<\/strong><\/p>\n<\/div>\n\n\n\n<div class=\"wp-block-column is-layout-flow wp-block-column-is-layout-flow\" style=\"flex-basis:66.66%\">\n<p class=\"has-medium-font-size\"><strong>Conferencia GeoSciEd<\/strong><\/p>\n\n\n\n<p>\ud83d\udccc Ubicaci\u00f3n: Adelaida, Australia<br>GeoSciEd es una conferencia internacional centrada en la Educaci\u00f3n en Geociencias en su sentido m\u00e1s amplio. Se celebra cada cuatro a\u00f1os y es la conferencia principal de la Organizaci\u00f3n Internacional para la Educaci\u00f3n en Geociencias<\/p>\n\n\n\n<p>\ud83c\udf10 <a href=\"https:\/\/www.igeoscied.org\/activities\/geoscied\/\" target=\"_blank\" rel=\"noreferrer noopener\">https:\/\/www.igeoscied.org\/activities\/geoscied\/<\/a><\/p>\n<\/div>\n<\/div>\n\n\n\n<div class=\"wp-block-columns mt-5 is-layout-flex wp-container-core-columns-is-layout-28f84493 wp-block-columns-is-layout-flex\">\n<div class=\"wp-block-column is-layout-flow wp-block-column-is-layout-flow\" style=\"flex-basis:33.33%\">\n<p style=\"font-size:28px\"><strong>16-19 de septiembre<\/strong><\/p>\n<\/div>\n\n\n\n<div class=\"wp-block-column is-layout-flow wp-block-column-is-layout-flow\" style=\"flex-basis:66.66%\">\n<p class=\"has-medium-font-size\"><strong>18\u00aa Conferencia Internacional de Geoparques Europeos, organizada por el Geoparque Mundial UNESCO de Saimaa<\/strong><\/p>\n\n\n\n<p>\ud83d\udccc Lappeenranta, Finlandia<\/p>\n\n\n\n<p>\ud83c\udf10 <a href=\"https:\/\/saimaageopark.fi\/en\/egn2026\/\" target=\"_blank\" rel=\"noreferrer noopener\">https:\/\/saimaageopark.fi\/en\/egn2026\/<\/a><\/p>\n<\/div>\n<\/div>\n\n\n\n<div class=\"wp-block-columns mt-5 is-layout-flex wp-container-core-columns-is-layout-28f84493 wp-block-columns-is-layout-flex\">\n<div class=\"wp-block-column is-layout-flow wp-block-column-is-layout-flow\" style=\"flex-basis:33.33%\">\n<p style=\"font-size:28px\"><strong>11-14 de octubre<\/strong><\/p>\n<\/div>\n\n\n\n<div class=\"wp-block-column is-layout-flow wp-block-column-is-layout-flow\" style=\"flex-basis:66.66%\">\n<p class=\"has-medium-font-size\"><strong>Reuniones Anuales de la Sociedad Geol\u00f3gica de Am\u00e9rica (GSA)<\/strong><\/p>\n\n\n\n<p>\ud83d\udccc Denver, Colorado, Estados Unidos<\/p>\n\n\n\n<p><a href=\"https:\/\/www.geosociety.org\/GSA\/GSA\/Events\/Annual_Meeting.aspx\">https:\/\/www.geosociety.org\/GSA\/GSA\/Events\/Annual_Meeting.aspx<\/a><\/p>\n<\/div>\n<\/div>\n\n\n\n<div class=\"wp-block-columns mt-5 is-layout-flex wp-container-core-columns-is-layout-28f84493 wp-block-columns-is-layout-flex\">\n<div class=\"wp-block-column is-layout-flow wp-block-column-is-layout-flow\" style=\"flex-basis:33.33%\">\n<p style=\"font-size:28px\"><strong>19-20 de octubre<\/strong><\/p>\n<\/div>\n\n\n\n<div class=\"wp-block-column is-layout-flow wp-block-column-is-layout-flow\" style=\"flex-basis:66.66%\">\n<p class=\"has-medium-font-size\"><strong>GeoLAC 2026 \u2013 8\u00aa Conferencia de la Red de Geoparques de Am\u00e9rica Latina y el Caribe<\/strong><\/p>\n\n\n\n<p>Est\u00e1 organizada por la Red Global de Geoparques de Am\u00e9rica Latina y el Caribe junto con los socios de los Geoparques Mundiales UNESCO, el Geoparque Mundial UNESCO Mixteca Alta, la Universidad Nacional Aut\u00f3noma de M\u00e9xico (UNAM) y el Gobierno de Oaxaca.<\/p>\n\n\n\n<p>\ud83d\udccc Oaxaca de Ju\u00e1rez, Oaxaca, M\u00e9xico.<\/p>\n\n\n\n<p>\ud83c\udf10 <a href=\"https:\/\/geolac2026.org\" target=\"_blank\" rel=\"noreferrer noopener\">https:\/\/geolac2026.org<\/a><\/p>\n<\/div>\n<\/div>\n<\/div>\n","protected":false},"excerpt":{"rendered":"<p>Calendario 2026 13-16 de abril XIV Simposio Sudamericano de Geolog\u00eda de Is\u00f3topos \ud83d\udccc Ubicaci\u00f3n: Montevideo, Uruguay\ud83c\udf10 https:\/\/ssagi2026.org 3-8 de mayo Asamblea General de la Uni\u00f3n Europea de Geociencias (EGU) 2026 \ud83d\udccc Ubicaci\u00f3n: Austria Center Vienna (ACV), Viena, AustriaLa Asamblea General de la EGU es una de las conferencias de geociencias m\u00e1s grandes del mundo, que [&hellip;]<\/p>\n","protected":false},"author":1,"featured_media":0,"parent":1841,"menu_order":0,"comment_status":"closed","ping_status":"closed","template":"page-headless.php","meta":{"footnotes":""},"class_list":["post-1896","page","type-page","status-publish","hentry"],"_links":{"self":[{"href":"https:\/\/www.progeo.ngo\/es\/wp-json\/wp\/v2\/pages\/1896","targetHints":{"allow":["GET"]}}],"collection":[{"href":"https:\/\/www.progeo.ngo\/es\/wp-json\/wp\/v2\/pages"}],"about":[{"href":"https:\/\/www.progeo.ngo\/es\/wp-json\/wp\/v2\/types\/page"}],"author":[{"embeddable":true,"href":"https:\/\/www.progeo.ngo\/es\/wp-json\/wp\/v2\/users\/1"}],"replies":[{"embeddable":true,"href":"https:\/\/www.progeo.ngo\/es\/wp-json\/wp\/v2\/comments?post=1896"}],"version-history":[{"count":2,"href":"https:\/\/www.progeo.ngo\/es\/wp-json\/wp\/v2\/pages\/1896\/revisions"}],"predecessor-version":[{"id":2700,"href":"https:\/\/www.progeo.ngo\/es\/wp-json\/wp\/v2\/pages\/1896\/revisions\/2700"}],"up":[{"embeddable":true,"href":"https:\/\/www.progeo.ngo\/es\/wp-json\/wp\/v2\/pages\/1841"}],"wp:attachment":[{"href":"https:\/\/www.progeo.ngo\/es\/wp-json\/wp\/v2\/media?parent=1896"}],"curies":[{"name":"wp","href":"https:\/\/api.w.org\/{rel}","templated":true}]}}