{"id":1888,"date":"2026-01-27T17:44:20","date_gmt":"2026-01-27T16:44:20","guid":{"rendered":"https:\/\/www.progeo.ngo\/calendar\/calendar-2025\/"},"modified":"2026-03-24T00:14:31","modified_gmt":"2026-03-23T23:14:31","slug":"calendar-2025","status":"publish","type":"page","link":"https:\/\/www.progeo.ngo\/es\/calendar\/calendar-2025\/","title":{"rendered":"Calendario 2025"},"content":{"rendered":"\n<div class=\"wp-block-group pb-md-5 is-layout-constrained wp-block-group-is-layout-constrained\">\n<h1 class=\"wp-block-heading mb-4 has-text-color has-link-color wp-elements-e94e1b1bbe21d3952500a720d074c683\" style=\"color:#8f907b;font-size:45px\"><strong>Calendario 2025<\/strong><\/h1>\n<\/div>\n\n\n\n<div class=\"wp-block-group is-content-justification-center is-layout-constrained wp-block-group-is-layout-constrained\">\n<div class=\"wp-block-columns mt-5 is-layout-flex wp-container-core-columns-is-layout-28f84493 wp-block-columns-is-layout-flex\">\n<div class=\"wp-block-column is-layout-flow wp-block-column-is-layout-flow\" style=\"flex-basis:33.33%\">\n<p style=\"font-size:28px\"><strong>22 de marzo<\/strong><\/p>\n<\/div>\n\n\n\n<div class=\"wp-block-column is-layout-flow wp-block-column-is-layout-flow\" style=\"flex-basis:66.66%\">\n<p class=\"has-medium-font-size\"><strong>D\u00eda de la Hidrogeolog\u00eda (Hidrogeod\u00eda)<\/strong><\/p>\n\n\n\n<p>Evento anual de divulgaci\u00f3n, Asoc. Int. de Hidroge\u00f3logos,<\/p>\n\n\n\n<p>Grupo Espa\u00f1ol,<\/p>\n\n\n\n<p>En muchas provincias de Espa\u00f1a<\/p>\n\n\n\n<p><a href=\"https:\/\/www.aih-ge.org\/hidrogeodia\/\">https:\/\/www.aih-ge.org\/hidrogeodia\/<\/a><\/p>\n<\/div>\n<\/div>\n\n\n\n<div class=\"wp-block-columns mt-5 is-layout-flex wp-container-core-columns-is-layout-28f84493 wp-block-columns-is-layout-flex\">\n<div class=\"wp-block-column is-layout-flow wp-block-column-is-layout-flow\" style=\"flex-basis:33.33%\">\n<p style=\"font-size:28px\"><strong>27-29 de marzo<\/strong><\/p>\n<\/div>\n\n\n\n<div class=\"wp-block-column is-layout-flow wp-block-column-is-layout-flow\" style=\"flex-basis:66.66%\">\n<p class=\"has-medium-font-size\"><strong>\u00abConferencia Virtual de ProGEO sobre Geoconservaci\u00f3n\u00bb &#8211; 2\u00aa edici\u00f3n<\/strong><\/p>\n\n\n\n<p>Conferencias,<\/p>\n\n\n\n<p>Roma-Perugia, Italia, (en l\u00ednea)<\/p>\n\n\n\n<p>Organizadores: Grupo de Trabajo de ProGEO Europa Sudoccidental.<\/p>\n\n\n\n<p>(Irene M. Bollati et al.)<\/p>\n<\/div>\n<\/div>\n<\/div>\n\n\n\n<div class=\"wp-block-group is-layout-constrained wp-block-group-is-layout-constrained\">\n<div class=\"wp-block-columns mt-5 is-layout-flex wp-container-core-columns-is-layout-28f84493 wp-block-columns-is-layout-flex\">\n<div class=\"wp-block-column is-layout-flow wp-block-column-is-layout-flow\" style=\"flex-basis:33.33%\">\n<p style=\"font-size:28px\"><strong>14-19 de abril<\/strong><\/p>\n<\/div>\n\n\n\n<div class=\"wp-block-column is-layout-flow wp-block-column-is-layout-flow\" style=\"flex-basis:66.66%\">\n<p class=\"has-medium-font-size\"><strong>77\u00ba Congreso Geol\u00f3gico de Turqu\u00eda<\/strong><\/p>\n\n\n\n<p>Sesi\u00f3n,<\/p>\n\n\n\n<p>Ankara (Turqu\u00eda)<\/p>\n\n\n\n<p>\u00abGeolog\u00eda Cultural, Patrimonio Geol\u00f3gico y Geoturismo\u00bb<\/p>\n\n\n\n<p>Organizadores: ProGEO Jeolojik Miras\u0131 Koruma Derne\u011fi \u2013 JeMirKo (local)<\/p>\n\n\n\n<p><a href=\"https:\/\/tjk.jmo.org.tr\/kurultaylar-icerik-detay.php?lg=en&amp;kod=161&amp;kurultayKod=1015\">https:\/\/tjk.jmo.org.tr\/kurultaylar-icerik-detay.php?lg=en&amp;kod=161&amp;kurultayKod=1015<\/a><\/p>\n<\/div>\n<\/div>\n\n\n\n<div class=\"wp-block-columns mt-5 is-layout-flex wp-container-core-columns-is-layout-28f84493 wp-block-columns-is-layout-flex\">\n<div class=\"wp-block-column is-layout-flow wp-block-column-is-layout-flow\" style=\"flex-basis:33.33%\">\n<p style=\"font-size:28px\"><strong>27 de abril &#8211; 2 de mayo<\/strong><\/p>\n<\/div>\n\n\n\n<div class=\"wp-block-column is-layout-flow wp-block-column-is-layout-flow\" style=\"flex-basis:66.66%\">\n<p class=\"has-medium-font-size\"><strong>EGU 25 Sesi\u00f3n GM4.5:<\/strong><\/p>\n\n\n\n<p class=\"has-medium-font-size\"><strong>\u00abLa Contribuci\u00f3n de la Geodiversidad y el Patrimonio Geol\u00f3gico a la Sociedad \u2013 Uniendo Geociencias, Educaci\u00f3n y Participaci\u00f3n Comunitaria\u00bb<\/strong><\/p>\n\n\n\n<p>Sesi\u00f3n,<\/p>\n\n\n\n<p>Viena, Austria y en l\u00ednea<\/p>\n\n\n\n<p>Co-organizada por el Grupo de Trabajo de Geomorfositios de la Asociaci\u00f3n Internacional de Geomorf\u00f3logos (IAG) y ProGEO.<\/p>\n\n\n\n<p>Lesley Dunlop y M\u00e1rton P\u00e1l et al.<\/p>\n\n\n\n<p><a href=\"https:\/\/www.egu25.eu\">https:\/\/www.egu25.eu<\/a><\/p>\n\n\n\n<p><a href=\"https:\/\/meetingorganizer.copernicus.org\/EGU25\/session\/51781\">https:\/\/meetingorganizer.copernicus.org\/EGU25\/session\/51781<\/a><\/p>\n<\/div>\n<\/div>\n\n\n\n<div class=\"wp-block-columns mt-5 is-layout-flex wp-container-core-columns-is-layout-28f84493 wp-block-columns-is-layout-flex\">\n<div class=\"wp-block-column is-layout-flow wp-block-column-is-layout-flow\" style=\"flex-basis:33.33%\">\n<p style=\"font-size:28px\"><strong>27 de abril &#8211; 2 de mayo<\/strong><\/p>\n<\/div>\n\n\n\n<div class=\"wp-block-column is-layout-flow wp-block-column-is-layout-flow\" style=\"flex-basis:66.66%\">\n<p class=\"has-medium-font-size\"><strong>EGU 25, Sesi\u00f3n ITS3.13: \u00abGeomitolog\u00eda: Uniendo las Humanidades y las Geociencias\u00bb<\/strong><\/p>\n\n\n\n<p>Sesi\u00f3n,<\/p>\n\n\n\n<p>Viena, Austria y en l\u00ednea<\/p>\n\n\n\n<p>Organizadores: Dariusz Bryka\u0142a, Timothy Burbery, Andrea Fischer, Robert Piotrowski, Kevin Page<\/p>\n\n\n\n<p><a href=\"https:\/\/www.egu25.eu\">https:\/\/www.egu25.eu<\/a><\/p>\n\n\n\n<p><a href=\"https:\/\/meetingorganizer.copernicus.org\/EGU25\/session\/54109\">https:\/\/meetingorganizer.copernicus.org\/EGU25\/session\/54109<\/a><\/p>\n<\/div>\n<\/div>\n\n\n\n<div class=\"wp-block-columns mt-5 is-layout-flex wp-container-core-columns-is-layout-28f84493 wp-block-columns-is-layout-flex\">\n<div class=\"wp-block-column is-layout-flow wp-block-column-is-layout-flow\" style=\"flex-basis:33.33%\">\n<p style=\"font-size:28px\"><strong>27 de abril &#8211; 2 de mayo<\/strong><\/p>\n<\/div>\n\n\n\n<div class=\"wp-block-column is-layout-flow wp-block-column-is-layout-flow\" style=\"flex-basis:66.66%\">\n<p class=\"has-medium-font-size\"><strong>EGU 25, Curso corto: \u00abGeodiversidad, patrimonio geol\u00f3gico y geoconservaci\u00f3n: herramientas para lograr un mundo m\u00e1s sostenible\u00bb<\/strong><\/p>\n\n\n\n<p>Curso corto<\/p>\n\n\n\n<p>Viena, Austria y en l\u00ednea<\/p>\n\n\n\n<p>Organizadores: Vittoria Vandelli, Lesley Dunlop, Paula Naomi Irapta, Alicja Najwer, M\u00e1rton P\u00e1l.<\/p>\n\n\n\n<p><a href=\"https:\/\/www.egu25.eu\">https:\/\/www.egu25.eu<\/a><\/p>\n\n\n\n<p><a href=\"https:\/\/meetingorganizer.copernicus.org\/EGU25\/session\/53333\">https:\/\/meetingorganizer.copernicus.org\/EGU25\/session\/53333<\/a><\/p>\n<\/div>\n<\/div>\n\n\n\n<div class=\"wp-block-columns mt-5 is-layout-flex wp-container-core-columns-is-layout-28f84493 wp-block-columns-is-layout-flex\">\n<div class=\"wp-block-column is-layout-flow wp-block-column-is-layout-flow\" style=\"flex-basis:33.33%\">\n<p style=\"font-size:28px\"><strong>10-11 de mayo<\/strong><\/p>\n<\/div>\n\n\n\n<div class=\"wp-block-column is-layout-flow wp-block-column-is-layout-flow\" style=\"flex-basis:66.66%\">\n<p class=\"has-medium-font-size\"><strong>Geolod\u00eda (D\u00eda de la Geolog\u00eda)<\/strong><\/p>\n\n\n\n<p>Evento anual de divulgaci\u00f3n,<\/p>\n\n\n\n<p>M\u00e1s de 50 localidades (todas las provincias de Espa\u00f1a, m\u00e1s algunas islas)<\/p>\n\n\n\n<p>Organizadores: Sociedad Geol\u00f3gica de Espa\u00f1a,<\/p>\n\n\n\n<p><a href=\"https:\/\/geolodia.es\/\">https:\/\/geolodia.es\/<\/a><\/p>\n<\/div>\n<\/div>\n\n\n\n<div class=\"wp-block-columns mt-5 is-layout-flex wp-container-core-columns-is-layout-28f84493 wp-block-columns-is-layout-flex\">\n<div class=\"wp-block-column is-layout-flow wp-block-column-is-layout-flow\" style=\"flex-basis:33.33%\">\n<p style=\"font-size:28px\"><strong>12-27 de agosto<\/strong><\/p>\n<\/div>\n\n\n\n<div class=\"wp-block-column is-layout-flow wp-block-column-is-layout-flow\" style=\"flex-basis:66.66%\">\n<p class=\"has-medium-font-size\"><strong>Escuela Internacional de Verano<\/strong><br><strong>\u2014<\/strong><\/p>\n\n\n\n<p class=\"has-medium-font-size\"><strong>Formaci\u00f3n de Campo sobre Geolog\u00eda y Patrimonio Geol\u00f3gico<\/strong> <strong>\u00abPatrimonio Geol\u00f3gico de la Ruta de la Seda\u00bb<\/strong><\/p>\n\n\n\n<p>Taller de campo,<\/p>\n\n\n\n<p>Tien Shan occidental, Kirguist\u00e1n, Asia Central.<\/p>\n\n\n\n<p>Organizadores: Tian-shan Shan Geological Society. Contacto: Alexey Dudashvili,<\/p>\n\n\n\n<p class=\"has-medium-font-size\"><a href=\"https:\/\/www.geotianshan.org\/en\/expeditions\/international-summer-school-on-geology-2025\/\">https:\/\/www.geotianshan.org\/en\/expeditions\/international-summer-school-on-geology-2025\/<\/a><\/p>\n<\/div>\n<\/div>\n\n\n\n<div class=\"wp-block-columns mt-5 is-layout-flex wp-container-core-columns-is-layout-28f84493 wp-block-columns-is-layout-flex\">\n<div class=\"wp-block-column is-layout-flow wp-block-column-is-layout-flow\" style=\"flex-basis:33.33%\">\n<p style=\"font-size:28px\"><strong>13 de agosto<\/strong><\/p>\n<\/div>\n\n\n\n<div class=\"wp-block-column is-layout-flow wp-block-column-is-layout-flow\" style=\"flex-basis:66.66%\">\n<p class=\"has-medium-font-size\"><strong>Seminario en el marco de la Escuela Internacional de Verano<\/strong><\/p>\n\n\n\n<p class=\"has-medium-font-size\"><strong>\u2014<\/strong><\/p>\n\n\n\n<p class=\"has-medium-font-size\"><strong>Formaci\u00f3n de Campo<\/strong><\/p>\n\n\n\n<p class=\"has-medium-font-size\"><strong>sobre Geolog\u00eda y Patrimonio Geol\u00f3gico<\/strong><\/p>\n\n\n\n<p class=\"has-medium-font-size\"><strong>\u00abPatrimonio Geol\u00f3gico de la Ruta de la Seda\u00bb<\/strong><\/p>\n\n\n\n<p>Seminario, Salve<\/p>\n\n\n\n<p>Ciudad de Cholpon-Ata en el Tien Shan occidental, Kirguist\u00e1n, Asia Central.<\/p>\n\n\n\n<p>Organizadores: Tian-shan Shan Geological Society. Contacto: Alexey Dudashvili,<\/p>\n\n\n\n<p><a href=\"https:\/\/www.geotianshan.org\/en\/expeditions\/international-summer-school-on-geology-2025\">https:\/\/www.geotianshan.org\/en\/expeditions\/international-summer-school-on-geology-2025<\/a><\/p>\n<\/div>\n<\/div>\n\n\n\n<div class=\"wp-block-columns mt-5 is-layout-flex wp-container-core-columns-is-layout-28f84493 wp-block-columns-is-layout-flex\">\n<div class=\"wp-block-column is-layout-flow wp-block-column-is-layout-flow\" style=\"flex-basis:33.33%\">\n<p style=\"font-size:28px\"><strong>30 de septiembre &#8211; 2 de octubre<\/strong><\/p>\n<\/div>\n\n\n\n<div class=\"wp-block-column is-layout-flow wp-block-column-is-layout-flow\" style=\"flex-basis:66.66%\">\n<p class=\"has-medium-font-size\"><strong>12\u00ba Simposio Internacional de ProGEO \u00abCelebrando el Patrimonio Geol\u00f3gico y los Geoparques\u00bb<\/strong><\/p>\n\n\n\n<p>Simposio,<\/p>\n\n\n\n<p>Tulcea y el Geoparque de Dobrogea Cim\u00e9rica, Ruman\u00eda<\/p>\n\n\n\n<p>GeoEcoMar (Andrei Briceag y Antoneta Seghedi)<\/p>\n\n\n\n<p>y Universidad de Bucarest (Alexandru Andr\u0103\u0219anu)<\/p>\n\n\n\n<p>Organizadores: GeoEcoMar (Andrei Briceag y Antoneta Seghedi)<\/p>\n\n\n\n<p>y Universidad de Bucarest (Alexandru Andr\u0103\u0219anu)<\/p>\n\n\n\n<p><a href=\"https:\/\/progeo2025.com\">https:\/\/progeo2025.com<\/a><\/p>\n<\/div>\n<\/div>\n\n\n\n<div class=\"wp-block-columns mt-5 is-layout-flex wp-container-core-columns-is-layout-28f84493 wp-block-columns-is-layout-flex\">\n<div class=\"wp-block-column is-layout-flow wp-block-column-is-layout-flow\" style=\"flex-basis:33.33%\">\n<p style=\"font-size:28px\"><strong>19-22 de octubre<\/strong><\/p>\n<\/div>\n\n\n\n<div class=\"wp-block-column is-layout-flow wp-block-column-is-layout-flow\" style=\"flex-basis:66.66%\">\n<p class=\"has-medium-font-size\"><strong>GSA Connects 2025<\/strong><\/p>\n\n\n\n<p>Conferencia,<\/p>\n\n\n\n<p>San Antonio, TX, Estados Unidos<\/p>\n\n\n\n<p>Organizadores: GSA es el organizador principal; Priscilla est\u00e1 organizando una sesi\u00f3n sobre patrimonio geol\u00f3gico<\/p>\n\n\n\n<p><a href=\"https:\/\/community.geosociety.org\/gsa2025\/home\">https:\/\/community.geosociety.org\/gsa2025\/home<\/a><\/p>\n<\/div>\n<\/div>\n<\/div>\n","protected":false},"excerpt":{"rendered":"<p>Calendario 2025 22 de marzo D\u00eda de la Hidrogeolog\u00eda (Hidrogeod\u00eda) Evento anual de divulgaci\u00f3n, Asoc. Int. de Hidroge\u00f3logos, Grupo Espa\u00f1ol, En muchas provincias de Espa\u00f1a https:\/\/www.aih-ge.org\/hidrogeodia\/ 27-29 de marzo \u00abConferencia Virtual de ProGEO sobre Geoconservaci\u00f3n\u00bb &#8211; 2\u00aa edici\u00f3n Conferencias, Roma-Perugia, Italia, (en l\u00ednea) Organizadores: Grupo de Trabajo de ProGEO Europa Sudoccidental. (Irene M. Bollati et [&hellip;]<\/p>\n","protected":false},"author":1,"featured_media":0,"parent":1841,"menu_order":0,"comment_status":"closed","ping_status":"closed","template":"page-headless.php","meta":{"footnotes":""},"class_list":["post-1888","page","type-page","status-publish","hentry"],"_links":{"self":[{"href":"https:\/\/www.progeo.ngo\/es\/wp-json\/wp\/v2\/pages\/1888","targetHints":{"allow":["GET"]}}],"collection":[{"href":"https:\/\/www.progeo.ngo\/es\/wp-json\/wp\/v2\/pages"}],"about":[{"href":"https:\/\/www.progeo.ngo\/es\/wp-json\/wp\/v2\/types\/page"}],"author":[{"embeddable":true,"href":"https:\/\/www.progeo.ngo\/es\/wp-json\/wp\/v2\/users\/1"}],"replies":[{"embeddable":true,"href":"https:\/\/www.progeo.ngo\/es\/wp-json\/wp\/v2\/comments?post=1888"}],"version-history":[{"count":2,"href":"https:\/\/www.progeo.ngo\/es\/wp-json\/wp\/v2\/pages\/1888\/revisions"}],"predecessor-version":[{"id":2697,"href":"https:\/\/www.progeo.ngo\/es\/wp-json\/wp\/v2\/pages\/1888\/revisions\/2697"}],"up":[{"embeddable":true,"href":"https:\/\/www.progeo.ngo\/es\/wp-json\/wp\/v2\/pages\/1841"}],"wp:attachment":[{"href":"https:\/\/www.progeo.ngo\/es\/wp-json\/wp\/v2\/media?parent=1888"}],"curies":[{"name":"wp","href":"https:\/\/api.w.org\/{rel}","templated":true}]}}