{"id":1878,"date":"2026-02-09T13:31:22","date_gmt":"2026-02-09T12:31:22","guid":{"rendered":"https:\/\/www.progeo.ngo\/members-partnerns\/institutional-member-organisations\/"},"modified":"2026-03-24T09:47:04","modified_gmt":"2026-03-24T08:47:04","slug":"institutional-member-organisations","status":"publish","type":"page","link":"https:\/\/www.progeo.ngo\/es\/members-partnerns\/institutional-member-organisations\/","title":{"rendered":"Organizaciones Miembros Institucionales"},"content":{"rendered":"\n<div class=\"wp-block-group is-layout-constrained wp-block-group-is-layout-constrained\">\n<p class=\"has-text-align-center has-large-font-size\">Organizaciones Miembros Institucionales<\/p>\n\n\n\n<p><\/p>\n<\/div>\n\n\n\n<div class=\"wp-block-group mt-5 is-layout-constrained wp-block-group-is-layout-constrained\">\n<div class=\"wp-block-columns is-layout-flex wp-container-core-columns-is-layout-28f84493 wp-block-columns-is-layout-flex\">\n<div class=\"wp-block-column p-3 p-md-0 is-layout-flow wp-block-column-is-layout-flow\" style=\"flex-basis:60%\">\n<p style=\"font-size:17px\">Este directorio presenta los miembros institucionales de ProGEO: universidades, servicios geol\u00f3gicos, institutos de investigaci\u00f3n, museos de historia natural, geoparques y otras organizaciones que apoyan activamente nuestra misi\u00f3n de estudiar, conservar y promover el patrimonio geol\u00f3gico de Europa. Estas instituciones aportan experiencia, capacidad de investigaci\u00f3n y un compromiso a largo plazo con la conservaci\u00f3n del patrimonio geol\u00f3gico. Su colaboraci\u00f3n fortalece los proyectos transfronterizos, las iniciativas cient\u00edficas, la educaci\u00f3n y la divulgaci\u00f3n p\u00fablica. La siguiente lista refleja la red diversa y en crecimiento de socios que trabajan juntos para salvaguardar el patrimonio geol\u00f3gico para las generaciones futuras.<\/p>\n<\/div>\n\n\n\n<div class=\"wp-block-column is-layout-flow wp-block-column-is-layout-flow\" style=\"flex-basis:40%\">\n<figure class=\"wp-block-image size-full\"><img loading=\"lazy\" decoding=\"async\" width=\"451\" height=\"383\" src=\"https:\/\/www.progeo.ngo\/wp-content\/uploads\/2026\/02\/1-7.avif\" alt=\"\" class=\"wp-image-1027\" srcset=\"https:\/\/www.progeo.ngo\/wp-content\/uploads\/2026\/02\/1-7.avif 451w, https:\/\/www.progeo.ngo\/wp-content\/uploads\/2026\/02\/1-7-300x255.jpg 300w\" sizes=\"auto, (max-width: 451px) 100vw, 451px\" \/><\/figure>\n<\/div>\n<\/div>\n<\/div>\n\n\n\n<div class=\"wp-block-group container-fluid mt-5 has-background is-layout-constrained wp-block-group-is-layout-constrained\" style=\"background-color:#e6e4e4\">\n<p class=\"has-text-align-center py-4 has-large-font-size\">Ubicaciones de los Miembros Institucionales de ProGEO<\/p>\n\n\n\n<div class=\"wp-block-interactive-geo-maps-display-map\"><div class=\"map_wrapper\" id=\"map_wrapper_1023\">\n<div class=\"map_box\" style=\"max-width:2000px\">\n<div class=\"map_aspect_ratio\" style=\"padding-top:56%\" data-padding-top=\"56%\" data-padding-top-mobile=\"0%\">\n<div class=\"map_container\">\n<div class=\"map_render map_loading\" id=\"map_1023\"><\/div>\n<\/div>\n<\/div>\n<\/div>\n<\/div><\/div>\n<\/div>\n\n\n\n<div class=\"wp-block-group container-fluid mt-5 has-white-background-color has-background is-layout-constrained wp-block-group-is-layout-constrained\">\n<p class=\"has-text-align-center py-4 has-large-font-size\">Conoce a todos los miembros<\/p>\n<\/div>\n\n\n\n<div class=\"wp-block-group is-layout-constrained wp-container-core-group-is-layout-ebe5053d wp-block-group-is-layout-constrained\">\n<div class=\"wp-block-columns is-layout-flex wp-container-core-columns-is-layout-28f84493 wp-block-columns-is-layout-flex\">\n<div class=\"wp-block-column is-layout-flow wp-block-column-is-layout-flow\">\n<div class=\"wp-block-getwid-icon-box has-text-center\"><div class=\"wp-block-getwid-icon-box__icon-container is-position-top\"><div class=\"wp-block-getwid-icon-box__icon-wrapper\" style=\"font-size:40px\"><i class=\"fas fa-university\"><\/i><\/div><\/div><div class=\"wp-block-getwid-icon-box__content\">\n<p style=\"font-size:15px\"><strong>Andorra Recerca + Innovaci\u00f3<\/strong><\/p>\n\n\n\n<p>ANDORRA<\/p>\n<\/div><\/div>\n<\/div>\n\n\n\n<div class=\"wp-block-column is-layout-flow wp-block-column-is-layout-flow\">\n<div class=\"wp-block-getwid-icon-box has-text-center\"><div class=\"wp-block-getwid-icon-box__icon-container is-position-top\"><div class=\"wp-block-getwid-icon-box__icon-wrapper\" style=\"font-size:40px\"><i class=\"fas fa-university\"><\/i><\/div><\/div><div class=\"wp-block-getwid-icon-box__content\">\n<p style=\"font-size:15px\"><strong>Instituto de Geolog\u00eda y Geof\u00edsica, Academia Nacional de Ciencias de Azerbaiy\u00e1n<\/strong><\/p>\n\n\n\n<p>AZERBAIY\u00c1N<\/p>\n<\/div><\/div>\n<\/div>\n\n\n\n<div class=\"wp-block-column is-layout-flow wp-block-column-is-layout-flow\">\n<div class=\"wp-block-getwid-icon-box has-text-center\"><div class=\"wp-block-getwid-icon-box__icon-container is-position-top\"><div class=\"wp-block-getwid-icon-box__icon-wrapper\" style=\"font-size:40px\"><i class=\"fas fa-university\"><\/i><\/div><\/div><div class=\"wp-block-getwid-icon-box__content\">\n<p style=\"font-size:15px\"><strong>Servicio Geol\u00f3gico de B\u00e9lgica<\/strong><\/p>\n\n\n\n<p>B\u00c9LGICA<\/p>\n<\/div><\/div>\n<\/div>\n\n\n\n<div class=\"wp-block-column is-layout-flow wp-block-column-is-layout-flow\">\n<div class=\"wp-block-getwid-icon-box has-text-center\"><div class=\"wp-block-getwid-icon-box__icon-container is-position-top\"><div class=\"wp-block-getwid-icon-box__icon-wrapper\" style=\"font-size:40px\"><i class=\"fas fa-university\"><\/i><\/div><\/div><div class=\"wp-block-getwid-icon-box__content\">\n<p style=\"font-size:15px\"><strong>Asociaci\u00f3n para la Geoconservaci\u00f3n de Hong Kong<\/strong><\/p>\n\n\n\n<p>CHINA, RAE DE HONG KONG<\/p>\n<\/div><\/div>\n<\/div>\n<\/div>\n\n\n\n<div class=\"wp-block-columns is-layout-flex wp-container-core-columns-is-layout-28f84493 wp-block-columns-is-layout-flex\">\n<div class=\"wp-block-column is-layout-flow wp-block-column-is-layout-flow\">\n<div class=\"wp-block-getwid-icon-box has-text-center\"><div class=\"wp-block-getwid-icon-box__icon-container is-position-top\"><div class=\"wp-block-getwid-icon-box__icon-wrapper\" style=\"font-size:40px\"><i class=\"fas fa-university\"><\/i><\/div><\/div><div class=\"wp-block-getwid-icon-box__content\">\n<p style=\"font-size:15px\"><strong>Servicio Geol\u00f3gico Checo<\/strong><\/p>\n\n\n\n<p>REP\u00daBLICA CHECA<\/p>\n<\/div><\/div>\n<\/div>\n\n\n\n<div class=\"wp-block-column is-layout-flow wp-block-column-is-layout-flow\">\n<div class=\"wp-block-getwid-icon-box has-text-center\"><div class=\"wp-block-getwid-icon-box__icon-container is-position-top\"><div class=\"wp-block-getwid-icon-box__icon-wrapper\" style=\"font-size:40px\"><i class=\"fas fa-university\"><\/i><\/div><\/div><div class=\"wp-block-getwid-icon-box__content\">\n<p style=\"font-size:15px\"><strong>Agencia Estatal CSIC, Instituto Geol\u00f3gico y Minero de Espa\u00f1a (IGME)<\/strong><\/p>\n\n\n\n<p>ESPA\u00d1A<\/p>\n<\/div><\/div>\n<\/div>\n\n\n\n<div class=\"wp-block-column is-layout-flow wp-block-column-is-layout-flow\">\n<div class=\"wp-block-getwid-icon-box has-text-center\"><div class=\"wp-block-getwid-icon-box__icon-container is-position-top\"><div class=\"wp-block-getwid-icon-box__icon-wrapper\" style=\"font-size:40px\"><i class=\"fas fa-university\"><\/i><\/div><\/div><div class=\"wp-block-getwid-icon-box__content\">\n<p style=\"font-size:15px\"><strong>Sociedad Geol\u00f3gica de Espa\u00f1a<\/strong><\/p>\n\n\n\n<p>ESPA\u00d1A<\/p>\n<\/div><\/div>\n<\/div>\n\n\n\n<div class=\"wp-block-column is-layout-flow wp-block-column-is-layout-flow\">\n<div class=\"wp-block-getwid-icon-box has-text-center\"><div class=\"wp-block-getwid-icon-box__icon-container is-position-top\"><div class=\"wp-block-getwid-icon-box__icon-wrapper\" style=\"font-size:40px\"><i class=\"fas fa-university\"><\/i><\/div><\/div><div class=\"wp-block-getwid-icon-box__content\">\n<p style=\"font-size:15px\"><strong>Fundaci\u00f3n Conjunto Paleontol\u00f3gico de Teruel \u2013 Din\u00f3polis<\/strong><\/p>\n\n\n\n<p>ESPA\u00d1A<\/p>\n<\/div><\/div>\n<\/div>\n<\/div>\n\n\n\n<div class=\"wp-block-columns is-layout-flex wp-container-core-columns-is-layout-28f84493 wp-block-columns-is-layout-flex\">\n<div class=\"wp-block-column is-layout-flow wp-block-column-is-layout-flow\">\n<div class=\"wp-block-getwid-icon-box has-text-center\"><div class=\"wp-block-getwid-icon-box__icon-container is-position-top\"><div class=\"wp-block-getwid-icon-box__icon-wrapper\" style=\"font-size:40px\"><i class=\"fas fa-university\"><\/i><\/div><\/div><div class=\"wp-block-getwid-icon-box__content\">\n<p style=\"font-size:15px\"><strong>Sociedad Espa\u00f1ola para la Defensa del Patrimonio Geol\u00f3gico y Minero (SEDPGyM)<\/strong><\/p>\n\n\n\n<p>ESPA\u00d1A<\/p>\n<\/div><\/div>\n<\/div>\n\n\n\n<div class=\"wp-block-column is-layout-flow wp-block-column-is-layout-flow\">\n<div class=\"wp-block-getwid-icon-box has-text-center\"><div class=\"wp-block-getwid-icon-box__icon-container is-position-top\"><div class=\"wp-block-getwid-icon-box__icon-wrapper\" style=\"font-size:40px\"><i class=\"fas fa-university\"><\/i><\/div><\/div><div class=\"wp-block-getwid-icon-box__content\">\n<p style=\"font-size:15px\"><strong>Asociaci\u00f3n de Servicios de Geolog\u00eda y Miner\u00eda Iberoamericanos (ASGMI)<\/strong><\/p>\n\n\n\n<p>ESPA\u00d1A<\/p>\n<\/div><\/div>\n<\/div>\n\n\n\n<div class=\"wp-block-column is-layout-flow wp-block-column-is-layout-flow\">\n<div class=\"wp-block-getwid-icon-box has-text-center\"><div class=\"wp-block-getwid-icon-box__icon-container is-position-top\"><div class=\"wp-block-getwid-icon-box__icon-wrapper\" style=\"font-size:40px\"><i class=\"fas fa-university\"><\/i><\/div><\/div><div class=\"wp-block-getwid-icon-box__content\">\n<p style=\"font-size:15px\"><strong>GeaLand Patrimonio S.L.<\/strong><\/p>\n\n\n\n<p>ESPA\u00d1A<\/p>\n<\/div><\/div>\n<\/div>\n\n\n\n<div class=\"wp-block-column is-layout-flow wp-block-column-is-layout-flow\">\n<div class=\"wp-block-getwid-icon-box has-text-center\"><div class=\"wp-block-getwid-icon-box__icon-container is-position-top\"><div class=\"wp-block-getwid-icon-box__icon-wrapper\" style=\"font-size:40px\"><i class=\"fas fa-university\"><\/i><\/div><\/div><div class=\"wp-block-getwid-icon-box__content\">\n<p style=\"font-size:15px\"><strong>Institut Cartogr\u00e0fic i Geol\u00f2gic de Catalunya, ICGC<\/strong><\/p>\n\n\n\n<p>ESPA\u00d1A<\/p>\n<\/div><\/div>\n<\/div>\n<\/div>\n\n\n\n<div class=\"wp-block-columns is-layout-flex wp-container-core-columns-is-layout-28f84493 wp-block-columns-is-layout-flex\">\n<div class=\"wp-block-column is-layout-flow wp-block-column-is-layout-flow\">\n<div class=\"wp-block-getwid-icon-box has-text-center\"><div class=\"wp-block-getwid-icon-box__icon-container is-position-top\"><div class=\"wp-block-getwid-icon-box__icon-wrapper\" style=\"font-size:40px\"><i class=\"fas fa-university\"><\/i><\/div><\/div><div class=\"wp-block-getwid-icon-box__content\">\n<p style=\"font-size:15px\"><strong>Sociedad Geol\u00f3gica de Finlandia<\/strong><\/p>\n\n\n\n<p>FINLANDIA<\/p>\n<\/div><\/div>\n<\/div>\n\n\n\n<div class=\"wp-block-column is-layout-flow wp-block-column-is-layout-flow\">\n<div class=\"wp-block-getwid-icon-box has-text-center\"><div class=\"wp-block-getwid-icon-box__icon-container is-position-top\"><div class=\"wp-block-getwid-icon-box__icon-wrapper\" style=\"font-size:40px\"><i class=\"fas fa-university\"><\/i><\/div><\/div><div class=\"wp-block-getwid-icon-box__content\">\n<p style=\"font-size:15px\"><strong>Museo Nacional de Historia Natural<\/strong><\/p>\n\n\n\n<p>FRANCIA<\/p>\n<\/div><\/div>\n<\/div>\n\n\n\n<div class=\"wp-block-column is-layout-flow wp-block-column-is-layout-flow\">\n<div class=\"wp-block-getwid-icon-box has-text-center\"><div class=\"wp-block-getwid-icon-box__icon-container is-position-top\"><div class=\"wp-block-getwid-icon-box__icon-wrapper\" style=\"font-size:40px\"><i class=\"fas fa-university\"><\/i><\/div><\/div><div class=\"wp-block-getwid-icon-box__content\">\n<p style=\"font-size:15px\"><strong>IFP Energ\u00edas Nuevas<\/strong><\/p>\n\n\n\n<p>FRANCIA<\/p>\n<\/div><\/div>\n<\/div>\n\n\n\n<div class=\"wp-block-column is-layout-flow wp-block-column-is-layout-flow\">\n<div class=\"wp-block-getwid-icon-box has-text-center\"><div class=\"wp-block-getwid-icon-box__icon-container is-position-top\"><div class=\"wp-block-getwid-icon-box__icon-wrapper\" style=\"font-size:40px\"><i class=\"fas fa-university\"><\/i><\/div><\/div><div class=\"wp-block-getwid-icon-box__content\">\n<p style=\"font-size:15px\"><strong>Natural England<\/strong><\/p>\n\n\n\n<p>REINO UNIDO<\/p>\n<\/div><\/div>\n<\/div>\n<\/div>\n\n\n\n<div class=\"wp-block-columns is-layout-flex wp-container-core-columns-is-layout-28f84493 wp-block-columns-is-layout-flex\">\n<div class=\"wp-block-column is-layout-flow wp-block-column-is-layout-flow\">\n<div class=\"wp-block-getwid-icon-box has-text-center\"><div class=\"wp-block-getwid-icon-box__icon-container is-position-top\"><div class=\"wp-block-getwid-icon-box__icon-wrapper\" style=\"font-size:40px\"><i class=\"fas fa-university\"><\/i><\/div><\/div><div class=\"wp-block-getwid-icon-box__content\">\n<p style=\"font-size:15px\"><strong>NatureScot<\/strong><\/p>\n\n\n\n<p>REINO UNIDO<\/p>\n<\/div><\/div>\n<\/div>\n\n\n\n<div class=\"wp-block-column is-layout-flow wp-block-column-is-layout-flow\">\n<div class=\"wp-block-getwid-icon-box has-text-center\"><div class=\"wp-block-getwid-icon-box__icon-container is-position-top\"><div class=\"wp-block-getwid-icon-box__icon-wrapper\" style=\"font-size:40px\"><i class=\"fas fa-university\"><\/i><\/div><\/div><div class=\"wp-block-getwid-icon-box__content\">\n<p style=\"font-size:15px\"><strong>Servicio Geol\u00f3gico Hel\u00e9nico<\/strong><\/p>\n\n\n\n<p>GRECIA<\/p>\n<\/div><\/div>\n<\/div>\n\n\n\n<div class=\"wp-block-column is-layout-flow wp-block-column-is-layout-flow\">\n<div class=\"wp-block-getwid-icon-box has-text-center\"><div class=\"wp-block-getwid-icon-box__icon-container is-position-top\"><div class=\"wp-block-getwid-icon-box__icon-wrapper\" style=\"font-size:40px\"><i class=\"fas fa-university\"><\/i><\/div><\/div><div class=\"wp-block-getwid-icon-box__content\">\n<p style=\"font-size:15px\"><strong>Departamento de Protecci\u00f3n del Patrimonio Geol\u00f3gico, Sociedad Geol\u00f3gica Croata HGD<\/strong><\/p>\n\n\n\n<p>CROACIA<\/p>\n<\/div><\/div>\n<\/div>\n\n\n\n<div class=\"wp-block-column is-layout-flow wp-block-column-is-layout-flow\">\n<div class=\"wp-block-getwid-icon-box has-text-center\"><div class=\"wp-block-getwid-icon-box__icon-container is-position-top\"><div class=\"wp-block-getwid-icon-box__icon-wrapper\" style=\"font-size:40px\"><i class=\"fas fa-university\"><\/i><\/div><\/div><div class=\"wp-block-getwid-icon-box__content\">\n<p style=\"font-size:15px\"><strong>Servicio Geol\u00f3gico de Irlanda<\/strong><\/p>\n\n\n\n<p>IRLANDA<\/p>\n<\/div><\/div>\n<\/div>\n<\/div>\n\n\n\n<div class=\"wp-block-columns is-layout-flex wp-container-core-columns-is-layout-28f84493 wp-block-columns-is-layout-flex\">\n<div class=\"wp-block-column is-layout-flow wp-block-column-is-layout-flow\">\n<div class=\"wp-block-getwid-icon-box has-text-center\"><div class=\"wp-block-getwid-icon-box__icon-container is-position-top\"><div class=\"wp-block-getwid-icon-box__icon-wrapper\" style=\"font-size:40px\"><i class=\"fas fa-university\"><\/i><\/div><\/div><div class=\"wp-block-getwid-icon-box__content\">\n<p style=\"font-size:15px\"><strong>Instituto de Ciencias Naturales de Islandia<\/strong><\/p>\n\n\n\n<p>ISLANDIA<\/p>\n<\/div><\/div>\n<\/div>\n\n\n\n<div class=\"wp-block-column is-layout-flow wp-block-column-is-layout-flow\">\n<div class=\"wp-block-getwid-icon-box has-text-center\"><div class=\"wp-block-getwid-icon-box__icon-container is-position-top\"><div class=\"wp-block-getwid-icon-box__icon-wrapper\" style=\"font-size:40px\"><i class=\"fas fa-university\"><\/i><\/div><\/div><div class=\"wp-block-getwid-icon-box__content\">\n<p style=\"font-size:15px\"><strong>ISPRA<\/strong><\/p>\n\n\n\n<p>ITALIA<\/p>\n<\/div><\/div>\n<\/div>\n\n\n\n<div class=\"wp-block-column is-layout-flow wp-block-column-is-layout-flow\">\n<div class=\"wp-block-getwid-icon-box has-text-center\"><div class=\"wp-block-getwid-icon-box__icon-container is-position-top\"><div class=\"wp-block-getwid-icon-box__icon-wrapper\" style=\"font-size:40px\"><i class=\"fas fa-university\"><\/i><\/div><\/div><div class=\"wp-block-getwid-icon-box__content\">\n<p style=\"font-size:15px\"><strong>Servicio Geol\u00f3gico de Lituania<\/strong><\/p>\n\n\n\n<p>LITUANIA<\/p>\n<\/div><\/div>\n<\/div>\n\n\n\n<div class=\"wp-block-column is-layout-flow wp-block-column-is-layout-flow\">\n<div class=\"wp-block-getwid-icon-box has-text-center\"><div class=\"wp-block-getwid-icon-box__icon-container is-position-top\"><div class=\"wp-block-getwid-icon-box__icon-wrapper\" style=\"font-size:40px\"><i class=\"fas fa-university\"><\/i><\/div><\/div><div class=\"wp-block-getwid-icon-box__content\">\n<p style=\"font-size:15px\"><strong>Servicio Geol\u00f3gico del Estado<\/strong><\/p>\n\n\n\n<p>LUXEMBURGO<\/p>\n<\/div><\/div>\n<\/div>\n<\/div>\n\n\n\n<div class=\"wp-block-columns is-layout-flex wp-container-core-columns-is-layout-28f84493 wp-block-columns-is-layout-flex\">\n<div class=\"wp-block-column is-layout-flow wp-block-column-is-layout-flow\">\n<div class=\"wp-block-getwid-icon-box has-text-center\"><div class=\"wp-block-getwid-icon-box__icon-container is-position-top\"><div class=\"wp-block-getwid-icon-box__icon-wrapper\" style=\"font-size:40px\"><i class=\"fas fa-university\"><\/i><\/div><\/div><div class=\"wp-block-getwid-icon-box__content\">\n<p style=\"font-size:15px\"><strong>Museo Nacional de Historia Natural de Luxemburgo<\/strong><\/p>\n\n\n\n<p>LUXEMBURGO<\/p>\n<\/div><\/div>\n<\/div>\n\n\n\n<div class=\"wp-block-column is-layout-flow wp-block-column-is-layout-flow\">\n<div class=\"wp-block-getwid-icon-box has-text-center\"><div class=\"wp-block-getwid-icon-box__icon-container is-position-top\"><div class=\"wp-block-getwid-icon-box__icon-wrapper\" style=\"font-size:40px\"><i class=\"fas fa-university\"><\/i><\/div><\/div><div class=\"wp-block-getwid-icon-box__content\">\n<p style=\"font-size:15px\"><strong>Agencia Noruega de Medio Ambiente<\/strong><\/p>\n\n\n\n<p>NORUEGA<\/p>\n<\/div><\/div>\n<\/div>\n\n\n\n<div class=\"wp-block-column is-layout-flow wp-block-column-is-layout-flow\">\n<div class=\"wp-block-getwid-icon-box has-text-center\"><div class=\"wp-block-getwid-icon-box__icon-container is-position-top\"><div class=\"wp-block-getwid-icon-box__icon-wrapper\" style=\"font-size:40px\"><i class=\"fas fa-university\"><\/i><\/div><\/div><div class=\"wp-block-getwid-icon-box__content\">\n<p style=\"font-size:15px\"><strong>Servicio Geol\u00f3gico de Noruega<\/strong><\/p>\n\n\n\n<p>NORUEGA<\/p>\n<\/div><\/div>\n<\/div>\n\n\n\n<div class=\"wp-block-column is-layout-flow wp-block-column-is-layout-flow\">\n<div class=\"wp-block-getwid-icon-box has-text-center\"><div class=\"wp-block-getwid-icon-box__icon-container is-position-top\"><div class=\"wp-block-getwid-icon-box__icon-wrapper\" style=\"font-size:40px\"><i class=\"fas fa-university\"><\/i><\/div><\/div><div class=\"wp-block-getwid-icon-box__content\">\n<p style=\"font-size:15px\"><strong>AGEO &#8211; Associa\u00e7\u00e3o Geoparque Oeste<\/strong><\/p>\n\n\n\n<p>PORTUGAL<\/p>\n<\/div><\/div>\n<\/div>\n<\/div>\n\n\n\n<div class=\"wp-block-columns is-layout-flex wp-container-core-columns-is-layout-28f84493 wp-block-columns-is-layout-flex\">\n<div class=\"wp-block-column is-layout-flow wp-block-column-is-layout-flow\">\n<div class=\"wp-block-getwid-icon-box has-text-center\"><div class=\"wp-block-getwid-icon-box__icon-container is-position-top\"><div class=\"wp-block-getwid-icon-box__icon-wrapper\" style=\"font-size:40px\"><i class=\"fas fa-university\"><\/i><\/div><\/div><div class=\"wp-block-getwid-icon-box__content\">\n<p style=\"font-size:15px\"><strong>GeoEcoMar<\/strong><\/p>\n\n\n\n<p>RUMANIA<\/p>\n<\/div><\/div>\n<\/div>\n\n\n\n<div class=\"wp-block-column is-layout-flow wp-block-column-is-layout-flow\">\n<div class=\"wp-block-getwid-icon-box has-text-center\"><div class=\"wp-block-getwid-icon-box__icon-container is-position-top\"><div class=\"wp-block-getwid-icon-box__icon-wrapper\" style=\"font-size:40px\"><i class=\"fas fa-university\"><\/i><\/div><\/div><div class=\"wp-block-getwid-icon-box__content\">\n<p style=\"font-size:15px\"><strong>Universidad de Petr\u00f3leo y Minerales Rey Fahd (KFUPM)<\/strong><\/p>\n\n\n\n<p>ARABIA SAUD\u00cd<\/p>\n<\/div><\/div>\n<\/div>\n\n\n\n<div class=\"wp-block-column is-layout-flow wp-block-column-is-layout-flow\">\n<div class=\"wp-block-getwid-icon-box has-text-center\"><div class=\"wp-block-getwid-icon-box__icon-container is-position-top\"><div class=\"wp-block-getwid-icon-box__icon-wrapper\" style=\"font-size:40px\"><i class=\"fas fa-university\"><\/i><\/div><\/div><div class=\"wp-block-getwid-icon-box__content\">\n<p style=\"font-size:15px\"><strong>Servicio Geol\u00f3gico de Suecia<\/strong><\/p>\n\n\n\n<p>SUECIA<\/p>\n<\/div><\/div>\n<\/div>\n\n\n\n<div class=\"wp-block-column is-layout-flow wp-block-column-is-layout-flow\">\n<div class=\"wp-block-getwid-icon-box has-text-center\"><div class=\"wp-block-getwid-icon-box__icon-container is-position-top\"><div class=\"wp-block-getwid-icon-box__icon-wrapper\" style=\"font-size:40px\"><i class=\"fas fa-university\"><\/i><\/div><\/div><div class=\"wp-block-getwid-icon-box__content\">\n<p style=\"font-size:15px\"><strong>Sociedad Geol\u00f3gica de Suecia<\/strong><\/p>\n\n\n\n<p>SUECIA<\/p>\n<\/div><\/div>\n<\/div>\n<\/div>\n\n\n\n<div class=\"wp-block-columns is-layout-flex wp-container-core-columns-is-layout-28f84493 wp-block-columns-is-layout-flex\">\n<div class=\"wp-block-column is-layout-flow wp-block-column-is-layout-flow\">\n<div class=\"wp-block-getwid-icon-box has-text-center\"><div class=\"wp-block-getwid-icon-box__icon-container is-position-top\"><div class=\"wp-block-getwid-icon-box__icon-wrapper\" style=\"font-size:40px\"><i class=\"fas fa-university\"><\/i><\/div><\/div><div class=\"wp-block-getwid-icon-box__content\">\n<p style=\"font-size:15px\"><strong>Sociedad Geol\u00f3gica Eslovena (SGD)<\/strong><\/p>\n\n\n\n<p>ESLOVENIA<\/p>\n<\/div><\/div>\n<\/div>\n\n\n\n<div class=\"wp-block-column is-layout-flow wp-block-column-is-layout-flow\">\n<div class=\"wp-block-getwid-icon-box has-text-center\"><div class=\"wp-block-getwid-icon-box__icon-container is-position-top\"><div class=\"wp-block-getwid-icon-box__icon-wrapper\" style=\"font-size:40px\"><i class=\"fas fa-university\"><\/i><\/div><\/div><div class=\"wp-block-getwid-icon-box__content\">\n<p style=\"font-size:15px\"><strong>Oficina de Turismo de Idrija<\/strong><\/p>\n\n\n\n<p>ESLOVENIA<\/p>\n<\/div><\/div>\n<\/div>\n\n\n\n<div class=\"wp-block-column is-layout-flow wp-block-column-is-layout-flow\">\n<div class=\"wp-block-getwid-icon-box has-text-center\"><div class=\"wp-block-getwid-icon-box__icon-container is-position-top\"><div class=\"wp-block-getwid-icon-box__icon-wrapper\" style=\"font-size:40px\"><i class=\"fas fa-university\"><\/i><\/div><\/div><div class=\"wp-block-getwid-icon-box__content\">\n<p style=\"font-size:15px\"><strong>Sociedad Geol\u00f3gica con sede en Taip\u00e9i<\/strong><\/p>\n\n\n\n<p>TAIW\u00c1N<\/p>\n<\/div><\/div>\n<\/div>\n\n\n\n<div class=\"wp-block-column is-layout-flow wp-block-column-is-layout-flow\"><\/div>\n<\/div>\n<\/div>\n","protected":false},"excerpt":{"rendered":"<p>Organizaciones Miembros Institucionales Este directorio presenta los miembros institucionales de ProGEO: universidades, servicios geol\u00f3gicos, institutos de investigaci\u00f3n, museos de historia natural, geoparques y otras organizaciones que apoyan activamente nuestra misi\u00f3n de estudiar, conservar y promover el patrimonio geol\u00f3gico de Europa. Estas instituciones aportan experiencia, capacidad de investigaci\u00f3n y un compromiso a largo plazo con la [&hellip;]<\/p>\n","protected":false},"author":1,"featured_media":0,"parent":1780,"menu_order":0,"comment_status":"closed","ping_status":"closed","template":"page-headless.php","meta":{"footnotes":""},"class_list":["post-1878","page","type-page","status-publish","hentry"],"_links":{"self":[{"href":"https:\/\/www.progeo.ngo\/es\/wp-json\/wp\/v2\/pages\/1878","targetHints":{"allow":["GET"]}}],"collection":[{"href":"https:\/\/www.progeo.ngo\/es\/wp-json\/wp\/v2\/pages"}],"about":[{"href":"https:\/\/www.progeo.ngo\/es\/wp-json\/wp\/v2\/types\/page"}],"author":[{"embeddable":true,"href":"https:\/\/www.progeo.ngo\/es\/wp-json\/wp\/v2\/users\/1"}],"replies":[{"embeddable":true,"href":"https:\/\/www.progeo.ngo\/es\/wp-json\/wp\/v2\/comments?post=1878"}],"version-history":[{"count":2,"href":"https:\/\/www.progeo.ngo\/es\/wp-json\/wp\/v2\/pages\/1878\/revisions"}],"predecessor-version":[{"id":2711,"href":"https:\/\/www.progeo.ngo\/es\/wp-json\/wp\/v2\/pages\/1878\/revisions\/2711"}],"up":[{"embeddable":true,"href":"https:\/\/www.progeo.ngo\/es\/wp-json\/wp\/v2\/pages\/1780"}],"wp:attachment":[{"href":"https:\/\/www.progeo.ngo\/es\/wp-json\/wp\/v2\/media?parent=1878"}],"curies":[{"name":"wp","href":"https:\/\/api.w.org\/{rel}","templated":true}]}}